{"id":640,"date":"2021-01-12T02:07:09","date_gmt":"2021-01-12T02:07:09","guid":{"rendered":"http:\/\/silk-eco.ms.decms.asia\/surroundings\/"},"modified":"2021-03-23T09:44:31","modified_gmt":"2021-03-23T09:44:31","slug":"surroundings","status":"publish","type":"page","link":"https:\/\/silkeco.mulberrycollectionvn.com\/vi\/location\/surroundings\/","title":{"rendered":"Kh\u00e1m ph\u00e1 H\u1ed9i An"},"content":{"rendered":"<p>T\u1eebng l\u00e0 m\u1ed9t th\u01b0\u01a1ng c\u1ea3ng l\u1edbn v\u1ec1 t\u01a1 l\u1ee5a d\u1ecdc theo tuy\u1ebfn \u0111\u01b0\u1eddng bi\u1ec3n c\u1ee7a Con \u0111\u01b0\u1eddng T\u01a1 l\u1ee5a, H\u1ed9i An n\u1ed5i ti\u1ebfng khi v\u1eabn gi\u1eef \u0111\u01b0\u1ee3c d\u00e1ng v\u1ebb c\u1ed5 x\u01b0a c\u00f9ng di s\u1ea3n v\u0103n h\u00f3a phong ph\u00fa.<br \/>\nN\u1ebfu qu\u00fd kh\u00e1ch c\u1ea7n b\u1ea5t k\u1ef3 th\u00f4ng tin ho\u1eb7c h\u01b0\u1edbng d\u1eabn \u0111\u1ec3 tham quan ph\u1ed1 c\u1ed5 xinh \u0111\u1eb9p, m\u1ecdi nh\u00e2n vi\u00ean c\u1ee7a Silk Eco lu\u00f4n s\u1eb5n l\u00f2ng h\u1ed7 tr\u1ee3.<\/p>\n","protected":false},"excerpt":{"rendered":"<p>T\u1eebng l\u00e0 m\u1ed9t th\u01b0\u01a1ng c\u1ea3ng l\u1edbn v\u1ec1 t\u01a1 l\u1ee5a d\u1ecdc theo tuy\u1ebfn \u0111\u01b0\u1eddng bi\u1ec3n c\u1ee7a Con \u0111\u01b0\u1eddng T\u01a1 l\u1ee5a, H\u1ed9i An n\u1ed5i ti\u1ebfng khi v\u1eabn gi\u1eef \u0111\u01b0\u1ee3c d\u00e1ng v\u1ebb c\u1ed5 x\u01b0a c\u00f9ng di s\u1ea3n v\u0103n h\u00f3a phong ph\u00fa. N\u1ebfu qu\u00fd kh\u00e1ch c\u1ea7n b\u1ea5t k\u1ef3 th\u00f4ng tin ho\u1eb7c h\u01b0\u1edbng d\u1eabn \u0111\u1ec3 tham quan ph\u1ed1 c\u1ed5 xinh [&hellip;]<\/p>\n","protected":false},"author":124,"featured_media":803,"parent":244,"menu_order":0,"comment_status":"closed","ping_status":"closed","template":"template-surroundings.php","meta":{"footnotes":""},"yoast_head":"<!-- This site is optimized with the Yoast SEO plugin v22.3 - https:\/\/yoast.com\/wordpress\/plugins\/seo\/ -->\n<title>Kh\u00e1m ph\u00e1 H\u1ed9i An - Silk Eco<\/title>\n<meta name=\"robots\" content=\"index, follow, max-snippet:-1, max-image-preview:large, max-video-preview:-1\" \/>\n<link rel=\"canonical\" href=\"https:\/\/silkeco.mulberrycollectionvn.com\/vi\/location\/surroundings\/\" \/>\n<meta property=\"og:locale\" content=\"vi_VN\" \/>\n<meta property=\"og:type\" content=\"article\" \/>\n<meta property=\"og:title\" content=\"Kh\u00e1m ph\u00e1 H\u1ed9i An - Silk Eco\" \/>\n<meta property=\"og:description\" content=\"T\u1eebng l\u00e0 m\u1ed9t th\u01b0\u01a1ng c\u1ea3ng l\u1edbn v\u1ec1 t\u01a1 l\u1ee5a d\u1ecdc theo tuy\u1ebfn \u0111\u01b0\u1eddng bi\u1ec3n c\u1ee7a Con \u0111\u01b0\u1eddng T\u01a1 l\u1ee5a, H\u1ed9i An n\u1ed5i ti\u1ebfng khi v\u1eabn gi\u1eef \u0111\u01b0\u1ee3c d\u00e1ng v\u1ebb c\u1ed5 x\u01b0a c\u00f9ng di s\u1ea3n v\u0103n h\u00f3a phong ph\u00fa. N\u1ebfu qu\u00fd kh\u00e1ch c\u1ea7n b\u1ea5t k\u1ef3 th\u00f4ng tin ho\u1eb7c h\u01b0\u1edbng d\u1eabn \u0111\u1ec3 tham quan ph\u1ed1 c\u1ed5 xinh [&hellip;]\" \/>\n<meta property=\"og:url\" content=\"https:\/\/silkeco.mulberrycollectionvn.com\/vi\/location\/surroundings\/\" \/>\n<meta property=\"og:site_name\" content=\"Silk Eco\" \/>\n<meta property=\"article:modified_time\" content=\"2021-03-23T09:44:31+00:00\" \/>\n<meta property=\"og:image\" content=\"https:\/\/silkeco.mulberrycollectionvn.com\/wp-content\/uploads\/sites\/152\/2021\/03\/hoi-an.jpg\" \/>\n\t<meta property=\"og:image:width\" content=\"1813\" \/>\n\t<meta property=\"og:image:height\" content=\"1200\" \/>\n\t<meta property=\"og:image:type\" content=\"image\/jpeg\" \/>\n<meta name=\"twitter:card\" content=\"summary_large_image\" \/>\n<meta name=\"twitter:label1\" content=\"Est. reading time\" \/>\n\t<meta name=\"twitter:data1\" content=\"1 minute\" \/>\n<script type=\"application\/ld+json\" class=\"yoast-schema-graph\">{\"@context\":\"https:\/\/schema.org\",\"@graph\":[{\"@type\":\"WebPage\",\"@id\":\"https:\/\/silkeco.mulberrycollectionvn.com\/vi\/location\/surroundings\/\",\"url\":\"https:\/\/silkeco.mulberrycollectionvn.com\/vi\/location\/surroundings\/\",\"name\":\"Kh\u00e1m ph\u00e1 H\u1ed9i An - Silk Eco\",\"isPartOf\":{\"@id\":\"https:\/\/silkeco.mulberrycollectionvn.com\/vi\/#website\"},\"primaryImageOfPage\":{\"@id\":\"https:\/\/silkeco.mulberrycollectionvn.com\/vi\/location\/surroundings\/#primaryimage\"},\"image\":{\"@id\":\"https:\/\/silkeco.mulberrycollectionvn.com\/vi\/location\/surroundings\/#primaryimage\"},\"thumbnailUrl\":\"https:\/\/silkeco.mulberrycollectionvn.com\/wp-content\/uploads\/sites\/152\/2021\/03\/hoi-an.jpg\",\"datePublished\":\"2021-01-12T02:07:09+00:00\",\"dateModified\":\"2021-03-23T09:44:31+00:00\",\"breadcrumb\":{\"@id\":\"https:\/\/silkeco.mulberrycollectionvn.com\/vi\/location\/surroundings\/#breadcrumb\"},\"inLanguage\":\"vi-VN\",\"potentialAction\":[{\"@type\":\"ReadAction\",\"target\":[\"https:\/\/silkeco.mulberrycollectionvn.com\/vi\/location\/surroundings\/\"]}]},{\"@type\":\"ImageObject\",\"inLanguage\":\"vi-VN\",\"@id\":\"https:\/\/silkeco.mulberrycollectionvn.com\/vi\/location\/surroundings\/#primaryimage\",\"url\":\"https:\/\/silkeco.mulberrycollectionvn.com\/wp-content\/uploads\/sites\/152\/2021\/03\/hoi-an.jpg\",\"contentUrl\":\"https:\/\/silkeco.mulberrycollectionvn.com\/wp-content\/uploads\/sites\/152\/2021\/03\/hoi-an.jpg\",\"width\":1813,\"height\":1200},{\"@type\":\"BreadcrumbList\",\"@id\":\"https:\/\/silkeco.mulberrycollectionvn.com\/vi\/location\/surroundings\/#breadcrumb\",\"itemListElement\":[{\"@type\":\"ListItem\",\"position\":1,\"name\":\"Home\",\"item\":\"https:\/\/silkeco.mulberrycollectionvn.com\/vi\/\"},{\"@type\":\"ListItem\",\"position\":2,\"name\":\"\u0110\u1ecba \u0110i\u1ec3m\",\"item\":\"https:\/\/silkeco.mulberrycollectionvn.com\/vi\/location\/\"},{\"@type\":\"ListItem\",\"position\":3,\"name\":\"Kh\u00e1m ph\u00e1 H\u1ed9i An\"}]},{\"@type\":\"WebSite\",\"@id\":\"https:\/\/silkeco.mulberrycollectionvn.com\/vi\/#website\",\"url\":\"https:\/\/silkeco.mulberrycollectionvn.com\/vi\/\",\"name\":\"Silk Eco\",\"description\":\"Just another D-EDGE CMS Asia Pacific site\",\"potentialAction\":[{\"@type\":\"SearchAction\",\"target\":{\"@type\":\"EntryPoint\",\"urlTemplate\":\"https:\/\/silkeco.mulberrycollectionvn.com\/vi\/?s={search_term_string}\"},\"query-input\":\"required name=search_term_string\"}],\"inLanguage\":\"vi-VN\"}]}<\/script>\n<!-- \/ Yoast SEO plugin. -->","yoast_head_json":{"title":"Kh\u00e1m ph\u00e1 H\u1ed9i An - Silk Eco","robots":{"index":"index","follow":"follow","max-snippet":"max-snippet:-1","max-image-preview":"max-image-preview:large","max-video-preview":"max-video-preview:-1"},"canonical":"https:\/\/silkeco.mulberrycollectionvn.com\/vi\/location\/surroundings\/","og_locale":"vi_VN","og_type":"article","og_title":"Kh\u00e1m ph\u00e1 H\u1ed9i An - Silk Eco","og_description":"T\u1eebng l\u00e0 m\u1ed9t th\u01b0\u01a1ng c\u1ea3ng l\u1edbn v\u1ec1 t\u01a1 l\u1ee5a d\u1ecdc theo tuy\u1ebfn \u0111\u01b0\u1eddng bi\u1ec3n c\u1ee7a Con \u0111\u01b0\u1eddng T\u01a1 l\u1ee5a, H\u1ed9i An n\u1ed5i ti\u1ebfng khi v\u1eabn gi\u1eef \u0111\u01b0\u1ee3c d\u00e1ng v\u1ebb c\u1ed5 x\u01b0a c\u00f9ng di s\u1ea3n v\u0103n h\u00f3a phong ph\u00fa. N\u1ebfu qu\u00fd kh\u00e1ch c\u1ea7n b\u1ea5t k\u1ef3 th\u00f4ng tin ho\u1eb7c h\u01b0\u1edbng d\u1eabn \u0111\u1ec3 tham quan ph\u1ed1 c\u1ed5 xinh [&hellip;]","og_url":"https:\/\/silkeco.mulberrycollectionvn.com\/vi\/location\/surroundings\/","og_site_name":"Silk Eco","article_modified_time":"2021-03-23T09:44:31+00:00","og_image":[{"width":1813,"height":1200,"url":"https:\/\/silkeco.mulberrycollectionvn.com\/wp-content\/uploads\/sites\/152\/2021\/03\/hoi-an.jpg","type":"image\/jpeg"}],"twitter_card":"summary_large_image","twitter_misc":{"Est. reading time":"1 minute"},"schema":{"@context":"https:\/\/schema.org","@graph":[{"@type":"WebPage","@id":"https:\/\/silkeco.mulberrycollectionvn.com\/vi\/location\/surroundings\/","url":"https:\/\/silkeco.mulberrycollectionvn.com\/vi\/location\/surroundings\/","name":"Kh\u00e1m ph\u00e1 H\u1ed9i An - Silk Eco","isPartOf":{"@id":"https:\/\/silkeco.mulberrycollectionvn.com\/vi\/#website"},"primaryImageOfPage":{"@id":"https:\/\/silkeco.mulberrycollectionvn.com\/vi\/location\/surroundings\/#primaryimage"},"image":{"@id":"https:\/\/silkeco.mulberrycollectionvn.com\/vi\/location\/surroundings\/#primaryimage"},"thumbnailUrl":"https:\/\/silkeco.mulberrycollectionvn.com\/wp-content\/uploads\/sites\/152\/2021\/03\/hoi-an.jpg","datePublished":"2021-01-12T02:07:09+00:00","dateModified":"2021-03-23T09:44:31+00:00","breadcrumb":{"@id":"https:\/\/silkeco.mulberrycollectionvn.com\/vi\/location\/surroundings\/#breadcrumb"},"inLanguage":"vi-VN","potentialAction":[{"@type":"ReadAction","target":["https:\/\/silkeco.mulberrycollectionvn.com\/vi\/location\/surroundings\/"]}]},{"@type":"ImageObject","inLanguage":"vi-VN","@id":"https:\/\/silkeco.mulberrycollectionvn.com\/vi\/location\/surroundings\/#primaryimage","url":"https:\/\/silkeco.mulberrycollectionvn.com\/wp-content\/uploads\/sites\/152\/2021\/03\/hoi-an.jpg","contentUrl":"https:\/\/silkeco.mulberrycollectionvn.com\/wp-content\/uploads\/sites\/152\/2021\/03\/hoi-an.jpg","width":1813,"height":1200},{"@type":"BreadcrumbList","@id":"https:\/\/silkeco.mulberrycollectionvn.com\/vi\/location\/surroundings\/#breadcrumb","itemListElement":[{"@type":"ListItem","position":1,"name":"Home","item":"https:\/\/silkeco.mulberrycollectionvn.com\/vi\/"},{"@type":"ListItem","position":2,"name":"\u0110\u1ecba \u0110i\u1ec3m","item":"https:\/\/silkeco.mulberrycollectionvn.com\/vi\/location\/"},{"@type":"ListItem","position":3,"name":"Kh\u00e1m ph\u00e1 H\u1ed9i An"}]},{"@type":"WebSite","@id":"https:\/\/silkeco.mulberrycollectionvn.com\/vi\/#website","url":"https:\/\/silkeco.mulberrycollectionvn.com\/vi\/","name":"Silk Eco","description":"Just another D-EDGE CMS Asia Pacific site","potentialAction":[{"@type":"SearchAction","target":{"@type":"EntryPoint","urlTemplate":"https:\/\/silkeco.mulberrycollectionvn.com\/vi\/?s={search_term_string}"},"query-input":"required name=search_term_string"}],"inLanguage":"vi-VN"}]}},"_links":{"self":[{"href":"https:\/\/silkeco.mulberrycollectionvn.com\/vi\/wp-json\/wp\/v2\/pages\/640"}],"collection":[{"href":"https:\/\/silkeco.mulberrycollectionvn.com\/vi\/wp-json\/wp\/v2\/pages"}],"about":[{"href":"https:\/\/silkeco.mulberrycollectionvn.com\/vi\/wp-json\/wp\/v2\/types\/page"}],"author":[{"embeddable":true,"href":"https:\/\/silkeco.mulberrycollectionvn.com\/vi\/wp-json\/wp\/v2\/users\/124"}],"replies":[{"embeddable":true,"href":"https:\/\/silkeco.mulberrycollectionvn.com\/vi\/wp-json\/wp\/v2\/comments?post=640"}],"version-history":[{"count":0,"href":"https:\/\/silkeco.mulberrycollectionvn.com\/vi\/wp-json\/wp\/v2\/pages\/640\/revisions"}],"up":[{"embeddable":true,"href":"https:\/\/silkeco.mulberrycollectionvn.com\/vi\/wp-json\/wp\/v2\/pages\/244"}],"wp:featuredmedia":[{"embeddable":true,"href":"https:\/\/silkeco.mulberrycollectionvn.com\/vi\/wp-json\/wp\/v2\/media\/803"}],"wp:attachment":[{"href":"https:\/\/silkeco.mulberrycollectionvn.com\/vi\/wp-json\/wp\/v2\/media?parent=640"}],"curies":[{"name":"wp","href":"https:\/\/api.w.org\/{rel}","templated":true}]}}