{"id":631,"date":"2021-01-12T08:48:09","date_gmt":"2021-01-12T08:48:09","guid":{"rendered":"http:\/\/silk-eco.ms.decms.asia\/?page_id=631"},"modified":"2021-01-12T08:57:10","modified_gmt":"2021-01-12T08:57:10","slug":"breakfast-buffet","status":"publish","type":"page","link":"https:\/\/silkeco.mulberrycollectionvn.com\/vi\/services\/breakfast-buffet\/","title":{"rendered":"B\u1eefa s\u00e1ng t\u1ef1 ch\u1ecdn"},"content":{"rendered":"<p>B\u1eaft \u0111\u1ea7u ng\u00e0y m\u1edbi b\u1eb1ng b\u1eefa s\u00e1ng t\u1ef1 ch\u1ecdn t\u1ea1i Nh\u00e0 h\u00e0ng Botanic tho\u00e1ng \u0111\u00e3ng nh\u00ecn ra h\u1ed3 b\u01a1i.<br \/>\nB\u1eefa s\u00e1ch t\u1ef1 ch\u1ecdn t\u1ea1i Mulberry Collection Silk Eco c\u00f3 th\u1ef1c \u0111\u01a1n phong ph\u00fa, bao g\u1ed3m c\u00e1c qu\u1ea7y \u0111\u1ed3 \u0103n n\u00f3ng &#038; l\u1ea1nh, qu\u1ea7y s\u1eefa &#038; ng\u0169 c\u1ed1c, c\u00e1c m\u00f3n tr\u1ee9ng theo s\u1edf th\u00edch, b\u00e1nh m\u00ec &#038; b\u00e1nh ng\u1ecdt m\u1edbi n\u01b0\u1edbng, salad b\u1ed5 d\u01b0\u1ee1ng, c\u00e1c lo\u1ea1i tr\u00e1i \u0111\u00e2y, nh\u1eefng m\u00f3n \u0111\u1eb7c s\u1ea3n \u0111\u1ecba ph\u01b0\u01a1ng c\u00f9ng n\u01b0\u1edbc tr\u00e1i c\u00e2y t\u01b0\u01a1i, c\u00e0 ph\u00ea &#038; tr\u00e0 th\u01a1m.<\/p>\n<p>Th\u1eddi gian ph\u1ee5c v\u1ee5: 06:30 \u0111\u1ebfn 10:00 m\u1ed7i ng\u00e0y<br \/>\n\u0110\u1ecba \u0111i\u1ec3m: Botanic Restaurant<\/p>\n","protected":false},"excerpt":{"rendered":"<p>B\u1eaft \u0111\u1ea7u ng\u00e0y m\u1edbi b\u1eb1ng b\u1eefa s\u00e1ng t\u1ef1 ch\u1ecdn t\u1ea1i Nh\u00e0 h\u00e0ng Botanic tho\u00e1ng \u0111\u00e3ng nh\u00ecn ra h\u1ed3 b\u01a1i. B\u1eefa s\u00e1ch t\u1ef1 ch\u1ecdn t\u1ea1i Mulberry Collection Silk Eco c\u00f3 th\u1ef1c \u0111\u01a1n phong ph\u00fa, bao g\u1ed3m c\u00e1c qu\u1ea7y \u0111\u1ed3 \u0103n n\u00f3ng &#038; l\u1ea1nh, qu\u1ea7y s\u1eefa &#038; ng\u0169 c\u1ed1c, c\u00e1c m\u00f3n tr\u1ee9ng theo s\u1edf th\u00edch, b\u00e1nh m\u00ec [&hellip;]<\/p>\n","protected":false},"author":124,"featured_media":734,"parent":262,"menu_order":0,"comment_status":"closed","ping_status":"closed","template":"","meta":{"footnotes":""},"yoast_head":"<!-- This site is optimized with the Yoast SEO plugin v22.3 - https:\/\/yoast.com\/wordpress\/plugins\/seo\/ -->\n<title>B\u1eefa s\u00e1ng t\u1ef1 ch\u1ecdn - Silk Eco<\/title>\n<meta name=\"robots\" content=\"index, follow, max-snippet:-1, max-image-preview:large, max-video-preview:-1\" \/>\n<link rel=\"canonical\" href=\"https:\/\/silkeco.mulberrycollectionvn.com\/vi\/services\/breakfast-buffet\/\" \/>\n<meta property=\"og:locale\" content=\"vi_VN\" \/>\n<meta property=\"og:type\" content=\"article\" \/>\n<meta property=\"og:title\" content=\"B\u1eefa s\u00e1ng t\u1ef1 ch\u1ecdn - Silk Eco\" \/>\n<meta property=\"og:description\" content=\"B\u1eaft \u0111\u1ea7u ng\u00e0y m\u1edbi b\u1eb1ng b\u1eefa s\u00e1ng t\u1ef1 ch\u1ecdn t\u1ea1i Nh\u00e0 h\u00e0ng Botanic tho\u00e1ng \u0111\u00e3ng nh\u00ecn ra h\u1ed3 b\u01a1i. B\u1eefa s\u00e1ch t\u1ef1 ch\u1ecdn t\u1ea1i Mulberry Collection Silk Eco c\u00f3 th\u1ef1c \u0111\u01a1n phong ph\u00fa, bao g\u1ed3m c\u00e1c qu\u1ea7y \u0111\u1ed3 \u0103n n\u00f3ng &#038; l\u1ea1nh, qu\u1ea7y s\u1eefa &#038; ng\u0169 c\u1ed1c, c\u00e1c m\u00f3n tr\u1ee9ng theo s\u1edf th\u00edch, b\u00e1nh m\u00ec [&hellip;]\" \/>\n<meta property=\"og:url\" content=\"https:\/\/silkeco.mulberrycollectionvn.com\/vi\/services\/breakfast-buffet\/\" \/>\n<meta property=\"og:site_name\" content=\"Silk Eco\" \/>\n<meta property=\"article:modified_time\" content=\"2021-01-12T08:57:10+00:00\" \/>\n<meta property=\"og:image\" content=\"https:\/\/silkeco.mulberrycollectionvn.com\/wp-content\/uploads\/sites\/152\/2021\/01\/Buffet.jpg\" \/>\n\t<meta property=\"og:image:width\" content=\"1280\" \/>\n\t<meta property=\"og:image:height\" content=\"853\" \/>\n\t<meta property=\"og:image:type\" content=\"image\/jpeg\" \/>\n<meta name=\"twitter:card\" content=\"summary_large_image\" \/>\n<meta name=\"twitter:label1\" content=\"Est. reading time\" \/>\n\t<meta name=\"twitter:data1\" content=\"1 minute\" \/>\n<script type=\"application\/ld+json\" class=\"yoast-schema-graph\">{\"@context\":\"https:\/\/schema.org\",\"@graph\":[{\"@type\":\"WebPage\",\"@id\":\"https:\/\/silkeco.mulberrycollectionvn.com\/vi\/services\/breakfast-buffet\/\",\"url\":\"https:\/\/silkeco.mulberrycollectionvn.com\/vi\/services\/breakfast-buffet\/\",\"name\":\"B\u1eefa s\u00e1ng t\u1ef1 ch\u1ecdn - Silk Eco\",\"isPartOf\":{\"@id\":\"https:\/\/silkeco.mulberrycollectionvn.com\/vi\/#website\"},\"primaryImageOfPage\":{\"@id\":\"https:\/\/silkeco.mulberrycollectionvn.com\/vi\/services\/breakfast-buffet\/#primaryimage\"},\"image\":{\"@id\":\"https:\/\/silkeco.mulberrycollectionvn.com\/vi\/services\/breakfast-buffet\/#primaryimage\"},\"thumbnailUrl\":\"https:\/\/silkeco.mulberrycollectionvn.com\/wp-content\/uploads\/sites\/152\/2021\/01\/Buffet.jpg\",\"datePublished\":\"2021-01-12T08:48:09+00:00\",\"dateModified\":\"2021-01-12T08:57:10+00:00\",\"breadcrumb\":{\"@id\":\"https:\/\/silkeco.mulberrycollectionvn.com\/vi\/services\/breakfast-buffet\/#breadcrumb\"},\"inLanguage\":\"vi-VN\",\"potentialAction\":[{\"@type\":\"ReadAction\",\"target\":[\"https:\/\/silkeco.mulberrycollectionvn.com\/vi\/services\/breakfast-buffet\/\"]}]},{\"@type\":\"ImageObject\",\"inLanguage\":\"vi-VN\",\"@id\":\"https:\/\/silkeco.mulberrycollectionvn.com\/vi\/services\/breakfast-buffet\/#primaryimage\",\"url\":\"https:\/\/silkeco.mulberrycollectionvn.com\/wp-content\/uploads\/sites\/152\/2021\/01\/Buffet.jpg\",\"contentUrl\":\"https:\/\/silkeco.mulberrycollectionvn.com\/wp-content\/uploads\/sites\/152\/2021\/01\/Buffet.jpg\",\"width\":1280,\"height\":853},{\"@type\":\"BreadcrumbList\",\"@id\":\"https:\/\/silkeco.mulberrycollectionvn.com\/vi\/services\/breakfast-buffet\/#breadcrumb\",\"itemListElement\":[{\"@type\":\"ListItem\",\"position\":1,\"name\":\"Home\",\"item\":\"https:\/\/silkeco.mulberrycollectionvn.com\/vi\/\"},{\"@type\":\"ListItem\",\"position\":2,\"name\":\"D\u1ecbch v\u1ee5\",\"item\":\"https:\/\/silkeco.mulberrycollectionvn.com\/vi\/services\/\"},{\"@type\":\"ListItem\",\"position\":3,\"name\":\"B\u1eefa s\u00e1ng t\u1ef1 ch\u1ecdn\"}]},{\"@type\":\"WebSite\",\"@id\":\"https:\/\/silkeco.mulberrycollectionvn.com\/vi\/#website\",\"url\":\"https:\/\/silkeco.mulberrycollectionvn.com\/vi\/\",\"name\":\"Silk Eco\",\"description\":\"Just another D-EDGE CMS Asia Pacific site\",\"potentialAction\":[{\"@type\":\"SearchAction\",\"target\":{\"@type\":\"EntryPoint\",\"urlTemplate\":\"https:\/\/silkeco.mulberrycollectionvn.com\/vi\/?s={search_term_string}\"},\"query-input\":\"required name=search_term_string\"}],\"inLanguage\":\"vi-VN\"}]}<\/script>\n<!-- \/ Yoast SEO plugin. -->","yoast_head_json":{"title":"B\u1eefa s\u00e1ng t\u1ef1 ch\u1ecdn - Silk Eco","robots":{"index":"index","follow":"follow","max-snippet":"max-snippet:-1","max-image-preview":"max-image-preview:large","max-video-preview":"max-video-preview:-1"},"canonical":"https:\/\/silkeco.mulberrycollectionvn.com\/vi\/services\/breakfast-buffet\/","og_locale":"vi_VN","og_type":"article","og_title":"B\u1eefa s\u00e1ng t\u1ef1 ch\u1ecdn - Silk Eco","og_description":"B\u1eaft \u0111\u1ea7u ng\u00e0y m\u1edbi b\u1eb1ng b\u1eefa s\u00e1ng t\u1ef1 ch\u1ecdn t\u1ea1i Nh\u00e0 h\u00e0ng Botanic tho\u00e1ng \u0111\u00e3ng nh\u00ecn ra h\u1ed3 b\u01a1i. B\u1eefa s\u00e1ch t\u1ef1 ch\u1ecdn t\u1ea1i Mulberry Collection Silk Eco c\u00f3 th\u1ef1c \u0111\u01a1n phong ph\u00fa, bao g\u1ed3m c\u00e1c qu\u1ea7y \u0111\u1ed3 \u0103n n\u00f3ng &#038; l\u1ea1nh, qu\u1ea7y s\u1eefa &#038; ng\u0169 c\u1ed1c, c\u00e1c m\u00f3n tr\u1ee9ng theo s\u1edf th\u00edch, b\u00e1nh m\u00ec [&hellip;]","og_url":"https:\/\/silkeco.mulberrycollectionvn.com\/vi\/services\/breakfast-buffet\/","og_site_name":"Silk Eco","article_modified_time":"2021-01-12T08:57:10+00:00","og_image":[{"width":1280,"height":853,"url":"https:\/\/silkeco.mulberrycollectionvn.com\/wp-content\/uploads\/sites\/152\/2021\/01\/Buffet.jpg","type":"image\/jpeg"}],"twitter_card":"summary_large_image","twitter_misc":{"Est. reading time":"1 minute"},"schema":{"@context":"https:\/\/schema.org","@graph":[{"@type":"WebPage","@id":"https:\/\/silkeco.mulberrycollectionvn.com\/vi\/services\/breakfast-buffet\/","url":"https:\/\/silkeco.mulberrycollectionvn.com\/vi\/services\/breakfast-buffet\/","name":"B\u1eefa s\u00e1ng t\u1ef1 ch\u1ecdn - Silk Eco","isPartOf":{"@id":"https:\/\/silkeco.mulberrycollectionvn.com\/vi\/#website"},"primaryImageOfPage":{"@id":"https:\/\/silkeco.mulberrycollectionvn.com\/vi\/services\/breakfast-buffet\/#primaryimage"},"image":{"@id":"https:\/\/silkeco.mulberrycollectionvn.com\/vi\/services\/breakfast-buffet\/#primaryimage"},"thumbnailUrl":"https:\/\/silkeco.mulberrycollectionvn.com\/wp-content\/uploads\/sites\/152\/2021\/01\/Buffet.jpg","datePublished":"2021-01-12T08:48:09+00:00","dateModified":"2021-01-12T08:57:10+00:00","breadcrumb":{"@id":"https:\/\/silkeco.mulberrycollectionvn.com\/vi\/services\/breakfast-buffet\/#breadcrumb"},"inLanguage":"vi-VN","potentialAction":[{"@type":"ReadAction","target":["https:\/\/silkeco.mulberrycollectionvn.com\/vi\/services\/breakfast-buffet\/"]}]},{"@type":"ImageObject","inLanguage":"vi-VN","@id":"https:\/\/silkeco.mulberrycollectionvn.com\/vi\/services\/breakfast-buffet\/#primaryimage","url":"https:\/\/silkeco.mulberrycollectionvn.com\/wp-content\/uploads\/sites\/152\/2021\/01\/Buffet.jpg","contentUrl":"https:\/\/silkeco.mulberrycollectionvn.com\/wp-content\/uploads\/sites\/152\/2021\/01\/Buffet.jpg","width":1280,"height":853},{"@type":"BreadcrumbList","@id":"https:\/\/silkeco.mulberrycollectionvn.com\/vi\/services\/breakfast-buffet\/#breadcrumb","itemListElement":[{"@type":"ListItem","position":1,"name":"Home","item":"https:\/\/silkeco.mulberrycollectionvn.com\/vi\/"},{"@type":"ListItem","position":2,"name":"D\u1ecbch v\u1ee5","item":"https:\/\/silkeco.mulberrycollectionvn.com\/vi\/services\/"},{"@type":"ListItem","position":3,"name":"B\u1eefa s\u00e1ng t\u1ef1 ch\u1ecdn"}]},{"@type":"WebSite","@id":"https:\/\/silkeco.mulberrycollectionvn.com\/vi\/#website","url":"https:\/\/silkeco.mulberrycollectionvn.com\/vi\/","name":"Silk Eco","description":"Just another D-EDGE CMS Asia Pacific site","potentialAction":[{"@type":"SearchAction","target":{"@type":"EntryPoint","urlTemplate":"https:\/\/silkeco.mulberrycollectionvn.com\/vi\/?s={search_term_string}"},"query-input":"required name=search_term_string"}],"inLanguage":"vi-VN"}]}},"_links":{"self":[{"href":"https:\/\/silkeco.mulberrycollectionvn.com\/vi\/wp-json\/wp\/v2\/pages\/631"}],"collection":[{"href":"https:\/\/silkeco.mulberrycollectionvn.com\/vi\/wp-json\/wp\/v2\/pages"}],"about":[{"href":"https:\/\/silkeco.mulberrycollectionvn.com\/vi\/wp-json\/wp\/v2\/types\/page"}],"author":[{"embeddable":true,"href":"https:\/\/silkeco.mulberrycollectionvn.com\/vi\/wp-json\/wp\/v2\/users\/124"}],"replies":[{"embeddable":true,"href":"https:\/\/silkeco.mulberrycollectionvn.com\/vi\/wp-json\/wp\/v2\/comments?post=631"}],"version-history":[{"count":0,"href":"https:\/\/silkeco.mulberrycollectionvn.com\/vi\/wp-json\/wp\/v2\/pages\/631\/revisions"}],"up":[{"embeddable":true,"href":"https:\/\/silkeco.mulberrycollectionvn.com\/vi\/wp-json\/wp\/v2\/pages\/262"}],"wp:featuredmedia":[{"embeddable":true,"href":"https:\/\/silkeco.mulberrycollectionvn.com\/vi\/wp-json\/wp\/v2\/media\/734"}],"wp:attachment":[{"href":"https:\/\/silkeco.mulberrycollectionvn.com\/vi\/wp-json\/wp\/v2\/media?parent=631"}],"curies":[{"name":"wp","href":"https:\/\/api.w.org\/{rel}","templated":true}]}}