{"id":629,"date":"2021-01-12T08:45:26","date_gmt":"2021-01-12T08:45:26","guid":{"rendered":"http:\/\/silk-eco.ms.decms.asia\/?page_id=629"},"modified":"2021-01-12T08:56:04","modified_gmt":"2021-01-12T08:56:04","slug":"laundry-services","status":"publish","type":"page","link":"https:\/\/silkeco.mulberrycollectionvn.com\/vi\/services\/laundry-services\/","title":{"rendered":"D\u1ecbch v\u1ee5 Gi\u1eb7t \u1ee7i"},"content":{"rendered":"<p>D\u1ecbch v\u1ee5 gi\u1eb7t \u1ee7i t\u1ea1i Mulberry Collection Silk Eco r\u1ea5t nhanh ch\u00f3ng v\u00e0 ti\u1ec7n l\u1ee3i, qu\u00fd kh\u00e1ch c\u00f3 th\u1ec3 t\u00ecm th\u1ea5y th\u00f4ng tin c\u1ee5 th\u1ec3 v\u1ec1 chi ph\u00ed ngay v\u1ecb tr\u00ed \u0111\u1ec3 t\u00fai gi\u1eb7t trong ph\u00f2ng ngh\u1ec9.<\/p>\n","protected":false},"excerpt":{"rendered":"<p>D\u1ecbch v\u1ee5 gi\u1eb7t \u1ee7i t\u1ea1i Mulberry Collection Silk Eco r\u1ea5t nhanh ch\u00f3ng v\u00e0 ti\u1ec7n l\u1ee3i, qu\u00fd kh\u00e1ch c\u00f3 th\u1ec3 t\u00ecm th\u1ea5y th\u00f4ng tin c\u1ee5 th\u1ec3 v\u1ec1 chi ph\u00ed ngay v\u1ecb tr\u00ed \u0111\u1ec3 t\u00fai gi\u1eb7t trong ph\u00f2ng ngh\u1ec9.<\/p>\n","protected":false},"author":124,"featured_media":0,"parent":262,"menu_order":0,"comment_status":"closed","ping_status":"closed","template":"","meta":{"footnotes":""},"yoast_head":"<!-- This site is optimized with the Yoast SEO plugin v22.3 - https:\/\/yoast.com\/wordpress\/plugins\/seo\/ -->\n<title>D\u1ecbch v\u1ee5 Gi\u1eb7t \u1ee7i - Silk Eco<\/title>\n<meta name=\"robots\" content=\"index, follow, max-snippet:-1, max-image-preview:large, max-video-preview:-1\" \/>\n<link rel=\"canonical\" href=\"https:\/\/silkeco.mulberrycollectionvn.com\/vi\/services\/laundry-services\/\" \/>\n<meta property=\"og:locale\" content=\"vi_VN\" \/>\n<meta property=\"og:type\" content=\"article\" \/>\n<meta property=\"og:title\" content=\"D\u1ecbch v\u1ee5 Gi\u1eb7t \u1ee7i - Silk Eco\" \/>\n<meta property=\"og:description\" content=\"D\u1ecbch v\u1ee5 gi\u1eb7t \u1ee7i t\u1ea1i Mulberry Collection Silk Eco r\u1ea5t nhanh ch\u00f3ng v\u00e0 ti\u1ec7n l\u1ee3i, qu\u00fd kh\u00e1ch c\u00f3 th\u1ec3 t\u00ecm th\u1ea5y th\u00f4ng tin c\u1ee5 th\u1ec3 v\u1ec1 chi ph\u00ed ngay v\u1ecb tr\u00ed \u0111\u1ec3 t\u00fai gi\u1eb7t trong ph\u00f2ng ngh\u1ec9.\" \/>\n<meta property=\"og:url\" content=\"https:\/\/silkeco.mulberrycollectionvn.com\/vi\/services\/laundry-services\/\" \/>\n<meta property=\"og:site_name\" content=\"Silk Eco\" \/>\n<meta property=\"article:modified_time\" content=\"2021-01-12T08:56:04+00:00\" \/>\n<meta name=\"twitter:card\" content=\"summary_large_image\" \/>\n<script type=\"application\/ld+json\" class=\"yoast-schema-graph\">{\"@context\":\"https:\/\/schema.org\",\"@graph\":[{\"@type\":\"WebPage\",\"@id\":\"https:\/\/silkeco.mulberrycollectionvn.com\/vi\/services\/laundry-services\/\",\"url\":\"https:\/\/silkeco.mulberrycollectionvn.com\/vi\/services\/laundry-services\/\",\"name\":\"D\u1ecbch v\u1ee5 Gi\u1eb7t \u1ee7i - Silk Eco\",\"isPartOf\":{\"@id\":\"https:\/\/silkeco.mulberrycollectionvn.com\/vi\/#website\"},\"datePublished\":\"2021-01-12T08:45:26+00:00\",\"dateModified\":\"2021-01-12T08:56:04+00:00\",\"breadcrumb\":{\"@id\":\"https:\/\/silkeco.mulberrycollectionvn.com\/vi\/services\/laundry-services\/#breadcrumb\"},\"inLanguage\":\"vi-VN\",\"potentialAction\":[{\"@type\":\"ReadAction\",\"target\":[\"https:\/\/silkeco.mulberrycollectionvn.com\/vi\/services\/laundry-services\/\"]}]},{\"@type\":\"BreadcrumbList\",\"@id\":\"https:\/\/silkeco.mulberrycollectionvn.com\/vi\/services\/laundry-services\/#breadcrumb\",\"itemListElement\":[{\"@type\":\"ListItem\",\"position\":1,\"name\":\"Home\",\"item\":\"https:\/\/silkeco.mulberrycollectionvn.com\/vi\/\"},{\"@type\":\"ListItem\",\"position\":2,\"name\":\"D\u1ecbch v\u1ee5\",\"item\":\"https:\/\/silkeco.mulberrycollectionvn.com\/vi\/services\/\"},{\"@type\":\"ListItem\",\"position\":3,\"name\":\"D\u1ecbch v\u1ee5 Gi\u1eb7t \u1ee7i\"}]},{\"@type\":\"WebSite\",\"@id\":\"https:\/\/silkeco.mulberrycollectionvn.com\/vi\/#website\",\"url\":\"https:\/\/silkeco.mulberrycollectionvn.com\/vi\/\",\"name\":\"Silk Eco\",\"description\":\"Just another D-EDGE CMS Asia Pacific site\",\"potentialAction\":[{\"@type\":\"SearchAction\",\"target\":{\"@type\":\"EntryPoint\",\"urlTemplate\":\"https:\/\/silkeco.mulberrycollectionvn.com\/vi\/?s={search_term_string}\"},\"query-input\":\"required name=search_term_string\"}],\"inLanguage\":\"vi-VN\"}]}<\/script>\n<!-- \/ Yoast SEO plugin. -->","yoast_head_json":{"title":"D\u1ecbch v\u1ee5 Gi\u1eb7t \u1ee7i - Silk Eco","robots":{"index":"index","follow":"follow","max-snippet":"max-snippet:-1","max-image-preview":"max-image-preview:large","max-video-preview":"max-video-preview:-1"},"canonical":"https:\/\/silkeco.mulberrycollectionvn.com\/vi\/services\/laundry-services\/","og_locale":"vi_VN","og_type":"article","og_title":"D\u1ecbch v\u1ee5 Gi\u1eb7t \u1ee7i - Silk Eco","og_description":"D\u1ecbch v\u1ee5 gi\u1eb7t \u1ee7i t\u1ea1i Mulberry Collection Silk Eco r\u1ea5t nhanh ch\u00f3ng v\u00e0 ti\u1ec7n l\u1ee3i, qu\u00fd kh\u00e1ch c\u00f3 th\u1ec3 t\u00ecm th\u1ea5y th\u00f4ng tin c\u1ee5 th\u1ec3 v\u1ec1 chi ph\u00ed ngay v\u1ecb tr\u00ed \u0111\u1ec3 t\u00fai gi\u1eb7t trong ph\u00f2ng ngh\u1ec9.","og_url":"https:\/\/silkeco.mulberrycollectionvn.com\/vi\/services\/laundry-services\/","og_site_name":"Silk Eco","article_modified_time":"2021-01-12T08:56:04+00:00","twitter_card":"summary_large_image","schema":{"@context":"https:\/\/schema.org","@graph":[{"@type":"WebPage","@id":"https:\/\/silkeco.mulberrycollectionvn.com\/vi\/services\/laundry-services\/","url":"https:\/\/silkeco.mulberrycollectionvn.com\/vi\/services\/laundry-services\/","name":"D\u1ecbch v\u1ee5 Gi\u1eb7t \u1ee7i - Silk Eco","isPartOf":{"@id":"https:\/\/silkeco.mulberrycollectionvn.com\/vi\/#website"},"datePublished":"2021-01-12T08:45:26+00:00","dateModified":"2021-01-12T08:56:04+00:00","breadcrumb":{"@id":"https:\/\/silkeco.mulberrycollectionvn.com\/vi\/services\/laundry-services\/#breadcrumb"},"inLanguage":"vi-VN","potentialAction":[{"@type":"ReadAction","target":["https:\/\/silkeco.mulberrycollectionvn.com\/vi\/services\/laundry-services\/"]}]},{"@type":"BreadcrumbList","@id":"https:\/\/silkeco.mulberrycollectionvn.com\/vi\/services\/laundry-services\/#breadcrumb","itemListElement":[{"@type":"ListItem","position":1,"name":"Home","item":"https:\/\/silkeco.mulberrycollectionvn.com\/vi\/"},{"@type":"ListItem","position":2,"name":"D\u1ecbch v\u1ee5","item":"https:\/\/silkeco.mulberrycollectionvn.com\/vi\/services\/"},{"@type":"ListItem","position":3,"name":"D\u1ecbch v\u1ee5 Gi\u1eb7t \u1ee7i"}]},{"@type":"WebSite","@id":"https:\/\/silkeco.mulberrycollectionvn.com\/vi\/#website","url":"https:\/\/silkeco.mulberrycollectionvn.com\/vi\/","name":"Silk Eco","description":"Just another D-EDGE CMS Asia Pacific site","potentialAction":[{"@type":"SearchAction","target":{"@type":"EntryPoint","urlTemplate":"https:\/\/silkeco.mulberrycollectionvn.com\/vi\/?s={search_term_string}"},"query-input":"required name=search_term_string"}],"inLanguage":"vi-VN"}]}},"_links":{"self":[{"href":"https:\/\/silkeco.mulberrycollectionvn.com\/vi\/wp-json\/wp\/v2\/pages\/629"}],"collection":[{"href":"https:\/\/silkeco.mulberrycollectionvn.com\/vi\/wp-json\/wp\/v2\/pages"}],"about":[{"href":"https:\/\/silkeco.mulberrycollectionvn.com\/vi\/wp-json\/wp\/v2\/types\/page"}],"author":[{"embeddable":true,"href":"https:\/\/silkeco.mulberrycollectionvn.com\/vi\/wp-json\/wp\/v2\/users\/124"}],"replies":[{"embeddable":true,"href":"https:\/\/silkeco.mulberrycollectionvn.com\/vi\/wp-json\/wp\/v2\/comments?post=629"}],"version-history":[{"count":0,"href":"https:\/\/silkeco.mulberrycollectionvn.com\/vi\/wp-json\/wp\/v2\/pages\/629\/revisions"}],"up":[{"embeddable":true,"href":"https:\/\/silkeco.mulberrycollectionvn.com\/vi\/wp-json\/wp\/v2\/pages\/262"}],"wp:attachment":[{"href":"https:\/\/silkeco.mulberrycollectionvn.com\/vi\/wp-json\/wp\/v2\/media?parent=629"}],"curies":[{"name":"wp","href":"https:\/\/api.w.org\/{rel}","templated":true}]}}