{"id":627,"date":"2021-01-12T07:50:48","date_gmt":"2021-01-12T07:50:48","guid":{"rendered":"http:\/\/silk-eco.ms.decms.asia\/?page_id=627"},"modified":"2021-01-12T08:56:25","modified_gmt":"2021-01-12T08:56:25","slug":"in-room-dining","status":"publish","type":"page","link":"https:\/\/silkeco.mulberrycollectionvn.com\/vi\/services\/in-room-dining\/","title":{"rendered":"D\u00f9ng b\u1eefa t\u1ea1i ph\u00f2ng"},"content":{"rendered":"<p>D\u1ecbch v\u1ee5 D\u00f9ng b\u1eefa t\u1ea1i ph\u00f2ng c\u1ee7a Mulberry Collection Silk Eco mang \u0111\u1ebfn tr\u1ea3i nghi\u1ec7m th\u01b0 th\u00e1i, qu\u00fd kh\u00e1ch c\u00f3 th\u1ec3 t\u00f9y ch\u1ecdn nhi\u1ec1u m\u00f3n \u0103n v\u00e0 th\u01b0\u1edfng th\u1ee9c h\u01b0\u01a1ng v\u1ecb \u0111\u1eb7c bi\u1ec7t trong s\u1ef1 tho\u1ea3i m\u00e1i v\u00e0 ri\u00eang t\u01b0 t\u1ea1i ph\u00f2ng ngh\u1ec9 c\u1ee7a m\u00ecnh.<\/p>\n","protected":false},"excerpt":{"rendered":"<p>D\u1ecbch v\u1ee5 D\u00f9ng b\u1eefa t\u1ea1i ph\u00f2ng c\u1ee7a Mulberry Collection Silk Eco mang \u0111\u1ebfn tr\u1ea3i nghi\u1ec7m th\u01b0 th\u00e1i, qu\u00fd kh\u00e1ch c\u00f3 th\u1ec3 t\u00f9y ch\u1ecdn nhi\u1ec1u m\u00f3n \u0103n v\u00e0 th\u01b0\u1edfng th\u1ee9c h\u01b0\u01a1ng v\u1ecb \u0111\u1eb7c bi\u1ec7t trong s\u1ef1 tho\u1ea3i m\u00e1i v\u00e0 ri\u00eang t\u01b0 t\u1ea1i ph\u00f2ng ngh\u1ec9 c\u1ee7a m\u00ecnh.<\/p>\n","protected":false},"author":124,"featured_media":419,"parent":262,"menu_order":0,"comment_status":"closed","ping_status":"closed","template":"","meta":{"footnotes":""},"yoast_head":"<!-- This site is optimized with the Yoast SEO plugin v22.3 - https:\/\/yoast.com\/wordpress\/plugins\/seo\/ -->\n<title>D\u00f9ng b\u1eefa t\u1ea1i ph\u00f2ng - Silk Eco<\/title>\n<meta name=\"robots\" content=\"index, follow, max-snippet:-1, max-image-preview:large, max-video-preview:-1\" \/>\n<link rel=\"canonical\" href=\"https:\/\/silkeco.mulberrycollectionvn.com\/vi\/services\/in-room-dining\/\" \/>\n<meta property=\"og:locale\" content=\"vi_VN\" \/>\n<meta property=\"og:type\" content=\"article\" \/>\n<meta property=\"og:title\" content=\"D\u00f9ng b\u1eefa t\u1ea1i ph\u00f2ng - Silk Eco\" \/>\n<meta property=\"og:description\" content=\"D\u1ecbch v\u1ee5 D\u00f9ng b\u1eefa t\u1ea1i ph\u00f2ng c\u1ee7a Mulberry Collection Silk Eco mang \u0111\u1ebfn tr\u1ea3i nghi\u1ec7m th\u01b0 th\u00e1i, qu\u00fd kh\u00e1ch c\u00f3 th\u1ec3 t\u00f9y ch\u1ecdn nhi\u1ec1u m\u00f3n \u0103n v\u00e0 th\u01b0\u1edfng th\u1ee9c h\u01b0\u01a1ng v\u1ecb \u0111\u1eb7c bi\u1ec7t trong s\u1ef1 tho\u1ea3i m\u00e1i v\u00e0 ri\u00eang t\u01b0 t\u1ea1i ph\u00f2ng ngh\u1ec9 c\u1ee7a m\u00ecnh.\" \/>\n<meta property=\"og:url\" content=\"https:\/\/silkeco.mulberrycollectionvn.com\/vi\/services\/in-room-dining\/\" \/>\n<meta property=\"og:site_name\" content=\"Silk Eco\" \/>\n<meta property=\"article:modified_time\" content=\"2021-01-12T08:56:25+00:00\" \/>\n<meta property=\"og:image\" content=\"https:\/\/silkeco.mulberrycollectionvn.com\/wp-content\/uploads\/sites\/152\/2020\/12\/Silk-eco-city-room.jpg\" \/>\n\t<meta property=\"og:image:width\" content=\"1280\" \/>\n\t<meta property=\"og:image:height\" content=\"853\" \/>\n\t<meta property=\"og:image:type\" content=\"image\/jpeg\" \/>\n<meta name=\"twitter:card\" content=\"summary_large_image\" \/>\n<script type=\"application\/ld+json\" class=\"yoast-schema-graph\">{\"@context\":\"https:\/\/schema.org\",\"@graph\":[{\"@type\":\"WebPage\",\"@id\":\"https:\/\/silkeco.mulberrycollectionvn.com\/vi\/services\/in-room-dining\/\",\"url\":\"https:\/\/silkeco.mulberrycollectionvn.com\/vi\/services\/in-room-dining\/\",\"name\":\"D\u00f9ng b\u1eefa t\u1ea1i ph\u00f2ng - Silk Eco\",\"isPartOf\":{\"@id\":\"https:\/\/silkeco.mulberrycollectionvn.com\/vi\/#website\"},\"primaryImageOfPage\":{\"@id\":\"https:\/\/silkeco.mulberrycollectionvn.com\/vi\/services\/in-room-dining\/#primaryimage\"},\"image\":{\"@id\":\"https:\/\/silkeco.mulberrycollectionvn.com\/vi\/services\/in-room-dining\/#primaryimage\"},\"thumbnailUrl\":\"https:\/\/silkeco.mulberrycollectionvn.com\/wp-content\/uploads\/sites\/152\/2020\/12\/Silk-eco-city-room.jpg\",\"datePublished\":\"2021-01-12T07:50:48+00:00\",\"dateModified\":\"2021-01-12T08:56:25+00:00\",\"breadcrumb\":{\"@id\":\"https:\/\/silkeco.mulberrycollectionvn.com\/vi\/services\/in-room-dining\/#breadcrumb\"},\"inLanguage\":\"vi-VN\",\"potentialAction\":[{\"@type\":\"ReadAction\",\"target\":[\"https:\/\/silkeco.mulberrycollectionvn.com\/vi\/services\/in-room-dining\/\"]}]},{\"@type\":\"ImageObject\",\"inLanguage\":\"vi-VN\",\"@id\":\"https:\/\/silkeco.mulberrycollectionvn.com\/vi\/services\/in-room-dining\/#primaryimage\",\"url\":\"https:\/\/silkeco.mulberrycollectionvn.com\/wp-content\/uploads\/sites\/152\/2020\/12\/Silk-eco-city-room.jpg\",\"contentUrl\":\"https:\/\/silkeco.mulberrycollectionvn.com\/wp-content\/uploads\/sites\/152\/2020\/12\/Silk-eco-city-room.jpg\",\"width\":1280,\"height\":853},{\"@type\":\"BreadcrumbList\",\"@id\":\"https:\/\/silkeco.mulberrycollectionvn.com\/vi\/services\/in-room-dining\/#breadcrumb\",\"itemListElement\":[{\"@type\":\"ListItem\",\"position\":1,\"name\":\"Home\",\"item\":\"https:\/\/silkeco.mulberrycollectionvn.com\/vi\/\"},{\"@type\":\"ListItem\",\"position\":2,\"name\":\"D\u1ecbch v\u1ee5\",\"item\":\"https:\/\/silkeco.mulberrycollectionvn.com\/vi\/services\/\"},{\"@type\":\"ListItem\",\"position\":3,\"name\":\"D\u00f9ng b\u1eefa t\u1ea1i ph\u00f2ng\"}]},{\"@type\":\"WebSite\",\"@id\":\"https:\/\/silkeco.mulberrycollectionvn.com\/vi\/#website\",\"url\":\"https:\/\/silkeco.mulberrycollectionvn.com\/vi\/\",\"name\":\"Silk Eco\",\"description\":\"Just another D-EDGE CMS Asia Pacific site\",\"potentialAction\":[{\"@type\":\"SearchAction\",\"target\":{\"@type\":\"EntryPoint\",\"urlTemplate\":\"https:\/\/silkeco.mulberrycollectionvn.com\/vi\/?s={search_term_string}\"},\"query-input\":\"required name=search_term_string\"}],\"inLanguage\":\"vi-VN\"}]}<\/script>\n<!-- \/ Yoast SEO plugin. -->","yoast_head_json":{"title":"D\u00f9ng b\u1eefa t\u1ea1i ph\u00f2ng - Silk Eco","robots":{"index":"index","follow":"follow","max-snippet":"max-snippet:-1","max-image-preview":"max-image-preview:large","max-video-preview":"max-video-preview:-1"},"canonical":"https:\/\/silkeco.mulberrycollectionvn.com\/vi\/services\/in-room-dining\/","og_locale":"vi_VN","og_type":"article","og_title":"D\u00f9ng b\u1eefa t\u1ea1i ph\u00f2ng - Silk Eco","og_description":"D\u1ecbch v\u1ee5 D\u00f9ng b\u1eefa t\u1ea1i ph\u00f2ng c\u1ee7a Mulberry Collection Silk Eco mang \u0111\u1ebfn tr\u1ea3i nghi\u1ec7m th\u01b0 th\u00e1i, qu\u00fd kh\u00e1ch c\u00f3 th\u1ec3 t\u00f9y ch\u1ecdn nhi\u1ec1u m\u00f3n \u0103n v\u00e0 th\u01b0\u1edfng th\u1ee9c h\u01b0\u01a1ng v\u1ecb \u0111\u1eb7c bi\u1ec7t trong s\u1ef1 tho\u1ea3i m\u00e1i v\u00e0 ri\u00eang t\u01b0 t\u1ea1i ph\u00f2ng ngh\u1ec9 c\u1ee7a m\u00ecnh.","og_url":"https:\/\/silkeco.mulberrycollectionvn.com\/vi\/services\/in-room-dining\/","og_site_name":"Silk Eco","article_modified_time":"2021-01-12T08:56:25+00:00","og_image":[{"width":1280,"height":853,"url":"https:\/\/silkeco.mulberrycollectionvn.com\/wp-content\/uploads\/sites\/152\/2020\/12\/Silk-eco-city-room.jpg","type":"image\/jpeg"}],"twitter_card":"summary_large_image","schema":{"@context":"https:\/\/schema.org","@graph":[{"@type":"WebPage","@id":"https:\/\/silkeco.mulberrycollectionvn.com\/vi\/services\/in-room-dining\/","url":"https:\/\/silkeco.mulberrycollectionvn.com\/vi\/services\/in-room-dining\/","name":"D\u00f9ng b\u1eefa t\u1ea1i ph\u00f2ng - Silk Eco","isPartOf":{"@id":"https:\/\/silkeco.mulberrycollectionvn.com\/vi\/#website"},"primaryImageOfPage":{"@id":"https:\/\/silkeco.mulberrycollectionvn.com\/vi\/services\/in-room-dining\/#primaryimage"},"image":{"@id":"https:\/\/silkeco.mulberrycollectionvn.com\/vi\/services\/in-room-dining\/#primaryimage"},"thumbnailUrl":"https:\/\/silkeco.mulberrycollectionvn.com\/wp-content\/uploads\/sites\/152\/2020\/12\/Silk-eco-city-room.jpg","datePublished":"2021-01-12T07:50:48+00:00","dateModified":"2021-01-12T08:56:25+00:00","breadcrumb":{"@id":"https:\/\/silkeco.mulberrycollectionvn.com\/vi\/services\/in-room-dining\/#breadcrumb"},"inLanguage":"vi-VN","potentialAction":[{"@type":"ReadAction","target":["https:\/\/silkeco.mulberrycollectionvn.com\/vi\/services\/in-room-dining\/"]}]},{"@type":"ImageObject","inLanguage":"vi-VN","@id":"https:\/\/silkeco.mulberrycollectionvn.com\/vi\/services\/in-room-dining\/#primaryimage","url":"https:\/\/silkeco.mulberrycollectionvn.com\/wp-content\/uploads\/sites\/152\/2020\/12\/Silk-eco-city-room.jpg","contentUrl":"https:\/\/silkeco.mulberrycollectionvn.com\/wp-content\/uploads\/sites\/152\/2020\/12\/Silk-eco-city-room.jpg","width":1280,"height":853},{"@type":"BreadcrumbList","@id":"https:\/\/silkeco.mulberrycollectionvn.com\/vi\/services\/in-room-dining\/#breadcrumb","itemListElement":[{"@type":"ListItem","position":1,"name":"Home","item":"https:\/\/silkeco.mulberrycollectionvn.com\/vi\/"},{"@type":"ListItem","position":2,"name":"D\u1ecbch v\u1ee5","item":"https:\/\/silkeco.mulberrycollectionvn.com\/vi\/services\/"},{"@type":"ListItem","position":3,"name":"D\u00f9ng b\u1eefa t\u1ea1i ph\u00f2ng"}]},{"@type":"WebSite","@id":"https:\/\/silkeco.mulberrycollectionvn.com\/vi\/#website","url":"https:\/\/silkeco.mulberrycollectionvn.com\/vi\/","name":"Silk Eco","description":"Just another D-EDGE CMS Asia Pacific site","potentialAction":[{"@type":"SearchAction","target":{"@type":"EntryPoint","urlTemplate":"https:\/\/silkeco.mulberrycollectionvn.com\/vi\/?s={search_term_string}"},"query-input":"required name=search_term_string"}],"inLanguage":"vi-VN"}]}},"_links":{"self":[{"href":"https:\/\/silkeco.mulberrycollectionvn.com\/vi\/wp-json\/wp\/v2\/pages\/627"}],"collection":[{"href":"https:\/\/silkeco.mulberrycollectionvn.com\/vi\/wp-json\/wp\/v2\/pages"}],"about":[{"href":"https:\/\/silkeco.mulberrycollectionvn.com\/vi\/wp-json\/wp\/v2\/types\/page"}],"author":[{"embeddable":true,"href":"https:\/\/silkeco.mulberrycollectionvn.com\/vi\/wp-json\/wp\/v2\/users\/124"}],"replies":[{"embeddable":true,"href":"https:\/\/silkeco.mulberrycollectionvn.com\/vi\/wp-json\/wp\/v2\/comments?post=627"}],"version-history":[{"count":0,"href":"https:\/\/silkeco.mulberrycollectionvn.com\/vi\/wp-json\/wp\/v2\/pages\/627\/revisions"}],"up":[{"embeddable":true,"href":"https:\/\/silkeco.mulberrycollectionvn.com\/vi\/wp-json\/wp\/v2\/pages\/262"}],"wp:featuredmedia":[{"embeddable":true,"href":"https:\/\/silkeco.mulberrycollectionvn.com\/vi\/wp-json\/wp\/v2\/media\/419"}],"wp:attachment":[{"href":"https:\/\/silkeco.mulberrycollectionvn.com\/vi\/wp-json\/wp\/v2\/media?parent=627"}],"curies":[{"name":"wp","href":"https:\/\/api.w.org\/{rel}","templated":true}]}}