{"id":625,"date":"2021-01-12T07:44:41","date_gmt":"2021-01-12T07:44:41","guid":{"rendered":"http:\/\/silk-eco.ms.decms.asia\/?page_id=625"},"modified":"2021-01-12T09:09:17","modified_gmt":"2021-01-12T09:09:17","slug":"complimentary-welcome-package","status":"publish","type":"page","link":"https:\/\/silkeco.mulberrycollectionvn.com\/vi\/services\/complimentary-welcome-package\/","title":{"rendered":"G\u00f3i ch\u00e0o \u0111\u00f3n"},"content":{"rendered":"<p>C\u1ea3m nh\u1eadn s\u1ef1 m\u1ebfn kh\u00e1ch c\u1ee7a ch\u00fang t\u00f4i khi v\u1eeba \u0111\u1eb7t ch\u00e2n \u0111\u1ebfn Mulberry Collection Silk Eco c\u00f9ng tr\u00e0 gi\u1ea3i kh\u00e1t v\u1edbi chi\u1ebft xu\u1ea5t t\u1eeb l\u00e1 s\u1ea3 v\u00e0 m\u1eadt ong v\u00e0 kha9n l\u1ea1nh s\u1ea3ng kho\u00e1i.<\/p>\n","protected":false},"excerpt":{"rendered":"<p>C\u1ea3m nh\u1eadn s\u1ef1 m\u1ebfn kh\u00e1ch c\u1ee7a ch\u00fang t\u00f4i khi v\u1eeba \u0111\u1eb7t ch\u00e2n \u0111\u1ebfn Mulberry Collection Silk Eco c\u00f9ng tr\u00e0 gi\u1ea3i kh\u00e1t v\u1edbi chi\u1ebft xu\u1ea5t t\u1eeb l\u00e1 s\u1ea3 v\u00e0 m\u1eadt ong v\u00e0 kha9n l\u1ea1nh s\u1ea3ng kho\u00e1i.<\/p>\n","protected":false},"author":124,"featured_media":732,"parent":262,"menu_order":0,"comment_status":"closed","ping_status":"closed","template":"","meta":{"footnotes":""},"yoast_head":"<!-- This site is optimized with the Yoast SEO plugin v22.3 - https:\/\/yoast.com\/wordpress\/plugins\/seo\/ -->\n<title>G\u00f3i ch\u00e0o \u0111\u00f3n - Silk Eco<\/title>\n<meta name=\"robots\" content=\"index, follow, max-snippet:-1, max-image-preview:large, max-video-preview:-1\" \/>\n<link rel=\"canonical\" href=\"https:\/\/silkeco.mulberrycollectionvn.com\/vi\/services\/complimentary-welcome-package\/\" \/>\n<meta property=\"og:locale\" content=\"vi_VN\" \/>\n<meta property=\"og:type\" content=\"article\" \/>\n<meta property=\"og:title\" content=\"G\u00f3i ch\u00e0o \u0111\u00f3n - Silk Eco\" \/>\n<meta property=\"og:description\" content=\"C\u1ea3m nh\u1eadn s\u1ef1 m\u1ebfn kh\u00e1ch c\u1ee7a ch\u00fang t\u00f4i khi v\u1eeba \u0111\u1eb7t ch\u00e2n \u0111\u1ebfn Mulberry Collection Silk Eco c\u00f9ng tr\u00e0 gi\u1ea3i kh\u00e1t v\u1edbi chi\u1ebft xu\u1ea5t t\u1eeb l\u00e1 s\u1ea3 v\u00e0 m\u1eadt ong v\u00e0 kha9n l\u1ea1nh s\u1ea3ng kho\u00e1i.\" \/>\n<meta property=\"og:url\" content=\"https:\/\/silkeco.mulberrycollectionvn.com\/vi\/services\/complimentary-welcome-package\/\" \/>\n<meta property=\"og:site_name\" content=\"Silk Eco\" \/>\n<meta property=\"article:modified_time\" content=\"2021-01-12T09:09:17+00:00\" \/>\n<meta property=\"og:image\" content=\"https:\/\/silkeco.mulberrycollectionvn.com\/wp-content\/uploads\/sites\/152\/2021\/01\/Reception-1.jpg\" \/>\n\t<meta property=\"og:image:width\" content=\"1280\" \/>\n\t<meta property=\"og:image:height\" content=\"853\" \/>\n\t<meta property=\"og:image:type\" content=\"image\/jpeg\" \/>\n<meta name=\"twitter:card\" content=\"summary_large_image\" \/>\n<script type=\"application\/ld+json\" class=\"yoast-schema-graph\">{\"@context\":\"https:\/\/schema.org\",\"@graph\":[{\"@type\":\"WebPage\",\"@id\":\"https:\/\/silkeco.mulberrycollectionvn.com\/vi\/services\/complimentary-welcome-package\/\",\"url\":\"https:\/\/silkeco.mulberrycollectionvn.com\/vi\/services\/complimentary-welcome-package\/\",\"name\":\"G\u00f3i ch\u00e0o \u0111\u00f3n - Silk Eco\",\"isPartOf\":{\"@id\":\"https:\/\/silkeco.mulberrycollectionvn.com\/vi\/#website\"},\"primaryImageOfPage\":{\"@id\":\"https:\/\/silkeco.mulberrycollectionvn.com\/vi\/services\/complimentary-welcome-package\/#primaryimage\"},\"image\":{\"@id\":\"https:\/\/silkeco.mulberrycollectionvn.com\/vi\/services\/complimentary-welcome-package\/#primaryimage\"},\"thumbnailUrl\":\"https:\/\/silkeco.mulberrycollectionvn.com\/wp-content\/uploads\/sites\/152\/2021\/01\/Reception-1.jpg\",\"datePublished\":\"2021-01-12T07:44:41+00:00\",\"dateModified\":\"2021-01-12T09:09:17+00:00\",\"breadcrumb\":{\"@id\":\"https:\/\/silkeco.mulberrycollectionvn.com\/vi\/services\/complimentary-welcome-package\/#breadcrumb\"},\"inLanguage\":\"vi-VN\",\"potentialAction\":[{\"@type\":\"ReadAction\",\"target\":[\"https:\/\/silkeco.mulberrycollectionvn.com\/vi\/services\/complimentary-welcome-package\/\"]}]},{\"@type\":\"ImageObject\",\"inLanguage\":\"vi-VN\",\"@id\":\"https:\/\/silkeco.mulberrycollectionvn.com\/vi\/services\/complimentary-welcome-package\/#primaryimage\",\"url\":\"https:\/\/silkeco.mulberrycollectionvn.com\/wp-content\/uploads\/sites\/152\/2021\/01\/Reception-1.jpg\",\"contentUrl\":\"https:\/\/silkeco.mulberrycollectionvn.com\/wp-content\/uploads\/sites\/152\/2021\/01\/Reception-1.jpg\",\"width\":1280,\"height\":853},{\"@type\":\"BreadcrumbList\",\"@id\":\"https:\/\/silkeco.mulberrycollectionvn.com\/vi\/services\/complimentary-welcome-package\/#breadcrumb\",\"itemListElement\":[{\"@type\":\"ListItem\",\"position\":1,\"name\":\"Home\",\"item\":\"https:\/\/silkeco.mulberrycollectionvn.com\/vi\/\"},{\"@type\":\"ListItem\",\"position\":2,\"name\":\"D\u1ecbch v\u1ee5\",\"item\":\"https:\/\/silkeco.mulberrycollectionvn.com\/vi\/services\/\"},{\"@type\":\"ListItem\",\"position\":3,\"name\":\"G\u00f3i ch\u00e0o \u0111\u00f3n\"}]},{\"@type\":\"WebSite\",\"@id\":\"https:\/\/silkeco.mulberrycollectionvn.com\/vi\/#website\",\"url\":\"https:\/\/silkeco.mulberrycollectionvn.com\/vi\/\",\"name\":\"Silk Eco\",\"description\":\"Just another D-EDGE CMS Asia Pacific site\",\"potentialAction\":[{\"@type\":\"SearchAction\",\"target\":{\"@type\":\"EntryPoint\",\"urlTemplate\":\"https:\/\/silkeco.mulberrycollectionvn.com\/vi\/?s={search_term_string}\"},\"query-input\":\"required name=search_term_string\"}],\"inLanguage\":\"vi-VN\"}]}<\/script>\n<!-- \/ Yoast SEO plugin. -->","yoast_head_json":{"title":"G\u00f3i ch\u00e0o \u0111\u00f3n - Silk Eco","robots":{"index":"index","follow":"follow","max-snippet":"max-snippet:-1","max-image-preview":"max-image-preview:large","max-video-preview":"max-video-preview:-1"},"canonical":"https:\/\/silkeco.mulberrycollectionvn.com\/vi\/services\/complimentary-welcome-package\/","og_locale":"vi_VN","og_type":"article","og_title":"G\u00f3i ch\u00e0o \u0111\u00f3n - Silk Eco","og_description":"C\u1ea3m nh\u1eadn s\u1ef1 m\u1ebfn kh\u00e1ch c\u1ee7a ch\u00fang t\u00f4i khi v\u1eeba \u0111\u1eb7t ch\u00e2n \u0111\u1ebfn Mulberry Collection Silk Eco c\u00f9ng tr\u00e0 gi\u1ea3i kh\u00e1t v\u1edbi chi\u1ebft xu\u1ea5t t\u1eeb l\u00e1 s\u1ea3 v\u00e0 m\u1eadt ong v\u00e0 kha9n l\u1ea1nh s\u1ea3ng kho\u00e1i.","og_url":"https:\/\/silkeco.mulberrycollectionvn.com\/vi\/services\/complimentary-welcome-package\/","og_site_name":"Silk Eco","article_modified_time":"2021-01-12T09:09:17+00:00","og_image":[{"width":1280,"height":853,"url":"https:\/\/silkeco.mulberrycollectionvn.com\/wp-content\/uploads\/sites\/152\/2021\/01\/Reception-1.jpg","type":"image\/jpeg"}],"twitter_card":"summary_large_image","schema":{"@context":"https:\/\/schema.org","@graph":[{"@type":"WebPage","@id":"https:\/\/silkeco.mulberrycollectionvn.com\/vi\/services\/complimentary-welcome-package\/","url":"https:\/\/silkeco.mulberrycollectionvn.com\/vi\/services\/complimentary-welcome-package\/","name":"G\u00f3i ch\u00e0o \u0111\u00f3n - Silk Eco","isPartOf":{"@id":"https:\/\/silkeco.mulberrycollectionvn.com\/vi\/#website"},"primaryImageOfPage":{"@id":"https:\/\/silkeco.mulberrycollectionvn.com\/vi\/services\/complimentary-welcome-package\/#primaryimage"},"image":{"@id":"https:\/\/silkeco.mulberrycollectionvn.com\/vi\/services\/complimentary-welcome-package\/#primaryimage"},"thumbnailUrl":"https:\/\/silkeco.mulberrycollectionvn.com\/wp-content\/uploads\/sites\/152\/2021\/01\/Reception-1.jpg","datePublished":"2021-01-12T07:44:41+00:00","dateModified":"2021-01-12T09:09:17+00:00","breadcrumb":{"@id":"https:\/\/silkeco.mulberrycollectionvn.com\/vi\/services\/complimentary-welcome-package\/#breadcrumb"},"inLanguage":"vi-VN","potentialAction":[{"@type":"ReadAction","target":["https:\/\/silkeco.mulberrycollectionvn.com\/vi\/services\/complimentary-welcome-package\/"]}]},{"@type":"ImageObject","inLanguage":"vi-VN","@id":"https:\/\/silkeco.mulberrycollectionvn.com\/vi\/services\/complimentary-welcome-package\/#primaryimage","url":"https:\/\/silkeco.mulberrycollectionvn.com\/wp-content\/uploads\/sites\/152\/2021\/01\/Reception-1.jpg","contentUrl":"https:\/\/silkeco.mulberrycollectionvn.com\/wp-content\/uploads\/sites\/152\/2021\/01\/Reception-1.jpg","width":1280,"height":853},{"@type":"BreadcrumbList","@id":"https:\/\/silkeco.mulberrycollectionvn.com\/vi\/services\/complimentary-welcome-package\/#breadcrumb","itemListElement":[{"@type":"ListItem","position":1,"name":"Home","item":"https:\/\/silkeco.mulberrycollectionvn.com\/vi\/"},{"@type":"ListItem","position":2,"name":"D\u1ecbch v\u1ee5","item":"https:\/\/silkeco.mulberrycollectionvn.com\/vi\/services\/"},{"@type":"ListItem","position":3,"name":"G\u00f3i ch\u00e0o \u0111\u00f3n"}]},{"@type":"WebSite","@id":"https:\/\/silkeco.mulberrycollectionvn.com\/vi\/#website","url":"https:\/\/silkeco.mulberrycollectionvn.com\/vi\/","name":"Silk Eco","description":"Just another D-EDGE CMS Asia Pacific site","potentialAction":[{"@type":"SearchAction","target":{"@type":"EntryPoint","urlTemplate":"https:\/\/silkeco.mulberrycollectionvn.com\/vi\/?s={search_term_string}"},"query-input":"required name=search_term_string"}],"inLanguage":"vi-VN"}]}},"_links":{"self":[{"href":"https:\/\/silkeco.mulberrycollectionvn.com\/vi\/wp-json\/wp\/v2\/pages\/625"}],"collection":[{"href":"https:\/\/silkeco.mulberrycollectionvn.com\/vi\/wp-json\/wp\/v2\/pages"}],"about":[{"href":"https:\/\/silkeco.mulberrycollectionvn.com\/vi\/wp-json\/wp\/v2\/types\/page"}],"author":[{"embeddable":true,"href":"https:\/\/silkeco.mulberrycollectionvn.com\/vi\/wp-json\/wp\/v2\/users\/124"}],"replies":[{"embeddable":true,"href":"https:\/\/silkeco.mulberrycollectionvn.com\/vi\/wp-json\/wp\/v2\/comments?post=625"}],"version-history":[{"count":0,"href":"https:\/\/silkeco.mulberrycollectionvn.com\/vi\/wp-json\/wp\/v2\/pages\/625\/revisions"}],"up":[{"embeddable":true,"href":"https:\/\/silkeco.mulberrycollectionvn.com\/vi\/wp-json\/wp\/v2\/pages\/262"}],"wp:featuredmedia":[{"embeddable":true,"href":"https:\/\/silkeco.mulberrycollectionvn.com\/vi\/wp-json\/wp\/v2\/media\/732"}],"wp:attachment":[{"href":"https:\/\/silkeco.mulberrycollectionvn.com\/vi\/wp-json\/wp\/v2\/media?parent=625"}],"curies":[{"name":"wp","href":"https:\/\/api.w.org\/{rel}","templated":true}]}}