{"id":623,"date":"2021-01-12T07:43:56","date_gmt":"2021-01-12T07:43:56","guid":{"rendered":"http:\/\/silk-eco.ms.decms.asia\/?page_id=623"},"modified":"2021-01-12T08:57:24","modified_gmt":"2021-01-12T08:57:24","slug":"bell-staff-luggage-storage","status":"publish","type":"page","link":"https:\/\/silkeco.mulberrycollectionvn.com\/vi\/services\/bell-staff-luggage-storage\/","title":{"rendered":"D\u1ecbch v\u1ee5 h\u00e0nh l\u00fd"},"content":{"rendered":"<p>Nh\u00e2n vi\u00ean ph\u1ee5 tr\u00e1ch h\u00e0nh l\u00fd c\u1ee7a ch\u00fang t\u00f4i lu\u00f4n c\u00f3 m\u1eb7t t\u1ea1i s\u1ea3n ch\u1edd v\u00e0 s\u1eb5n l\u00f2ng ph\u1ee5c v\u1ee5 qu\u00fd kh\u00e1ch \u0111\u1ec3 s\u1eafp x\u1ebfp, di chuy\u1ec3n v\u00e0 c\u1ea5t gi\u1eef h\u00e0nh l\u00fd m\u1ed9t c\u00e1ch nhanh ch\u00f3ng v\u00e0 ch\u1ec9n chu nh\u1ea5t.<\/p>\n","protected":false},"excerpt":{"rendered":"<p>Nh\u00e2n vi\u00ean ph\u1ee5 tr\u00e1ch h\u00e0nh l\u00fd c\u1ee7a ch\u00fang t\u00f4i lu\u00f4n c\u00f3 m\u1eb7t t\u1ea1i s\u1ea3n ch\u1edd v\u00e0 s\u1eb5n l\u00f2ng ph\u1ee5c v\u1ee5 qu\u00fd kh\u00e1ch \u0111\u1ec3 s\u1eafp x\u1ebfp, di chuy\u1ec3n v\u00e0 c\u1ea5t gi\u1eef h\u00e0nh l\u00fd m\u1ed9t c\u00e1ch nhanh ch\u00f3ng v\u00e0 ch\u1ec9n chu nh\u1ea5t.<\/p>\n","protected":false},"author":124,"featured_media":732,"parent":262,"menu_order":0,"comment_status":"closed","ping_status":"closed","template":"","meta":{"footnotes":""},"yoast_head":"<!-- This site is optimized with the Yoast SEO plugin v22.3 - https:\/\/yoast.com\/wordpress\/plugins\/seo\/ -->\n<title>D\u1ecbch v\u1ee5 h\u00e0nh l\u00fd - Silk Eco<\/title>\n<meta name=\"robots\" content=\"index, follow, max-snippet:-1, max-image-preview:large, max-video-preview:-1\" \/>\n<link rel=\"canonical\" href=\"https:\/\/silkeco.mulberrycollectionvn.com\/vi\/services\/bell-staff-luggage-storage\/\" \/>\n<meta property=\"og:locale\" content=\"vi_VN\" \/>\n<meta property=\"og:type\" content=\"article\" \/>\n<meta property=\"og:title\" content=\"D\u1ecbch v\u1ee5 h\u00e0nh l\u00fd - Silk Eco\" \/>\n<meta property=\"og:description\" content=\"Nh\u00e2n vi\u00ean ph\u1ee5 tr\u00e1ch h\u00e0nh l\u00fd c\u1ee7a ch\u00fang t\u00f4i lu\u00f4n c\u00f3 m\u1eb7t t\u1ea1i s\u1ea3n ch\u1edd v\u00e0 s\u1eb5n l\u00f2ng ph\u1ee5c v\u1ee5 qu\u00fd kh\u00e1ch \u0111\u1ec3 s\u1eafp x\u1ebfp, di chuy\u1ec3n v\u00e0 c\u1ea5t gi\u1eef h\u00e0nh l\u00fd m\u1ed9t c\u00e1ch nhanh ch\u00f3ng v\u00e0 ch\u1ec9n chu nh\u1ea5t.\" \/>\n<meta property=\"og:url\" content=\"https:\/\/silkeco.mulberrycollectionvn.com\/vi\/services\/bell-staff-luggage-storage\/\" \/>\n<meta property=\"og:site_name\" content=\"Silk Eco\" \/>\n<meta property=\"article:modified_time\" content=\"2021-01-12T08:57:24+00:00\" \/>\n<meta property=\"og:image\" content=\"https:\/\/silkeco.mulberrycollectionvn.com\/wp-content\/uploads\/sites\/152\/2021\/01\/Reception-1.jpg\" \/>\n\t<meta property=\"og:image:width\" content=\"1280\" \/>\n\t<meta property=\"og:image:height\" content=\"853\" \/>\n\t<meta property=\"og:image:type\" content=\"image\/jpeg\" \/>\n<meta name=\"twitter:card\" content=\"summary_large_image\" \/>\n<script type=\"application\/ld+json\" class=\"yoast-schema-graph\">{\"@context\":\"https:\/\/schema.org\",\"@graph\":[{\"@type\":\"WebPage\",\"@id\":\"https:\/\/silkeco.mulberrycollectionvn.com\/vi\/services\/bell-staff-luggage-storage\/\",\"url\":\"https:\/\/silkeco.mulberrycollectionvn.com\/vi\/services\/bell-staff-luggage-storage\/\",\"name\":\"D\u1ecbch v\u1ee5 h\u00e0nh l\u00fd - Silk Eco\",\"isPartOf\":{\"@id\":\"https:\/\/silkeco.mulberrycollectionvn.com\/vi\/#website\"},\"primaryImageOfPage\":{\"@id\":\"https:\/\/silkeco.mulberrycollectionvn.com\/vi\/services\/bell-staff-luggage-storage\/#primaryimage\"},\"image\":{\"@id\":\"https:\/\/silkeco.mulberrycollectionvn.com\/vi\/services\/bell-staff-luggage-storage\/#primaryimage\"},\"thumbnailUrl\":\"https:\/\/silkeco.mulberrycollectionvn.com\/wp-content\/uploads\/sites\/152\/2021\/01\/Reception-1.jpg\",\"datePublished\":\"2021-01-12T07:43:56+00:00\",\"dateModified\":\"2021-01-12T08:57:24+00:00\",\"breadcrumb\":{\"@id\":\"https:\/\/silkeco.mulberrycollectionvn.com\/vi\/services\/bell-staff-luggage-storage\/#breadcrumb\"},\"inLanguage\":\"vi-VN\",\"potentialAction\":[{\"@type\":\"ReadAction\",\"target\":[\"https:\/\/silkeco.mulberrycollectionvn.com\/vi\/services\/bell-staff-luggage-storage\/\"]}]},{\"@type\":\"ImageObject\",\"inLanguage\":\"vi-VN\",\"@id\":\"https:\/\/silkeco.mulberrycollectionvn.com\/vi\/services\/bell-staff-luggage-storage\/#primaryimage\",\"url\":\"https:\/\/silkeco.mulberrycollectionvn.com\/wp-content\/uploads\/sites\/152\/2021\/01\/Reception-1.jpg\",\"contentUrl\":\"https:\/\/silkeco.mulberrycollectionvn.com\/wp-content\/uploads\/sites\/152\/2021\/01\/Reception-1.jpg\",\"width\":1280,\"height\":853},{\"@type\":\"BreadcrumbList\",\"@id\":\"https:\/\/silkeco.mulberrycollectionvn.com\/vi\/services\/bell-staff-luggage-storage\/#breadcrumb\",\"itemListElement\":[{\"@type\":\"ListItem\",\"position\":1,\"name\":\"Home\",\"item\":\"https:\/\/silkeco.mulberrycollectionvn.com\/vi\/\"},{\"@type\":\"ListItem\",\"position\":2,\"name\":\"D\u1ecbch v\u1ee5\",\"item\":\"https:\/\/silkeco.mulberrycollectionvn.com\/vi\/services\/\"},{\"@type\":\"ListItem\",\"position\":3,\"name\":\"D\u1ecbch v\u1ee5 h\u00e0nh l\u00fd\"}]},{\"@type\":\"WebSite\",\"@id\":\"https:\/\/silkeco.mulberrycollectionvn.com\/vi\/#website\",\"url\":\"https:\/\/silkeco.mulberrycollectionvn.com\/vi\/\",\"name\":\"Silk Eco\",\"description\":\"Just another D-EDGE CMS Asia Pacific site\",\"potentialAction\":[{\"@type\":\"SearchAction\",\"target\":{\"@type\":\"EntryPoint\",\"urlTemplate\":\"https:\/\/silkeco.mulberrycollectionvn.com\/vi\/?s={search_term_string}\"},\"query-input\":\"required name=search_term_string\"}],\"inLanguage\":\"vi-VN\"}]}<\/script>\n<!-- \/ Yoast SEO plugin. -->","yoast_head_json":{"title":"D\u1ecbch v\u1ee5 h\u00e0nh l\u00fd - Silk Eco","robots":{"index":"index","follow":"follow","max-snippet":"max-snippet:-1","max-image-preview":"max-image-preview:large","max-video-preview":"max-video-preview:-1"},"canonical":"https:\/\/silkeco.mulberrycollectionvn.com\/vi\/services\/bell-staff-luggage-storage\/","og_locale":"vi_VN","og_type":"article","og_title":"D\u1ecbch v\u1ee5 h\u00e0nh l\u00fd - Silk Eco","og_description":"Nh\u00e2n vi\u00ean ph\u1ee5 tr\u00e1ch h\u00e0nh l\u00fd c\u1ee7a ch\u00fang t\u00f4i lu\u00f4n c\u00f3 m\u1eb7t t\u1ea1i s\u1ea3n ch\u1edd v\u00e0 s\u1eb5n l\u00f2ng ph\u1ee5c v\u1ee5 qu\u00fd kh\u00e1ch \u0111\u1ec3 s\u1eafp x\u1ebfp, di chuy\u1ec3n v\u00e0 c\u1ea5t gi\u1eef h\u00e0nh l\u00fd m\u1ed9t c\u00e1ch nhanh ch\u00f3ng v\u00e0 ch\u1ec9n chu nh\u1ea5t.","og_url":"https:\/\/silkeco.mulberrycollectionvn.com\/vi\/services\/bell-staff-luggage-storage\/","og_site_name":"Silk Eco","article_modified_time":"2021-01-12T08:57:24+00:00","og_image":[{"width":1280,"height":853,"url":"https:\/\/silkeco.mulberrycollectionvn.com\/wp-content\/uploads\/sites\/152\/2021\/01\/Reception-1.jpg","type":"image\/jpeg"}],"twitter_card":"summary_large_image","schema":{"@context":"https:\/\/schema.org","@graph":[{"@type":"WebPage","@id":"https:\/\/silkeco.mulberrycollectionvn.com\/vi\/services\/bell-staff-luggage-storage\/","url":"https:\/\/silkeco.mulberrycollectionvn.com\/vi\/services\/bell-staff-luggage-storage\/","name":"D\u1ecbch v\u1ee5 h\u00e0nh l\u00fd - Silk Eco","isPartOf":{"@id":"https:\/\/silkeco.mulberrycollectionvn.com\/vi\/#website"},"primaryImageOfPage":{"@id":"https:\/\/silkeco.mulberrycollectionvn.com\/vi\/services\/bell-staff-luggage-storage\/#primaryimage"},"image":{"@id":"https:\/\/silkeco.mulberrycollectionvn.com\/vi\/services\/bell-staff-luggage-storage\/#primaryimage"},"thumbnailUrl":"https:\/\/silkeco.mulberrycollectionvn.com\/wp-content\/uploads\/sites\/152\/2021\/01\/Reception-1.jpg","datePublished":"2021-01-12T07:43:56+00:00","dateModified":"2021-01-12T08:57:24+00:00","breadcrumb":{"@id":"https:\/\/silkeco.mulberrycollectionvn.com\/vi\/services\/bell-staff-luggage-storage\/#breadcrumb"},"inLanguage":"vi-VN","potentialAction":[{"@type":"ReadAction","target":["https:\/\/silkeco.mulberrycollectionvn.com\/vi\/services\/bell-staff-luggage-storage\/"]}]},{"@type":"ImageObject","inLanguage":"vi-VN","@id":"https:\/\/silkeco.mulberrycollectionvn.com\/vi\/services\/bell-staff-luggage-storage\/#primaryimage","url":"https:\/\/silkeco.mulberrycollectionvn.com\/wp-content\/uploads\/sites\/152\/2021\/01\/Reception-1.jpg","contentUrl":"https:\/\/silkeco.mulberrycollectionvn.com\/wp-content\/uploads\/sites\/152\/2021\/01\/Reception-1.jpg","width":1280,"height":853},{"@type":"BreadcrumbList","@id":"https:\/\/silkeco.mulberrycollectionvn.com\/vi\/services\/bell-staff-luggage-storage\/#breadcrumb","itemListElement":[{"@type":"ListItem","position":1,"name":"Home","item":"https:\/\/silkeco.mulberrycollectionvn.com\/vi\/"},{"@type":"ListItem","position":2,"name":"D\u1ecbch v\u1ee5","item":"https:\/\/silkeco.mulberrycollectionvn.com\/vi\/services\/"},{"@type":"ListItem","position":3,"name":"D\u1ecbch v\u1ee5 h\u00e0nh l\u00fd"}]},{"@type":"WebSite","@id":"https:\/\/silkeco.mulberrycollectionvn.com\/vi\/#website","url":"https:\/\/silkeco.mulberrycollectionvn.com\/vi\/","name":"Silk Eco","description":"Just another D-EDGE CMS Asia Pacific site","potentialAction":[{"@type":"SearchAction","target":{"@type":"EntryPoint","urlTemplate":"https:\/\/silkeco.mulberrycollectionvn.com\/vi\/?s={search_term_string}"},"query-input":"required name=search_term_string"}],"inLanguage":"vi-VN"}]}},"_links":{"self":[{"href":"https:\/\/silkeco.mulberrycollectionvn.com\/vi\/wp-json\/wp\/v2\/pages\/623"}],"collection":[{"href":"https:\/\/silkeco.mulberrycollectionvn.com\/vi\/wp-json\/wp\/v2\/pages"}],"about":[{"href":"https:\/\/silkeco.mulberrycollectionvn.com\/vi\/wp-json\/wp\/v2\/types\/page"}],"author":[{"embeddable":true,"href":"https:\/\/silkeco.mulberrycollectionvn.com\/vi\/wp-json\/wp\/v2\/users\/124"}],"replies":[{"embeddable":true,"href":"https:\/\/silkeco.mulberrycollectionvn.com\/vi\/wp-json\/wp\/v2\/comments?post=623"}],"version-history":[{"count":0,"href":"https:\/\/silkeco.mulberrycollectionvn.com\/vi\/wp-json\/wp\/v2\/pages\/623\/revisions"}],"up":[{"embeddable":true,"href":"https:\/\/silkeco.mulberrycollectionvn.com\/vi\/wp-json\/wp\/v2\/pages\/262"}],"wp:featuredmedia":[{"embeddable":true,"href":"https:\/\/silkeco.mulberrycollectionvn.com\/vi\/wp-json\/wp\/v2\/media\/732"}],"wp:attachment":[{"href":"https:\/\/silkeco.mulberrycollectionvn.com\/vi\/wp-json\/wp\/v2\/media?parent=623"}],"curies":[{"name":"wp","href":"https:\/\/api.w.org\/{rel}","templated":true}]}}