{"id":621,"date":"2021-01-12T07:43:06","date_gmt":"2021-01-12T07:43:06","guid":{"rendered":"http:\/\/silk-eco.ms.decms.asia\/?page_id=621"},"modified":"2021-01-12T08:55:45","modified_gmt":"2021-01-12T08:55:45","slug":"complimentary-wi-fi-access","status":"publish","type":"page","link":"https:\/\/silkeco.mulberrycollectionvn.com\/vi\/services\/complimentary-wi-fi-access\/","title":{"rendered":"Wifi mi\u1ec5n ph\u00ed"},"content":{"rendered":"<p>Gi\u00fap qu\u00fd kh\u00e1ch duy tr\u00ec k\u1ebft n\u1ed1i \u1edf m\u1ecdi n\u01a1i v\u00e0 gi\u1eef li\u00ean l\u1ea1c v\u1edbi gia \u0111\u00ecnh v\u00e0 b\u1ea1n b\u00e8 trong k\u1ef3 ngh\u1ec9, t\u1ea5t c\u1ea3 c\u00e1c ti\u1ec7n nghi, ph\u00f2ng ngh\u1ec9 v\u00e0 m\u1ecdi lhu v\u1ef1c trong kh\u00f4ng gian c\u1ee7a Mulberry Collection Silk Village \u0111\u1ec1u \u0111\u01b0\u1ee3c trang b\u1ecb Wi-Fi t\u1ed1c \u0111\u1ed9 cao mi\u1ec5n ph\u00ed.<\/p>\n","protected":false},"excerpt":{"rendered":"<p>Gi\u00fap qu\u00fd kh\u00e1ch duy tr\u00ec k\u1ebft n\u1ed1i \u1edf m\u1ecdi n\u01a1i v\u00e0 gi\u1eef li\u00ean l\u1ea1c v\u1edbi gia \u0111\u00ecnh v\u00e0 b\u1ea1n b\u00e8 trong k\u1ef3 ngh\u1ec9, t\u1ea5t c\u1ea3 c\u00e1c ti\u1ec7n nghi, ph\u00f2ng ngh\u1ec9 v\u00e0 m\u1ecdi lhu v\u1ef1c trong kh\u00f4ng gian c\u1ee7a Mulberry Collection Silk Village \u0111\u1ec1u \u0111\u01b0\u1ee3c trang b\u1ecb Wi-Fi t\u1ed1c \u0111\u1ed9 cao mi\u1ec5n ph\u00ed.<\/p>\n","protected":false},"author":124,"featured_media":459,"parent":262,"menu_order":0,"comment_status":"closed","ping_status":"closed","template":"","meta":{"footnotes":""},"yoast_head":"<!-- This site is optimized with the Yoast SEO plugin v22.3 - https:\/\/yoast.com\/wordpress\/plugins\/seo\/ -->\n<title>Wifi mi\u1ec5n ph\u00ed - Silk Eco<\/title>\n<meta name=\"robots\" content=\"index, follow, max-snippet:-1, max-image-preview:large, max-video-preview:-1\" \/>\n<link rel=\"canonical\" href=\"https:\/\/silkeco.mulberrycollectionvn.com\/vi\/services\/complimentary-wi-fi-access\/\" \/>\n<meta property=\"og:locale\" content=\"vi_VN\" \/>\n<meta property=\"og:type\" content=\"article\" \/>\n<meta property=\"og:title\" content=\"Wifi mi\u1ec5n ph\u00ed - Silk Eco\" \/>\n<meta property=\"og:description\" content=\"Gi\u00fap qu\u00fd kh\u00e1ch duy tr\u00ec k\u1ebft n\u1ed1i \u1edf m\u1ecdi n\u01a1i v\u00e0 gi\u1eef li\u00ean l\u1ea1c v\u1edbi gia \u0111\u00ecnh v\u00e0 b\u1ea1n b\u00e8 trong k\u1ef3 ngh\u1ec9, t\u1ea5t c\u1ea3 c\u00e1c ti\u1ec7n nghi, ph\u00f2ng ngh\u1ec9 v\u00e0 m\u1ecdi lhu v\u1ef1c trong kh\u00f4ng gian c\u1ee7a Mulberry Collection Silk Village \u0111\u1ec1u \u0111\u01b0\u1ee3c trang b\u1ecb Wi-Fi t\u1ed1c \u0111\u1ed9 cao mi\u1ec5n ph\u00ed.\" \/>\n<meta property=\"og:url\" content=\"https:\/\/silkeco.mulberrycollectionvn.com\/vi\/services\/complimentary-wi-fi-access\/\" \/>\n<meta property=\"og:site_name\" content=\"Silk Eco\" \/>\n<meta property=\"article:modified_time\" content=\"2021-01-12T08:55:45+00:00\" \/>\n<meta property=\"og:image\" content=\"https:\/\/silkeco.mulberrycollectionvn.com\/wp-content\/uploads\/sites\/152\/2020\/12\/Overview_1.jpg\" \/>\n\t<meta property=\"og:image:width\" content=\"1280\" \/>\n\t<meta property=\"og:image:height\" content=\"853\" \/>\n\t<meta property=\"og:image:type\" content=\"image\/jpeg\" \/>\n<meta name=\"twitter:card\" content=\"summary_large_image\" \/>\n<script type=\"application\/ld+json\" class=\"yoast-schema-graph\">{\"@context\":\"https:\/\/schema.org\",\"@graph\":[{\"@type\":\"WebPage\",\"@id\":\"https:\/\/silkeco.mulberrycollectionvn.com\/vi\/services\/complimentary-wi-fi-access\/\",\"url\":\"https:\/\/silkeco.mulberrycollectionvn.com\/vi\/services\/complimentary-wi-fi-access\/\",\"name\":\"Wifi mi\u1ec5n ph\u00ed - Silk Eco\",\"isPartOf\":{\"@id\":\"https:\/\/silkeco.mulberrycollectionvn.com\/vi\/#website\"},\"primaryImageOfPage\":{\"@id\":\"https:\/\/silkeco.mulberrycollectionvn.com\/vi\/services\/complimentary-wi-fi-access\/#primaryimage\"},\"image\":{\"@id\":\"https:\/\/silkeco.mulberrycollectionvn.com\/vi\/services\/complimentary-wi-fi-access\/#primaryimage\"},\"thumbnailUrl\":\"https:\/\/silkeco.mulberrycollectionvn.com\/wp-content\/uploads\/sites\/152\/2020\/12\/Overview_1.jpg\",\"datePublished\":\"2021-01-12T07:43:06+00:00\",\"dateModified\":\"2021-01-12T08:55:45+00:00\",\"breadcrumb\":{\"@id\":\"https:\/\/silkeco.mulberrycollectionvn.com\/vi\/services\/complimentary-wi-fi-access\/#breadcrumb\"},\"inLanguage\":\"vi-VN\",\"potentialAction\":[{\"@type\":\"ReadAction\",\"target\":[\"https:\/\/silkeco.mulberrycollectionvn.com\/vi\/services\/complimentary-wi-fi-access\/\"]}]},{\"@type\":\"ImageObject\",\"inLanguage\":\"vi-VN\",\"@id\":\"https:\/\/silkeco.mulberrycollectionvn.com\/vi\/services\/complimentary-wi-fi-access\/#primaryimage\",\"url\":\"https:\/\/silkeco.mulberrycollectionvn.com\/wp-content\/uploads\/sites\/152\/2020\/12\/Overview_1.jpg\",\"contentUrl\":\"https:\/\/silkeco.mulberrycollectionvn.com\/wp-content\/uploads\/sites\/152\/2020\/12\/Overview_1.jpg\",\"width\":1280,\"height\":853},{\"@type\":\"BreadcrumbList\",\"@id\":\"https:\/\/silkeco.mulberrycollectionvn.com\/vi\/services\/complimentary-wi-fi-access\/#breadcrumb\",\"itemListElement\":[{\"@type\":\"ListItem\",\"position\":1,\"name\":\"Home\",\"item\":\"https:\/\/silkeco.mulberrycollectionvn.com\/vi\/\"},{\"@type\":\"ListItem\",\"position\":2,\"name\":\"D\u1ecbch v\u1ee5\",\"item\":\"https:\/\/silkeco.mulberrycollectionvn.com\/vi\/services\/\"},{\"@type\":\"ListItem\",\"position\":3,\"name\":\"Wifi mi\u1ec5n ph\u00ed\"}]},{\"@type\":\"WebSite\",\"@id\":\"https:\/\/silkeco.mulberrycollectionvn.com\/vi\/#website\",\"url\":\"https:\/\/silkeco.mulberrycollectionvn.com\/vi\/\",\"name\":\"Silk Eco\",\"description\":\"Just another D-EDGE CMS Asia Pacific site\",\"potentialAction\":[{\"@type\":\"SearchAction\",\"target\":{\"@type\":\"EntryPoint\",\"urlTemplate\":\"https:\/\/silkeco.mulberrycollectionvn.com\/vi\/?s={search_term_string}\"},\"query-input\":\"required name=search_term_string\"}],\"inLanguage\":\"vi-VN\"}]}<\/script>\n<!-- \/ Yoast SEO plugin. -->","yoast_head_json":{"title":"Wifi mi\u1ec5n ph\u00ed - Silk Eco","robots":{"index":"index","follow":"follow","max-snippet":"max-snippet:-1","max-image-preview":"max-image-preview:large","max-video-preview":"max-video-preview:-1"},"canonical":"https:\/\/silkeco.mulberrycollectionvn.com\/vi\/services\/complimentary-wi-fi-access\/","og_locale":"vi_VN","og_type":"article","og_title":"Wifi mi\u1ec5n ph\u00ed - Silk Eco","og_description":"Gi\u00fap qu\u00fd kh\u00e1ch duy tr\u00ec k\u1ebft n\u1ed1i \u1edf m\u1ecdi n\u01a1i v\u00e0 gi\u1eef li\u00ean l\u1ea1c v\u1edbi gia \u0111\u00ecnh v\u00e0 b\u1ea1n b\u00e8 trong k\u1ef3 ngh\u1ec9, t\u1ea5t c\u1ea3 c\u00e1c ti\u1ec7n nghi, ph\u00f2ng ngh\u1ec9 v\u00e0 m\u1ecdi lhu v\u1ef1c trong kh\u00f4ng gian c\u1ee7a Mulberry Collection Silk Village \u0111\u1ec1u \u0111\u01b0\u1ee3c trang b\u1ecb Wi-Fi t\u1ed1c \u0111\u1ed9 cao mi\u1ec5n ph\u00ed.","og_url":"https:\/\/silkeco.mulberrycollectionvn.com\/vi\/services\/complimentary-wi-fi-access\/","og_site_name":"Silk Eco","article_modified_time":"2021-01-12T08:55:45+00:00","og_image":[{"width":1280,"height":853,"url":"https:\/\/silkeco.mulberrycollectionvn.com\/wp-content\/uploads\/sites\/152\/2020\/12\/Overview_1.jpg","type":"image\/jpeg"}],"twitter_card":"summary_large_image","schema":{"@context":"https:\/\/schema.org","@graph":[{"@type":"WebPage","@id":"https:\/\/silkeco.mulberrycollectionvn.com\/vi\/services\/complimentary-wi-fi-access\/","url":"https:\/\/silkeco.mulberrycollectionvn.com\/vi\/services\/complimentary-wi-fi-access\/","name":"Wifi mi\u1ec5n ph\u00ed - Silk Eco","isPartOf":{"@id":"https:\/\/silkeco.mulberrycollectionvn.com\/vi\/#website"},"primaryImageOfPage":{"@id":"https:\/\/silkeco.mulberrycollectionvn.com\/vi\/services\/complimentary-wi-fi-access\/#primaryimage"},"image":{"@id":"https:\/\/silkeco.mulberrycollectionvn.com\/vi\/services\/complimentary-wi-fi-access\/#primaryimage"},"thumbnailUrl":"https:\/\/silkeco.mulberrycollectionvn.com\/wp-content\/uploads\/sites\/152\/2020\/12\/Overview_1.jpg","datePublished":"2021-01-12T07:43:06+00:00","dateModified":"2021-01-12T08:55:45+00:00","breadcrumb":{"@id":"https:\/\/silkeco.mulberrycollectionvn.com\/vi\/services\/complimentary-wi-fi-access\/#breadcrumb"},"inLanguage":"vi-VN","potentialAction":[{"@type":"ReadAction","target":["https:\/\/silkeco.mulberrycollectionvn.com\/vi\/services\/complimentary-wi-fi-access\/"]}]},{"@type":"ImageObject","inLanguage":"vi-VN","@id":"https:\/\/silkeco.mulberrycollectionvn.com\/vi\/services\/complimentary-wi-fi-access\/#primaryimage","url":"https:\/\/silkeco.mulberrycollectionvn.com\/wp-content\/uploads\/sites\/152\/2020\/12\/Overview_1.jpg","contentUrl":"https:\/\/silkeco.mulberrycollectionvn.com\/wp-content\/uploads\/sites\/152\/2020\/12\/Overview_1.jpg","width":1280,"height":853},{"@type":"BreadcrumbList","@id":"https:\/\/silkeco.mulberrycollectionvn.com\/vi\/services\/complimentary-wi-fi-access\/#breadcrumb","itemListElement":[{"@type":"ListItem","position":1,"name":"Home","item":"https:\/\/silkeco.mulberrycollectionvn.com\/vi\/"},{"@type":"ListItem","position":2,"name":"D\u1ecbch v\u1ee5","item":"https:\/\/silkeco.mulberrycollectionvn.com\/vi\/services\/"},{"@type":"ListItem","position":3,"name":"Wifi mi\u1ec5n ph\u00ed"}]},{"@type":"WebSite","@id":"https:\/\/silkeco.mulberrycollectionvn.com\/vi\/#website","url":"https:\/\/silkeco.mulberrycollectionvn.com\/vi\/","name":"Silk Eco","description":"Just another D-EDGE CMS Asia Pacific site","potentialAction":[{"@type":"SearchAction","target":{"@type":"EntryPoint","urlTemplate":"https:\/\/silkeco.mulberrycollectionvn.com\/vi\/?s={search_term_string}"},"query-input":"required name=search_term_string"}],"inLanguage":"vi-VN"}]}},"_links":{"self":[{"href":"https:\/\/silkeco.mulberrycollectionvn.com\/vi\/wp-json\/wp\/v2\/pages\/621"}],"collection":[{"href":"https:\/\/silkeco.mulberrycollectionvn.com\/vi\/wp-json\/wp\/v2\/pages"}],"about":[{"href":"https:\/\/silkeco.mulberrycollectionvn.com\/vi\/wp-json\/wp\/v2\/types\/page"}],"author":[{"embeddable":true,"href":"https:\/\/silkeco.mulberrycollectionvn.com\/vi\/wp-json\/wp\/v2\/users\/124"}],"replies":[{"embeddable":true,"href":"https:\/\/silkeco.mulberrycollectionvn.com\/vi\/wp-json\/wp\/v2\/comments?post=621"}],"version-history":[{"count":0,"href":"https:\/\/silkeco.mulberrycollectionvn.com\/vi\/wp-json\/wp\/v2\/pages\/621\/revisions"}],"up":[{"embeddable":true,"href":"https:\/\/silkeco.mulberrycollectionvn.com\/vi\/wp-json\/wp\/v2\/pages\/262"}],"wp:featuredmedia":[{"embeddable":true,"href":"https:\/\/silkeco.mulberrycollectionvn.com\/vi\/wp-json\/wp\/v2\/media\/459"}],"wp:attachment":[{"href":"https:\/\/silkeco.mulberrycollectionvn.com\/vi\/wp-json\/wp\/v2\/media?parent=621"}],"curies":[{"name":"wp","href":"https:\/\/api.w.org\/{rel}","templated":true}]}}