{"id":503,"date":"2020-12-03T02:52:51","date_gmt":"2020-12-03T02:52:51","guid":{"rendered":"http:\/\/silk-eco.ms.decms.asia\/?page_id=503"},"modified":"2021-01-13T06:18:15","modified_gmt":"2021-01-13T06:18:15","slug":"careers","status":"publish","type":"page","link":"https:\/\/silkeco.mulberrycollectionvn.com\/vi\/careers\/","title":{"rendered":"Tuy\u1ec3n d\u1ee5ng"},"content":{"rendered":"<p>B\u1ea1n quan t\u00e2m \u0111\u1ebfn c\u00e1c v\u1ecb tr\u00ed \u0111ang \u0111\u01b0\u1ee3c tuy\u1ec3n d\u1ee5ng t\u1ea1i Silk Eco?<\/p>\n<p>Ch\u00fang t\u00f4i c\u00f3 nhi\u1ec1u v\u1ecb tr\u00ed tuy\u1ec3n d\u1ee5ng kh\u00e1c nhau, v\u1edbi ch\u1ebf \u0111\u1ed9 \u0111\u00e3i ng\u1ed9 v\u00e0 ph\u00fac l\u1ee3i vi\u1ec7c l\u00e0m h\u1ea5p d\u1eabn.<\/p>\n","protected":false},"excerpt":{"rendered":"<p>B\u1ea1n quan t\u00e2m \u0111\u1ebfn c\u00e1c v\u1ecb tr\u00ed \u0111ang \u0111\u01b0\u1ee3c tuy\u1ec3n d\u1ee5ng t\u1ea1i Silk Eco? Ch\u00fang t\u00f4i c\u00f3 nhi\u1ec1u v\u1ecb tr\u00ed tuy\u1ec3n d\u1ee5ng kh\u00e1c nhau, v\u1edbi ch\u1ebf \u0111\u1ed9 \u0111\u00e3i ng\u1ed9 v\u00e0 ph\u00fac l\u1ee3i vi\u1ec7c l\u00e0m h\u1ea5p d\u1eabn.<\/p>\n","protected":false},"author":167,"featured_media":0,"parent":0,"menu_order":0,"comment_status":"closed","ping_status":"closed","template":"","meta":{"footnotes":""},"yoast_head":"<!-- This site is optimized with the Yoast SEO plugin v22.3 - https:\/\/yoast.com\/wordpress\/plugins\/seo\/ -->\n<title>Tuy\u1ec3n d\u1ee5ng - Silk Eco<\/title>\n<meta name=\"robots\" content=\"index, follow, max-snippet:-1, max-image-preview:large, max-video-preview:-1\" \/>\n<link rel=\"canonical\" href=\"https:\/\/silkeco.mulberrycollectionvn.com\/vi\/careers\/\" \/>\n<meta property=\"og:locale\" content=\"vi_VN\" \/>\n<meta property=\"og:type\" content=\"article\" \/>\n<meta property=\"og:title\" content=\"Tuy\u1ec3n d\u1ee5ng - Silk Eco\" \/>\n<meta property=\"og:description\" content=\"B\u1ea1n quan t\u00e2m \u0111\u1ebfn c\u00e1c v\u1ecb tr\u00ed \u0111ang \u0111\u01b0\u1ee3c tuy\u1ec3n d\u1ee5ng t\u1ea1i Silk Eco? Ch\u00fang t\u00f4i c\u00f3 nhi\u1ec1u v\u1ecb tr\u00ed tuy\u1ec3n d\u1ee5ng kh\u00e1c nhau, v\u1edbi ch\u1ebf \u0111\u1ed9 \u0111\u00e3i ng\u1ed9 v\u00e0 ph\u00fac l\u1ee3i vi\u1ec7c l\u00e0m h\u1ea5p d\u1eabn.\" \/>\n<meta property=\"og:url\" content=\"https:\/\/silkeco.mulberrycollectionvn.com\/vi\/careers\/\" \/>\n<meta property=\"og:site_name\" content=\"Silk Eco\" \/>\n<meta property=\"article:modified_time\" content=\"2021-01-13T06:18:15+00:00\" \/>\n<meta name=\"twitter:card\" content=\"summary_large_image\" \/>\n<script type=\"application\/ld+json\" class=\"yoast-schema-graph\">{\"@context\":\"https:\/\/schema.org\",\"@graph\":[{\"@type\":\"WebPage\",\"@id\":\"https:\/\/silkeco.mulberrycollectionvn.com\/vi\/careers\/\",\"url\":\"https:\/\/silkeco.mulberrycollectionvn.com\/vi\/careers\/\",\"name\":\"Tuy\u1ec3n d\u1ee5ng - Silk Eco\",\"isPartOf\":{\"@id\":\"https:\/\/silkeco.mulberrycollectionvn.com\/vi\/#website\"},\"datePublished\":\"2020-12-03T02:52:51+00:00\",\"dateModified\":\"2021-01-13T06:18:15+00:00\",\"breadcrumb\":{\"@id\":\"https:\/\/silkeco.mulberrycollectionvn.com\/vi\/careers\/#breadcrumb\"},\"inLanguage\":\"vi-VN\",\"potentialAction\":[{\"@type\":\"ReadAction\",\"target\":[\"https:\/\/silkeco.mulberrycollectionvn.com\/vi\/careers\/\"]}]},{\"@type\":\"BreadcrumbList\",\"@id\":\"https:\/\/silkeco.mulberrycollectionvn.com\/vi\/careers\/#breadcrumb\",\"itemListElement\":[{\"@type\":\"ListItem\",\"position\":1,\"name\":\"Home\",\"item\":\"https:\/\/silkeco.mulberrycollectionvn.com\/vi\/\"},{\"@type\":\"ListItem\",\"position\":2,\"name\":\"Tuy\u1ec3n d\u1ee5ng\"}]},{\"@type\":\"WebSite\",\"@id\":\"https:\/\/silkeco.mulberrycollectionvn.com\/vi\/#website\",\"url\":\"https:\/\/silkeco.mulberrycollectionvn.com\/vi\/\",\"name\":\"Silk Eco\",\"description\":\"Just another D-EDGE CMS Asia Pacific site\",\"potentialAction\":[{\"@type\":\"SearchAction\",\"target\":{\"@type\":\"EntryPoint\",\"urlTemplate\":\"https:\/\/silkeco.mulberrycollectionvn.com\/vi\/?s={search_term_string}\"},\"query-input\":\"required name=search_term_string\"}],\"inLanguage\":\"vi-VN\"}]}<\/script>\n<!-- \/ Yoast SEO plugin. -->","yoast_head_json":{"title":"Tuy\u1ec3n d\u1ee5ng - Silk Eco","robots":{"index":"index","follow":"follow","max-snippet":"max-snippet:-1","max-image-preview":"max-image-preview:large","max-video-preview":"max-video-preview:-1"},"canonical":"https:\/\/silkeco.mulberrycollectionvn.com\/vi\/careers\/","og_locale":"vi_VN","og_type":"article","og_title":"Tuy\u1ec3n d\u1ee5ng - Silk Eco","og_description":"B\u1ea1n quan t\u00e2m \u0111\u1ebfn c\u00e1c v\u1ecb tr\u00ed \u0111ang \u0111\u01b0\u1ee3c tuy\u1ec3n d\u1ee5ng t\u1ea1i Silk Eco? Ch\u00fang t\u00f4i c\u00f3 nhi\u1ec1u v\u1ecb tr\u00ed tuy\u1ec3n d\u1ee5ng kh\u00e1c nhau, v\u1edbi ch\u1ebf \u0111\u1ed9 \u0111\u00e3i ng\u1ed9 v\u00e0 ph\u00fac l\u1ee3i vi\u1ec7c l\u00e0m h\u1ea5p d\u1eabn.","og_url":"https:\/\/silkeco.mulberrycollectionvn.com\/vi\/careers\/","og_site_name":"Silk Eco","article_modified_time":"2021-01-13T06:18:15+00:00","twitter_card":"summary_large_image","schema":{"@context":"https:\/\/schema.org","@graph":[{"@type":"WebPage","@id":"https:\/\/silkeco.mulberrycollectionvn.com\/vi\/careers\/","url":"https:\/\/silkeco.mulberrycollectionvn.com\/vi\/careers\/","name":"Tuy\u1ec3n d\u1ee5ng - Silk Eco","isPartOf":{"@id":"https:\/\/silkeco.mulberrycollectionvn.com\/vi\/#website"},"datePublished":"2020-12-03T02:52:51+00:00","dateModified":"2021-01-13T06:18:15+00:00","breadcrumb":{"@id":"https:\/\/silkeco.mulberrycollectionvn.com\/vi\/careers\/#breadcrumb"},"inLanguage":"vi-VN","potentialAction":[{"@type":"ReadAction","target":["https:\/\/silkeco.mulberrycollectionvn.com\/vi\/careers\/"]}]},{"@type":"BreadcrumbList","@id":"https:\/\/silkeco.mulberrycollectionvn.com\/vi\/careers\/#breadcrumb","itemListElement":[{"@type":"ListItem","position":1,"name":"Home","item":"https:\/\/silkeco.mulberrycollectionvn.com\/vi\/"},{"@type":"ListItem","position":2,"name":"Tuy\u1ec3n d\u1ee5ng"}]},{"@type":"WebSite","@id":"https:\/\/silkeco.mulberrycollectionvn.com\/vi\/#website","url":"https:\/\/silkeco.mulberrycollectionvn.com\/vi\/","name":"Silk Eco","description":"Just another D-EDGE CMS Asia Pacific site","potentialAction":[{"@type":"SearchAction","target":{"@type":"EntryPoint","urlTemplate":"https:\/\/silkeco.mulberrycollectionvn.com\/vi\/?s={search_term_string}"},"query-input":"required name=search_term_string"}],"inLanguage":"vi-VN"}]}},"_links":{"self":[{"href":"https:\/\/silkeco.mulberrycollectionvn.com\/vi\/wp-json\/wp\/v2\/pages\/503"}],"collection":[{"href":"https:\/\/silkeco.mulberrycollectionvn.com\/vi\/wp-json\/wp\/v2\/pages"}],"about":[{"href":"https:\/\/silkeco.mulberrycollectionvn.com\/vi\/wp-json\/wp\/v2\/types\/page"}],"author":[{"embeddable":true,"href":"https:\/\/silkeco.mulberrycollectionvn.com\/vi\/wp-json\/wp\/v2\/users\/167"}],"replies":[{"embeddable":true,"href":"https:\/\/silkeco.mulberrycollectionvn.com\/vi\/wp-json\/wp\/v2\/comments?post=503"}],"version-history":[{"count":0,"href":"https:\/\/silkeco.mulberrycollectionvn.com\/vi\/wp-json\/wp\/v2\/pages\/503\/revisions"}],"wp:attachment":[{"href":"https:\/\/silkeco.mulberrycollectionvn.com\/vi\/wp-json\/wp\/v2\/media?parent=503"}],"curies":[{"name":"wp","href":"https:\/\/api.w.org\/{rel}","templated":true}]}}