{"id":487,"date":"2020-12-03T02:48:08","date_gmt":"2020-12-03T02:48:08","guid":{"rendered":"http:\/\/silk-eco.ms.decms.asia\/?page_id=487"},"modified":"2021-01-13T09:05:10","modified_gmt":"2021-01-13T09:05:10","slug":"meetings-events","status":"publish","type":"page","link":"https:\/\/silkeco.mulberrycollectionvn.com\/vi\/meetings-events\/","title":{"rendered":"H\u1ed9i ngh\u1ecb &#038; S\u1ef1 ki\u1ec7n"},"content":{"rendered":"<p>Li\u00ean h\u1ec7 v\u1edbi Mulberry Collection Silk Eco qua \u0111i\u1ec7n tho\u1ea1i, email ho\u1eb7c l\u1ec5 t\u00e2n \u0111\u1ec3 ch\u00fang t\u00f4i c\u00f3 s\u1ef1 s\u1eafp x\u1ebfp v\u00e0 t\u1ed5 ch\u1ee9c ho\u00e0n h\u1ea3o nh\u1ea5t cho s\u1ef1 ki\u1ec7n c\u1ee7a qu\u00fd kh\u00e1ch.<\/p>\n","protected":false},"excerpt":{"rendered":"<p>Li\u00ean h\u1ec7 v\u1edbi Mulberry Collection Silk Eco qua \u0111i\u1ec7n tho\u1ea1i, email ho\u1eb7c l\u1ec5 t\u00e2n \u0111\u1ec3 ch\u00fang t\u00f4i c\u00f3 s\u1ef1 s\u1eafp x\u1ebfp v\u00e0 t\u1ed5 ch\u1ee9c ho\u00e0n h\u1ea3o nh\u1ea5t cho s\u1ef1 ki\u1ec7n c\u1ee7a qu\u00fd kh\u00e1ch.<\/p>\n","protected":false},"author":167,"featured_media":0,"parent":0,"menu_order":0,"comment_status":"closed","ping_status":"closed","template":"template-meetings.php","meta":{"footnotes":""},"yoast_head":"<!-- This site is optimized with the Yoast SEO plugin v22.3 - https:\/\/yoast.com\/wordpress\/plugins\/seo\/ -->\n<title>H\u1ed9i ngh\u1ecb &amp; S\u1ef1 ki\u1ec7n - Silk Eco<\/title>\n<meta name=\"robots\" content=\"index, follow, max-snippet:-1, max-image-preview:large, max-video-preview:-1\" \/>\n<link rel=\"canonical\" href=\"https:\/\/silkeco.mulberrycollectionvn.com\/vi\/meetings-events\/\" \/>\n<meta property=\"og:locale\" content=\"vi_VN\" \/>\n<meta property=\"og:type\" content=\"article\" \/>\n<meta property=\"og:title\" content=\"H\u1ed9i ngh\u1ecb &amp; S\u1ef1 ki\u1ec7n - Silk Eco\" \/>\n<meta property=\"og:description\" content=\"Li\u00ean h\u1ec7 v\u1edbi Mulberry Collection Silk Eco qua \u0111i\u1ec7n tho\u1ea1i, email ho\u1eb7c l\u1ec5 t\u00e2n \u0111\u1ec3 ch\u00fang t\u00f4i c\u00f3 s\u1ef1 s\u1eafp x\u1ebfp v\u00e0 t\u1ed5 ch\u1ee9c ho\u00e0n h\u1ea3o nh\u1ea5t cho s\u1ef1 ki\u1ec7n c\u1ee7a qu\u00fd kh\u00e1ch.\" \/>\n<meta property=\"og:url\" content=\"https:\/\/silkeco.mulberrycollectionvn.com\/vi\/meetings-events\/\" \/>\n<meta property=\"og:site_name\" content=\"Silk Eco\" \/>\n<meta property=\"article:modified_time\" content=\"2021-01-13T09:05:10+00:00\" \/>\n<meta name=\"twitter:card\" content=\"summary_large_image\" \/>\n<script type=\"application\/ld+json\" class=\"yoast-schema-graph\">{\"@context\":\"https:\/\/schema.org\",\"@graph\":[{\"@type\":\"WebPage\",\"@id\":\"https:\/\/silkeco.mulberrycollectionvn.com\/vi\/meetings-events\/\",\"url\":\"https:\/\/silkeco.mulberrycollectionvn.com\/vi\/meetings-events\/\",\"name\":\"H\u1ed9i ngh\u1ecb & S\u1ef1 ki\u1ec7n - Silk Eco\",\"isPartOf\":{\"@id\":\"https:\/\/silkeco.mulberrycollectionvn.com\/vi\/#website\"},\"datePublished\":\"2020-12-03T02:48:08+00:00\",\"dateModified\":\"2021-01-13T09:05:10+00:00\",\"breadcrumb\":{\"@id\":\"https:\/\/silkeco.mulberrycollectionvn.com\/vi\/meetings-events\/#breadcrumb\"},\"inLanguage\":\"vi-VN\",\"potentialAction\":[{\"@type\":\"ReadAction\",\"target\":[\"https:\/\/silkeco.mulberrycollectionvn.com\/vi\/meetings-events\/\"]}]},{\"@type\":\"BreadcrumbList\",\"@id\":\"https:\/\/silkeco.mulberrycollectionvn.com\/vi\/meetings-events\/#breadcrumb\",\"itemListElement\":[{\"@type\":\"ListItem\",\"position\":1,\"name\":\"Home\",\"item\":\"https:\/\/silkeco.mulberrycollectionvn.com\/vi\/\"},{\"@type\":\"ListItem\",\"position\":2,\"name\":\"H\u1ed9i ngh\u1ecb &#038; S\u1ef1 ki\u1ec7n\"}]},{\"@type\":\"WebSite\",\"@id\":\"https:\/\/silkeco.mulberrycollectionvn.com\/vi\/#website\",\"url\":\"https:\/\/silkeco.mulberrycollectionvn.com\/vi\/\",\"name\":\"Silk Eco\",\"description\":\"Just another D-EDGE CMS Asia Pacific site\",\"potentialAction\":[{\"@type\":\"SearchAction\",\"target\":{\"@type\":\"EntryPoint\",\"urlTemplate\":\"https:\/\/silkeco.mulberrycollectionvn.com\/vi\/?s={search_term_string}\"},\"query-input\":\"required name=search_term_string\"}],\"inLanguage\":\"vi-VN\"}]}<\/script>\n<!-- \/ Yoast SEO plugin. -->","yoast_head_json":{"title":"H\u1ed9i ngh\u1ecb & S\u1ef1 ki\u1ec7n - Silk Eco","robots":{"index":"index","follow":"follow","max-snippet":"max-snippet:-1","max-image-preview":"max-image-preview:large","max-video-preview":"max-video-preview:-1"},"canonical":"https:\/\/silkeco.mulberrycollectionvn.com\/vi\/meetings-events\/","og_locale":"vi_VN","og_type":"article","og_title":"H\u1ed9i ngh\u1ecb & S\u1ef1 ki\u1ec7n - Silk Eco","og_description":"Li\u00ean h\u1ec7 v\u1edbi Mulberry Collection Silk Eco qua \u0111i\u1ec7n tho\u1ea1i, email ho\u1eb7c l\u1ec5 t\u00e2n \u0111\u1ec3 ch\u00fang t\u00f4i c\u00f3 s\u1ef1 s\u1eafp x\u1ebfp v\u00e0 t\u1ed5 ch\u1ee9c ho\u00e0n h\u1ea3o nh\u1ea5t cho s\u1ef1 ki\u1ec7n c\u1ee7a qu\u00fd kh\u00e1ch.","og_url":"https:\/\/silkeco.mulberrycollectionvn.com\/vi\/meetings-events\/","og_site_name":"Silk Eco","article_modified_time":"2021-01-13T09:05:10+00:00","twitter_card":"summary_large_image","schema":{"@context":"https:\/\/schema.org","@graph":[{"@type":"WebPage","@id":"https:\/\/silkeco.mulberrycollectionvn.com\/vi\/meetings-events\/","url":"https:\/\/silkeco.mulberrycollectionvn.com\/vi\/meetings-events\/","name":"H\u1ed9i ngh\u1ecb & S\u1ef1 ki\u1ec7n - Silk Eco","isPartOf":{"@id":"https:\/\/silkeco.mulberrycollectionvn.com\/vi\/#website"},"datePublished":"2020-12-03T02:48:08+00:00","dateModified":"2021-01-13T09:05:10+00:00","breadcrumb":{"@id":"https:\/\/silkeco.mulberrycollectionvn.com\/vi\/meetings-events\/#breadcrumb"},"inLanguage":"vi-VN","potentialAction":[{"@type":"ReadAction","target":["https:\/\/silkeco.mulberrycollectionvn.com\/vi\/meetings-events\/"]}]},{"@type":"BreadcrumbList","@id":"https:\/\/silkeco.mulberrycollectionvn.com\/vi\/meetings-events\/#breadcrumb","itemListElement":[{"@type":"ListItem","position":1,"name":"Home","item":"https:\/\/silkeco.mulberrycollectionvn.com\/vi\/"},{"@type":"ListItem","position":2,"name":"H\u1ed9i ngh\u1ecb &#038; S\u1ef1 ki\u1ec7n"}]},{"@type":"WebSite","@id":"https:\/\/silkeco.mulberrycollectionvn.com\/vi\/#website","url":"https:\/\/silkeco.mulberrycollectionvn.com\/vi\/","name":"Silk Eco","description":"Just another D-EDGE CMS Asia Pacific site","potentialAction":[{"@type":"SearchAction","target":{"@type":"EntryPoint","urlTemplate":"https:\/\/silkeco.mulberrycollectionvn.com\/vi\/?s={search_term_string}"},"query-input":"required name=search_term_string"}],"inLanguage":"vi-VN"}]}},"_links":{"self":[{"href":"https:\/\/silkeco.mulberrycollectionvn.com\/vi\/wp-json\/wp\/v2\/pages\/487"}],"collection":[{"href":"https:\/\/silkeco.mulberrycollectionvn.com\/vi\/wp-json\/wp\/v2\/pages"}],"about":[{"href":"https:\/\/silkeco.mulberrycollectionvn.com\/vi\/wp-json\/wp\/v2\/types\/page"}],"author":[{"embeddable":true,"href":"https:\/\/silkeco.mulberrycollectionvn.com\/vi\/wp-json\/wp\/v2\/users\/167"}],"replies":[{"embeddable":true,"href":"https:\/\/silkeco.mulberrycollectionvn.com\/vi\/wp-json\/wp\/v2\/comments?post=487"}],"version-history":[{"count":0,"href":"https:\/\/silkeco.mulberrycollectionvn.com\/vi\/wp-json\/wp\/v2\/pages\/487\/revisions"}],"wp:attachment":[{"href":"https:\/\/silkeco.mulberrycollectionvn.com\/vi\/wp-json\/wp\/v2\/media?parent=487"}],"curies":[{"name":"wp","href":"https:\/\/api.w.org\/{rel}","templated":true}]}}