{"id":476,"date":"2020-12-03T02:40:13","date_gmt":"2020-12-03T02:40:13","guid":{"rendered":"http:\/\/silk-eco.ms.decms.asia\/?page_id=476"},"modified":"2024-05-10T07:45:48","modified_gmt":"2024-05-10T07:45:48","slug":"transportation-services","status":"publish","type":"page","link":"https:\/\/silkeco.mulberrycollectionvn.com\/vi\/services\/transportation-services\/","title":{"rendered":"D\u1ecbch v\u1ee5 v\u1eadn chuy\u1ec3n"},"content":{"rendered":"<p>Ch\u00fang t\u00f4i r\u1ea5t vui \u0111\u01b0\u1ee3c s\u1eafp x\u1ebfp c\u00e1c d\u1ecbch v\u1ee5 v\u1eadn chuy\u1ec3n \u0111\u1ec3 \u0111\u01b0a \u0111\u00f3n t\u1ea1i s\u00e2n bay ho\u1eb7c c\u00e1c \u0111i\u1ec3m tham quan theo y\u00eau c\u1ea7u c\u1ee7a qu\u00fd kh\u00e1ch.<\/p>\n<p>N\u1ebfu \u0111i theo nh\u00f3m, ch\u00fang t\u00f4i c\u00f3 th\u1ec3 b\u1ed1 tr\u00ed xe 7 ch\u1ed7 \u0111\u1ec3 \u0111\u1ea3m b\u1ea3o s\u1ef1 tho\u1ea3i m\u00e1i .<\/p>\n<p>\u0110\u1ec3 bi\u1ebft th\u00eam chi ti\u1ebft, vui l\u00f2ng li\u00ean h\u1ec7 qu\u1ea7y l\u1ec5 t\u00e2n .<\/p>\n","protected":false},"excerpt":{"rendered":"<p>Ch\u00fang t\u00f4i r\u1ea5t vui \u0111\u01b0\u1ee3c s\u1eafp x\u1ebfp c\u00e1c d\u1ecbch v\u1ee5 v\u1eadn chuy\u1ec3n \u0111\u1ec3 \u0111\u01b0a \u0111\u00f3n t\u1ea1i s\u00e2n bay ho\u1eb7c c\u00e1c \u0111i\u1ec3m tham quan theo y\u00eau c\u1ea7u c\u1ee7a qu\u00fd kh\u00e1ch. N\u1ebfu \u0111i theo nh\u00f3m, ch\u00fang t\u00f4i c\u00f3 th\u1ec3 b\u1ed1 tr\u00ed xe 7 ch\u1ed7 \u0111\u1ec3 \u0111\u1ea3m b\u1ea3o s\u1ef1 tho\u1ea3i m\u00e1i . \u0110\u1ec3 bi\u1ebft th\u00eam chi ti\u1ebft, vui [&hellip;]<\/p>\n","protected":false},"author":167,"featured_media":805,"parent":262,"menu_order":0,"comment_status":"closed","ping_status":"closed","template":"","meta":{"footnotes":""},"yoast_head":"<!-- This site is optimized with the Yoast SEO plugin v22.3 - https:\/\/yoast.com\/wordpress\/plugins\/seo\/ -->\n<title>D\u1ecbch v\u1ee5 v\u1eadn chuy\u1ec3n - Silk Eco<\/title>\n<meta name=\"robots\" content=\"index, follow, max-snippet:-1, max-image-preview:large, max-video-preview:-1\" \/>\n<link rel=\"canonical\" href=\"https:\/\/silkeco.mulberrycollectionvn.com\/vi\/services\/transportation-services\/\" \/>\n<meta property=\"og:locale\" content=\"vi_VN\" \/>\n<meta property=\"og:type\" content=\"article\" \/>\n<meta property=\"og:title\" content=\"D\u1ecbch v\u1ee5 v\u1eadn chuy\u1ec3n - Silk Eco\" \/>\n<meta property=\"og:description\" content=\"Ch\u00fang t\u00f4i r\u1ea5t vui \u0111\u01b0\u1ee3c s\u1eafp x\u1ebfp c\u00e1c d\u1ecbch v\u1ee5 v\u1eadn chuy\u1ec3n \u0111\u1ec3 \u0111\u01b0a \u0111\u00f3n t\u1ea1i s\u00e2n bay ho\u1eb7c c\u00e1c \u0111i\u1ec3m tham quan theo y\u00eau c\u1ea7u c\u1ee7a qu\u00fd kh\u00e1ch. N\u1ebfu \u0111i theo nh\u00f3m, ch\u00fang t\u00f4i c\u00f3 th\u1ec3 b\u1ed1 tr\u00ed xe 7 ch\u1ed7 \u0111\u1ec3 \u0111\u1ea3m b\u1ea3o s\u1ef1 tho\u1ea3i m\u00e1i . \u0110\u1ec3 bi\u1ebft th\u00eam chi ti\u1ebft, vui [&hellip;]\" \/>\n<meta property=\"og:url\" content=\"https:\/\/silkeco.mulberrycollectionvn.com\/vi\/services\/transportation-services\/\" \/>\n<meta property=\"og:site_name\" content=\"Silk Eco\" \/>\n<meta property=\"article:modified_time\" content=\"2024-05-10T07:45:48+00:00\" \/>\n<meta property=\"og:image\" content=\"https:\/\/silkeco.mulberrycollectionvn.com\/wp-content\/uploads\/sites\/152\/2021\/03\/xe.jpg\" \/>\n\t<meta property=\"og:image:width\" content=\"1000\" \/>\n\t<meta property=\"og:image:height\" content=\"647\" \/>\n\t<meta property=\"og:image:type\" content=\"image\/jpeg\" \/>\n<meta name=\"twitter:card\" content=\"summary_large_image\" \/>\n<meta name=\"twitter:label1\" content=\"Est. reading time\" \/>\n\t<meta name=\"twitter:data1\" content=\"1 minute\" \/>\n<script type=\"application\/ld+json\" class=\"yoast-schema-graph\">{\"@context\":\"https:\/\/schema.org\",\"@graph\":[{\"@type\":\"WebPage\",\"@id\":\"https:\/\/silkeco.mulberrycollectionvn.com\/vi\/services\/transportation-services\/\",\"url\":\"https:\/\/silkeco.mulberrycollectionvn.com\/vi\/services\/transportation-services\/\",\"name\":\"D\u1ecbch v\u1ee5 v\u1eadn chuy\u1ec3n - Silk Eco\",\"isPartOf\":{\"@id\":\"https:\/\/silkeco.mulberrycollectionvn.com\/vi\/#website\"},\"primaryImageOfPage\":{\"@id\":\"https:\/\/silkeco.mulberrycollectionvn.com\/vi\/services\/transportation-services\/#primaryimage\"},\"image\":{\"@id\":\"https:\/\/silkeco.mulberrycollectionvn.com\/vi\/services\/transportation-services\/#primaryimage\"},\"thumbnailUrl\":\"https:\/\/silkeco.mulberrycollectionvn.com\/wp-content\/uploads\/sites\/152\/2021\/03\/xe.jpg\",\"datePublished\":\"2020-12-03T02:40:13+00:00\",\"dateModified\":\"2024-05-10T07:45:48+00:00\",\"breadcrumb\":{\"@id\":\"https:\/\/silkeco.mulberrycollectionvn.com\/vi\/services\/transportation-services\/#breadcrumb\"},\"inLanguage\":\"vi-VN\",\"potentialAction\":[{\"@type\":\"ReadAction\",\"target\":[\"https:\/\/silkeco.mulberrycollectionvn.com\/vi\/services\/transportation-services\/\"]}]},{\"@type\":\"ImageObject\",\"inLanguage\":\"vi-VN\",\"@id\":\"https:\/\/silkeco.mulberrycollectionvn.com\/vi\/services\/transportation-services\/#primaryimage\",\"url\":\"https:\/\/silkeco.mulberrycollectionvn.com\/wp-content\/uploads\/sites\/152\/2021\/03\/xe.jpg\",\"contentUrl\":\"https:\/\/silkeco.mulberrycollectionvn.com\/wp-content\/uploads\/sites\/152\/2021\/03\/xe.jpg\",\"width\":1000,\"height\":647},{\"@type\":\"BreadcrumbList\",\"@id\":\"https:\/\/silkeco.mulberrycollectionvn.com\/vi\/services\/transportation-services\/#breadcrumb\",\"itemListElement\":[{\"@type\":\"ListItem\",\"position\":1,\"name\":\"Home\",\"item\":\"https:\/\/silkeco.mulberrycollectionvn.com\/vi\/\"},{\"@type\":\"ListItem\",\"position\":2,\"name\":\"D\u1ecbch v\u1ee5\",\"item\":\"https:\/\/silkeco.mulberrycollectionvn.com\/vi\/services\/\"},{\"@type\":\"ListItem\",\"position\":3,\"name\":\"D\u1ecbch v\u1ee5 v\u1eadn chuy\u1ec3n\"}]},{\"@type\":\"WebSite\",\"@id\":\"https:\/\/silkeco.mulberrycollectionvn.com\/vi\/#website\",\"url\":\"https:\/\/silkeco.mulberrycollectionvn.com\/vi\/\",\"name\":\"Silk Eco\",\"description\":\"Just another D-EDGE CMS Asia Pacific site\",\"potentialAction\":[{\"@type\":\"SearchAction\",\"target\":{\"@type\":\"EntryPoint\",\"urlTemplate\":\"https:\/\/silkeco.mulberrycollectionvn.com\/vi\/?s={search_term_string}\"},\"query-input\":\"required name=search_term_string\"}],\"inLanguage\":\"vi-VN\"}]}<\/script>\n<!-- \/ Yoast SEO plugin. -->","yoast_head_json":{"title":"D\u1ecbch v\u1ee5 v\u1eadn chuy\u1ec3n - Silk Eco","robots":{"index":"index","follow":"follow","max-snippet":"max-snippet:-1","max-image-preview":"max-image-preview:large","max-video-preview":"max-video-preview:-1"},"canonical":"https:\/\/silkeco.mulberrycollectionvn.com\/vi\/services\/transportation-services\/","og_locale":"vi_VN","og_type":"article","og_title":"D\u1ecbch v\u1ee5 v\u1eadn chuy\u1ec3n - Silk Eco","og_description":"Ch\u00fang t\u00f4i r\u1ea5t vui \u0111\u01b0\u1ee3c s\u1eafp x\u1ebfp c\u00e1c d\u1ecbch v\u1ee5 v\u1eadn chuy\u1ec3n \u0111\u1ec3 \u0111\u01b0a \u0111\u00f3n t\u1ea1i s\u00e2n bay ho\u1eb7c c\u00e1c \u0111i\u1ec3m tham quan theo y\u00eau c\u1ea7u c\u1ee7a qu\u00fd kh\u00e1ch. N\u1ebfu \u0111i theo nh\u00f3m, ch\u00fang t\u00f4i c\u00f3 th\u1ec3 b\u1ed1 tr\u00ed xe 7 ch\u1ed7 \u0111\u1ec3 \u0111\u1ea3m b\u1ea3o s\u1ef1 tho\u1ea3i m\u00e1i . \u0110\u1ec3 bi\u1ebft th\u00eam chi ti\u1ebft, vui [&hellip;]","og_url":"https:\/\/silkeco.mulberrycollectionvn.com\/vi\/services\/transportation-services\/","og_site_name":"Silk Eco","article_modified_time":"2024-05-10T07:45:48+00:00","og_image":[{"width":1000,"height":647,"url":"https:\/\/silkeco.mulberrycollectionvn.com\/wp-content\/uploads\/sites\/152\/2021\/03\/xe.jpg","type":"image\/jpeg"}],"twitter_card":"summary_large_image","twitter_misc":{"Est. reading time":"1 minute"},"schema":{"@context":"https:\/\/schema.org","@graph":[{"@type":"WebPage","@id":"https:\/\/silkeco.mulberrycollectionvn.com\/vi\/services\/transportation-services\/","url":"https:\/\/silkeco.mulberrycollectionvn.com\/vi\/services\/transportation-services\/","name":"D\u1ecbch v\u1ee5 v\u1eadn chuy\u1ec3n - Silk Eco","isPartOf":{"@id":"https:\/\/silkeco.mulberrycollectionvn.com\/vi\/#website"},"primaryImageOfPage":{"@id":"https:\/\/silkeco.mulberrycollectionvn.com\/vi\/services\/transportation-services\/#primaryimage"},"image":{"@id":"https:\/\/silkeco.mulberrycollectionvn.com\/vi\/services\/transportation-services\/#primaryimage"},"thumbnailUrl":"https:\/\/silkeco.mulberrycollectionvn.com\/wp-content\/uploads\/sites\/152\/2021\/03\/xe.jpg","datePublished":"2020-12-03T02:40:13+00:00","dateModified":"2024-05-10T07:45:48+00:00","breadcrumb":{"@id":"https:\/\/silkeco.mulberrycollectionvn.com\/vi\/services\/transportation-services\/#breadcrumb"},"inLanguage":"vi-VN","potentialAction":[{"@type":"ReadAction","target":["https:\/\/silkeco.mulberrycollectionvn.com\/vi\/services\/transportation-services\/"]}]},{"@type":"ImageObject","inLanguage":"vi-VN","@id":"https:\/\/silkeco.mulberrycollectionvn.com\/vi\/services\/transportation-services\/#primaryimage","url":"https:\/\/silkeco.mulberrycollectionvn.com\/wp-content\/uploads\/sites\/152\/2021\/03\/xe.jpg","contentUrl":"https:\/\/silkeco.mulberrycollectionvn.com\/wp-content\/uploads\/sites\/152\/2021\/03\/xe.jpg","width":1000,"height":647},{"@type":"BreadcrumbList","@id":"https:\/\/silkeco.mulberrycollectionvn.com\/vi\/services\/transportation-services\/#breadcrumb","itemListElement":[{"@type":"ListItem","position":1,"name":"Home","item":"https:\/\/silkeco.mulberrycollectionvn.com\/vi\/"},{"@type":"ListItem","position":2,"name":"D\u1ecbch v\u1ee5","item":"https:\/\/silkeco.mulberrycollectionvn.com\/vi\/services\/"},{"@type":"ListItem","position":3,"name":"D\u1ecbch v\u1ee5 v\u1eadn chuy\u1ec3n"}]},{"@type":"WebSite","@id":"https:\/\/silkeco.mulberrycollectionvn.com\/vi\/#website","url":"https:\/\/silkeco.mulberrycollectionvn.com\/vi\/","name":"Silk Eco","description":"Just another D-EDGE CMS Asia Pacific site","potentialAction":[{"@type":"SearchAction","target":{"@type":"EntryPoint","urlTemplate":"https:\/\/silkeco.mulberrycollectionvn.com\/vi\/?s={search_term_string}"},"query-input":"required name=search_term_string"}],"inLanguage":"vi-VN"}]}},"_links":{"self":[{"href":"https:\/\/silkeco.mulberrycollectionvn.com\/vi\/wp-json\/wp\/v2\/pages\/476"}],"collection":[{"href":"https:\/\/silkeco.mulberrycollectionvn.com\/vi\/wp-json\/wp\/v2\/pages"}],"about":[{"href":"https:\/\/silkeco.mulberrycollectionvn.com\/vi\/wp-json\/wp\/v2\/types\/page"}],"author":[{"embeddable":true,"href":"https:\/\/silkeco.mulberrycollectionvn.com\/vi\/wp-json\/wp\/v2\/users\/167"}],"replies":[{"embeddable":true,"href":"https:\/\/silkeco.mulberrycollectionvn.com\/vi\/wp-json\/wp\/v2\/comments?post=476"}],"version-history":[{"count":0,"href":"https:\/\/silkeco.mulberrycollectionvn.com\/vi\/wp-json\/wp\/v2\/pages\/476\/revisions"}],"up":[{"embeddable":true,"href":"https:\/\/silkeco.mulberrycollectionvn.com\/vi\/wp-json\/wp\/v2\/pages\/262"}],"wp:featuredmedia":[{"embeddable":true,"href":"https:\/\/silkeco.mulberrycollectionvn.com\/vi\/wp-json\/wp\/v2\/media\/805"}],"wp:attachment":[{"href":"https:\/\/silkeco.mulberrycollectionvn.com\/vi\/wp-json\/wp\/v2\/media?parent=476"}],"curies":[{"name":"wp","href":"https:\/\/api.w.org\/{rel}","templated":true}]}}