{"id":469,"date":"2020-12-03T02:39:26","date_gmt":"2020-12-03T02:39:26","guid":{"rendered":"http:\/\/silk-eco.ms.decms.asia\/?page_id=469"},"modified":"2021-01-12T08:53:33","modified_gmt":"2021-01-12T08:53:33","slug":"recreation-facilities","status":"publish","type":"page","link":"https:\/\/silkeco.mulberrycollectionvn.com\/vi\/services\/recreation-facilities\/","title":{"rendered":"Th\u01b0 gi\u00e3n v\u00e0 gi\u1ea3i tr\u00ed"},"content":{"rendered":"<p>Mulberry Collection Silk Eco mang \u0111\u1ebfn nhi\u1ec1u s\u1ef1 l\u1ef1a ch\u1ecdn \u0111\u1ec3 th\u01b0 gi\u00e3n v\u00e0 gi\u1ea3i tr\u00ed.<\/p>\n<p>H\u00e3y d\u00e0nh th\u1eddi gian \u0111\u1ec3 kh\u00e1m ph\u00e1 m\u1ed9t \u1ed1c \u0111\u1ea3o y\u00ean b\u00ecnh ho\u00e0n to\u00e0n d\u00e0nh ri\u00eang cho vi\u1ec7c th\u01b0 gi\u00e3n c\u1ee7a b\u1ea1n v\u1edbi h\u1ed3 b\u01a1i ngo\u00e0i tr\u1eddi r\u1ed9ng 60m2 v\u00e0 \u0111\u1eafm m\u00ecnh trong nh\u1eefng tia n\u1eafng \u1ea5m \u00e1p tr\u00ean b\u0103ng gh\u1ebf c\u1ea1nh h\u1ed3 h\u01a1i.<\/p>\n<p>Th\u1eddi gian ho\u1ea1t \u0111\u1ed9ng: 7:00 \u0111\u1ebfn 20:00<br \/>\nV\u1ecb tr\u00ed: T\u1ea7ng tr\u1ec7t<\/p>\n<p>Trung t\u00e2m v\u1edbi thi\u1ebft b\u1ecb t\u1eadp luy\u1ec7n hi\u1ec7n \u0111\u1ea1i, xe \u0111\u1ea1p v\u00e0 xe \u0111\u1ea1p, l\u00e0 l\u1ef1a ch\u1ecdn l\u00fd t\u01b0\u1edfng cho nh\u1eefng v\u1ecb kh\u00e1ch y\u00eau th\u00edch r\u00e8n luy\u1ec7n s\u1ee9c kh\u1ecfe.<br \/>\nTh\u1eddi gian ho\u1ea1t \u0111\u1ed9ng: 6:00 \u0111\u1ebfn 21:00<br \/>\nV\u1ecb tr\u00ed: T\u1ea7ng tr\u1ec7t<\/p>\n","protected":false},"excerpt":{"rendered":"<p>Mulberry Collection Silk Eco mang \u0111\u1ebfn nhi\u1ec1u s\u1ef1 l\u1ef1a ch\u1ecdn \u0111\u1ec3 th\u01b0 gi\u00e3n v\u00e0 gi\u1ea3i tr\u00ed. H\u00e3y d\u00e0nh th\u1eddi gian \u0111\u1ec3 kh\u00e1m ph\u00e1 m\u1ed9t \u1ed1c \u0111\u1ea3o y\u00ean b\u00ecnh ho\u00e0n to\u00e0n d\u00e0nh ri\u00eang cho vi\u1ec7c th\u01b0 gi\u00e3n c\u1ee7a b\u1ea1n v\u1edbi h\u1ed3 b\u01a1i ngo\u00e0i tr\u1eddi r\u1ed9ng 60m2 v\u00e0 \u0111\u1eafm m\u00ecnh trong nh\u1eefng tia n\u1eafng \u1ea5m \u00e1p tr\u00ean [&hellip;]<\/p>\n","protected":false},"author":167,"featured_media":0,"parent":262,"menu_order":0,"comment_status":"closed","ping_status":"closed","template":"","meta":{"footnotes":""},"yoast_head":"<!-- This site is optimized with the Yoast SEO plugin v22.3 - https:\/\/yoast.com\/wordpress\/plugins\/seo\/ -->\n<title>Th\u01b0 gi\u00e3n v\u00e0 gi\u1ea3i tr\u00ed - Silk Eco<\/title>\n<meta name=\"robots\" content=\"index, follow, max-snippet:-1, max-image-preview:large, max-video-preview:-1\" \/>\n<link rel=\"canonical\" href=\"https:\/\/silkeco.mulberrycollectionvn.com\/vi\/services\/recreation-facilities\/\" \/>\n<meta property=\"og:locale\" content=\"vi_VN\" \/>\n<meta property=\"og:type\" content=\"article\" \/>\n<meta property=\"og:title\" content=\"Th\u01b0 gi\u00e3n v\u00e0 gi\u1ea3i tr\u00ed - Silk Eco\" \/>\n<meta property=\"og:description\" content=\"Mulberry Collection Silk Eco mang \u0111\u1ebfn nhi\u1ec1u s\u1ef1 l\u1ef1a ch\u1ecdn \u0111\u1ec3 th\u01b0 gi\u00e3n v\u00e0 gi\u1ea3i tr\u00ed. H\u00e3y d\u00e0nh th\u1eddi gian \u0111\u1ec3 kh\u00e1m ph\u00e1 m\u1ed9t \u1ed1c \u0111\u1ea3o y\u00ean b\u00ecnh ho\u00e0n to\u00e0n d\u00e0nh ri\u00eang cho vi\u1ec7c th\u01b0 gi\u00e3n c\u1ee7a b\u1ea1n v\u1edbi h\u1ed3 b\u01a1i ngo\u00e0i tr\u1eddi r\u1ed9ng 60m2 v\u00e0 \u0111\u1eafm m\u00ecnh trong nh\u1eefng tia n\u1eafng \u1ea5m \u00e1p tr\u00ean [&hellip;]\" \/>\n<meta property=\"og:url\" content=\"https:\/\/silkeco.mulberrycollectionvn.com\/vi\/services\/recreation-facilities\/\" \/>\n<meta property=\"og:site_name\" content=\"Silk Eco\" \/>\n<meta property=\"article:modified_time\" content=\"2021-01-12T08:53:33+00:00\" \/>\n<meta name=\"twitter:card\" content=\"summary_large_image\" \/>\n<meta name=\"twitter:label1\" content=\"Est. reading time\" \/>\n\t<meta name=\"twitter:data1\" content=\"1 minute\" \/>\n<script type=\"application\/ld+json\" class=\"yoast-schema-graph\">{\"@context\":\"https:\/\/schema.org\",\"@graph\":[{\"@type\":\"WebPage\",\"@id\":\"https:\/\/silkeco.mulberrycollectionvn.com\/vi\/services\/recreation-facilities\/\",\"url\":\"https:\/\/silkeco.mulberrycollectionvn.com\/vi\/services\/recreation-facilities\/\",\"name\":\"Th\u01b0 gi\u00e3n v\u00e0 gi\u1ea3i tr\u00ed - Silk Eco\",\"isPartOf\":{\"@id\":\"https:\/\/silkeco.mulberrycollectionvn.com\/vi\/#website\"},\"datePublished\":\"2020-12-03T02:39:26+00:00\",\"dateModified\":\"2021-01-12T08:53:33+00:00\",\"breadcrumb\":{\"@id\":\"https:\/\/silkeco.mulberrycollectionvn.com\/vi\/services\/recreation-facilities\/#breadcrumb\"},\"inLanguage\":\"vi-VN\",\"potentialAction\":[{\"@type\":\"ReadAction\",\"target\":[\"https:\/\/silkeco.mulberrycollectionvn.com\/vi\/services\/recreation-facilities\/\"]}]},{\"@type\":\"BreadcrumbList\",\"@id\":\"https:\/\/silkeco.mulberrycollectionvn.com\/vi\/services\/recreation-facilities\/#breadcrumb\",\"itemListElement\":[{\"@type\":\"ListItem\",\"position\":1,\"name\":\"Home\",\"item\":\"https:\/\/silkeco.mulberrycollectionvn.com\/vi\/\"},{\"@type\":\"ListItem\",\"position\":2,\"name\":\"D\u1ecbch v\u1ee5\",\"item\":\"https:\/\/silkeco.mulberrycollectionvn.com\/vi\/services\/\"},{\"@type\":\"ListItem\",\"position\":3,\"name\":\"Th\u01b0 gi\u00e3n v\u00e0 gi\u1ea3i tr\u00ed\"}]},{\"@type\":\"WebSite\",\"@id\":\"https:\/\/silkeco.mulberrycollectionvn.com\/vi\/#website\",\"url\":\"https:\/\/silkeco.mulberrycollectionvn.com\/vi\/\",\"name\":\"Silk Eco\",\"description\":\"Just another D-EDGE CMS Asia Pacific site\",\"potentialAction\":[{\"@type\":\"SearchAction\",\"target\":{\"@type\":\"EntryPoint\",\"urlTemplate\":\"https:\/\/silkeco.mulberrycollectionvn.com\/vi\/?s={search_term_string}\"},\"query-input\":\"required name=search_term_string\"}],\"inLanguage\":\"vi-VN\"}]}<\/script>\n<!-- \/ Yoast SEO plugin. -->","yoast_head_json":{"title":"Th\u01b0 gi\u00e3n v\u00e0 gi\u1ea3i tr\u00ed - Silk Eco","robots":{"index":"index","follow":"follow","max-snippet":"max-snippet:-1","max-image-preview":"max-image-preview:large","max-video-preview":"max-video-preview:-1"},"canonical":"https:\/\/silkeco.mulberrycollectionvn.com\/vi\/services\/recreation-facilities\/","og_locale":"vi_VN","og_type":"article","og_title":"Th\u01b0 gi\u00e3n v\u00e0 gi\u1ea3i tr\u00ed - Silk Eco","og_description":"Mulberry Collection Silk Eco mang \u0111\u1ebfn nhi\u1ec1u s\u1ef1 l\u1ef1a ch\u1ecdn \u0111\u1ec3 th\u01b0 gi\u00e3n v\u00e0 gi\u1ea3i tr\u00ed. H\u00e3y d\u00e0nh th\u1eddi gian \u0111\u1ec3 kh\u00e1m ph\u00e1 m\u1ed9t \u1ed1c \u0111\u1ea3o y\u00ean b\u00ecnh ho\u00e0n to\u00e0n d\u00e0nh ri\u00eang cho vi\u1ec7c th\u01b0 gi\u00e3n c\u1ee7a b\u1ea1n v\u1edbi h\u1ed3 b\u01a1i ngo\u00e0i tr\u1eddi r\u1ed9ng 60m2 v\u00e0 \u0111\u1eafm m\u00ecnh trong nh\u1eefng tia n\u1eafng \u1ea5m \u00e1p tr\u00ean [&hellip;]","og_url":"https:\/\/silkeco.mulberrycollectionvn.com\/vi\/services\/recreation-facilities\/","og_site_name":"Silk Eco","article_modified_time":"2021-01-12T08:53:33+00:00","twitter_card":"summary_large_image","twitter_misc":{"Est. reading time":"1 minute"},"schema":{"@context":"https:\/\/schema.org","@graph":[{"@type":"WebPage","@id":"https:\/\/silkeco.mulberrycollectionvn.com\/vi\/services\/recreation-facilities\/","url":"https:\/\/silkeco.mulberrycollectionvn.com\/vi\/services\/recreation-facilities\/","name":"Th\u01b0 gi\u00e3n v\u00e0 gi\u1ea3i tr\u00ed - Silk Eco","isPartOf":{"@id":"https:\/\/silkeco.mulberrycollectionvn.com\/vi\/#website"},"datePublished":"2020-12-03T02:39:26+00:00","dateModified":"2021-01-12T08:53:33+00:00","breadcrumb":{"@id":"https:\/\/silkeco.mulberrycollectionvn.com\/vi\/services\/recreation-facilities\/#breadcrumb"},"inLanguage":"vi-VN","potentialAction":[{"@type":"ReadAction","target":["https:\/\/silkeco.mulberrycollectionvn.com\/vi\/services\/recreation-facilities\/"]}]},{"@type":"BreadcrumbList","@id":"https:\/\/silkeco.mulberrycollectionvn.com\/vi\/services\/recreation-facilities\/#breadcrumb","itemListElement":[{"@type":"ListItem","position":1,"name":"Home","item":"https:\/\/silkeco.mulberrycollectionvn.com\/vi\/"},{"@type":"ListItem","position":2,"name":"D\u1ecbch v\u1ee5","item":"https:\/\/silkeco.mulberrycollectionvn.com\/vi\/services\/"},{"@type":"ListItem","position":3,"name":"Th\u01b0 gi\u00e3n v\u00e0 gi\u1ea3i tr\u00ed"}]},{"@type":"WebSite","@id":"https:\/\/silkeco.mulberrycollectionvn.com\/vi\/#website","url":"https:\/\/silkeco.mulberrycollectionvn.com\/vi\/","name":"Silk Eco","description":"Just another D-EDGE CMS Asia Pacific site","potentialAction":[{"@type":"SearchAction","target":{"@type":"EntryPoint","urlTemplate":"https:\/\/silkeco.mulberrycollectionvn.com\/vi\/?s={search_term_string}"},"query-input":"required name=search_term_string"}],"inLanguage":"vi-VN"}]}},"_links":{"self":[{"href":"https:\/\/silkeco.mulberrycollectionvn.com\/vi\/wp-json\/wp\/v2\/pages\/469"}],"collection":[{"href":"https:\/\/silkeco.mulberrycollectionvn.com\/vi\/wp-json\/wp\/v2\/pages"}],"about":[{"href":"https:\/\/silkeco.mulberrycollectionvn.com\/vi\/wp-json\/wp\/v2\/types\/page"}],"author":[{"embeddable":true,"href":"https:\/\/silkeco.mulberrycollectionvn.com\/vi\/wp-json\/wp\/v2\/users\/167"}],"replies":[{"embeddable":true,"href":"https:\/\/silkeco.mulberrycollectionvn.com\/vi\/wp-json\/wp\/v2\/comments?post=469"}],"version-history":[{"count":0,"href":"https:\/\/silkeco.mulberrycollectionvn.com\/vi\/wp-json\/wp\/v2\/pages\/469\/revisions"}],"up":[{"embeddable":true,"href":"https:\/\/silkeco.mulberrycollectionvn.com\/vi\/wp-json\/wp\/v2\/pages\/262"}],"wp:attachment":[{"href":"https:\/\/silkeco.mulberrycollectionvn.com\/vi\/wp-json\/wp\/v2\/media?parent=469"}],"curies":[{"name":"wp","href":"https:\/\/api.w.org\/{rel}","templated":true}]}}