{"id":466,"date":"2020-12-03T02:38:59","date_gmt":"2020-12-03T02:38:59","guid":{"rendered":"http:\/\/silk-eco.ms.decms.asia\/?page_id=466"},"modified":"2021-01-12T08:51:44","modified_gmt":"2021-01-12T08:51:44","slug":"concierge","status":"publish","type":"page","link":"https:\/\/silkeco.mulberrycollectionvn.com\/vi\/services\/concierge\/","title":{"rendered":"D\u1ecbch v\u1ee5 \u0111\u1eb7t ch\u1ed7"},"content":{"rendered":"<p>\u0110\u1ed9i ng\u0169 tr\u1ee3 gi\u00fap \u0111\u1eb7c bi\u1ec7t c\u1ee7a ch\u00fang t\u00f4i r\u1ea5t s\u1eb5n l\u00f2ng gi\u00fap qu\u00fd kh\u00e1ch l\u1ef1a ch\u1ecdn v\u00e0 \u0111\u1eb7t c\u00e1c tour du l\u1ecbch c\u00f3 h\u01b0\u1edbng d\u1eabn vi\u00ean \u0111\u1ebfn c\u00e1c \u0111i\u1ec3m tham quan n\u1ed5i ti\u1ebfng nh\u1ea5t \u1edf H\u1ed9i An ho\u1eb7c h\u1ed7 tr\u1ee3 \u0111\u1eb7t ch\u1ed7 \u0103n t\u1ed1i c\u0169ng nh\u01b0 b\u1ea5t k\u1ef3 d\u1ecbch v\u1ee5 n\u00e0o kh\u00e1c m\u00e0 qu\u00fd kh\u00e1ch y\u00eau c\u1ea7u.<\/p>\n","protected":false},"excerpt":{"rendered":"<p>\u0110\u1ed9i ng\u0169 tr\u1ee3 gi\u00fap \u0111\u1eb7c bi\u1ec7t c\u1ee7a ch\u00fang t\u00f4i r\u1ea5t s\u1eb5n l\u00f2ng gi\u00fap qu\u00fd kh\u00e1ch l\u1ef1a ch\u1ecdn v\u00e0 \u0111\u1eb7t c\u00e1c tour du l\u1ecbch c\u00f3 h\u01b0\u1edbng d\u1eabn vi\u00ean \u0111\u1ebfn c\u00e1c \u0111i\u1ec3m tham quan n\u1ed5i ti\u1ebfng nh\u1ea5t \u1edf H\u1ed9i An ho\u1eb7c h\u1ed7 tr\u1ee3 \u0111\u1eb7t ch\u1ed7 \u0103n t\u1ed1i c\u0169ng nh\u01b0 b\u1ea5t k\u1ef3 d\u1ecbch v\u1ee5 n\u00e0o kh\u00e1c m\u00e0 qu\u00fd [&hellip;]<\/p>\n","protected":false},"author":167,"featured_media":732,"parent":262,"menu_order":0,"comment_status":"closed","ping_status":"closed","template":"","meta":{"footnotes":""},"yoast_head":"<!-- This site is optimized with the Yoast SEO plugin v22.3 - https:\/\/yoast.com\/wordpress\/plugins\/seo\/ -->\n<title>D\u1ecbch v\u1ee5 \u0111\u1eb7t ch\u1ed7 - Silk Eco<\/title>\n<meta name=\"robots\" content=\"index, follow, max-snippet:-1, max-image-preview:large, max-video-preview:-1\" \/>\n<link rel=\"canonical\" href=\"https:\/\/silkeco.mulberrycollectionvn.com\/vi\/services\/concierge\/\" \/>\n<meta property=\"og:locale\" content=\"vi_VN\" \/>\n<meta property=\"og:type\" content=\"article\" \/>\n<meta property=\"og:title\" content=\"D\u1ecbch v\u1ee5 \u0111\u1eb7t ch\u1ed7 - Silk Eco\" \/>\n<meta property=\"og:description\" content=\"\u0110\u1ed9i ng\u0169 tr\u1ee3 gi\u00fap \u0111\u1eb7c bi\u1ec7t c\u1ee7a ch\u00fang t\u00f4i r\u1ea5t s\u1eb5n l\u00f2ng gi\u00fap qu\u00fd kh\u00e1ch l\u1ef1a ch\u1ecdn v\u00e0 \u0111\u1eb7t c\u00e1c tour du l\u1ecbch c\u00f3 h\u01b0\u1edbng d\u1eabn vi\u00ean \u0111\u1ebfn c\u00e1c \u0111i\u1ec3m tham quan n\u1ed5i ti\u1ebfng nh\u1ea5t \u1edf H\u1ed9i An ho\u1eb7c h\u1ed7 tr\u1ee3 \u0111\u1eb7t ch\u1ed7 \u0103n t\u1ed1i c\u0169ng nh\u01b0 b\u1ea5t k\u1ef3 d\u1ecbch v\u1ee5 n\u00e0o kh\u00e1c m\u00e0 qu\u00fd [&hellip;]\" \/>\n<meta property=\"og:url\" content=\"https:\/\/silkeco.mulberrycollectionvn.com\/vi\/services\/concierge\/\" \/>\n<meta property=\"og:site_name\" content=\"Silk Eco\" \/>\n<meta property=\"article:modified_time\" content=\"2021-01-12T08:51:44+00:00\" \/>\n<meta property=\"og:image\" content=\"https:\/\/silkeco.mulberrycollectionvn.com\/wp-content\/uploads\/sites\/152\/2021\/01\/Reception-1.jpg\" \/>\n\t<meta property=\"og:image:width\" content=\"1280\" \/>\n\t<meta property=\"og:image:height\" content=\"853\" \/>\n\t<meta property=\"og:image:type\" content=\"image\/jpeg\" \/>\n<meta name=\"twitter:card\" content=\"summary_large_image\" \/>\n<script type=\"application\/ld+json\" class=\"yoast-schema-graph\">{\"@context\":\"https:\/\/schema.org\",\"@graph\":[{\"@type\":\"WebPage\",\"@id\":\"https:\/\/silkeco.mulberrycollectionvn.com\/vi\/services\/concierge\/\",\"url\":\"https:\/\/silkeco.mulberrycollectionvn.com\/vi\/services\/concierge\/\",\"name\":\"D\u1ecbch v\u1ee5 \u0111\u1eb7t ch\u1ed7 - Silk Eco\",\"isPartOf\":{\"@id\":\"https:\/\/silkeco.mulberrycollectionvn.com\/vi\/#website\"},\"primaryImageOfPage\":{\"@id\":\"https:\/\/silkeco.mulberrycollectionvn.com\/vi\/services\/concierge\/#primaryimage\"},\"image\":{\"@id\":\"https:\/\/silkeco.mulberrycollectionvn.com\/vi\/services\/concierge\/#primaryimage\"},\"thumbnailUrl\":\"https:\/\/silkeco.mulberrycollectionvn.com\/wp-content\/uploads\/sites\/152\/2021\/01\/Reception-1.jpg\",\"datePublished\":\"2020-12-03T02:38:59+00:00\",\"dateModified\":\"2021-01-12T08:51:44+00:00\",\"breadcrumb\":{\"@id\":\"https:\/\/silkeco.mulberrycollectionvn.com\/vi\/services\/concierge\/#breadcrumb\"},\"inLanguage\":\"vi-VN\",\"potentialAction\":[{\"@type\":\"ReadAction\",\"target\":[\"https:\/\/silkeco.mulberrycollectionvn.com\/vi\/services\/concierge\/\"]}]},{\"@type\":\"ImageObject\",\"inLanguage\":\"vi-VN\",\"@id\":\"https:\/\/silkeco.mulberrycollectionvn.com\/vi\/services\/concierge\/#primaryimage\",\"url\":\"https:\/\/silkeco.mulberrycollectionvn.com\/wp-content\/uploads\/sites\/152\/2021\/01\/Reception-1.jpg\",\"contentUrl\":\"https:\/\/silkeco.mulberrycollectionvn.com\/wp-content\/uploads\/sites\/152\/2021\/01\/Reception-1.jpg\",\"width\":1280,\"height\":853},{\"@type\":\"BreadcrumbList\",\"@id\":\"https:\/\/silkeco.mulberrycollectionvn.com\/vi\/services\/concierge\/#breadcrumb\",\"itemListElement\":[{\"@type\":\"ListItem\",\"position\":1,\"name\":\"Home\",\"item\":\"https:\/\/silkeco.mulberrycollectionvn.com\/vi\/\"},{\"@type\":\"ListItem\",\"position\":2,\"name\":\"D\u1ecbch v\u1ee5\",\"item\":\"https:\/\/silkeco.mulberrycollectionvn.com\/vi\/services\/\"},{\"@type\":\"ListItem\",\"position\":3,\"name\":\"D\u1ecbch v\u1ee5 \u0111\u1eb7t ch\u1ed7\"}]},{\"@type\":\"WebSite\",\"@id\":\"https:\/\/silkeco.mulberrycollectionvn.com\/vi\/#website\",\"url\":\"https:\/\/silkeco.mulberrycollectionvn.com\/vi\/\",\"name\":\"Silk Eco\",\"description\":\"Just another D-EDGE CMS Asia Pacific site\",\"potentialAction\":[{\"@type\":\"SearchAction\",\"target\":{\"@type\":\"EntryPoint\",\"urlTemplate\":\"https:\/\/silkeco.mulberrycollectionvn.com\/vi\/?s={search_term_string}\"},\"query-input\":\"required name=search_term_string\"}],\"inLanguage\":\"vi-VN\"}]}<\/script>\n<!-- \/ Yoast SEO plugin. -->","yoast_head_json":{"title":"D\u1ecbch v\u1ee5 \u0111\u1eb7t ch\u1ed7 - Silk Eco","robots":{"index":"index","follow":"follow","max-snippet":"max-snippet:-1","max-image-preview":"max-image-preview:large","max-video-preview":"max-video-preview:-1"},"canonical":"https:\/\/silkeco.mulberrycollectionvn.com\/vi\/services\/concierge\/","og_locale":"vi_VN","og_type":"article","og_title":"D\u1ecbch v\u1ee5 \u0111\u1eb7t ch\u1ed7 - Silk Eco","og_description":"\u0110\u1ed9i ng\u0169 tr\u1ee3 gi\u00fap \u0111\u1eb7c bi\u1ec7t c\u1ee7a ch\u00fang t\u00f4i r\u1ea5t s\u1eb5n l\u00f2ng gi\u00fap qu\u00fd kh\u00e1ch l\u1ef1a ch\u1ecdn v\u00e0 \u0111\u1eb7t c\u00e1c tour du l\u1ecbch c\u00f3 h\u01b0\u1edbng d\u1eabn vi\u00ean \u0111\u1ebfn c\u00e1c \u0111i\u1ec3m tham quan n\u1ed5i ti\u1ebfng nh\u1ea5t \u1edf H\u1ed9i An ho\u1eb7c h\u1ed7 tr\u1ee3 \u0111\u1eb7t ch\u1ed7 \u0103n t\u1ed1i c\u0169ng nh\u01b0 b\u1ea5t k\u1ef3 d\u1ecbch v\u1ee5 n\u00e0o kh\u00e1c m\u00e0 qu\u00fd [&hellip;]","og_url":"https:\/\/silkeco.mulberrycollectionvn.com\/vi\/services\/concierge\/","og_site_name":"Silk Eco","article_modified_time":"2021-01-12T08:51:44+00:00","og_image":[{"width":1280,"height":853,"url":"https:\/\/silkeco.mulberrycollectionvn.com\/wp-content\/uploads\/sites\/152\/2021\/01\/Reception-1.jpg","type":"image\/jpeg"}],"twitter_card":"summary_large_image","schema":{"@context":"https:\/\/schema.org","@graph":[{"@type":"WebPage","@id":"https:\/\/silkeco.mulberrycollectionvn.com\/vi\/services\/concierge\/","url":"https:\/\/silkeco.mulberrycollectionvn.com\/vi\/services\/concierge\/","name":"D\u1ecbch v\u1ee5 \u0111\u1eb7t ch\u1ed7 - Silk Eco","isPartOf":{"@id":"https:\/\/silkeco.mulberrycollectionvn.com\/vi\/#website"},"primaryImageOfPage":{"@id":"https:\/\/silkeco.mulberrycollectionvn.com\/vi\/services\/concierge\/#primaryimage"},"image":{"@id":"https:\/\/silkeco.mulberrycollectionvn.com\/vi\/services\/concierge\/#primaryimage"},"thumbnailUrl":"https:\/\/silkeco.mulberrycollectionvn.com\/wp-content\/uploads\/sites\/152\/2021\/01\/Reception-1.jpg","datePublished":"2020-12-03T02:38:59+00:00","dateModified":"2021-01-12T08:51:44+00:00","breadcrumb":{"@id":"https:\/\/silkeco.mulberrycollectionvn.com\/vi\/services\/concierge\/#breadcrumb"},"inLanguage":"vi-VN","potentialAction":[{"@type":"ReadAction","target":["https:\/\/silkeco.mulberrycollectionvn.com\/vi\/services\/concierge\/"]}]},{"@type":"ImageObject","inLanguage":"vi-VN","@id":"https:\/\/silkeco.mulberrycollectionvn.com\/vi\/services\/concierge\/#primaryimage","url":"https:\/\/silkeco.mulberrycollectionvn.com\/wp-content\/uploads\/sites\/152\/2021\/01\/Reception-1.jpg","contentUrl":"https:\/\/silkeco.mulberrycollectionvn.com\/wp-content\/uploads\/sites\/152\/2021\/01\/Reception-1.jpg","width":1280,"height":853},{"@type":"BreadcrumbList","@id":"https:\/\/silkeco.mulberrycollectionvn.com\/vi\/services\/concierge\/#breadcrumb","itemListElement":[{"@type":"ListItem","position":1,"name":"Home","item":"https:\/\/silkeco.mulberrycollectionvn.com\/vi\/"},{"@type":"ListItem","position":2,"name":"D\u1ecbch v\u1ee5","item":"https:\/\/silkeco.mulberrycollectionvn.com\/vi\/services\/"},{"@type":"ListItem","position":3,"name":"D\u1ecbch v\u1ee5 \u0111\u1eb7t ch\u1ed7"}]},{"@type":"WebSite","@id":"https:\/\/silkeco.mulberrycollectionvn.com\/vi\/#website","url":"https:\/\/silkeco.mulberrycollectionvn.com\/vi\/","name":"Silk Eco","description":"Just another D-EDGE CMS Asia Pacific site","potentialAction":[{"@type":"SearchAction","target":{"@type":"EntryPoint","urlTemplate":"https:\/\/silkeco.mulberrycollectionvn.com\/vi\/?s={search_term_string}"},"query-input":"required name=search_term_string"}],"inLanguage":"vi-VN"}]}},"_links":{"self":[{"href":"https:\/\/silkeco.mulberrycollectionvn.com\/vi\/wp-json\/wp\/v2\/pages\/466"}],"collection":[{"href":"https:\/\/silkeco.mulberrycollectionvn.com\/vi\/wp-json\/wp\/v2\/pages"}],"about":[{"href":"https:\/\/silkeco.mulberrycollectionvn.com\/vi\/wp-json\/wp\/v2\/types\/page"}],"author":[{"embeddable":true,"href":"https:\/\/silkeco.mulberrycollectionvn.com\/vi\/wp-json\/wp\/v2\/users\/167"}],"replies":[{"embeddable":true,"href":"https:\/\/silkeco.mulberrycollectionvn.com\/vi\/wp-json\/wp\/v2\/comments?post=466"}],"version-history":[{"count":0,"href":"https:\/\/silkeco.mulberrycollectionvn.com\/vi\/wp-json\/wp\/v2\/pages\/466\/revisions"}],"up":[{"embeddable":true,"href":"https:\/\/silkeco.mulberrycollectionvn.com\/vi\/wp-json\/wp\/v2\/pages\/262"}],"wp:featuredmedia":[{"embeddable":true,"href":"https:\/\/silkeco.mulberrycollectionvn.com\/vi\/wp-json\/wp\/v2\/media\/732"}],"wp:attachment":[{"href":"https:\/\/silkeco.mulberrycollectionvn.com\/vi\/wp-json\/wp\/v2\/media?parent=466"}],"curies":[{"name":"wp","href":"https:\/\/api.w.org\/{rel}","templated":true}]}}