{"id":463,"date":"2020-12-03T02:38:29","date_gmt":"2020-12-03T02:38:29","guid":{"rendered":"http:\/\/silk-eco.ms.decms.asia\/?page_id=463"},"modified":"2021-01-12T07:35:48","modified_gmt":"2021-01-12T07:35:48","slug":"complimentary-bicycles","status":"publish","type":"page","link":"https:\/\/silkeco.mulberrycollectionvn.com\/vi\/services\/complimentary-bicycles\/","title":{"rendered":"Xe \u0111\u1ea1p mi\u1ec5n ph\u00ed"},"content":{"rendered":"<p>\u0110\u1ea1p xe quanh H\u1ed9i An v\u00e0 kh\u00e1m ph\u00e1 nh\u1eefng ph\u1ed1 c\u1ed5 nh\u01b0 m\u1ed9t ng\u01b0\u1eddi d\u00e2n \u0111\u1ecba ph\u01b0\u01a1ng b\u1eb1ng xe \u0111\u1ea1p mi\u1ec5n ph\u00ed \u0111\u01b0\u1ee3c cung c\u1ea5p ngay t\u1ea1i kh\u00e1ch s\u1ea1n.<\/p>\n<p>Kh\u00f4ng ch\u1ec9 l\u00e0 ho\u1ea1t \u0111\u1ed9ng vui v\u1ebb, \u0111\u1ea1p xe c\u00f2n l\u00e0 m\u1ed9t c\u00e1ch tuy\u1ec7t v\u1eddi \u0111\u1ec3 r\u00e8n luy\u1ec7n s\u1ee9c kh\u1ecfe v\u1edbi ph\u01b0\u01a1ng ti\u1ec7n giao th\u00f4ng th\u00e2n thi\u1ec7n v\u1edbi m\u00f4i tr\u01b0\u1eddng.<\/p>\n<p>Xe \u0111\u1ea1p mi\u1ec5n ph\u00ed \u0111\u01b0\u1ee3c cung c\u1ea5p t\u00f9y v\u00e0o t\u00ecnh tr\u1ea1ng s\u1eb5n c\u00f3.<\/p>\n","protected":false},"excerpt":{"rendered":"<p>\u0110\u1ea1p xe quanh H\u1ed9i An v\u00e0 kh\u00e1m ph\u00e1 nh\u1eefng ph\u1ed1 c\u1ed5 nh\u01b0 m\u1ed9t ng\u01b0\u1eddi d\u00e2n \u0111\u1ecba ph\u01b0\u01a1ng b\u1eb1ng xe \u0111\u1ea1p mi\u1ec5n ph\u00ed \u0111\u01b0\u1ee3c cung c\u1ea5p ngay t\u1ea1i kh\u00e1ch s\u1ea1n. Kh\u00f4ng ch\u1ec9 l\u00e0 ho\u1ea1t \u0111\u1ed9ng vui v\u1ebb, \u0111\u1ea1p xe c\u00f2n l\u00e0 m\u1ed9t c\u00e1ch tuy\u1ec7t v\u1eddi \u0111\u1ec3 r\u00e8n luy\u1ec7n s\u1ee9c kh\u1ecfe v\u1edbi ph\u01b0\u01a1ng ti\u1ec7n giao th\u00f4ng th\u00e2n [&hellip;]<\/p>\n","protected":false},"author":167,"featured_media":737,"parent":262,"menu_order":0,"comment_status":"closed","ping_status":"closed","template":"","meta":{"footnotes":""},"yoast_head":"<!-- This site is optimized with the Yoast SEO plugin v22.3 - https:\/\/yoast.com\/wordpress\/plugins\/seo\/ -->\n<title>Xe \u0111\u1ea1p mi\u1ec5n ph\u00ed - Silk Eco<\/title>\n<meta name=\"robots\" content=\"index, follow, max-snippet:-1, max-image-preview:large, max-video-preview:-1\" \/>\n<link rel=\"canonical\" href=\"https:\/\/silkeco.mulberrycollectionvn.com\/vi\/services\/complimentary-bicycles\/\" \/>\n<meta property=\"og:locale\" content=\"vi_VN\" \/>\n<meta property=\"og:type\" content=\"article\" \/>\n<meta property=\"og:title\" content=\"Xe \u0111\u1ea1p mi\u1ec5n ph\u00ed - Silk Eco\" \/>\n<meta property=\"og:description\" content=\"\u0110\u1ea1p xe quanh H\u1ed9i An v\u00e0 kh\u00e1m ph\u00e1 nh\u1eefng ph\u1ed1 c\u1ed5 nh\u01b0 m\u1ed9t ng\u01b0\u1eddi d\u00e2n \u0111\u1ecba ph\u01b0\u01a1ng b\u1eb1ng xe \u0111\u1ea1p mi\u1ec5n ph\u00ed \u0111\u01b0\u1ee3c cung c\u1ea5p ngay t\u1ea1i kh\u00e1ch s\u1ea1n. Kh\u00f4ng ch\u1ec9 l\u00e0 ho\u1ea1t \u0111\u1ed9ng vui v\u1ebb, \u0111\u1ea1p xe c\u00f2n l\u00e0 m\u1ed9t c\u00e1ch tuy\u1ec7t v\u1eddi \u0111\u1ec3 r\u00e8n luy\u1ec7n s\u1ee9c kh\u1ecfe v\u1edbi ph\u01b0\u01a1ng ti\u1ec7n giao th\u00f4ng th\u00e2n [&hellip;]\" \/>\n<meta property=\"og:url\" content=\"https:\/\/silkeco.mulberrycollectionvn.com\/vi\/services\/complimentary-bicycles\/\" \/>\n<meta property=\"og:site_name\" content=\"Silk Eco\" \/>\n<meta property=\"article:modified_time\" content=\"2021-01-12T07:35:48+00:00\" \/>\n<meta property=\"og:image\" content=\"https:\/\/silkeco.mulberrycollectionvn.com\/wp-content\/uploads\/sites\/152\/2021\/01\/Free-Bicycle.jpg\" \/>\n\t<meta property=\"og:image:width\" content=\"1857\" \/>\n\t<meta property=\"og:image:height\" content=\"1200\" \/>\n\t<meta property=\"og:image:type\" content=\"image\/jpeg\" \/>\n<meta name=\"twitter:card\" content=\"summary_large_image\" \/>\n<meta name=\"twitter:label1\" content=\"Est. reading time\" \/>\n\t<meta name=\"twitter:data1\" content=\"1 minute\" \/>\n<script type=\"application\/ld+json\" class=\"yoast-schema-graph\">{\"@context\":\"https:\/\/schema.org\",\"@graph\":[{\"@type\":\"WebPage\",\"@id\":\"https:\/\/silkeco.mulberrycollectionvn.com\/vi\/services\/complimentary-bicycles\/\",\"url\":\"https:\/\/silkeco.mulberrycollectionvn.com\/vi\/services\/complimentary-bicycles\/\",\"name\":\"Xe \u0111\u1ea1p mi\u1ec5n ph\u00ed - Silk Eco\",\"isPartOf\":{\"@id\":\"https:\/\/silkeco.mulberrycollectionvn.com\/vi\/#website\"},\"primaryImageOfPage\":{\"@id\":\"https:\/\/silkeco.mulberrycollectionvn.com\/vi\/services\/complimentary-bicycles\/#primaryimage\"},\"image\":{\"@id\":\"https:\/\/silkeco.mulberrycollectionvn.com\/vi\/services\/complimentary-bicycles\/#primaryimage\"},\"thumbnailUrl\":\"https:\/\/silkeco.mulberrycollectionvn.com\/wp-content\/uploads\/sites\/152\/2021\/01\/Free-Bicycle.jpg\",\"datePublished\":\"2020-12-03T02:38:29+00:00\",\"dateModified\":\"2021-01-12T07:35:48+00:00\",\"breadcrumb\":{\"@id\":\"https:\/\/silkeco.mulberrycollectionvn.com\/vi\/services\/complimentary-bicycles\/#breadcrumb\"},\"inLanguage\":\"vi-VN\",\"potentialAction\":[{\"@type\":\"ReadAction\",\"target\":[\"https:\/\/silkeco.mulberrycollectionvn.com\/vi\/services\/complimentary-bicycles\/\"]}]},{\"@type\":\"ImageObject\",\"inLanguage\":\"vi-VN\",\"@id\":\"https:\/\/silkeco.mulberrycollectionvn.com\/vi\/services\/complimentary-bicycles\/#primaryimage\",\"url\":\"https:\/\/silkeco.mulberrycollectionvn.com\/wp-content\/uploads\/sites\/152\/2021\/01\/Free-Bicycle.jpg\",\"contentUrl\":\"https:\/\/silkeco.mulberrycollectionvn.com\/wp-content\/uploads\/sites\/152\/2021\/01\/Free-Bicycle.jpg\",\"width\":1857,\"height\":1200},{\"@type\":\"BreadcrumbList\",\"@id\":\"https:\/\/silkeco.mulberrycollectionvn.com\/vi\/services\/complimentary-bicycles\/#breadcrumb\",\"itemListElement\":[{\"@type\":\"ListItem\",\"position\":1,\"name\":\"Home\",\"item\":\"https:\/\/silkeco.mulberrycollectionvn.com\/vi\/\"},{\"@type\":\"ListItem\",\"position\":2,\"name\":\"D\u1ecbch v\u1ee5\",\"item\":\"https:\/\/silkeco.mulberrycollectionvn.com\/vi\/services\/\"},{\"@type\":\"ListItem\",\"position\":3,\"name\":\"Xe \u0111\u1ea1p mi\u1ec5n ph\u00ed\"}]},{\"@type\":\"WebSite\",\"@id\":\"https:\/\/silkeco.mulberrycollectionvn.com\/vi\/#website\",\"url\":\"https:\/\/silkeco.mulberrycollectionvn.com\/vi\/\",\"name\":\"Silk Eco\",\"description\":\"Just another D-EDGE CMS Asia Pacific site\",\"potentialAction\":[{\"@type\":\"SearchAction\",\"target\":{\"@type\":\"EntryPoint\",\"urlTemplate\":\"https:\/\/silkeco.mulberrycollectionvn.com\/vi\/?s={search_term_string}\"},\"query-input\":\"required name=search_term_string\"}],\"inLanguage\":\"vi-VN\"}]}<\/script>\n<!-- \/ Yoast SEO plugin. -->","yoast_head_json":{"title":"Xe \u0111\u1ea1p mi\u1ec5n ph\u00ed - Silk Eco","robots":{"index":"index","follow":"follow","max-snippet":"max-snippet:-1","max-image-preview":"max-image-preview:large","max-video-preview":"max-video-preview:-1"},"canonical":"https:\/\/silkeco.mulberrycollectionvn.com\/vi\/services\/complimentary-bicycles\/","og_locale":"vi_VN","og_type":"article","og_title":"Xe \u0111\u1ea1p mi\u1ec5n ph\u00ed - Silk Eco","og_description":"\u0110\u1ea1p xe quanh H\u1ed9i An v\u00e0 kh\u00e1m ph\u00e1 nh\u1eefng ph\u1ed1 c\u1ed5 nh\u01b0 m\u1ed9t ng\u01b0\u1eddi d\u00e2n \u0111\u1ecba ph\u01b0\u01a1ng b\u1eb1ng xe \u0111\u1ea1p mi\u1ec5n ph\u00ed \u0111\u01b0\u1ee3c cung c\u1ea5p ngay t\u1ea1i kh\u00e1ch s\u1ea1n. Kh\u00f4ng ch\u1ec9 l\u00e0 ho\u1ea1t \u0111\u1ed9ng vui v\u1ebb, \u0111\u1ea1p xe c\u00f2n l\u00e0 m\u1ed9t c\u00e1ch tuy\u1ec7t v\u1eddi \u0111\u1ec3 r\u00e8n luy\u1ec7n s\u1ee9c kh\u1ecfe v\u1edbi ph\u01b0\u01a1ng ti\u1ec7n giao th\u00f4ng th\u00e2n [&hellip;]","og_url":"https:\/\/silkeco.mulberrycollectionvn.com\/vi\/services\/complimentary-bicycles\/","og_site_name":"Silk Eco","article_modified_time":"2021-01-12T07:35:48+00:00","og_image":[{"width":1857,"height":1200,"url":"https:\/\/silkeco.mulberrycollectionvn.com\/wp-content\/uploads\/sites\/152\/2021\/01\/Free-Bicycle.jpg","type":"image\/jpeg"}],"twitter_card":"summary_large_image","twitter_misc":{"Est. reading time":"1 minute"},"schema":{"@context":"https:\/\/schema.org","@graph":[{"@type":"WebPage","@id":"https:\/\/silkeco.mulberrycollectionvn.com\/vi\/services\/complimentary-bicycles\/","url":"https:\/\/silkeco.mulberrycollectionvn.com\/vi\/services\/complimentary-bicycles\/","name":"Xe \u0111\u1ea1p mi\u1ec5n ph\u00ed - Silk Eco","isPartOf":{"@id":"https:\/\/silkeco.mulberrycollectionvn.com\/vi\/#website"},"primaryImageOfPage":{"@id":"https:\/\/silkeco.mulberrycollectionvn.com\/vi\/services\/complimentary-bicycles\/#primaryimage"},"image":{"@id":"https:\/\/silkeco.mulberrycollectionvn.com\/vi\/services\/complimentary-bicycles\/#primaryimage"},"thumbnailUrl":"https:\/\/silkeco.mulberrycollectionvn.com\/wp-content\/uploads\/sites\/152\/2021\/01\/Free-Bicycle.jpg","datePublished":"2020-12-03T02:38:29+00:00","dateModified":"2021-01-12T07:35:48+00:00","breadcrumb":{"@id":"https:\/\/silkeco.mulberrycollectionvn.com\/vi\/services\/complimentary-bicycles\/#breadcrumb"},"inLanguage":"vi-VN","potentialAction":[{"@type":"ReadAction","target":["https:\/\/silkeco.mulberrycollectionvn.com\/vi\/services\/complimentary-bicycles\/"]}]},{"@type":"ImageObject","inLanguage":"vi-VN","@id":"https:\/\/silkeco.mulberrycollectionvn.com\/vi\/services\/complimentary-bicycles\/#primaryimage","url":"https:\/\/silkeco.mulberrycollectionvn.com\/wp-content\/uploads\/sites\/152\/2021\/01\/Free-Bicycle.jpg","contentUrl":"https:\/\/silkeco.mulberrycollectionvn.com\/wp-content\/uploads\/sites\/152\/2021\/01\/Free-Bicycle.jpg","width":1857,"height":1200},{"@type":"BreadcrumbList","@id":"https:\/\/silkeco.mulberrycollectionvn.com\/vi\/services\/complimentary-bicycles\/#breadcrumb","itemListElement":[{"@type":"ListItem","position":1,"name":"Home","item":"https:\/\/silkeco.mulberrycollectionvn.com\/vi\/"},{"@type":"ListItem","position":2,"name":"D\u1ecbch v\u1ee5","item":"https:\/\/silkeco.mulberrycollectionvn.com\/vi\/services\/"},{"@type":"ListItem","position":3,"name":"Xe \u0111\u1ea1p mi\u1ec5n ph\u00ed"}]},{"@type":"WebSite","@id":"https:\/\/silkeco.mulberrycollectionvn.com\/vi\/#website","url":"https:\/\/silkeco.mulberrycollectionvn.com\/vi\/","name":"Silk Eco","description":"Just another D-EDGE CMS Asia Pacific site","potentialAction":[{"@type":"SearchAction","target":{"@type":"EntryPoint","urlTemplate":"https:\/\/silkeco.mulberrycollectionvn.com\/vi\/?s={search_term_string}"},"query-input":"required name=search_term_string"}],"inLanguage":"vi-VN"}]}},"_links":{"self":[{"href":"https:\/\/silkeco.mulberrycollectionvn.com\/vi\/wp-json\/wp\/v2\/pages\/463"}],"collection":[{"href":"https:\/\/silkeco.mulberrycollectionvn.com\/vi\/wp-json\/wp\/v2\/pages"}],"about":[{"href":"https:\/\/silkeco.mulberrycollectionvn.com\/vi\/wp-json\/wp\/v2\/types\/page"}],"author":[{"embeddable":true,"href":"https:\/\/silkeco.mulberrycollectionvn.com\/vi\/wp-json\/wp\/v2\/users\/167"}],"replies":[{"embeddable":true,"href":"https:\/\/silkeco.mulberrycollectionvn.com\/vi\/wp-json\/wp\/v2\/comments?post=463"}],"version-history":[{"count":0,"href":"https:\/\/silkeco.mulberrycollectionvn.com\/vi\/wp-json\/wp\/v2\/pages\/463\/revisions"}],"up":[{"embeddable":true,"href":"https:\/\/silkeco.mulberrycollectionvn.com\/vi\/wp-json\/wp\/v2\/pages\/262"}],"wp:featuredmedia":[{"embeddable":true,"href":"https:\/\/silkeco.mulberrycollectionvn.com\/vi\/wp-json\/wp\/v2\/media\/737"}],"wp:attachment":[{"href":"https:\/\/silkeco.mulberrycollectionvn.com\/vi\/wp-json\/wp\/v2\/media?parent=463"}],"curies":[{"name":"wp","href":"https:\/\/api.w.org\/{rel}","templated":true}]}}