{"id":319,"date":"2020-11-13T07:46:17","date_gmt":"2020-11-13T07:46:17","guid":{"rendered":"http:\/\/silk-eco.ms.decms.asia\/rooms\/superior-city-view\/"},"modified":"2020-11-19T02:04:00","modified_gmt":"2020-11-19T02:04:00","slug":"superior-city-view","status":"publish","type":"page","link":"https:\/\/silkeco.mulberrycollectionvn.com\/vi\/accommodation\/superior-city-view\/","title":{"rendered":"Ph\u00f2ng Superior Quang C\u1ea3nh Th\u00e0nh Ph\u1ed1"},"content":{"rendered":"<p>Ph\u00f2ng Superior n\u1ed5i b\u1eadt v\u1edbi t\u00f4ng m\u00e0u \u0111\u1ea5t \u1ea5m \u00e1p. K\u1ebft h\u1ee3p v\u1edbi c\u00e1c chi ti\u1ebft m\u00e0u h\u1ed5 ph\u00e1ch tinh t\u1ebf v\u1edbi b\u1ec1 m\u1eb7t \u0111\u00e1 x\u00e1m, c\u0103n ph\u00f2ng lan t\u1ecfa m\u1ed9t ngu\u1ed3n n\u0103ng l\u01b0\u1ee3ng b\u00ecnh y\u00ean v\u00e0 \u0111\u1ea7y sinh l\u1ef1c. Ph\u00f2ng Superior n\u1ed5i b\u1eadt v\u1edbi t\u00f4ng m\u00e0u \u0111\u1ea5t \u1ea5m \u00e1p. K\u1ebft h\u1ee3p v\u1edbi c\u00e1c chi ti\u1ebft m\u00e0u h\u1ed5 ph\u00e1ch tinh t\u1ebf v\u1edbi b\u1ec1 m\u1eb7t \u0111\u00e1 x\u00e1m, c\u0103n ph\u00f2ng lan t\u1ecfa m\u1ed9t ngu\u1ed3n n\u0103ng l\u01b0\u1ee3ng b\u00ecnh y\u00ean v\u00e0 \u0111\u1ea7y sinh l\u1ef1c. \u0110\u00e1p \u1ee9ng m\u1ecdi nhu c\u1ea7u c\u1ee7a qu\u00fd kh\u00e1ch, v\u1edbi l\u1ef1a ch\u1ecdn gi\u01b0\u1eddng c\u1ee1 King ho\u1eb7c 2 gi\u01b0\u1eddng \u0111\u01a1n, ph\u00f2ng t\u1eafm ri\u00eang v\u00e0 c\u00e1c ti\u1ec7n nghi hi\u1ec7n \u0111\u1ea1i, h\u1ec7 th\u1ed1ng m\u00e1y l\u1ea1nh c\u00f9ng ban c\u00f4ng ri\u00eang bao qu\u00e1t v\u1ebb \u0111\u1eb9p c\u1ee7a thi\u00ean nhi\u00ean.<\/p>\n","protected":false},"excerpt":{"rendered":"<p>Ph\u00f2ng Superior n\u1ed5i b\u1eadt v\u1edbi t\u00f4ng m\u00e0u \u0111\u1ea5t \u1ea5m \u00e1p. K\u1ebft h\u1ee3p v\u1edbi c\u00e1c chi ti\u1ebft m\u00e0u h\u1ed5 ph\u00e1ch tinh t\u1ebf v\u1edbi b\u1ec1 m\u1eb7t \u0111\u00e1 x\u00e1m, c\u0103n ph\u00f2ng lan t\u1ecfa m\u1ed9t ngu\u1ed3n n\u0103ng l\u01b0\u1ee3ng b\u00ecnh y\u00ean v\u00e0 \u0111\u1ea7y sinh l\u1ef1c. Ph\u00f2ng Superior n\u1ed5i b\u1eadt v\u1edbi t\u00f4ng m\u00e0u \u0111\u1ea5t \u1ea5m \u00e1p. K\u1ebft h\u1ee3p v\u1edbi c\u00e1c chi [&hellip;]<\/p>\n","protected":false},"author":124,"featured_media":168,"parent":235,"menu_order":0,"comment_status":"closed","ping_status":"closed","template":"template-single-room.php","meta":{"footnotes":""},"yoast_head":"<!-- This site is optimized with the Yoast SEO plugin v22.3 - https:\/\/yoast.com\/wordpress\/plugins\/seo\/ -->\n<title>Ph\u00f2ng Superior Quang C\u1ea3nh Th\u00e0nh Ph\u1ed1 - Silk Eco<\/title>\n<meta name=\"robots\" content=\"index, follow, max-snippet:-1, max-image-preview:large, max-video-preview:-1\" \/>\n<link rel=\"canonical\" href=\"https:\/\/silkeco.mulberrycollectionvn.com\/vi\/accommodation\/superior-city-view\/\" \/>\n<meta property=\"og:locale\" content=\"vi_VN\" \/>\n<meta property=\"og:type\" content=\"article\" \/>\n<meta property=\"og:title\" content=\"Ph\u00f2ng Superior Quang C\u1ea3nh Th\u00e0nh Ph\u1ed1 - Silk Eco\" \/>\n<meta property=\"og:description\" content=\"Ph\u00f2ng Superior n\u1ed5i b\u1eadt v\u1edbi t\u00f4ng m\u00e0u \u0111\u1ea5t \u1ea5m \u00e1p. K\u1ebft h\u1ee3p v\u1edbi c\u00e1c chi ti\u1ebft m\u00e0u h\u1ed5 ph\u00e1ch tinh t\u1ebf v\u1edbi b\u1ec1 m\u1eb7t \u0111\u00e1 x\u00e1m, c\u0103n ph\u00f2ng lan t\u1ecfa m\u1ed9t ngu\u1ed3n n\u0103ng l\u01b0\u1ee3ng b\u00ecnh y\u00ean v\u00e0 \u0111\u1ea7y sinh l\u1ef1c. Ph\u00f2ng Superior n\u1ed5i b\u1eadt v\u1edbi t\u00f4ng m\u00e0u \u0111\u1ea5t \u1ea5m \u00e1p. K\u1ebft h\u1ee3p v\u1edbi c\u00e1c chi [&hellip;]\" \/>\n<meta property=\"og:url\" content=\"https:\/\/silkeco.mulberrycollectionvn.com\/vi\/accommodation\/superior-city-view\/\" \/>\n<meta property=\"og:site_name\" content=\"Silk Eco\" \/>\n<meta property=\"article:modified_time\" content=\"2020-11-19T02:04:00+00:00\" \/>\n<meta property=\"og:image\" content=\"https:\/\/silkeco.mulberrycollectionvn.com\/wp-content\/uploads\/sites\/152\/2020\/11\/Superior-Twin_1.jpg\" \/>\n\t<meta property=\"og:image:width\" content=\"1280\" \/>\n\t<meta property=\"og:image:height\" content=\"853\" \/>\n\t<meta property=\"og:image:type\" content=\"image\/jpeg\" \/>\n<meta name=\"twitter:card\" content=\"summary_large_image\" \/>\n<meta name=\"twitter:label1\" content=\"Est. reading time\" \/>\n\t<meta name=\"twitter:data1\" content=\"1 minute\" \/>\n<script type=\"application\/ld+json\" class=\"yoast-schema-graph\">{\"@context\":\"https:\/\/schema.org\",\"@graph\":[{\"@type\":\"WebPage\",\"@id\":\"https:\/\/silkeco.mulberrycollectionvn.com\/vi\/accommodation\/superior-city-view\/\",\"url\":\"https:\/\/silkeco.mulberrycollectionvn.com\/vi\/accommodation\/superior-city-view\/\",\"name\":\"Ph\u00f2ng Superior Quang C\u1ea3nh Th\u00e0nh Ph\u1ed1 - Silk Eco\",\"isPartOf\":{\"@id\":\"https:\/\/silkeco.mulberrycollectionvn.com\/vi\/#website\"},\"primaryImageOfPage\":{\"@id\":\"https:\/\/silkeco.mulberrycollectionvn.com\/vi\/accommodation\/superior-city-view\/#primaryimage\"},\"image\":{\"@id\":\"https:\/\/silkeco.mulberrycollectionvn.com\/vi\/accommodation\/superior-city-view\/#primaryimage\"},\"thumbnailUrl\":\"https:\/\/silkeco.mulberrycollectionvn.com\/wp-content\/uploads\/sites\/152\/2020\/11\/Superior-Twin_1.jpg\",\"datePublished\":\"2020-11-13T07:46:17+00:00\",\"dateModified\":\"2020-11-19T02:04:00+00:00\",\"breadcrumb\":{\"@id\":\"https:\/\/silkeco.mulberrycollectionvn.com\/vi\/accommodation\/superior-city-view\/#breadcrumb\"},\"inLanguage\":\"vi-VN\",\"potentialAction\":[{\"@type\":\"ReadAction\",\"target\":[\"https:\/\/silkeco.mulberrycollectionvn.com\/vi\/accommodation\/superior-city-view\/\"]}]},{\"@type\":\"ImageObject\",\"inLanguage\":\"vi-VN\",\"@id\":\"https:\/\/silkeco.mulberrycollectionvn.com\/vi\/accommodation\/superior-city-view\/#primaryimage\",\"url\":\"https:\/\/silkeco.mulberrycollectionvn.com\/wp-content\/uploads\/sites\/152\/2020\/11\/Superior-Twin_1.jpg\",\"contentUrl\":\"https:\/\/silkeco.mulberrycollectionvn.com\/wp-content\/uploads\/sites\/152\/2020\/11\/Superior-Twin_1.jpg\",\"width\":1280,\"height\":853},{\"@type\":\"BreadcrumbList\",\"@id\":\"https:\/\/silkeco.mulberrycollectionvn.com\/vi\/accommodation\/superior-city-view\/#breadcrumb\",\"itemListElement\":[{\"@type\":\"ListItem\",\"position\":1,\"name\":\"Home\",\"item\":\"https:\/\/silkeco.mulberrycollectionvn.com\/vi\/\"},{\"@type\":\"ListItem\",\"position\":2,\"name\":\"Ph\u00f2ng ngh\u1ec9\",\"item\":\"https:\/\/silkeco.mulberrycollectionvn.com\/vi\/accommodation\/\"},{\"@type\":\"ListItem\",\"position\":3,\"name\":\"Ph\u00f2ng Superior Quang C\u1ea3nh Th\u00e0nh Ph\u1ed1\"}]},{\"@type\":\"WebSite\",\"@id\":\"https:\/\/silkeco.mulberrycollectionvn.com\/vi\/#website\",\"url\":\"https:\/\/silkeco.mulberrycollectionvn.com\/vi\/\",\"name\":\"Silk Eco\",\"description\":\"Just another D-EDGE CMS Asia Pacific site\",\"potentialAction\":[{\"@type\":\"SearchAction\",\"target\":{\"@type\":\"EntryPoint\",\"urlTemplate\":\"https:\/\/silkeco.mulberrycollectionvn.com\/vi\/?s={search_term_string}\"},\"query-input\":\"required name=search_term_string\"}],\"inLanguage\":\"vi-VN\"}]}<\/script>\n<!-- \/ Yoast SEO plugin. -->","yoast_head_json":{"title":"Ph\u00f2ng Superior Quang C\u1ea3nh Th\u00e0nh Ph\u1ed1 - Silk Eco","robots":{"index":"index","follow":"follow","max-snippet":"max-snippet:-1","max-image-preview":"max-image-preview:large","max-video-preview":"max-video-preview:-1"},"canonical":"https:\/\/silkeco.mulberrycollectionvn.com\/vi\/accommodation\/superior-city-view\/","og_locale":"vi_VN","og_type":"article","og_title":"Ph\u00f2ng Superior Quang C\u1ea3nh Th\u00e0nh Ph\u1ed1 - Silk Eco","og_description":"Ph\u00f2ng Superior n\u1ed5i b\u1eadt v\u1edbi t\u00f4ng m\u00e0u \u0111\u1ea5t \u1ea5m \u00e1p. K\u1ebft h\u1ee3p v\u1edbi c\u00e1c chi ti\u1ebft m\u00e0u h\u1ed5 ph\u00e1ch tinh t\u1ebf v\u1edbi b\u1ec1 m\u1eb7t \u0111\u00e1 x\u00e1m, c\u0103n ph\u00f2ng lan t\u1ecfa m\u1ed9t ngu\u1ed3n n\u0103ng l\u01b0\u1ee3ng b\u00ecnh y\u00ean v\u00e0 \u0111\u1ea7y sinh l\u1ef1c. Ph\u00f2ng Superior n\u1ed5i b\u1eadt v\u1edbi t\u00f4ng m\u00e0u \u0111\u1ea5t \u1ea5m \u00e1p. K\u1ebft h\u1ee3p v\u1edbi c\u00e1c chi [&hellip;]","og_url":"https:\/\/silkeco.mulberrycollectionvn.com\/vi\/accommodation\/superior-city-view\/","og_site_name":"Silk Eco","article_modified_time":"2020-11-19T02:04:00+00:00","og_image":[{"width":1280,"height":853,"url":"https:\/\/silkeco.mulberrycollectionvn.com\/wp-content\/uploads\/sites\/152\/2020\/11\/Superior-Twin_1.jpg","type":"image\/jpeg"}],"twitter_card":"summary_large_image","twitter_misc":{"Est. reading time":"1 minute"},"schema":{"@context":"https:\/\/schema.org","@graph":[{"@type":"WebPage","@id":"https:\/\/silkeco.mulberrycollectionvn.com\/vi\/accommodation\/superior-city-view\/","url":"https:\/\/silkeco.mulberrycollectionvn.com\/vi\/accommodation\/superior-city-view\/","name":"Ph\u00f2ng Superior Quang C\u1ea3nh Th\u00e0nh Ph\u1ed1 - Silk Eco","isPartOf":{"@id":"https:\/\/silkeco.mulberrycollectionvn.com\/vi\/#website"},"primaryImageOfPage":{"@id":"https:\/\/silkeco.mulberrycollectionvn.com\/vi\/accommodation\/superior-city-view\/#primaryimage"},"image":{"@id":"https:\/\/silkeco.mulberrycollectionvn.com\/vi\/accommodation\/superior-city-view\/#primaryimage"},"thumbnailUrl":"https:\/\/silkeco.mulberrycollectionvn.com\/wp-content\/uploads\/sites\/152\/2020\/11\/Superior-Twin_1.jpg","datePublished":"2020-11-13T07:46:17+00:00","dateModified":"2020-11-19T02:04:00+00:00","breadcrumb":{"@id":"https:\/\/silkeco.mulberrycollectionvn.com\/vi\/accommodation\/superior-city-view\/#breadcrumb"},"inLanguage":"vi-VN","potentialAction":[{"@type":"ReadAction","target":["https:\/\/silkeco.mulberrycollectionvn.com\/vi\/accommodation\/superior-city-view\/"]}]},{"@type":"ImageObject","inLanguage":"vi-VN","@id":"https:\/\/silkeco.mulberrycollectionvn.com\/vi\/accommodation\/superior-city-view\/#primaryimage","url":"https:\/\/silkeco.mulberrycollectionvn.com\/wp-content\/uploads\/sites\/152\/2020\/11\/Superior-Twin_1.jpg","contentUrl":"https:\/\/silkeco.mulberrycollectionvn.com\/wp-content\/uploads\/sites\/152\/2020\/11\/Superior-Twin_1.jpg","width":1280,"height":853},{"@type":"BreadcrumbList","@id":"https:\/\/silkeco.mulberrycollectionvn.com\/vi\/accommodation\/superior-city-view\/#breadcrumb","itemListElement":[{"@type":"ListItem","position":1,"name":"Home","item":"https:\/\/silkeco.mulberrycollectionvn.com\/vi\/"},{"@type":"ListItem","position":2,"name":"Ph\u00f2ng ngh\u1ec9","item":"https:\/\/silkeco.mulberrycollectionvn.com\/vi\/accommodation\/"},{"@type":"ListItem","position":3,"name":"Ph\u00f2ng Superior Quang C\u1ea3nh Th\u00e0nh Ph\u1ed1"}]},{"@type":"WebSite","@id":"https:\/\/silkeco.mulberrycollectionvn.com\/vi\/#website","url":"https:\/\/silkeco.mulberrycollectionvn.com\/vi\/","name":"Silk Eco","description":"Just another D-EDGE CMS Asia Pacific site","potentialAction":[{"@type":"SearchAction","target":{"@type":"EntryPoint","urlTemplate":"https:\/\/silkeco.mulberrycollectionvn.com\/vi\/?s={search_term_string}"},"query-input":"required name=search_term_string"}],"inLanguage":"vi-VN"}]}},"_links":{"self":[{"href":"https:\/\/silkeco.mulberrycollectionvn.com\/vi\/wp-json\/wp\/v2\/pages\/319"}],"collection":[{"href":"https:\/\/silkeco.mulberrycollectionvn.com\/vi\/wp-json\/wp\/v2\/pages"}],"about":[{"href":"https:\/\/silkeco.mulberrycollectionvn.com\/vi\/wp-json\/wp\/v2\/types\/page"}],"author":[{"embeddable":true,"href":"https:\/\/silkeco.mulberrycollectionvn.com\/vi\/wp-json\/wp\/v2\/users\/124"}],"replies":[{"embeddable":true,"href":"https:\/\/silkeco.mulberrycollectionvn.com\/vi\/wp-json\/wp\/v2\/comments?post=319"}],"version-history":[{"count":0,"href":"https:\/\/silkeco.mulberrycollectionvn.com\/vi\/wp-json\/wp\/v2\/pages\/319\/revisions"}],"up":[{"embeddable":true,"href":"https:\/\/silkeco.mulberrycollectionvn.com\/vi\/wp-json\/wp\/v2\/pages\/235"}],"wp:featuredmedia":[{"embeddable":true,"href":"https:\/\/silkeco.mulberrycollectionvn.com\/vi\/wp-json\/wp\/v2\/media\/168"}],"wp:attachment":[{"href":"https:\/\/silkeco.mulberrycollectionvn.com\/vi\/wp-json\/wp\/v2\/media?parent=319"}],"curies":[{"name":"wp","href":"https:\/\/api.w.org\/{rel}","templated":true}]}}