{"id":310,"date":"2020-11-13T07:17:56","date_gmt":"2020-11-13T07:17:56","guid":{"rendered":"http:\/\/silk-eco.ms.decms.asia\/rooms\/silk-eco-city-view\/"},"modified":"2020-11-19T01:59:07","modified_gmt":"2020-11-19T01:59:07","slug":"silk-eco-city-view","status":"publish","type":"page","link":"https:\/\/silkeco.mulberrycollectionvn.com\/vi\/accommodation\/silk-eco-city-view\/","title":{"rendered":"Ph\u00f2ng Silk Eco Quang C\u1ea3nh Th\u00e0nh Ph\u1ed1"},"content":{"rendered":"<p>Ph\u00f2ng Silk Eco l\u00e0 m\u1ed9t n\u01a1i ngh\u1ec9 d\u01b0\u1ee1ng quy\u1ebfn r\u0169 \u0111\u01b0\u1ee3c t\u00f4 \u0111i\u1ec3m xung quanh b\u1eb1ng nh\u1eefng chi ti\u1ebft b\u1eb1ng g\u1ed7 tinh t\u1ebf. C\u0103n ph\u00f2ng t\u1ea1o n\u00ean m\u1ed9t b\u1ea7u kh\u00f4ng kh\u00ed sang tr\u1ecdng v\u00e0 h\u1ea5p d\u1eabn \u0111em \u0111\u1ebfn s\u1ef1 tho\u1ea3i m\u00e1i tuy\u1ec7t \u0111\u1ed1i. \u0110\u01b0\u1ee3c trang b\u1ecb gi\u01b0\u1eddng c\u1ee1 King, khu v\u1ef1c l\u00e0m vi\u1ec7c r\u1ed9ng r\u00e3i, ph\u00f2ng t\u1eafm ri\u00eang v\u1edbi v\u00f2i c\u00f9ng kh\u00f4ng gian xanh ri\u00eang t\u01b0 t\u1eeb ban c\u00f4ng ri\u00eang c\u1ee7a b\u1ea1n.<\/p>\n","protected":false},"excerpt":{"rendered":"<p>Ph\u00f2ng Silk Eco l\u00e0 m\u1ed9t n\u01a1i ngh\u1ec9 d\u01b0\u1ee1ng quy\u1ebfn r\u0169 \u0111\u01b0\u1ee3c t\u00f4 \u0111i\u1ec3m xung quanh b\u1eb1ng nh\u1eefng chi ti\u1ebft b\u1eb1ng g\u1ed7 tinh t\u1ebf. C\u0103n ph\u00f2ng t\u1ea1o n\u00ean m\u1ed9t b\u1ea7u kh\u00f4ng kh\u00ed sang tr\u1ecdng v\u00e0 h\u1ea5p d\u1eabn \u0111em \u0111\u1ebfn s\u1ef1 tho\u1ea3i m\u00e1i tuy\u1ec7t \u0111\u1ed1i. \u0110\u01b0\u1ee3c trang b\u1ecb gi\u01b0\u1eddng c\u1ee1 King, khu v\u1ef1c l\u00e0m vi\u1ec7c r\u1ed9ng r\u00e3i, [&hellip;]<\/p>\n","protected":false},"author":124,"featured_media":166,"parent":235,"menu_order":0,"comment_status":"closed","ping_status":"closed","template":"template-single-room.php","meta":{"footnotes":""},"yoast_head":"<!-- This site is optimized with the Yoast SEO plugin v22.3 - https:\/\/yoast.com\/wordpress\/plugins\/seo\/ -->\n<title>Ph\u00f2ng Silk Eco Quang C\u1ea3nh Th\u00e0nh Ph\u1ed1 - Silk Eco<\/title>\n<meta name=\"robots\" content=\"index, follow, max-snippet:-1, max-image-preview:large, max-video-preview:-1\" \/>\n<link rel=\"canonical\" href=\"https:\/\/silkeco.mulberrycollectionvn.com\/vi\/accommodation\/silk-eco-city-view\/\" \/>\n<meta property=\"og:locale\" content=\"vi_VN\" \/>\n<meta property=\"og:type\" content=\"article\" \/>\n<meta property=\"og:title\" content=\"Ph\u00f2ng Silk Eco Quang C\u1ea3nh Th\u00e0nh Ph\u1ed1 - Silk Eco\" \/>\n<meta property=\"og:description\" content=\"Ph\u00f2ng Silk Eco l\u00e0 m\u1ed9t n\u01a1i ngh\u1ec9 d\u01b0\u1ee1ng quy\u1ebfn r\u0169 \u0111\u01b0\u1ee3c t\u00f4 \u0111i\u1ec3m xung quanh b\u1eb1ng nh\u1eefng chi ti\u1ebft b\u1eb1ng g\u1ed7 tinh t\u1ebf. C\u0103n ph\u00f2ng t\u1ea1o n\u00ean m\u1ed9t b\u1ea7u kh\u00f4ng kh\u00ed sang tr\u1ecdng v\u00e0 h\u1ea5p d\u1eabn \u0111em \u0111\u1ebfn s\u1ef1 tho\u1ea3i m\u00e1i tuy\u1ec7t \u0111\u1ed1i. \u0110\u01b0\u1ee3c trang b\u1ecb gi\u01b0\u1eddng c\u1ee1 King, khu v\u1ef1c l\u00e0m vi\u1ec7c r\u1ed9ng r\u00e3i, [&hellip;]\" \/>\n<meta property=\"og:url\" content=\"https:\/\/silkeco.mulberrycollectionvn.com\/vi\/accommodation\/silk-eco-city-view\/\" \/>\n<meta property=\"og:site_name\" content=\"Silk Eco\" \/>\n<meta property=\"article:modified_time\" content=\"2020-11-19T01:59:07+00:00\" \/>\n<meta property=\"og:image\" content=\"https:\/\/silkeco.mulberrycollectionvn.com\/wp-content\/uploads\/sites\/152\/2020\/11\/Balcony_2.jpg\" \/>\n\t<meta property=\"og:image:width\" content=\"1280\" \/>\n\t<meta property=\"og:image:height\" content=\"853\" \/>\n\t<meta property=\"og:image:type\" content=\"image\/jpeg\" \/>\n<meta name=\"twitter:card\" content=\"summary_large_image\" \/>\n<meta name=\"twitter:label1\" content=\"Est. reading time\" \/>\n\t<meta name=\"twitter:data1\" content=\"1 minute\" \/>\n<script type=\"application\/ld+json\" class=\"yoast-schema-graph\">{\"@context\":\"https:\/\/schema.org\",\"@graph\":[{\"@type\":\"WebPage\",\"@id\":\"https:\/\/silkeco.mulberrycollectionvn.com\/vi\/accommodation\/silk-eco-city-view\/\",\"url\":\"https:\/\/silkeco.mulberrycollectionvn.com\/vi\/accommodation\/silk-eco-city-view\/\",\"name\":\"Ph\u00f2ng Silk Eco Quang C\u1ea3nh Th\u00e0nh Ph\u1ed1 - Silk Eco\",\"isPartOf\":{\"@id\":\"https:\/\/silkeco.mulberrycollectionvn.com\/vi\/#website\"},\"primaryImageOfPage\":{\"@id\":\"https:\/\/silkeco.mulberrycollectionvn.com\/vi\/accommodation\/silk-eco-city-view\/#primaryimage\"},\"image\":{\"@id\":\"https:\/\/silkeco.mulberrycollectionvn.com\/vi\/accommodation\/silk-eco-city-view\/#primaryimage\"},\"thumbnailUrl\":\"https:\/\/silkeco.mulberrycollectionvn.com\/wp-content\/uploads\/sites\/152\/2020\/11\/Balcony_2.jpg\",\"datePublished\":\"2020-11-13T07:17:56+00:00\",\"dateModified\":\"2020-11-19T01:59:07+00:00\",\"breadcrumb\":{\"@id\":\"https:\/\/silkeco.mulberrycollectionvn.com\/vi\/accommodation\/silk-eco-city-view\/#breadcrumb\"},\"inLanguage\":\"vi-VN\",\"potentialAction\":[{\"@type\":\"ReadAction\",\"target\":[\"https:\/\/silkeco.mulberrycollectionvn.com\/vi\/accommodation\/silk-eco-city-view\/\"]}]},{\"@type\":\"ImageObject\",\"inLanguage\":\"vi-VN\",\"@id\":\"https:\/\/silkeco.mulberrycollectionvn.com\/vi\/accommodation\/silk-eco-city-view\/#primaryimage\",\"url\":\"https:\/\/silkeco.mulberrycollectionvn.com\/wp-content\/uploads\/sites\/152\/2020\/11\/Balcony_2.jpg\",\"contentUrl\":\"https:\/\/silkeco.mulberrycollectionvn.com\/wp-content\/uploads\/sites\/152\/2020\/11\/Balcony_2.jpg\",\"width\":1280,\"height\":853},{\"@type\":\"BreadcrumbList\",\"@id\":\"https:\/\/silkeco.mulberrycollectionvn.com\/vi\/accommodation\/silk-eco-city-view\/#breadcrumb\",\"itemListElement\":[{\"@type\":\"ListItem\",\"position\":1,\"name\":\"Home\",\"item\":\"https:\/\/silkeco.mulberrycollectionvn.com\/vi\/\"},{\"@type\":\"ListItem\",\"position\":2,\"name\":\"Ph\u00f2ng ngh\u1ec9\",\"item\":\"https:\/\/silkeco.mulberrycollectionvn.com\/vi\/accommodation\/\"},{\"@type\":\"ListItem\",\"position\":3,\"name\":\"Ph\u00f2ng Silk Eco Quang C\u1ea3nh Th\u00e0nh Ph\u1ed1\"}]},{\"@type\":\"WebSite\",\"@id\":\"https:\/\/silkeco.mulberrycollectionvn.com\/vi\/#website\",\"url\":\"https:\/\/silkeco.mulberrycollectionvn.com\/vi\/\",\"name\":\"Silk Eco\",\"description\":\"Just another D-EDGE CMS Asia Pacific site\",\"potentialAction\":[{\"@type\":\"SearchAction\",\"target\":{\"@type\":\"EntryPoint\",\"urlTemplate\":\"https:\/\/silkeco.mulberrycollectionvn.com\/vi\/?s={search_term_string}\"},\"query-input\":\"required name=search_term_string\"}],\"inLanguage\":\"vi-VN\"}]}<\/script>\n<!-- \/ Yoast SEO plugin. -->","yoast_head_json":{"title":"Ph\u00f2ng Silk Eco Quang C\u1ea3nh Th\u00e0nh Ph\u1ed1 - Silk Eco","robots":{"index":"index","follow":"follow","max-snippet":"max-snippet:-1","max-image-preview":"max-image-preview:large","max-video-preview":"max-video-preview:-1"},"canonical":"https:\/\/silkeco.mulberrycollectionvn.com\/vi\/accommodation\/silk-eco-city-view\/","og_locale":"vi_VN","og_type":"article","og_title":"Ph\u00f2ng Silk Eco Quang C\u1ea3nh Th\u00e0nh Ph\u1ed1 - Silk Eco","og_description":"Ph\u00f2ng Silk Eco l\u00e0 m\u1ed9t n\u01a1i ngh\u1ec9 d\u01b0\u1ee1ng quy\u1ebfn r\u0169 \u0111\u01b0\u1ee3c t\u00f4 \u0111i\u1ec3m xung quanh b\u1eb1ng nh\u1eefng chi ti\u1ebft b\u1eb1ng g\u1ed7 tinh t\u1ebf. C\u0103n ph\u00f2ng t\u1ea1o n\u00ean m\u1ed9t b\u1ea7u kh\u00f4ng kh\u00ed sang tr\u1ecdng v\u00e0 h\u1ea5p d\u1eabn \u0111em \u0111\u1ebfn s\u1ef1 tho\u1ea3i m\u00e1i tuy\u1ec7t \u0111\u1ed1i. \u0110\u01b0\u1ee3c trang b\u1ecb gi\u01b0\u1eddng c\u1ee1 King, khu v\u1ef1c l\u00e0m vi\u1ec7c r\u1ed9ng r\u00e3i, [&hellip;]","og_url":"https:\/\/silkeco.mulberrycollectionvn.com\/vi\/accommodation\/silk-eco-city-view\/","og_site_name":"Silk Eco","article_modified_time":"2020-11-19T01:59:07+00:00","og_image":[{"width":1280,"height":853,"url":"https:\/\/silkeco.mulberrycollectionvn.com\/wp-content\/uploads\/sites\/152\/2020\/11\/Balcony_2.jpg","type":"image\/jpeg"}],"twitter_card":"summary_large_image","twitter_misc":{"Est. reading time":"1 minute"},"schema":{"@context":"https:\/\/schema.org","@graph":[{"@type":"WebPage","@id":"https:\/\/silkeco.mulberrycollectionvn.com\/vi\/accommodation\/silk-eco-city-view\/","url":"https:\/\/silkeco.mulberrycollectionvn.com\/vi\/accommodation\/silk-eco-city-view\/","name":"Ph\u00f2ng Silk Eco Quang C\u1ea3nh Th\u00e0nh Ph\u1ed1 - Silk Eco","isPartOf":{"@id":"https:\/\/silkeco.mulberrycollectionvn.com\/vi\/#website"},"primaryImageOfPage":{"@id":"https:\/\/silkeco.mulberrycollectionvn.com\/vi\/accommodation\/silk-eco-city-view\/#primaryimage"},"image":{"@id":"https:\/\/silkeco.mulberrycollectionvn.com\/vi\/accommodation\/silk-eco-city-view\/#primaryimage"},"thumbnailUrl":"https:\/\/silkeco.mulberrycollectionvn.com\/wp-content\/uploads\/sites\/152\/2020\/11\/Balcony_2.jpg","datePublished":"2020-11-13T07:17:56+00:00","dateModified":"2020-11-19T01:59:07+00:00","breadcrumb":{"@id":"https:\/\/silkeco.mulberrycollectionvn.com\/vi\/accommodation\/silk-eco-city-view\/#breadcrumb"},"inLanguage":"vi-VN","potentialAction":[{"@type":"ReadAction","target":["https:\/\/silkeco.mulberrycollectionvn.com\/vi\/accommodation\/silk-eco-city-view\/"]}]},{"@type":"ImageObject","inLanguage":"vi-VN","@id":"https:\/\/silkeco.mulberrycollectionvn.com\/vi\/accommodation\/silk-eco-city-view\/#primaryimage","url":"https:\/\/silkeco.mulberrycollectionvn.com\/wp-content\/uploads\/sites\/152\/2020\/11\/Balcony_2.jpg","contentUrl":"https:\/\/silkeco.mulberrycollectionvn.com\/wp-content\/uploads\/sites\/152\/2020\/11\/Balcony_2.jpg","width":1280,"height":853},{"@type":"BreadcrumbList","@id":"https:\/\/silkeco.mulberrycollectionvn.com\/vi\/accommodation\/silk-eco-city-view\/#breadcrumb","itemListElement":[{"@type":"ListItem","position":1,"name":"Home","item":"https:\/\/silkeco.mulberrycollectionvn.com\/vi\/"},{"@type":"ListItem","position":2,"name":"Ph\u00f2ng ngh\u1ec9","item":"https:\/\/silkeco.mulberrycollectionvn.com\/vi\/accommodation\/"},{"@type":"ListItem","position":3,"name":"Ph\u00f2ng Silk Eco Quang C\u1ea3nh Th\u00e0nh Ph\u1ed1"}]},{"@type":"WebSite","@id":"https:\/\/silkeco.mulberrycollectionvn.com\/vi\/#website","url":"https:\/\/silkeco.mulberrycollectionvn.com\/vi\/","name":"Silk Eco","description":"Just another D-EDGE CMS Asia Pacific site","potentialAction":[{"@type":"SearchAction","target":{"@type":"EntryPoint","urlTemplate":"https:\/\/silkeco.mulberrycollectionvn.com\/vi\/?s={search_term_string}"},"query-input":"required name=search_term_string"}],"inLanguage":"vi-VN"}]}},"_links":{"self":[{"href":"https:\/\/silkeco.mulberrycollectionvn.com\/vi\/wp-json\/wp\/v2\/pages\/310"}],"collection":[{"href":"https:\/\/silkeco.mulberrycollectionvn.com\/vi\/wp-json\/wp\/v2\/pages"}],"about":[{"href":"https:\/\/silkeco.mulberrycollectionvn.com\/vi\/wp-json\/wp\/v2\/types\/page"}],"author":[{"embeddable":true,"href":"https:\/\/silkeco.mulberrycollectionvn.com\/vi\/wp-json\/wp\/v2\/users\/124"}],"replies":[{"embeddable":true,"href":"https:\/\/silkeco.mulberrycollectionvn.com\/vi\/wp-json\/wp\/v2\/comments?post=310"}],"version-history":[{"count":0,"href":"https:\/\/silkeco.mulberrycollectionvn.com\/vi\/wp-json\/wp\/v2\/pages\/310\/revisions"}],"up":[{"embeddable":true,"href":"https:\/\/silkeco.mulberrycollectionvn.com\/vi\/wp-json\/wp\/v2\/pages\/235"}],"wp:featuredmedia":[{"embeddable":true,"href":"https:\/\/silkeco.mulberrycollectionvn.com\/vi\/wp-json\/wp\/v2\/media\/166"}],"wp:attachment":[{"href":"https:\/\/silkeco.mulberrycollectionvn.com\/vi\/wp-json\/wp\/v2\/media?parent=310"}],"curies":[{"name":"wp","href":"https:\/\/api.w.org\/{rel}","templated":true}]}}