{"id":300,"date":"2020-11-13T06:43:32","date_gmt":"2020-11-13T06:43:32","guid":{"rendered":"http:\/\/silk-eco.ms.decms.asia\/rooms\/pool-view-family-suite\/"},"modified":"2021-01-12T06:26:17","modified_gmt":"2021-01-12T06:26:17","slug":"pool-view-family-suite","status":"publish","type":"page","link":"https:\/\/silkeco.mulberrycollectionvn.com\/vi\/accommodation\/pool-view-family-suite\/","title":{"rendered":"Ph\u00f2ng Suite Gia \u0110\u00ecnh H\u01b0\u1edbng H\u1ed3 B\u01a1i"},"content":{"rendered":"<p>Ph\u00f2ng Suite Gia \u0110\u00ecnh l\u00e0 ph\u00f2ng ngh\u1ec9 ho\u00e0n h\u1ea3o \u0111\u1ec3 b\u1ea1n l\u01b0u gi\u1eef v\u00e0 t\u1eadn h\u01b0\u1edfng th\u1eddi gian c\u00f9ng nh\u1eefng ng\u01b0\u1eddi th\u00e2n y\u00eau c\u1ee7a b\u1ea1n. \u0110\u01b0\u1ee3c trang tr\u00ed b\u1eb1ng nh\u1eefng chi ti\u1ebft g\u1ed7 trang nh\u00e3 v\u1edbi t\u00f4ng m\u00e0u t\u1ef1 nhi\u00ean, kh\u00f4ng gian r\u1ed9ng r\u00e3i t\u1ed1i gi\u00e3n, \u1ea5m c\u00fang v\u00e0 thanh b\u00ecnh. V\u1edbi l\u1ef1a ch\u1ecdn gi\u01b0\u1eddng c\u1ee1 King ho\u1eb7c 2 gi\u01b0\u1eddng \u0111\u01a1n, ph\u00f2ng kh\u00e1ch ri\u00eang, ph\u00f2ng t\u1eafm ri\u00eang v\u1edbi v\u00f2i sen v\u00e0 b\u1ed3n t\u1eafm c\u00f9ng ban c\u00f4ng ri\u00eang nh\u00ecn ra h\u1ed3 b\u01a1i.<\/p>\n","protected":false},"excerpt":{"rendered":"<p>Ph\u00f2ng Suite Gia \u0110\u00ecnh l\u00e0 ph\u00f2ng ngh\u1ec9 ho\u00e0n h\u1ea3o \u0111\u1ec3 b\u1ea1n l\u01b0u gi\u1eef v\u00e0 t\u1eadn h\u01b0\u1edfng th\u1eddi gian c\u00f9ng nh\u1eefng ng\u01b0\u1eddi th\u00e2n y\u00eau c\u1ee7a b\u1ea1n. \u0110\u01b0\u1ee3c trang tr\u00ed b\u1eb1ng nh\u1eefng chi ti\u1ebft g\u1ed7 trang nh\u00e3 v\u1edbi t\u00f4ng m\u00e0u t\u1ef1 nhi\u00ean, kh\u00f4ng gian r\u1ed9ng r\u00e3i t\u1ed1i gi\u00e3n, \u1ea5m c\u00fang v\u00e0 thanh b\u00ecnh. V\u1edbi l\u1ef1a ch\u1ecdn gi\u01b0\u1eddng [&hellip;]<\/p>\n","protected":false},"author":124,"featured_media":164,"parent":235,"menu_order":0,"comment_status":"closed","ping_status":"closed","template":"template-single-room.php","meta":{"footnotes":""},"yoast_head":"<!-- This site is optimized with the Yoast SEO plugin v22.3 - https:\/\/yoast.com\/wordpress\/plugins\/seo\/ -->\n<title>Ph\u00f2ng Suite Gia \u0110\u00ecnh H\u01b0\u1edbng H\u1ed3 B\u01a1i - Silk Eco<\/title>\n<meta name=\"robots\" content=\"index, follow, max-snippet:-1, max-image-preview:large, max-video-preview:-1\" \/>\n<link rel=\"canonical\" href=\"https:\/\/silkeco.mulberrycollectionvn.com\/vi\/accommodation\/pool-view-family-suite\/\" \/>\n<meta property=\"og:locale\" content=\"vi_VN\" \/>\n<meta property=\"og:type\" content=\"article\" \/>\n<meta property=\"og:title\" content=\"Ph\u00f2ng Suite Gia \u0110\u00ecnh H\u01b0\u1edbng H\u1ed3 B\u01a1i - Silk Eco\" \/>\n<meta property=\"og:description\" content=\"Ph\u00f2ng Suite Gia \u0110\u00ecnh l\u00e0 ph\u00f2ng ngh\u1ec9 ho\u00e0n h\u1ea3o \u0111\u1ec3 b\u1ea1n l\u01b0u gi\u1eef v\u00e0 t\u1eadn h\u01b0\u1edfng th\u1eddi gian c\u00f9ng nh\u1eefng ng\u01b0\u1eddi th\u00e2n y\u00eau c\u1ee7a b\u1ea1n. \u0110\u01b0\u1ee3c trang tr\u00ed b\u1eb1ng nh\u1eefng chi ti\u1ebft g\u1ed7 trang nh\u00e3 v\u1edbi t\u00f4ng m\u00e0u t\u1ef1 nhi\u00ean, kh\u00f4ng gian r\u1ed9ng r\u00e3i t\u1ed1i gi\u00e3n, \u1ea5m c\u00fang v\u00e0 thanh b\u00ecnh. V\u1edbi l\u1ef1a ch\u1ecdn gi\u01b0\u1eddng [&hellip;]\" \/>\n<meta property=\"og:url\" content=\"https:\/\/silkeco.mulberrycollectionvn.com\/vi\/accommodation\/pool-view-family-suite\/\" \/>\n<meta property=\"og:site_name\" content=\"Silk Eco\" \/>\n<meta property=\"article:modified_time\" content=\"2021-01-12T06:26:17+00:00\" \/>\n<meta property=\"og:image\" content=\"https:\/\/silkeco.mulberrycollectionvn.com\/wp-content\/uploads\/sites\/152\/2020\/11\/Family-room_2-1.jpg\" \/>\n\t<meta property=\"og:image:width\" content=\"840\" \/>\n\t<meta property=\"og:image:height\" content=\"460\" \/>\n\t<meta property=\"og:image:type\" content=\"image\/jpeg\" \/>\n<meta name=\"twitter:card\" content=\"summary_large_image\" \/>\n<meta name=\"twitter:label1\" content=\"Est. reading time\" \/>\n\t<meta name=\"twitter:data1\" content=\"1 minute\" \/>\n<script type=\"application\/ld+json\" class=\"yoast-schema-graph\">{\"@context\":\"https:\/\/schema.org\",\"@graph\":[{\"@type\":\"WebPage\",\"@id\":\"https:\/\/silkeco.mulberrycollectionvn.com\/vi\/accommodation\/pool-view-family-suite\/\",\"url\":\"https:\/\/silkeco.mulberrycollectionvn.com\/vi\/accommodation\/pool-view-family-suite\/\",\"name\":\"Ph\u00f2ng Suite Gia \u0110\u00ecnh H\u01b0\u1edbng H\u1ed3 B\u01a1i - Silk Eco\",\"isPartOf\":{\"@id\":\"https:\/\/silkeco.mulberrycollectionvn.com\/vi\/#website\"},\"primaryImageOfPage\":{\"@id\":\"https:\/\/silkeco.mulberrycollectionvn.com\/vi\/accommodation\/pool-view-family-suite\/#primaryimage\"},\"image\":{\"@id\":\"https:\/\/silkeco.mulberrycollectionvn.com\/vi\/accommodation\/pool-view-family-suite\/#primaryimage\"},\"thumbnailUrl\":\"https:\/\/silkeco.mulberrycollectionvn.com\/wp-content\/uploads\/sites\/152\/2020\/11\/Family-room_2-1.jpg\",\"datePublished\":\"2020-11-13T06:43:32+00:00\",\"dateModified\":\"2021-01-12T06:26:17+00:00\",\"breadcrumb\":{\"@id\":\"https:\/\/silkeco.mulberrycollectionvn.com\/vi\/accommodation\/pool-view-family-suite\/#breadcrumb\"},\"inLanguage\":\"vi-VN\",\"potentialAction\":[{\"@type\":\"ReadAction\",\"target\":[\"https:\/\/silkeco.mulberrycollectionvn.com\/vi\/accommodation\/pool-view-family-suite\/\"]}]},{\"@type\":\"ImageObject\",\"inLanguage\":\"vi-VN\",\"@id\":\"https:\/\/silkeco.mulberrycollectionvn.com\/vi\/accommodation\/pool-view-family-suite\/#primaryimage\",\"url\":\"https:\/\/silkeco.mulberrycollectionvn.com\/wp-content\/uploads\/sites\/152\/2020\/11\/Family-room_2-1.jpg\",\"contentUrl\":\"https:\/\/silkeco.mulberrycollectionvn.com\/wp-content\/uploads\/sites\/152\/2020\/11\/Family-room_2-1.jpg\",\"width\":840,\"height\":460},{\"@type\":\"BreadcrumbList\",\"@id\":\"https:\/\/silkeco.mulberrycollectionvn.com\/vi\/accommodation\/pool-view-family-suite\/#breadcrumb\",\"itemListElement\":[{\"@type\":\"ListItem\",\"position\":1,\"name\":\"Home\",\"item\":\"https:\/\/silkeco.mulberrycollectionvn.com\/vi\/\"},{\"@type\":\"ListItem\",\"position\":2,\"name\":\"Ph\u00f2ng ngh\u1ec9\",\"item\":\"https:\/\/silkeco.mulberrycollectionvn.com\/vi\/accommodation\/\"},{\"@type\":\"ListItem\",\"position\":3,\"name\":\"Ph\u00f2ng Suite Gia \u0110\u00ecnh H\u01b0\u1edbng H\u1ed3 B\u01a1i\"}]},{\"@type\":\"WebSite\",\"@id\":\"https:\/\/silkeco.mulberrycollectionvn.com\/vi\/#website\",\"url\":\"https:\/\/silkeco.mulberrycollectionvn.com\/vi\/\",\"name\":\"Silk Eco\",\"description\":\"Just another D-EDGE CMS Asia Pacific site\",\"potentialAction\":[{\"@type\":\"SearchAction\",\"target\":{\"@type\":\"EntryPoint\",\"urlTemplate\":\"https:\/\/silkeco.mulberrycollectionvn.com\/vi\/?s={search_term_string}\"},\"query-input\":\"required name=search_term_string\"}],\"inLanguage\":\"vi-VN\"}]}<\/script>\n<!-- \/ Yoast SEO plugin. -->","yoast_head_json":{"title":"Ph\u00f2ng Suite Gia \u0110\u00ecnh H\u01b0\u1edbng H\u1ed3 B\u01a1i - Silk Eco","robots":{"index":"index","follow":"follow","max-snippet":"max-snippet:-1","max-image-preview":"max-image-preview:large","max-video-preview":"max-video-preview:-1"},"canonical":"https:\/\/silkeco.mulberrycollectionvn.com\/vi\/accommodation\/pool-view-family-suite\/","og_locale":"vi_VN","og_type":"article","og_title":"Ph\u00f2ng Suite Gia \u0110\u00ecnh H\u01b0\u1edbng H\u1ed3 B\u01a1i - Silk Eco","og_description":"Ph\u00f2ng Suite Gia \u0110\u00ecnh l\u00e0 ph\u00f2ng ngh\u1ec9 ho\u00e0n h\u1ea3o \u0111\u1ec3 b\u1ea1n l\u01b0u gi\u1eef v\u00e0 t\u1eadn h\u01b0\u1edfng th\u1eddi gian c\u00f9ng nh\u1eefng ng\u01b0\u1eddi th\u00e2n y\u00eau c\u1ee7a b\u1ea1n. \u0110\u01b0\u1ee3c trang tr\u00ed b\u1eb1ng nh\u1eefng chi ti\u1ebft g\u1ed7 trang nh\u00e3 v\u1edbi t\u00f4ng m\u00e0u t\u1ef1 nhi\u00ean, kh\u00f4ng gian r\u1ed9ng r\u00e3i t\u1ed1i gi\u00e3n, \u1ea5m c\u00fang v\u00e0 thanh b\u00ecnh. V\u1edbi l\u1ef1a ch\u1ecdn gi\u01b0\u1eddng [&hellip;]","og_url":"https:\/\/silkeco.mulberrycollectionvn.com\/vi\/accommodation\/pool-view-family-suite\/","og_site_name":"Silk Eco","article_modified_time":"2021-01-12T06:26:17+00:00","og_image":[{"width":840,"height":460,"url":"https:\/\/silkeco.mulberrycollectionvn.com\/wp-content\/uploads\/sites\/152\/2020\/11\/Family-room_2-1.jpg","type":"image\/jpeg"}],"twitter_card":"summary_large_image","twitter_misc":{"Est. reading time":"1 minute"},"schema":{"@context":"https:\/\/schema.org","@graph":[{"@type":"WebPage","@id":"https:\/\/silkeco.mulberrycollectionvn.com\/vi\/accommodation\/pool-view-family-suite\/","url":"https:\/\/silkeco.mulberrycollectionvn.com\/vi\/accommodation\/pool-view-family-suite\/","name":"Ph\u00f2ng Suite Gia \u0110\u00ecnh H\u01b0\u1edbng H\u1ed3 B\u01a1i - Silk Eco","isPartOf":{"@id":"https:\/\/silkeco.mulberrycollectionvn.com\/vi\/#website"},"primaryImageOfPage":{"@id":"https:\/\/silkeco.mulberrycollectionvn.com\/vi\/accommodation\/pool-view-family-suite\/#primaryimage"},"image":{"@id":"https:\/\/silkeco.mulberrycollectionvn.com\/vi\/accommodation\/pool-view-family-suite\/#primaryimage"},"thumbnailUrl":"https:\/\/silkeco.mulberrycollectionvn.com\/wp-content\/uploads\/sites\/152\/2020\/11\/Family-room_2-1.jpg","datePublished":"2020-11-13T06:43:32+00:00","dateModified":"2021-01-12T06:26:17+00:00","breadcrumb":{"@id":"https:\/\/silkeco.mulberrycollectionvn.com\/vi\/accommodation\/pool-view-family-suite\/#breadcrumb"},"inLanguage":"vi-VN","potentialAction":[{"@type":"ReadAction","target":["https:\/\/silkeco.mulberrycollectionvn.com\/vi\/accommodation\/pool-view-family-suite\/"]}]},{"@type":"ImageObject","inLanguage":"vi-VN","@id":"https:\/\/silkeco.mulberrycollectionvn.com\/vi\/accommodation\/pool-view-family-suite\/#primaryimage","url":"https:\/\/silkeco.mulberrycollectionvn.com\/wp-content\/uploads\/sites\/152\/2020\/11\/Family-room_2-1.jpg","contentUrl":"https:\/\/silkeco.mulberrycollectionvn.com\/wp-content\/uploads\/sites\/152\/2020\/11\/Family-room_2-1.jpg","width":840,"height":460},{"@type":"BreadcrumbList","@id":"https:\/\/silkeco.mulberrycollectionvn.com\/vi\/accommodation\/pool-view-family-suite\/#breadcrumb","itemListElement":[{"@type":"ListItem","position":1,"name":"Home","item":"https:\/\/silkeco.mulberrycollectionvn.com\/vi\/"},{"@type":"ListItem","position":2,"name":"Ph\u00f2ng ngh\u1ec9","item":"https:\/\/silkeco.mulberrycollectionvn.com\/vi\/accommodation\/"},{"@type":"ListItem","position":3,"name":"Ph\u00f2ng Suite Gia \u0110\u00ecnh H\u01b0\u1edbng H\u1ed3 B\u01a1i"}]},{"@type":"WebSite","@id":"https:\/\/silkeco.mulberrycollectionvn.com\/vi\/#website","url":"https:\/\/silkeco.mulberrycollectionvn.com\/vi\/","name":"Silk Eco","description":"Just another D-EDGE CMS Asia Pacific site","potentialAction":[{"@type":"SearchAction","target":{"@type":"EntryPoint","urlTemplate":"https:\/\/silkeco.mulberrycollectionvn.com\/vi\/?s={search_term_string}"},"query-input":"required name=search_term_string"}],"inLanguage":"vi-VN"}]}},"_links":{"self":[{"href":"https:\/\/silkeco.mulberrycollectionvn.com\/vi\/wp-json\/wp\/v2\/pages\/300"}],"collection":[{"href":"https:\/\/silkeco.mulberrycollectionvn.com\/vi\/wp-json\/wp\/v2\/pages"}],"about":[{"href":"https:\/\/silkeco.mulberrycollectionvn.com\/vi\/wp-json\/wp\/v2\/types\/page"}],"author":[{"embeddable":true,"href":"https:\/\/silkeco.mulberrycollectionvn.com\/vi\/wp-json\/wp\/v2\/users\/124"}],"replies":[{"embeddable":true,"href":"https:\/\/silkeco.mulberrycollectionvn.com\/vi\/wp-json\/wp\/v2\/comments?post=300"}],"version-history":[{"count":0,"href":"https:\/\/silkeco.mulberrycollectionvn.com\/vi\/wp-json\/wp\/v2\/pages\/300\/revisions"}],"up":[{"embeddable":true,"href":"https:\/\/silkeco.mulberrycollectionvn.com\/vi\/wp-json\/wp\/v2\/pages\/235"}],"wp:featuredmedia":[{"embeddable":true,"href":"https:\/\/silkeco.mulberrycollectionvn.com\/vi\/wp-json\/wp\/v2\/media\/164"}],"wp:attachment":[{"href":"https:\/\/silkeco.mulberrycollectionvn.com\/vi\/wp-json\/wp\/v2\/media?parent=300"}],"curies":[{"name":"wp","href":"https:\/\/api.w.org\/{rel}","templated":true}]}}