{"id":287,"date":"2020-11-13T07:01:01","date_gmt":"2020-11-13T07:01:01","guid":{"rendered":"http:\/\/silk-eco.ms.decms.asia\/rooms\/pool-or-garden-view-suite\/"},"modified":"2021-01-12T06:28:38","modified_gmt":"2021-01-12T06:28:38","slug":"pool-or-garden-view-suite","status":"publish","type":"page","link":"https:\/\/silkeco.mulberrycollectionvn.com\/vi\/accommodation\/pool-or-garden-view-suite\/","title":{"rendered":"Ph\u00f2ng Suite Gia \u0110\u00ecnh H\u01b0\u1edbng H\u1ed3 B\u01a1i\/V\u01b0\u1eddn"},"content":{"rendered":"<p>Ph\u00f2ng Suite l\u00e0 m\u1ed9t l\u1ef1a ch\u1ecdn l\u00fd t\u01b0\u1edfng \u0111\u1ec3 th\u01b0 gi\u00e3n v\u00e0 g\u1ea7n g\u0169i v\u1edbi thi\u00ean nhi\u00ean. \u0110\u01b0\u1ee3c bao b\u1ecdc trong kh\u00f4ng gian thi\u00ean nhi\u00ean xanh m\u00e1t, m\u00f4i tr\u01b0\u1eddng h\u00e0i h\u00f2a \u0111\u01b0\u1ee3c thi\u1ebft k\u1ebf t\u1ea1o n\u00ean nh\u1eefng ph\u00fat gi\u00e2y th\u01b0 gi\u00e3n \u00eam \u00e1i. \u0110\u01b0\u1ee3c b\u1ed1 tr\u00ed t\u1ec9 m\u1ec9 gi\u01b0\u1eddng c\u1ee1 King, ph\u00f2ng kh\u00e1ch ri\u00eang bi\u1ec7t, ph\u00f2ng t\u1eafm ri\u00eang v\u1edbi v\u00f2i sen v\u00e0 b\u1ed3n t\u1eafm v\u00e0 t\u1ea7m nh\u00ecn tuy\u1ec7t \u0111\u1eb9p ra h\u1ed3 b\u01a1i ho\u1eb7c khu v\u01b0\u1eddn nh\u00ecn t\u1eeb ban c\u00f4ng ri\u00eang<\/p>\n","protected":false},"excerpt":{"rendered":"<p>Ph\u00f2ng Suite l\u00e0 m\u1ed9t l\u1ef1a ch\u1ecdn l\u00fd t\u01b0\u1edfng \u0111\u1ec3 th\u01b0 gi\u00e3n v\u00e0 g\u1ea7n g\u0169i v\u1edbi thi\u00ean nhi\u00ean. \u0110\u01b0\u1ee3c bao b\u1ecdc trong kh\u00f4ng gian thi\u00ean nhi\u00ean xanh m\u00e1t, m\u00f4i tr\u01b0\u1eddng h\u00e0i h\u00f2a \u0111\u01b0\u1ee3c thi\u1ebft k\u1ebf t\u1ea1o n\u00ean nh\u1eefng ph\u00fat gi\u00e2y th\u01b0 gi\u00e3n \u00eam \u00e1i. \u0110\u01b0\u1ee3c b\u1ed1 tr\u00ed t\u1ec9 m\u1ec9 gi\u01b0\u1eddng c\u1ee1 King, ph\u00f2ng kh\u00e1ch ri\u00eang bi\u1ec7t, [&hellip;]<\/p>\n","protected":false},"author":124,"featured_media":417,"parent":235,"menu_order":0,"comment_status":"closed","ping_status":"closed","template":"template-single-room.php","meta":{"footnotes":""},"yoast_head":"<!-- This site is optimized with the Yoast SEO plugin v22.3 - https:\/\/yoast.com\/wordpress\/plugins\/seo\/ -->\n<title>Ph\u00f2ng Suite Gia \u0110\u00ecnh H\u01b0\u1edbng H\u1ed3 B\u01a1i\/V\u01b0\u1eddn - Silk Eco<\/title>\n<meta name=\"robots\" content=\"index, follow, max-snippet:-1, max-image-preview:large, max-video-preview:-1\" \/>\n<link rel=\"canonical\" href=\"https:\/\/silkeco.mulberrycollectionvn.com\/vi\/accommodation\/pool-or-garden-view-suite\/\" \/>\n<meta property=\"og:locale\" content=\"vi_VN\" \/>\n<meta property=\"og:type\" content=\"article\" \/>\n<meta property=\"og:title\" content=\"Ph\u00f2ng Suite Gia \u0110\u00ecnh H\u01b0\u1edbng H\u1ed3 B\u01a1i\/V\u01b0\u1eddn - Silk Eco\" \/>\n<meta property=\"og:description\" content=\"Ph\u00f2ng Suite l\u00e0 m\u1ed9t l\u1ef1a ch\u1ecdn l\u00fd t\u01b0\u1edfng \u0111\u1ec3 th\u01b0 gi\u00e3n v\u00e0 g\u1ea7n g\u0169i v\u1edbi thi\u00ean nhi\u00ean. \u0110\u01b0\u1ee3c bao b\u1ecdc trong kh\u00f4ng gian thi\u00ean nhi\u00ean xanh m\u00e1t, m\u00f4i tr\u01b0\u1eddng h\u00e0i h\u00f2a \u0111\u01b0\u1ee3c thi\u1ebft k\u1ebf t\u1ea1o n\u00ean nh\u1eefng ph\u00fat gi\u00e2y th\u01b0 gi\u00e3n \u00eam \u00e1i. \u0110\u01b0\u1ee3c b\u1ed1 tr\u00ed t\u1ec9 m\u1ec9 gi\u01b0\u1eddng c\u1ee1 King, ph\u00f2ng kh\u00e1ch ri\u00eang bi\u1ec7t, [&hellip;]\" \/>\n<meta property=\"og:url\" content=\"https:\/\/silkeco.mulberrycollectionvn.com\/vi\/accommodation\/pool-or-garden-view-suite\/\" \/>\n<meta property=\"og:site_name\" content=\"Silk Eco\" \/>\n<meta property=\"article:modified_time\" content=\"2021-01-12T06:28:38+00:00\" \/>\n<meta property=\"og:image\" content=\"https:\/\/silkeco.mulberrycollectionvn.com\/wp-content\/uploads\/sites\/152\/2020\/12\/Suite-pool.jpg\" \/>\n\t<meta property=\"og:image:width\" content=\"1280\" \/>\n\t<meta property=\"og:image:height\" content=\"838\" \/>\n\t<meta property=\"og:image:type\" content=\"image\/jpeg\" \/>\n<meta name=\"twitter:card\" content=\"summary_large_image\" \/>\n<meta name=\"twitter:label1\" content=\"Est. reading time\" \/>\n\t<meta name=\"twitter:data1\" content=\"1 minute\" \/>\n<script type=\"application\/ld+json\" class=\"yoast-schema-graph\">{\"@context\":\"https:\/\/schema.org\",\"@graph\":[{\"@type\":\"WebPage\",\"@id\":\"https:\/\/silkeco.mulberrycollectionvn.com\/vi\/accommodation\/pool-or-garden-view-suite\/\",\"url\":\"https:\/\/silkeco.mulberrycollectionvn.com\/vi\/accommodation\/pool-or-garden-view-suite\/\",\"name\":\"Ph\u00f2ng Suite Gia \u0110\u00ecnh H\u01b0\u1edbng H\u1ed3 B\u01a1i\/V\u01b0\u1eddn - Silk Eco\",\"isPartOf\":{\"@id\":\"https:\/\/silkeco.mulberrycollectionvn.com\/vi\/#website\"},\"primaryImageOfPage\":{\"@id\":\"https:\/\/silkeco.mulberrycollectionvn.com\/vi\/accommodation\/pool-or-garden-view-suite\/#primaryimage\"},\"image\":{\"@id\":\"https:\/\/silkeco.mulberrycollectionvn.com\/vi\/accommodation\/pool-or-garden-view-suite\/#primaryimage\"},\"thumbnailUrl\":\"https:\/\/silkeco.mulberrycollectionvn.com\/wp-content\/uploads\/sites\/152\/2020\/12\/Suite-pool.jpg\",\"datePublished\":\"2020-11-13T07:01:01+00:00\",\"dateModified\":\"2021-01-12T06:28:38+00:00\",\"breadcrumb\":{\"@id\":\"https:\/\/silkeco.mulberrycollectionvn.com\/vi\/accommodation\/pool-or-garden-view-suite\/#breadcrumb\"},\"inLanguage\":\"vi-VN\",\"potentialAction\":[{\"@type\":\"ReadAction\",\"target\":[\"https:\/\/silkeco.mulberrycollectionvn.com\/vi\/accommodation\/pool-or-garden-view-suite\/\"]}]},{\"@type\":\"ImageObject\",\"inLanguage\":\"vi-VN\",\"@id\":\"https:\/\/silkeco.mulberrycollectionvn.com\/vi\/accommodation\/pool-or-garden-view-suite\/#primaryimage\",\"url\":\"https:\/\/silkeco.mulberrycollectionvn.com\/wp-content\/uploads\/sites\/152\/2020\/12\/Suite-pool.jpg\",\"contentUrl\":\"https:\/\/silkeco.mulberrycollectionvn.com\/wp-content\/uploads\/sites\/152\/2020\/12\/Suite-pool.jpg\",\"width\":1280,\"height\":838},{\"@type\":\"BreadcrumbList\",\"@id\":\"https:\/\/silkeco.mulberrycollectionvn.com\/vi\/accommodation\/pool-or-garden-view-suite\/#breadcrumb\",\"itemListElement\":[{\"@type\":\"ListItem\",\"position\":1,\"name\":\"Home\",\"item\":\"https:\/\/silkeco.mulberrycollectionvn.com\/vi\/\"},{\"@type\":\"ListItem\",\"position\":2,\"name\":\"Ph\u00f2ng ngh\u1ec9\",\"item\":\"https:\/\/silkeco.mulberrycollectionvn.com\/vi\/accommodation\/\"},{\"@type\":\"ListItem\",\"position\":3,\"name\":\"Ph\u00f2ng Suite Gia \u0110\u00ecnh H\u01b0\u1edbng H\u1ed3 B\u01a1i\/V\u01b0\u1eddn\"}]},{\"@type\":\"WebSite\",\"@id\":\"https:\/\/silkeco.mulberrycollectionvn.com\/vi\/#website\",\"url\":\"https:\/\/silkeco.mulberrycollectionvn.com\/vi\/\",\"name\":\"Silk Eco\",\"description\":\"Just another D-EDGE CMS Asia Pacific site\",\"potentialAction\":[{\"@type\":\"SearchAction\",\"target\":{\"@type\":\"EntryPoint\",\"urlTemplate\":\"https:\/\/silkeco.mulberrycollectionvn.com\/vi\/?s={search_term_string}\"},\"query-input\":\"required name=search_term_string\"}],\"inLanguage\":\"vi-VN\"}]}<\/script>\n<!-- \/ Yoast SEO plugin. -->","yoast_head_json":{"title":"Ph\u00f2ng Suite Gia \u0110\u00ecnh H\u01b0\u1edbng H\u1ed3 B\u01a1i\/V\u01b0\u1eddn - Silk Eco","robots":{"index":"index","follow":"follow","max-snippet":"max-snippet:-1","max-image-preview":"max-image-preview:large","max-video-preview":"max-video-preview:-1"},"canonical":"https:\/\/silkeco.mulberrycollectionvn.com\/vi\/accommodation\/pool-or-garden-view-suite\/","og_locale":"vi_VN","og_type":"article","og_title":"Ph\u00f2ng Suite Gia \u0110\u00ecnh H\u01b0\u1edbng H\u1ed3 B\u01a1i\/V\u01b0\u1eddn - Silk Eco","og_description":"Ph\u00f2ng Suite l\u00e0 m\u1ed9t l\u1ef1a ch\u1ecdn l\u00fd t\u01b0\u1edfng \u0111\u1ec3 th\u01b0 gi\u00e3n v\u00e0 g\u1ea7n g\u0169i v\u1edbi thi\u00ean nhi\u00ean. \u0110\u01b0\u1ee3c bao b\u1ecdc trong kh\u00f4ng gian thi\u00ean nhi\u00ean xanh m\u00e1t, m\u00f4i tr\u01b0\u1eddng h\u00e0i h\u00f2a \u0111\u01b0\u1ee3c thi\u1ebft k\u1ebf t\u1ea1o n\u00ean nh\u1eefng ph\u00fat gi\u00e2y th\u01b0 gi\u00e3n \u00eam \u00e1i. \u0110\u01b0\u1ee3c b\u1ed1 tr\u00ed t\u1ec9 m\u1ec9 gi\u01b0\u1eddng c\u1ee1 King, ph\u00f2ng kh\u00e1ch ri\u00eang bi\u1ec7t, [&hellip;]","og_url":"https:\/\/silkeco.mulberrycollectionvn.com\/vi\/accommodation\/pool-or-garden-view-suite\/","og_site_name":"Silk Eco","article_modified_time":"2021-01-12T06:28:38+00:00","og_image":[{"width":1280,"height":838,"url":"https:\/\/silkeco.mulberrycollectionvn.com\/wp-content\/uploads\/sites\/152\/2020\/12\/Suite-pool.jpg","type":"image\/jpeg"}],"twitter_card":"summary_large_image","twitter_misc":{"Est. reading time":"1 minute"},"schema":{"@context":"https:\/\/schema.org","@graph":[{"@type":"WebPage","@id":"https:\/\/silkeco.mulberrycollectionvn.com\/vi\/accommodation\/pool-or-garden-view-suite\/","url":"https:\/\/silkeco.mulberrycollectionvn.com\/vi\/accommodation\/pool-or-garden-view-suite\/","name":"Ph\u00f2ng Suite Gia \u0110\u00ecnh H\u01b0\u1edbng H\u1ed3 B\u01a1i\/V\u01b0\u1eddn - Silk Eco","isPartOf":{"@id":"https:\/\/silkeco.mulberrycollectionvn.com\/vi\/#website"},"primaryImageOfPage":{"@id":"https:\/\/silkeco.mulberrycollectionvn.com\/vi\/accommodation\/pool-or-garden-view-suite\/#primaryimage"},"image":{"@id":"https:\/\/silkeco.mulberrycollectionvn.com\/vi\/accommodation\/pool-or-garden-view-suite\/#primaryimage"},"thumbnailUrl":"https:\/\/silkeco.mulberrycollectionvn.com\/wp-content\/uploads\/sites\/152\/2020\/12\/Suite-pool.jpg","datePublished":"2020-11-13T07:01:01+00:00","dateModified":"2021-01-12T06:28:38+00:00","breadcrumb":{"@id":"https:\/\/silkeco.mulberrycollectionvn.com\/vi\/accommodation\/pool-or-garden-view-suite\/#breadcrumb"},"inLanguage":"vi-VN","potentialAction":[{"@type":"ReadAction","target":["https:\/\/silkeco.mulberrycollectionvn.com\/vi\/accommodation\/pool-or-garden-view-suite\/"]}]},{"@type":"ImageObject","inLanguage":"vi-VN","@id":"https:\/\/silkeco.mulberrycollectionvn.com\/vi\/accommodation\/pool-or-garden-view-suite\/#primaryimage","url":"https:\/\/silkeco.mulberrycollectionvn.com\/wp-content\/uploads\/sites\/152\/2020\/12\/Suite-pool.jpg","contentUrl":"https:\/\/silkeco.mulberrycollectionvn.com\/wp-content\/uploads\/sites\/152\/2020\/12\/Suite-pool.jpg","width":1280,"height":838},{"@type":"BreadcrumbList","@id":"https:\/\/silkeco.mulberrycollectionvn.com\/vi\/accommodation\/pool-or-garden-view-suite\/#breadcrumb","itemListElement":[{"@type":"ListItem","position":1,"name":"Home","item":"https:\/\/silkeco.mulberrycollectionvn.com\/vi\/"},{"@type":"ListItem","position":2,"name":"Ph\u00f2ng ngh\u1ec9","item":"https:\/\/silkeco.mulberrycollectionvn.com\/vi\/accommodation\/"},{"@type":"ListItem","position":3,"name":"Ph\u00f2ng Suite Gia \u0110\u00ecnh H\u01b0\u1edbng H\u1ed3 B\u01a1i\/V\u01b0\u1eddn"}]},{"@type":"WebSite","@id":"https:\/\/silkeco.mulberrycollectionvn.com\/vi\/#website","url":"https:\/\/silkeco.mulberrycollectionvn.com\/vi\/","name":"Silk Eco","description":"Just another D-EDGE CMS Asia Pacific site","potentialAction":[{"@type":"SearchAction","target":{"@type":"EntryPoint","urlTemplate":"https:\/\/silkeco.mulberrycollectionvn.com\/vi\/?s={search_term_string}"},"query-input":"required name=search_term_string"}],"inLanguage":"vi-VN"}]}},"_links":{"self":[{"href":"https:\/\/silkeco.mulberrycollectionvn.com\/vi\/wp-json\/wp\/v2\/pages\/287"}],"collection":[{"href":"https:\/\/silkeco.mulberrycollectionvn.com\/vi\/wp-json\/wp\/v2\/pages"}],"about":[{"href":"https:\/\/silkeco.mulberrycollectionvn.com\/vi\/wp-json\/wp\/v2\/types\/page"}],"author":[{"embeddable":true,"href":"https:\/\/silkeco.mulberrycollectionvn.com\/vi\/wp-json\/wp\/v2\/users\/124"}],"replies":[{"embeddable":true,"href":"https:\/\/silkeco.mulberrycollectionvn.com\/vi\/wp-json\/wp\/v2\/comments?post=287"}],"version-history":[{"count":0,"href":"https:\/\/silkeco.mulberrycollectionvn.com\/vi\/wp-json\/wp\/v2\/pages\/287\/revisions"}],"up":[{"embeddable":true,"href":"https:\/\/silkeco.mulberrycollectionvn.com\/vi\/wp-json\/wp\/v2\/pages\/235"}],"wp:featuredmedia":[{"embeddable":true,"href":"https:\/\/silkeco.mulberrycollectionvn.com\/vi\/wp-json\/wp\/v2\/media\/417"}],"wp:attachment":[{"href":"https:\/\/silkeco.mulberrycollectionvn.com\/vi\/wp-json\/wp\/v2\/media?parent=287"}],"curies":[{"name":"wp","href":"https:\/\/api.w.org\/{rel}","templated":true}]}}