{"id":275,"date":"2020-11-16T03:47:39","date_gmt":"2020-11-16T03:47:39","guid":{"rendered":"http:\/\/silk-eco.ms.decms.asia\/rooms\/deluxe-twin-city-garden-view\/"},"modified":"2021-01-12T07:11:51","modified_gmt":"2021-01-12T07:11:51","slug":"deluxe-twin-city-garden-view","status":"publish","type":"page","link":"https:\/\/silkeco.mulberrycollectionvn.com\/vi\/accommodation\/deluxe-twin-city-garden-view\/","title":{"rendered":"Ph\u00f2ng Deluxe Twin Quang C\u1ea3nh V\u01b0\u1eddn v\u00e0 Th\u00e0nh Ph\u1ed1"},"content":{"rendered":"<p>Ph\u00f2ng Deluxe 2 Gi\u01b0\u1eddng \u0111\u01a1n v\u1edbi gam m\u00e0u \u1ea5m \u00e1p, n\u1ed5i b\u1eadt v\u1edbi k\u1ebft c\u1ea5u th\u00f4 m\u1ed9c h\u00f2a h\u1ee3p v\u1edbi thi\u00ean nhi\u00ean. T\u1ea1o n\u00ean m\u1ed9t m\u00f4i tr\u01b0\u1eddng sinh \u0111\u1ed9ng, c\u0103n ph\u00f2ng \u0111\u01b0\u1ee3c trang b\u1ecb 2 gi\u01b0\u1eddng \u0111\u01a1n, h\u1ec7 th\u1ed1ng \u0111i\u1ec1u h\u00f2a nhi\u1ec7t \u0111\u1ed9 c\u0169ng nh\u01b0 ban c\u00f4ng ri\u00eang l\u00e0m n\u1ed5i b\u1eadt l\u00ean n\u00e9t quy\u1ebfn r\u0169 c\u1ee7a c\u1ea3nh quan xanh m\u00e1t.<\/p>\n","protected":false},"excerpt":{"rendered":"<p>Ph\u00f2ng Deluxe 2 Gi\u01b0\u1eddng \u0111\u01a1n v\u1edbi gam m\u00e0u \u1ea5m \u00e1p, n\u1ed5i b\u1eadt v\u1edbi k\u1ebft c\u1ea5u th\u00f4 m\u1ed9c h\u00f2a h\u1ee3p v\u1edbi thi\u00ean nhi\u00ean. T\u1ea1o n\u00ean m\u1ed9t m\u00f4i tr\u01b0\u1eddng sinh \u0111\u1ed9ng, c\u0103n ph\u00f2ng \u0111\u01b0\u1ee3c trang b\u1ecb 2 gi\u01b0\u1eddng \u0111\u01a1n, h\u1ec7 th\u1ed1ng \u0111i\u1ec1u h\u00f2a nhi\u1ec7t \u0111\u1ed9 c\u0169ng nh\u01b0 ban c\u00f4ng ri\u00eang l\u00e0m n\u1ed5i b\u1eadt l\u00ean n\u00e9t quy\u1ebfn r\u0169 [&hellip;]<\/p>\n","protected":false},"author":124,"featured_media":156,"parent":235,"menu_order":0,"comment_status":"closed","ping_status":"closed","template":"template-single-room.php","meta":{"footnotes":""},"yoast_head":"<!-- This site is optimized with the Yoast SEO plugin v22.3 - https:\/\/yoast.com\/wordpress\/plugins\/seo\/ -->\n<title>Ph\u00f2ng Deluxe Twin Quang C\u1ea3nh V\u01b0\u1eddn v\u00e0 Th\u00e0nh Ph\u1ed1 - Silk Eco<\/title>\n<meta name=\"robots\" content=\"index, follow, max-snippet:-1, max-image-preview:large, max-video-preview:-1\" \/>\n<link rel=\"canonical\" href=\"https:\/\/silkeco.mulberrycollectionvn.com\/vi\/accommodation\/deluxe-twin-city-garden-view\/\" \/>\n<meta property=\"og:locale\" content=\"vi_VN\" \/>\n<meta property=\"og:type\" content=\"article\" \/>\n<meta property=\"og:title\" content=\"Ph\u00f2ng Deluxe Twin Quang C\u1ea3nh V\u01b0\u1eddn v\u00e0 Th\u00e0nh Ph\u1ed1 - Silk Eco\" \/>\n<meta property=\"og:description\" content=\"Ph\u00f2ng Deluxe 2 Gi\u01b0\u1eddng \u0111\u01a1n v\u1edbi gam m\u00e0u \u1ea5m \u00e1p, n\u1ed5i b\u1eadt v\u1edbi k\u1ebft c\u1ea5u th\u00f4 m\u1ed9c h\u00f2a h\u1ee3p v\u1edbi thi\u00ean nhi\u00ean. T\u1ea1o n\u00ean m\u1ed9t m\u00f4i tr\u01b0\u1eddng sinh \u0111\u1ed9ng, c\u0103n ph\u00f2ng \u0111\u01b0\u1ee3c trang b\u1ecb 2 gi\u01b0\u1eddng \u0111\u01a1n, h\u1ec7 th\u1ed1ng \u0111i\u1ec1u h\u00f2a nhi\u1ec7t \u0111\u1ed9 c\u0169ng nh\u01b0 ban c\u00f4ng ri\u00eang l\u00e0m n\u1ed5i b\u1eadt l\u00ean n\u00e9t quy\u1ebfn r\u0169 [&hellip;]\" \/>\n<meta property=\"og:url\" content=\"https:\/\/silkeco.mulberrycollectionvn.com\/vi\/accommodation\/deluxe-twin-city-garden-view\/\" \/>\n<meta property=\"og:site_name\" content=\"Silk Eco\" \/>\n<meta property=\"article:modified_time\" content=\"2021-01-12T07:11:51+00:00\" \/>\n<meta property=\"og:image\" content=\"https:\/\/silkeco.mulberrycollectionvn.com\/wp-content\/uploads\/sites\/152\/2020\/11\/Deluxe-Twin.jpg\" \/>\n\t<meta property=\"og:image:width\" content=\"1280\" \/>\n\t<meta property=\"og:image:height\" content=\"853\" \/>\n\t<meta property=\"og:image:type\" content=\"image\/jpeg\" \/>\n<meta name=\"twitter:card\" content=\"summary_large_image\" \/>\n<script type=\"application\/ld+json\" class=\"yoast-schema-graph\">{\"@context\":\"https:\/\/schema.org\",\"@graph\":[{\"@type\":\"WebPage\",\"@id\":\"https:\/\/silkeco.mulberrycollectionvn.com\/vi\/accommodation\/deluxe-twin-city-garden-view\/\",\"url\":\"https:\/\/silkeco.mulberrycollectionvn.com\/vi\/accommodation\/deluxe-twin-city-garden-view\/\",\"name\":\"Ph\u00f2ng Deluxe Twin Quang C\u1ea3nh V\u01b0\u1eddn v\u00e0 Th\u00e0nh Ph\u1ed1 - Silk Eco\",\"isPartOf\":{\"@id\":\"https:\/\/silkeco.mulberrycollectionvn.com\/vi\/#website\"},\"primaryImageOfPage\":{\"@id\":\"https:\/\/silkeco.mulberrycollectionvn.com\/vi\/accommodation\/deluxe-twin-city-garden-view\/#primaryimage\"},\"image\":{\"@id\":\"https:\/\/silkeco.mulberrycollectionvn.com\/vi\/accommodation\/deluxe-twin-city-garden-view\/#primaryimage\"},\"thumbnailUrl\":\"https:\/\/silkeco.mulberrycollectionvn.com\/wp-content\/uploads\/sites\/152\/2020\/11\/Deluxe-Twin.jpg\",\"datePublished\":\"2020-11-16T03:47:39+00:00\",\"dateModified\":\"2021-01-12T07:11:51+00:00\",\"breadcrumb\":{\"@id\":\"https:\/\/silkeco.mulberrycollectionvn.com\/vi\/accommodation\/deluxe-twin-city-garden-view\/#breadcrumb\"},\"inLanguage\":\"vi-VN\",\"potentialAction\":[{\"@type\":\"ReadAction\",\"target\":[\"https:\/\/silkeco.mulberrycollectionvn.com\/vi\/accommodation\/deluxe-twin-city-garden-view\/\"]}]},{\"@type\":\"ImageObject\",\"inLanguage\":\"vi-VN\",\"@id\":\"https:\/\/silkeco.mulberrycollectionvn.com\/vi\/accommodation\/deluxe-twin-city-garden-view\/#primaryimage\",\"url\":\"https:\/\/silkeco.mulberrycollectionvn.com\/wp-content\/uploads\/sites\/152\/2020\/11\/Deluxe-Twin.jpg\",\"contentUrl\":\"https:\/\/silkeco.mulberrycollectionvn.com\/wp-content\/uploads\/sites\/152\/2020\/11\/Deluxe-Twin.jpg\",\"width\":1280,\"height\":853},{\"@type\":\"BreadcrumbList\",\"@id\":\"https:\/\/silkeco.mulberrycollectionvn.com\/vi\/accommodation\/deluxe-twin-city-garden-view\/#breadcrumb\",\"itemListElement\":[{\"@type\":\"ListItem\",\"position\":1,\"name\":\"Home\",\"item\":\"https:\/\/silkeco.mulberrycollectionvn.com\/vi\/\"},{\"@type\":\"ListItem\",\"position\":2,\"name\":\"Ph\u00f2ng ngh\u1ec9\",\"item\":\"https:\/\/silkeco.mulberrycollectionvn.com\/vi\/accommodation\/\"},{\"@type\":\"ListItem\",\"position\":3,\"name\":\"Ph\u00f2ng Deluxe Twin Quang C\u1ea3nh V\u01b0\u1eddn v\u00e0 Th\u00e0nh Ph\u1ed1\"}]},{\"@type\":\"WebSite\",\"@id\":\"https:\/\/silkeco.mulberrycollectionvn.com\/vi\/#website\",\"url\":\"https:\/\/silkeco.mulberrycollectionvn.com\/vi\/\",\"name\":\"Silk Eco\",\"description\":\"Just another D-EDGE CMS Asia Pacific site\",\"potentialAction\":[{\"@type\":\"SearchAction\",\"target\":{\"@type\":\"EntryPoint\",\"urlTemplate\":\"https:\/\/silkeco.mulberrycollectionvn.com\/vi\/?s={search_term_string}\"},\"query-input\":\"required name=search_term_string\"}],\"inLanguage\":\"vi-VN\"}]}<\/script>\n<!-- \/ Yoast SEO plugin. -->","yoast_head_json":{"title":"Ph\u00f2ng Deluxe Twin Quang C\u1ea3nh V\u01b0\u1eddn v\u00e0 Th\u00e0nh Ph\u1ed1 - Silk Eco","robots":{"index":"index","follow":"follow","max-snippet":"max-snippet:-1","max-image-preview":"max-image-preview:large","max-video-preview":"max-video-preview:-1"},"canonical":"https:\/\/silkeco.mulberrycollectionvn.com\/vi\/accommodation\/deluxe-twin-city-garden-view\/","og_locale":"vi_VN","og_type":"article","og_title":"Ph\u00f2ng Deluxe Twin Quang C\u1ea3nh V\u01b0\u1eddn v\u00e0 Th\u00e0nh Ph\u1ed1 - Silk Eco","og_description":"Ph\u00f2ng Deluxe 2 Gi\u01b0\u1eddng \u0111\u01a1n v\u1edbi gam m\u00e0u \u1ea5m \u00e1p, n\u1ed5i b\u1eadt v\u1edbi k\u1ebft c\u1ea5u th\u00f4 m\u1ed9c h\u00f2a h\u1ee3p v\u1edbi thi\u00ean nhi\u00ean. T\u1ea1o n\u00ean m\u1ed9t m\u00f4i tr\u01b0\u1eddng sinh \u0111\u1ed9ng, c\u0103n ph\u00f2ng \u0111\u01b0\u1ee3c trang b\u1ecb 2 gi\u01b0\u1eddng \u0111\u01a1n, h\u1ec7 th\u1ed1ng \u0111i\u1ec1u h\u00f2a nhi\u1ec7t \u0111\u1ed9 c\u0169ng nh\u01b0 ban c\u00f4ng ri\u00eang l\u00e0m n\u1ed5i b\u1eadt l\u00ean n\u00e9t quy\u1ebfn r\u0169 [&hellip;]","og_url":"https:\/\/silkeco.mulberrycollectionvn.com\/vi\/accommodation\/deluxe-twin-city-garden-view\/","og_site_name":"Silk Eco","article_modified_time":"2021-01-12T07:11:51+00:00","og_image":[{"width":1280,"height":853,"url":"https:\/\/silkeco.mulberrycollectionvn.com\/wp-content\/uploads\/sites\/152\/2020\/11\/Deluxe-Twin.jpg","type":"image\/jpeg"}],"twitter_card":"summary_large_image","schema":{"@context":"https:\/\/schema.org","@graph":[{"@type":"WebPage","@id":"https:\/\/silkeco.mulberrycollectionvn.com\/vi\/accommodation\/deluxe-twin-city-garden-view\/","url":"https:\/\/silkeco.mulberrycollectionvn.com\/vi\/accommodation\/deluxe-twin-city-garden-view\/","name":"Ph\u00f2ng Deluxe Twin Quang C\u1ea3nh V\u01b0\u1eddn v\u00e0 Th\u00e0nh Ph\u1ed1 - Silk Eco","isPartOf":{"@id":"https:\/\/silkeco.mulberrycollectionvn.com\/vi\/#website"},"primaryImageOfPage":{"@id":"https:\/\/silkeco.mulberrycollectionvn.com\/vi\/accommodation\/deluxe-twin-city-garden-view\/#primaryimage"},"image":{"@id":"https:\/\/silkeco.mulberrycollectionvn.com\/vi\/accommodation\/deluxe-twin-city-garden-view\/#primaryimage"},"thumbnailUrl":"https:\/\/silkeco.mulberrycollectionvn.com\/wp-content\/uploads\/sites\/152\/2020\/11\/Deluxe-Twin.jpg","datePublished":"2020-11-16T03:47:39+00:00","dateModified":"2021-01-12T07:11:51+00:00","breadcrumb":{"@id":"https:\/\/silkeco.mulberrycollectionvn.com\/vi\/accommodation\/deluxe-twin-city-garden-view\/#breadcrumb"},"inLanguage":"vi-VN","potentialAction":[{"@type":"ReadAction","target":["https:\/\/silkeco.mulberrycollectionvn.com\/vi\/accommodation\/deluxe-twin-city-garden-view\/"]}]},{"@type":"ImageObject","inLanguage":"vi-VN","@id":"https:\/\/silkeco.mulberrycollectionvn.com\/vi\/accommodation\/deluxe-twin-city-garden-view\/#primaryimage","url":"https:\/\/silkeco.mulberrycollectionvn.com\/wp-content\/uploads\/sites\/152\/2020\/11\/Deluxe-Twin.jpg","contentUrl":"https:\/\/silkeco.mulberrycollectionvn.com\/wp-content\/uploads\/sites\/152\/2020\/11\/Deluxe-Twin.jpg","width":1280,"height":853},{"@type":"BreadcrumbList","@id":"https:\/\/silkeco.mulberrycollectionvn.com\/vi\/accommodation\/deluxe-twin-city-garden-view\/#breadcrumb","itemListElement":[{"@type":"ListItem","position":1,"name":"Home","item":"https:\/\/silkeco.mulberrycollectionvn.com\/vi\/"},{"@type":"ListItem","position":2,"name":"Ph\u00f2ng ngh\u1ec9","item":"https:\/\/silkeco.mulberrycollectionvn.com\/vi\/accommodation\/"},{"@type":"ListItem","position":3,"name":"Ph\u00f2ng Deluxe Twin Quang C\u1ea3nh V\u01b0\u1eddn v\u00e0 Th\u00e0nh Ph\u1ed1"}]},{"@type":"WebSite","@id":"https:\/\/silkeco.mulberrycollectionvn.com\/vi\/#website","url":"https:\/\/silkeco.mulberrycollectionvn.com\/vi\/","name":"Silk Eco","description":"Just another D-EDGE CMS Asia Pacific site","potentialAction":[{"@type":"SearchAction","target":{"@type":"EntryPoint","urlTemplate":"https:\/\/silkeco.mulberrycollectionvn.com\/vi\/?s={search_term_string}"},"query-input":"required name=search_term_string"}],"inLanguage":"vi-VN"}]}},"_links":{"self":[{"href":"https:\/\/silkeco.mulberrycollectionvn.com\/vi\/wp-json\/wp\/v2\/pages\/275"}],"collection":[{"href":"https:\/\/silkeco.mulberrycollectionvn.com\/vi\/wp-json\/wp\/v2\/pages"}],"about":[{"href":"https:\/\/silkeco.mulberrycollectionvn.com\/vi\/wp-json\/wp\/v2\/types\/page"}],"author":[{"embeddable":true,"href":"https:\/\/silkeco.mulberrycollectionvn.com\/vi\/wp-json\/wp\/v2\/users\/124"}],"replies":[{"embeddable":true,"href":"https:\/\/silkeco.mulberrycollectionvn.com\/vi\/wp-json\/wp\/v2\/comments?post=275"}],"version-history":[{"count":0,"href":"https:\/\/silkeco.mulberrycollectionvn.com\/vi\/wp-json\/wp\/v2\/pages\/275\/revisions"}],"up":[{"embeddable":true,"href":"https:\/\/silkeco.mulberrycollectionvn.com\/vi\/wp-json\/wp\/v2\/pages\/235"}],"wp:featuredmedia":[{"embeddable":true,"href":"https:\/\/silkeco.mulberrycollectionvn.com\/vi\/wp-json\/wp\/v2\/media\/156"}],"wp:attachment":[{"href":"https:\/\/silkeco.mulberrycollectionvn.com\/vi\/wp-json\/wp\/v2\/media?parent=275"}],"curies":[{"name":"wp","href":"https:\/\/api.w.org\/{rel}","templated":true}]}}