{"id":263,"date":"2020-11-16T03:00:25","date_gmt":"2020-11-16T03:00:25","guid":{"rendered":"http:\/\/silk-eco.ms.decms.asia\/rooms\/deluxe-city-view\/"},"modified":"2021-01-12T07:10:42","modified_gmt":"2021-01-12T07:10:42","slug":"deluxe-city-view","status":"publish","type":"page","link":"https:\/\/silkeco.mulberrycollectionvn.com\/vi\/accommodation\/deluxe-city-view\/","title":{"rendered":"Ph\u00f2ng Deluxe Quang C\u1ea3nh Th\u00e0nh Ph\u1ed1"},"content":{"rendered":"<p>Ph\u00f2ng Deluxe mang \u0111\u1ebfn m\u1ed9t kh\u00f4ng gian ngh\u1ec9 d\u01b0\u1ee1ng nh\u1eb9 nh\u00e0ng, n\u01a1i ti\u1ec7n nghi hi\u1ec7n \u0111\u1ea1i k\u1ebft h\u1ee3p h\u00e0i h\u00f2a v\u1edbi kh\u00f4ng gian thanh b\u00ecnh. H\u1ee9a h\u1eb9n s\u1ebd l\u00e0 m\u1ed9t k\u1ef3 ngh\u1ec9 y\u00ean b\u00ecnh v\u00e0 tho\u1ea3i m\u00e1i, \u0111\u1ec1u \u0111\u01b0\u1ee3c trang b\u1ecb gi\u01b0\u1eddng c\u1ee1 King, b\u00e0n l\u00e0m vi\u1ec7c, h\u1ec7 th\u1ed1ng m\u00e1y l\u1ea1nh v\u00e0 ban c\u00f4ng ri\u00eang l\u00e0m n\u1ed5i b\u1eadt l\u00ean n\u00e9t m\u1ec1m m\u1ea1i c\u1ee7a thi\u00ean nhi\u00ean xung quanh.<\/p>\n","protected":false},"excerpt":{"rendered":"<p>Ph\u00f2ng Deluxe mang \u0111\u1ebfn m\u1ed9t kh\u00f4ng gian ngh\u1ec9 d\u01b0\u1ee1ng nh\u1eb9 nh\u00e0ng, n\u01a1i ti\u1ec7n nghi hi\u1ec7n \u0111\u1ea1i k\u1ebft h\u1ee3p h\u00e0i h\u00f2a v\u1edbi kh\u00f4ng gian thanh b\u00ecnh. H\u1ee9a h\u1eb9n s\u1ebd l\u00e0 m\u1ed9t k\u1ef3 ngh\u1ec9 y\u00ean b\u00ecnh v\u00e0 tho\u1ea3i m\u00e1i, \u0111\u1ec1u \u0111\u01b0\u1ee3c trang b\u1ecb gi\u01b0\u1eddng c\u1ee1 King, b\u00e0n l\u00e0m vi\u1ec7c, h\u1ec7 th\u1ed1ng m\u00e1y l\u1ea1nh v\u00e0 ban c\u00f4ng ri\u00eang [&hellip;]<\/p>\n","protected":false},"author":124,"featured_media":158,"parent":235,"menu_order":0,"comment_status":"closed","ping_status":"closed","template":"template-single-room.php","meta":{"footnotes":""},"yoast_head":"<!-- This site is optimized with the Yoast SEO plugin v22.3 - https:\/\/yoast.com\/wordpress\/plugins\/seo\/ -->\n<title>Ph\u00f2ng Deluxe Quang C\u1ea3nh Th\u00e0nh Ph\u1ed1 - Silk Eco<\/title>\n<meta name=\"robots\" content=\"index, follow, max-snippet:-1, max-image-preview:large, max-video-preview:-1\" \/>\n<link rel=\"canonical\" href=\"https:\/\/silkeco.mulberrycollectionvn.com\/vi\/accommodation\/deluxe-city-view\/\" \/>\n<meta property=\"og:locale\" content=\"vi_VN\" \/>\n<meta property=\"og:type\" content=\"article\" \/>\n<meta property=\"og:title\" content=\"Ph\u00f2ng Deluxe Quang C\u1ea3nh Th\u00e0nh Ph\u1ed1 - Silk Eco\" \/>\n<meta property=\"og:description\" content=\"Ph\u00f2ng Deluxe mang \u0111\u1ebfn m\u1ed9t kh\u00f4ng gian ngh\u1ec9 d\u01b0\u1ee1ng nh\u1eb9 nh\u00e0ng, n\u01a1i ti\u1ec7n nghi hi\u1ec7n \u0111\u1ea1i k\u1ebft h\u1ee3p h\u00e0i h\u00f2a v\u1edbi kh\u00f4ng gian thanh b\u00ecnh. H\u1ee9a h\u1eb9n s\u1ebd l\u00e0 m\u1ed9t k\u1ef3 ngh\u1ec9 y\u00ean b\u00ecnh v\u00e0 tho\u1ea3i m\u00e1i, \u0111\u1ec1u \u0111\u01b0\u1ee3c trang b\u1ecb gi\u01b0\u1eddng c\u1ee1 King, b\u00e0n l\u00e0m vi\u1ec7c, h\u1ec7 th\u1ed1ng m\u00e1y l\u1ea1nh v\u00e0 ban c\u00f4ng ri\u00eang [&hellip;]\" \/>\n<meta property=\"og:url\" content=\"https:\/\/silkeco.mulberrycollectionvn.com\/vi\/accommodation\/deluxe-city-view\/\" \/>\n<meta property=\"og:site_name\" content=\"Silk Eco\" \/>\n<meta property=\"article:modified_time\" content=\"2021-01-12T07:10:42+00:00\" \/>\n<meta property=\"og:image\" content=\"https:\/\/silkeco.mulberrycollectionvn.com\/wp-content\/uploads\/sites\/152\/2020\/11\/Deluxe-double-1.jpg\" \/>\n\t<meta property=\"og:image:width\" content=\"1280\" \/>\n\t<meta property=\"og:image:height\" content=\"853\" \/>\n\t<meta property=\"og:image:type\" content=\"image\/jpeg\" \/>\n<meta name=\"twitter:card\" content=\"summary_large_image\" \/>\n<meta name=\"twitter:label1\" content=\"Est. reading time\" \/>\n\t<meta name=\"twitter:data1\" content=\"1 minute\" \/>\n<script type=\"application\/ld+json\" class=\"yoast-schema-graph\">{\"@context\":\"https:\/\/schema.org\",\"@graph\":[{\"@type\":\"WebPage\",\"@id\":\"https:\/\/silkeco.mulberrycollectionvn.com\/vi\/accommodation\/deluxe-city-view\/\",\"url\":\"https:\/\/silkeco.mulberrycollectionvn.com\/vi\/accommodation\/deluxe-city-view\/\",\"name\":\"Ph\u00f2ng Deluxe Quang C\u1ea3nh Th\u00e0nh Ph\u1ed1 - Silk Eco\",\"isPartOf\":{\"@id\":\"https:\/\/silkeco.mulberrycollectionvn.com\/vi\/#website\"},\"primaryImageOfPage\":{\"@id\":\"https:\/\/silkeco.mulberrycollectionvn.com\/vi\/accommodation\/deluxe-city-view\/#primaryimage\"},\"image\":{\"@id\":\"https:\/\/silkeco.mulberrycollectionvn.com\/vi\/accommodation\/deluxe-city-view\/#primaryimage\"},\"thumbnailUrl\":\"https:\/\/silkeco.mulberrycollectionvn.com\/wp-content\/uploads\/sites\/152\/2020\/11\/Deluxe-double-1.jpg\",\"datePublished\":\"2020-11-16T03:00:25+00:00\",\"dateModified\":\"2021-01-12T07:10:42+00:00\",\"breadcrumb\":{\"@id\":\"https:\/\/silkeco.mulberrycollectionvn.com\/vi\/accommodation\/deluxe-city-view\/#breadcrumb\"},\"inLanguage\":\"vi-VN\",\"potentialAction\":[{\"@type\":\"ReadAction\",\"target\":[\"https:\/\/silkeco.mulberrycollectionvn.com\/vi\/accommodation\/deluxe-city-view\/\"]}]},{\"@type\":\"ImageObject\",\"inLanguage\":\"vi-VN\",\"@id\":\"https:\/\/silkeco.mulberrycollectionvn.com\/vi\/accommodation\/deluxe-city-view\/#primaryimage\",\"url\":\"https:\/\/silkeco.mulberrycollectionvn.com\/wp-content\/uploads\/sites\/152\/2020\/11\/Deluxe-double-1.jpg\",\"contentUrl\":\"https:\/\/silkeco.mulberrycollectionvn.com\/wp-content\/uploads\/sites\/152\/2020\/11\/Deluxe-double-1.jpg\",\"width\":1280,\"height\":853},{\"@type\":\"BreadcrumbList\",\"@id\":\"https:\/\/silkeco.mulberrycollectionvn.com\/vi\/accommodation\/deluxe-city-view\/#breadcrumb\",\"itemListElement\":[{\"@type\":\"ListItem\",\"position\":1,\"name\":\"Home\",\"item\":\"https:\/\/silkeco.mulberrycollectionvn.com\/vi\/\"},{\"@type\":\"ListItem\",\"position\":2,\"name\":\"Ph\u00f2ng ngh\u1ec9\",\"item\":\"https:\/\/silkeco.mulberrycollectionvn.com\/vi\/accommodation\/\"},{\"@type\":\"ListItem\",\"position\":3,\"name\":\"Ph\u00f2ng Deluxe Quang C\u1ea3nh Th\u00e0nh Ph\u1ed1\"}]},{\"@type\":\"WebSite\",\"@id\":\"https:\/\/silkeco.mulberrycollectionvn.com\/vi\/#website\",\"url\":\"https:\/\/silkeco.mulberrycollectionvn.com\/vi\/\",\"name\":\"Silk Eco\",\"description\":\"Just another D-EDGE CMS Asia Pacific site\",\"potentialAction\":[{\"@type\":\"SearchAction\",\"target\":{\"@type\":\"EntryPoint\",\"urlTemplate\":\"https:\/\/silkeco.mulberrycollectionvn.com\/vi\/?s={search_term_string}\"},\"query-input\":\"required name=search_term_string\"}],\"inLanguage\":\"vi-VN\"}]}<\/script>\n<!-- \/ Yoast SEO plugin. -->","yoast_head_json":{"title":"Ph\u00f2ng Deluxe Quang C\u1ea3nh Th\u00e0nh Ph\u1ed1 - Silk Eco","robots":{"index":"index","follow":"follow","max-snippet":"max-snippet:-1","max-image-preview":"max-image-preview:large","max-video-preview":"max-video-preview:-1"},"canonical":"https:\/\/silkeco.mulberrycollectionvn.com\/vi\/accommodation\/deluxe-city-view\/","og_locale":"vi_VN","og_type":"article","og_title":"Ph\u00f2ng Deluxe Quang C\u1ea3nh Th\u00e0nh Ph\u1ed1 - Silk Eco","og_description":"Ph\u00f2ng Deluxe mang \u0111\u1ebfn m\u1ed9t kh\u00f4ng gian ngh\u1ec9 d\u01b0\u1ee1ng nh\u1eb9 nh\u00e0ng, n\u01a1i ti\u1ec7n nghi hi\u1ec7n \u0111\u1ea1i k\u1ebft h\u1ee3p h\u00e0i h\u00f2a v\u1edbi kh\u00f4ng gian thanh b\u00ecnh. H\u1ee9a h\u1eb9n s\u1ebd l\u00e0 m\u1ed9t k\u1ef3 ngh\u1ec9 y\u00ean b\u00ecnh v\u00e0 tho\u1ea3i m\u00e1i, \u0111\u1ec1u \u0111\u01b0\u1ee3c trang b\u1ecb gi\u01b0\u1eddng c\u1ee1 King, b\u00e0n l\u00e0m vi\u1ec7c, h\u1ec7 th\u1ed1ng m\u00e1y l\u1ea1nh v\u00e0 ban c\u00f4ng ri\u00eang [&hellip;]","og_url":"https:\/\/silkeco.mulberrycollectionvn.com\/vi\/accommodation\/deluxe-city-view\/","og_site_name":"Silk Eco","article_modified_time":"2021-01-12T07:10:42+00:00","og_image":[{"width":1280,"height":853,"url":"https:\/\/silkeco.mulberrycollectionvn.com\/wp-content\/uploads\/sites\/152\/2020\/11\/Deluxe-double-1.jpg","type":"image\/jpeg"}],"twitter_card":"summary_large_image","twitter_misc":{"Est. reading time":"1 minute"},"schema":{"@context":"https:\/\/schema.org","@graph":[{"@type":"WebPage","@id":"https:\/\/silkeco.mulberrycollectionvn.com\/vi\/accommodation\/deluxe-city-view\/","url":"https:\/\/silkeco.mulberrycollectionvn.com\/vi\/accommodation\/deluxe-city-view\/","name":"Ph\u00f2ng Deluxe Quang C\u1ea3nh Th\u00e0nh Ph\u1ed1 - Silk Eco","isPartOf":{"@id":"https:\/\/silkeco.mulberrycollectionvn.com\/vi\/#website"},"primaryImageOfPage":{"@id":"https:\/\/silkeco.mulberrycollectionvn.com\/vi\/accommodation\/deluxe-city-view\/#primaryimage"},"image":{"@id":"https:\/\/silkeco.mulberrycollectionvn.com\/vi\/accommodation\/deluxe-city-view\/#primaryimage"},"thumbnailUrl":"https:\/\/silkeco.mulberrycollectionvn.com\/wp-content\/uploads\/sites\/152\/2020\/11\/Deluxe-double-1.jpg","datePublished":"2020-11-16T03:00:25+00:00","dateModified":"2021-01-12T07:10:42+00:00","breadcrumb":{"@id":"https:\/\/silkeco.mulberrycollectionvn.com\/vi\/accommodation\/deluxe-city-view\/#breadcrumb"},"inLanguage":"vi-VN","potentialAction":[{"@type":"ReadAction","target":["https:\/\/silkeco.mulberrycollectionvn.com\/vi\/accommodation\/deluxe-city-view\/"]}]},{"@type":"ImageObject","inLanguage":"vi-VN","@id":"https:\/\/silkeco.mulberrycollectionvn.com\/vi\/accommodation\/deluxe-city-view\/#primaryimage","url":"https:\/\/silkeco.mulberrycollectionvn.com\/wp-content\/uploads\/sites\/152\/2020\/11\/Deluxe-double-1.jpg","contentUrl":"https:\/\/silkeco.mulberrycollectionvn.com\/wp-content\/uploads\/sites\/152\/2020\/11\/Deluxe-double-1.jpg","width":1280,"height":853},{"@type":"BreadcrumbList","@id":"https:\/\/silkeco.mulberrycollectionvn.com\/vi\/accommodation\/deluxe-city-view\/#breadcrumb","itemListElement":[{"@type":"ListItem","position":1,"name":"Home","item":"https:\/\/silkeco.mulberrycollectionvn.com\/vi\/"},{"@type":"ListItem","position":2,"name":"Ph\u00f2ng ngh\u1ec9","item":"https:\/\/silkeco.mulberrycollectionvn.com\/vi\/accommodation\/"},{"@type":"ListItem","position":3,"name":"Ph\u00f2ng Deluxe Quang C\u1ea3nh Th\u00e0nh Ph\u1ed1"}]},{"@type":"WebSite","@id":"https:\/\/silkeco.mulberrycollectionvn.com\/vi\/#website","url":"https:\/\/silkeco.mulberrycollectionvn.com\/vi\/","name":"Silk Eco","description":"Just another D-EDGE CMS Asia Pacific site","potentialAction":[{"@type":"SearchAction","target":{"@type":"EntryPoint","urlTemplate":"https:\/\/silkeco.mulberrycollectionvn.com\/vi\/?s={search_term_string}"},"query-input":"required name=search_term_string"}],"inLanguage":"vi-VN"}]}},"_links":{"self":[{"href":"https:\/\/silkeco.mulberrycollectionvn.com\/vi\/wp-json\/wp\/v2\/pages\/263"}],"collection":[{"href":"https:\/\/silkeco.mulberrycollectionvn.com\/vi\/wp-json\/wp\/v2\/pages"}],"about":[{"href":"https:\/\/silkeco.mulberrycollectionvn.com\/vi\/wp-json\/wp\/v2\/types\/page"}],"author":[{"embeddable":true,"href":"https:\/\/silkeco.mulberrycollectionvn.com\/vi\/wp-json\/wp\/v2\/users\/124"}],"replies":[{"embeddable":true,"href":"https:\/\/silkeco.mulberrycollectionvn.com\/vi\/wp-json\/wp\/v2\/comments?post=263"}],"version-history":[{"count":0,"href":"https:\/\/silkeco.mulberrycollectionvn.com\/vi\/wp-json\/wp\/v2\/pages\/263\/revisions"}],"up":[{"embeddable":true,"href":"https:\/\/silkeco.mulberrycollectionvn.com\/vi\/wp-json\/wp\/v2\/pages\/235"}],"wp:featuredmedia":[{"embeddable":true,"href":"https:\/\/silkeco.mulberrycollectionvn.com\/vi\/wp-json\/wp\/v2\/media\/158"}],"wp:attachment":[{"href":"https:\/\/silkeco.mulberrycollectionvn.com\/vi\/wp-json\/wp\/v2\/media?parent=263"}],"curies":[{"name":"wp","href":"https:\/\/api.w.org\/{rel}","templated":true}]}}