{"id":262,"date":"2020-11-16T04:22:31","date_gmt":"2020-11-16T04:22:31","guid":{"rendered":"http:\/\/silk-eco.ms.decms.asia\/our-services\/"},"modified":"2021-01-12T09:07:58","modified_gmt":"2021-01-12T09:07:58","slug":"services","status":"publish","type":"page","link":"https:\/\/silkeco.mulberrycollectionvn.com\/vi\/services\/","title":{"rendered":"D\u1ecbch v\u1ee5"},"content":{"rendered":"<p>T\u1ea1i Mulberry Collection Silk Eco, ch\u00fang t\u00f4i \u0111\u1eb7t l\u00ean h\u00e0ng \u0111\u1ea7u s\u1ef1 tho\u1ea3i m\u00e1i v\u00e0 ti\u1ec7n l\u1ee3i c\u1ee7a kh\u00e1ch h\u00e0ng. C\u00e1c nh\u00e2n vi\u00ean lu\u00f4n t\u1eadn t\u00e2m cung c\u1ea5p d\u1ecbch v\u1ee5 t\u1ed1t nh\u1ea5t v\u00e0 bi\u1ebfn k\u1ef3 ngh\u1ec9 c\u1ee7a b\u1ea1n th\u00e0nh tr\u1ea3i nghi\u1ec7m th\u00fa v\u1ecb nh\u1ea5t.<\/p>\n","protected":false},"excerpt":{"rendered":"<p>T\u1ea1i Mulberry Collection Silk Eco, ch\u00fang t\u00f4i \u0111\u1eb7t l\u00ean h\u00e0ng \u0111\u1ea7u s\u1ef1 tho\u1ea3i m\u00e1i v\u00e0 ti\u1ec7n l\u1ee3i c\u1ee7a kh\u00e1ch h\u00e0ng. C\u00e1c nh\u00e2n vi\u00ean lu\u00f4n t\u1eadn t\u00e2m cung c\u1ea5p d\u1ecbch v\u1ee5 t\u1ed1t nh\u1ea5t v\u00e0 bi\u1ebfn k\u1ef3 ngh\u1ec9 c\u1ee7a b\u1ea1n th\u00e0nh tr\u1ea3i nghi\u1ec7m th\u00fa v\u1ecb nh\u1ea5t.<\/p>\n","protected":false},"author":124,"featured_media":137,"parent":0,"menu_order":0,"comment_status":"closed","ping_status":"closed","template":"template-services.php","meta":{"footnotes":""},"yoast_head":"<!-- This site is optimized with the Yoast SEO plugin v22.3 - https:\/\/yoast.com\/wordpress\/plugins\/seo\/ -->\n<title>D\u1ecbch v\u1ee5 - Silk Eco<\/title>\n<meta name=\"robots\" content=\"index, follow, max-snippet:-1, max-image-preview:large, max-video-preview:-1\" \/>\n<link rel=\"canonical\" href=\"https:\/\/silkeco.mulberrycollectionvn.com\/vi\/services\/\" \/>\n<meta property=\"og:locale\" content=\"vi_VN\" \/>\n<meta property=\"og:type\" content=\"article\" \/>\n<meta property=\"og:title\" content=\"D\u1ecbch v\u1ee5 - Silk Eco\" \/>\n<meta property=\"og:description\" content=\"T\u1ea1i Mulberry Collection Silk Eco, ch\u00fang t\u00f4i \u0111\u1eb7t l\u00ean h\u00e0ng \u0111\u1ea7u s\u1ef1 tho\u1ea3i m\u00e1i v\u00e0 ti\u1ec7n l\u1ee3i c\u1ee7a kh\u00e1ch h\u00e0ng. C\u00e1c nh\u00e2n vi\u00ean lu\u00f4n t\u1eadn t\u00e2m cung c\u1ea5p d\u1ecbch v\u1ee5 t\u1ed1t nh\u1ea5t v\u00e0 bi\u1ebfn k\u1ef3 ngh\u1ec9 c\u1ee7a b\u1ea1n th\u00e0nh tr\u1ea3i nghi\u1ec7m th\u00fa v\u1ecb nh\u1ea5t.\" \/>\n<meta property=\"og:url\" content=\"https:\/\/silkeco.mulberrycollectionvn.com\/vi\/services\/\" \/>\n<meta property=\"og:site_name\" content=\"Silk Eco\" \/>\n<meta property=\"article:modified_time\" content=\"2021-01-12T09:07:58+00:00\" \/>\n<meta property=\"og:image\" content=\"https:\/\/silkeco.mulberrycollectionvn.com\/wp-content\/uploads\/sites\/152\/2020\/11\/Bathroom.jpg\" \/>\n\t<meta property=\"og:image:width\" content=\"1024\" \/>\n\t<meta property=\"og:image:height\" content=\"682\" \/>\n\t<meta property=\"og:image:type\" content=\"image\/jpeg\" \/>\n<meta name=\"twitter:card\" content=\"summary_large_image\" \/>\n<script type=\"application\/ld+json\" class=\"yoast-schema-graph\">{\"@context\":\"https:\/\/schema.org\",\"@graph\":[{\"@type\":\"WebPage\",\"@id\":\"https:\/\/silkeco.mulberrycollectionvn.com\/vi\/services\/\",\"url\":\"https:\/\/silkeco.mulberrycollectionvn.com\/vi\/services\/\",\"name\":\"D\u1ecbch v\u1ee5 - Silk Eco\",\"isPartOf\":{\"@id\":\"https:\/\/silkeco.mulberrycollectionvn.com\/vi\/#website\"},\"primaryImageOfPage\":{\"@id\":\"https:\/\/silkeco.mulberrycollectionvn.com\/vi\/services\/#primaryimage\"},\"image\":{\"@id\":\"https:\/\/silkeco.mulberrycollectionvn.com\/vi\/services\/#primaryimage\"},\"thumbnailUrl\":\"https:\/\/silkeco.mulberrycollectionvn.com\/wp-content\/uploads\/sites\/152\/2020\/11\/Bathroom.jpg\",\"datePublished\":\"2020-11-16T04:22:31+00:00\",\"dateModified\":\"2021-01-12T09:07:58+00:00\",\"breadcrumb\":{\"@id\":\"https:\/\/silkeco.mulberrycollectionvn.com\/vi\/services\/#breadcrumb\"},\"inLanguage\":\"vi-VN\",\"potentialAction\":[{\"@type\":\"ReadAction\",\"target\":[\"https:\/\/silkeco.mulberrycollectionvn.com\/vi\/services\/\"]}]},{\"@type\":\"ImageObject\",\"inLanguage\":\"vi-VN\",\"@id\":\"https:\/\/silkeco.mulberrycollectionvn.com\/vi\/services\/#primaryimage\",\"url\":\"https:\/\/silkeco.mulberrycollectionvn.com\/wp-content\/uploads\/sites\/152\/2020\/11\/Bathroom.jpg\",\"contentUrl\":\"https:\/\/silkeco.mulberrycollectionvn.com\/wp-content\/uploads\/sites\/152\/2020\/11\/Bathroom.jpg\",\"width\":1024,\"height\":682},{\"@type\":\"BreadcrumbList\",\"@id\":\"https:\/\/silkeco.mulberrycollectionvn.com\/vi\/services\/#breadcrumb\",\"itemListElement\":[{\"@type\":\"ListItem\",\"position\":1,\"name\":\"Home\",\"item\":\"https:\/\/silkeco.mulberrycollectionvn.com\/vi\/\"},{\"@type\":\"ListItem\",\"position\":2,\"name\":\"D\u1ecbch v\u1ee5\"}]},{\"@type\":\"WebSite\",\"@id\":\"https:\/\/silkeco.mulberrycollectionvn.com\/vi\/#website\",\"url\":\"https:\/\/silkeco.mulberrycollectionvn.com\/vi\/\",\"name\":\"Silk Eco\",\"description\":\"Just another D-EDGE CMS Asia Pacific site\",\"potentialAction\":[{\"@type\":\"SearchAction\",\"target\":{\"@type\":\"EntryPoint\",\"urlTemplate\":\"https:\/\/silkeco.mulberrycollectionvn.com\/vi\/?s={search_term_string}\"},\"query-input\":\"required name=search_term_string\"}],\"inLanguage\":\"vi-VN\"}]}<\/script>\n<!-- \/ Yoast SEO plugin. -->","yoast_head_json":{"title":"D\u1ecbch v\u1ee5 - Silk Eco","robots":{"index":"index","follow":"follow","max-snippet":"max-snippet:-1","max-image-preview":"max-image-preview:large","max-video-preview":"max-video-preview:-1"},"canonical":"https:\/\/silkeco.mulberrycollectionvn.com\/vi\/services\/","og_locale":"vi_VN","og_type":"article","og_title":"D\u1ecbch v\u1ee5 - Silk Eco","og_description":"T\u1ea1i Mulberry Collection Silk Eco, ch\u00fang t\u00f4i \u0111\u1eb7t l\u00ean h\u00e0ng \u0111\u1ea7u s\u1ef1 tho\u1ea3i m\u00e1i v\u00e0 ti\u1ec7n l\u1ee3i c\u1ee7a kh\u00e1ch h\u00e0ng. C\u00e1c nh\u00e2n vi\u00ean lu\u00f4n t\u1eadn t\u00e2m cung c\u1ea5p d\u1ecbch v\u1ee5 t\u1ed1t nh\u1ea5t v\u00e0 bi\u1ebfn k\u1ef3 ngh\u1ec9 c\u1ee7a b\u1ea1n th\u00e0nh tr\u1ea3i nghi\u1ec7m th\u00fa v\u1ecb nh\u1ea5t.","og_url":"https:\/\/silkeco.mulberrycollectionvn.com\/vi\/services\/","og_site_name":"Silk Eco","article_modified_time":"2021-01-12T09:07:58+00:00","og_image":[{"width":1024,"height":682,"url":"https:\/\/silkeco.mulberrycollectionvn.com\/wp-content\/uploads\/sites\/152\/2020\/11\/Bathroom.jpg","type":"image\/jpeg"}],"twitter_card":"summary_large_image","schema":{"@context":"https:\/\/schema.org","@graph":[{"@type":"WebPage","@id":"https:\/\/silkeco.mulberrycollectionvn.com\/vi\/services\/","url":"https:\/\/silkeco.mulberrycollectionvn.com\/vi\/services\/","name":"D\u1ecbch v\u1ee5 - Silk Eco","isPartOf":{"@id":"https:\/\/silkeco.mulberrycollectionvn.com\/vi\/#website"},"primaryImageOfPage":{"@id":"https:\/\/silkeco.mulberrycollectionvn.com\/vi\/services\/#primaryimage"},"image":{"@id":"https:\/\/silkeco.mulberrycollectionvn.com\/vi\/services\/#primaryimage"},"thumbnailUrl":"https:\/\/silkeco.mulberrycollectionvn.com\/wp-content\/uploads\/sites\/152\/2020\/11\/Bathroom.jpg","datePublished":"2020-11-16T04:22:31+00:00","dateModified":"2021-01-12T09:07:58+00:00","breadcrumb":{"@id":"https:\/\/silkeco.mulberrycollectionvn.com\/vi\/services\/#breadcrumb"},"inLanguage":"vi-VN","potentialAction":[{"@type":"ReadAction","target":["https:\/\/silkeco.mulberrycollectionvn.com\/vi\/services\/"]}]},{"@type":"ImageObject","inLanguage":"vi-VN","@id":"https:\/\/silkeco.mulberrycollectionvn.com\/vi\/services\/#primaryimage","url":"https:\/\/silkeco.mulberrycollectionvn.com\/wp-content\/uploads\/sites\/152\/2020\/11\/Bathroom.jpg","contentUrl":"https:\/\/silkeco.mulberrycollectionvn.com\/wp-content\/uploads\/sites\/152\/2020\/11\/Bathroom.jpg","width":1024,"height":682},{"@type":"BreadcrumbList","@id":"https:\/\/silkeco.mulberrycollectionvn.com\/vi\/services\/#breadcrumb","itemListElement":[{"@type":"ListItem","position":1,"name":"Home","item":"https:\/\/silkeco.mulberrycollectionvn.com\/vi\/"},{"@type":"ListItem","position":2,"name":"D\u1ecbch v\u1ee5"}]},{"@type":"WebSite","@id":"https:\/\/silkeco.mulberrycollectionvn.com\/vi\/#website","url":"https:\/\/silkeco.mulberrycollectionvn.com\/vi\/","name":"Silk Eco","description":"Just another D-EDGE CMS Asia Pacific site","potentialAction":[{"@type":"SearchAction","target":{"@type":"EntryPoint","urlTemplate":"https:\/\/silkeco.mulberrycollectionvn.com\/vi\/?s={search_term_string}"},"query-input":"required name=search_term_string"}],"inLanguage":"vi-VN"}]}},"_links":{"self":[{"href":"https:\/\/silkeco.mulberrycollectionvn.com\/vi\/wp-json\/wp\/v2\/pages\/262"}],"collection":[{"href":"https:\/\/silkeco.mulberrycollectionvn.com\/vi\/wp-json\/wp\/v2\/pages"}],"about":[{"href":"https:\/\/silkeco.mulberrycollectionvn.com\/vi\/wp-json\/wp\/v2\/types\/page"}],"author":[{"embeddable":true,"href":"https:\/\/silkeco.mulberrycollectionvn.com\/vi\/wp-json\/wp\/v2\/users\/124"}],"replies":[{"embeddable":true,"href":"https:\/\/silkeco.mulberrycollectionvn.com\/vi\/wp-json\/wp\/v2\/comments?post=262"}],"version-history":[{"count":0,"href":"https:\/\/silkeco.mulberrycollectionvn.com\/vi\/wp-json\/wp\/v2\/pages\/262\/revisions"}],"wp:featuredmedia":[{"embeddable":true,"href":"https:\/\/silkeco.mulberrycollectionvn.com\/vi\/wp-json\/wp\/v2\/media\/137"}],"wp:attachment":[{"href":"https:\/\/silkeco.mulberrycollectionvn.com\/vi\/wp-json\/wp\/v2\/media?parent=262"}],"curies":[{"name":"wp","href":"https:\/\/api.w.org\/{rel}","templated":true}]}}