{"id":258,"date":"2020-11-16T04:44:29","date_gmt":"2020-11-16T04:44:29","guid":{"rendered":"http:\/\/silk-eco.ms.decms.asia\/contact-us\/"},"modified":"2021-04-12T01:23:07","modified_gmt":"2021-04-12T01:23:07","slug":"contact-us","status":"publish","type":"page","link":"https:\/\/silkeco.mulberrycollectionvn.com\/vi\/contact-us\/","title":{"rendered":"Li\u00ean h\u1ec7"},"content":{"rendered":"<p style=\"text-align: center;\"><strong>K\u1ebft n\u1ed1i v\u1edbi ch\u00fang t\u00f4i<\/strong><\/p>\n<p style=\"text-align: center;\">K\u1ebft n\u1ed1i v\u1edbi ch\u00fang t\u00f4i qua c\u00e1c k\u00eanh truy\u1ec1n th\u00f4ng x\u00e3 h\u1ed9i:<\/p>\n<p>&nbsp;<\/p>\n<div class=\"contact-social\"><a href=\"https:\/\/www.facebook.com\/MulberryCollectionSilkEco\" target=\"_blank\" rel=\"noopener noreferrer\"><img loading=\"lazy\" decoding=\"async\" class=\"alignnone wp-image-798 size-full\" src=\"https:\/\/silk-eco.ms.decms.asia\/wp-content\/uploads\/sites\/152\/2021\/01\/facebook-f-brands.png\" alt=\"\" width=\"100\" height=\"100\" \/><\/a><a href=\"https:\/\/www.instagram.com\/mulberrycollectionsilkeco\/\" target=\"_blank\" rel=\"noopener noreferrer\"><img loading=\"lazy\" decoding=\"async\" class=\"alignnone wp-image-799 size-full\" src=\"https:\/\/silk-eco.ms.decms.asia\/wp-content\/uploads\/sites\/152\/2021\/01\/instagram-brands.png\" alt=\"\" width=\"100\" height=\"100\" \/><\/a><a href=\"https:\/\/www.linkedin.com\/company\/silkgroupvn\/\" target=\"_blank\" rel=\"noopener noreferrer\"><img loading=\"lazy\" decoding=\"async\" class=\"alignnone wp-image-800 size-full\" src=\"https:\/\/silk-eco.ms.decms.asia\/wp-content\/uploads\/sites\/152\/2021\/01\/linkedin-in-brands.png\" alt=\"\" width=\"100\" height=\"100\" \/><\/a><a href=\"https:\/\/www.tripadvisor.com\/Hotel_Review-g298082-d10116930-Reviews-Mulberry_Collection_Silk_Eco-Hoi_An_Quang_Nam_Province.html\" target=\"_blank\" rel=\"noopener noreferrer\"><img loading=\"lazy\" decoding=\"async\" class=\"alignnone wp-image-1250 size-full\" src=\"https:\/\/silk-eco.ms.decms.asia\/wp-content\/uploads\/sites\/152\/2021\/01\/tripadvisor-f-brands.png\" alt=\"\" width=\"100\" height=\"100\" \/><\/a><\/div>\n<p>&nbsp;<\/p>\n<p style=\"text-align: center;\"><strong>Th\u00f4ng tin li\u00ean h\u1ec7<\/strong><br \/>\n<strong>\u0110i\u1ec7n tho\u1ea1i<\/strong>: (+84) 235 366 6222<br \/>\n<strong>Fax<\/strong>: (+84) 235 366 6225<br \/>\n<strong>Email<\/strong>: reservation.eco@mulberrycollectionvn.com<\/p>\n\n                <div class='gf_browser_gecko gform_wrapper job-form_wrapper' id='gform_wrapper_6' ><form method='post' enctype='multipart\/form-data'  id='gform_6' class='job-form' action='\/vi\/wp-json\/wp\/v2\/pages\/258'>\n                        <div class='gform_body'><ul id='gform_fields_6' class='gform_fields top_label form_sublabel_below description_below'><li id='field_6_1'  class='gfield gfield_contains_required field_sublabel_below field_description_below gfield_visibility_visible' ><label class='gfield_label' for='input_6_1' >Name<span class='gfield_required'>*<\/span><\/label><div class='ginput_container ginput_container_text'><input name='input_1' id='input_6_1' type='text' value='' class='medium'    placeholder='T\u00ean' aria-required=\"true\" aria-invalid=\"false\" \/><\/div><\/li><li id='field_6_2'  class='gfield gfield_contains_required field_sublabel_below field_description_below gfield_visibility_visible' ><label class='gfield_label' for='input_6_2' >Surname<span class='gfield_required'>*<\/span><\/label><div class='ginput_container ginput_container_text'><input name='input_2' id='input_6_2' type='text' value='' class='medium'    placeholder='H\u1ecd' aria-required=\"true\" aria-invalid=\"false\" \/><\/div><\/li><li id='field_6_3'  class='gfield gfield_contains_required field_sublabel_below field_description_below gfield_visibility_visible' ><label class='gfield_label' for='input_6_3' >Phone number<span class='gfield_required'>*<\/span><\/label><div class='ginput_container ginput_container_phone'><input name='input_3' id='input_6_3' type='text' value='' class='medium'  placeholder='\u0110i\u1ec7n tho\u1ea1i' aria-required=\"true\" aria-invalid=\"false\"  \/><\/div><\/li><li id='field_6_4'  class='gfield gfield_contains_required field_sublabel_below field_description_below gfield_visibility_visible' ><label class='gfield_label' for='input_6_4' >Email<span class='gfield_required'>*<\/span><\/label><div class='ginput_container ginput_container_email'>\n                            <input name='input_4' id='input_6_4' type='text' value='' class='medium'   placeholder='\u0110\u1ecba ch\u1ec9 email' aria-required=\"true\" aria-invalid=\"false\" \/>\n                        <\/div><\/li><li id='field_6_10'  class='gfield field_sublabel_below field_description_below gfield_visibility_visible' ><label class='gfield_label' for='input_6_10' >Message<\/label><div class='ginput_container ginput_container_textarea'><textarea name='input_10' id='input_6_10' class='textarea medium'    placeholder='Enter your message'  aria-invalid=\"false\"   rows='10' cols='50'><\/textarea><\/div><\/li><li id='field_6_9'  class='gfield privacy gfield_contains_required field_sublabel_below field_description_below gfield_visibility_visible' ><label class='gfield_label'  >Privacy<span class='gfield_required'>*<\/span><\/label><div class='ginput_container ginput_container_checkbox'><ul class='gfield_checkbox' id='input_6_9'><li class='gchoice_6_9_1'>\n\t\t\t\t\t\t\t\t<input name='input_9.1' type='checkbox'  value='T\u00f4i ch\u1ea5p nh\u1eadn &lt;a href=&quot;\/privacy-policy&quot;&gt;\u0111i\u1ec1u kho\u1ea3n v\u1ec1 quy\u1ec1n ri\u00eang t\u01b0&lt;\/a&gt;'  id='choice_6_9_1'   \/>\n\t\t\t\t\t\t\t\t<label for='choice_6_9_1' id='label_6_9_1'>T\u00f4i ch\u1ea5p nh\u1eadn <a href=\"\/privacy-policy\">\u0111i\u1ec1u kho\u1ea3n v\u1ec1 quy\u1ec1n ri\u00eang t\u01b0<\/a><\/label>\n\t\t\t\t\t\t\t<\/li><\/ul><\/div><\/li><li id='field_6_7'  class='gfield field_sublabel_below field_description_below gfield_visibility_visible' ><label class='gfield_label' for='input_6_7' >CAPTCHA<\/label><div id='input_6_7' class='ginput_container ginput_recaptcha' data-sitekey='6LcYOT4aAAAAANPO2GcHj2FNphSt-onhktIaza8J'  data-theme='light' data-tabindex='0'  data-badge=''><\/div><\/li><li id='field_6_11'  class='gfield gform_validation_container field_sublabel_below field_description_below gfield_visibility_visible' ><label class='gfield_label' for='input_6_11' >Phone<\/label><div class='ginput_container'><input name='input_11' id='input_6_11' type='text' value='' \/><\/div><div class='gfield_description' id='gfield_description_6_11'>This field is for validation purposes and should be left unchanged.<\/div><\/li>\n                            <\/ul><\/div>\n        <div class='gform_footer top_label'> <input type='submit' id='gform_submit_button_6' class='gform_button button' value='G\u1eedi'  onclick='if(window[\"gf_submitting_6\"]){return false;}  window[\"gf_submitting_6\"]=true;  ' onkeypress='if( event.keyCode == 13 ){ if(window[\"gf_submitting_6\"]){return false;} window[\"gf_submitting_6\"]=true;  jQuery(\"#gform_6\").trigger(\"submit\",[true]); }' \/> \n            <input type='hidden' class='gform_hidden' name='is_submit_6' value='1' \/>\n            <input type='hidden' class='gform_hidden' name='gform_submit' value='6' \/>\n            \n            <input type='hidden' class='gform_hidden' name='gform_unique_id' value='' \/>\n            <input type='hidden' class='gform_hidden' name='state_6' value='WyJbXSIsIjM1ZTgxYWNjZjM4ODgwYzdhMWRiNWI5ODFiNzYyNTdjIl0=' \/>\n            <input type='hidden' class='gform_hidden' name='gform_target_page_number_6' id='gform_target_page_number_6' value='0' \/>\n            <input type='hidden' class='gform_hidden' name='gform_source_page_number_6' id='gform_source_page_number_6' value='1' \/>\n            <input type='hidden' name='gform_field_values' value='' \/>\n            \n        <\/div>\n                        <\/form>\n                        <\/div>\n","protected":false},"excerpt":{"rendered":"<p>K\u1ebft n\u1ed1i v\u1edbi ch\u00fang t\u00f4i K\u1ebft n\u1ed1i v\u1edbi ch\u00fang t\u00f4i qua c\u00e1c k\u00eanh truy\u1ec1n th\u00f4ng x\u00e3 h\u1ed9i: &nbsp; &nbsp; Th\u00f4ng tin li\u00ean h\u1ec7 \u0110i\u1ec7n tho\u1ea1i: (+84) 235 366 6222 Fax: (+84) 235 366 6225 Email: reservation.eco@mulberrycollectionvn.com<\/p>\n","protected":false},"author":124,"featured_media":0,"parent":0,"menu_order":0,"comment_status":"closed","ping_status":"closed","template":"","meta":{"footnotes":""},"yoast_head":"<!-- This site is optimized with the Yoast SEO plugin v22.3 - https:\/\/yoast.com\/wordpress\/plugins\/seo\/ -->\n<title>Li\u00ean h\u1ec7 - Silk Eco<\/title>\n<meta name=\"robots\" content=\"index, follow, max-snippet:-1, max-image-preview:large, max-video-preview:-1\" \/>\n<link rel=\"canonical\" href=\"https:\/\/silkeco.mulberrycollectionvn.com\/vi\/contact-us\/\" \/>\n<meta property=\"og:locale\" content=\"vi_VN\" \/>\n<meta property=\"og:type\" content=\"article\" \/>\n<meta property=\"og:title\" content=\"Li\u00ean h\u1ec7 - Silk Eco\" \/>\n<meta property=\"og:description\" content=\"K\u1ebft n\u1ed1i v\u1edbi ch\u00fang t\u00f4i K\u1ebft n\u1ed1i v\u1edbi ch\u00fang t\u00f4i qua c\u00e1c k\u00eanh truy\u1ec1n th\u00f4ng x\u00e3 h\u1ed9i: &nbsp; &nbsp; Th\u00f4ng tin li\u00ean h\u1ec7 \u0110i\u1ec7n tho\u1ea1i: (+84) 235 366 6222 Fax: (+84) 235 366 6225 Email: reservation.eco@mulberrycollectionvn.com\" \/>\n<meta property=\"og:url\" content=\"https:\/\/silkeco.mulberrycollectionvn.com\/vi\/contact-us\/\" \/>\n<meta property=\"og:site_name\" content=\"Silk Eco\" \/>\n<meta property=\"article:modified_time\" content=\"2021-04-12T01:23:07+00:00\" \/>\n<meta property=\"og:image\" content=\"https:\/\/silk-eco.ms.decms.asia\/wp-content\/uploads\/sites\/152\/2021\/01\/facebook-f-brands.png\" \/>\n<meta name=\"twitter:card\" content=\"summary_large_image\" \/>\n<script type=\"application\/ld+json\" class=\"yoast-schema-graph\">{\"@context\":\"https:\/\/schema.org\",\"@graph\":[{\"@type\":\"WebPage\",\"@id\":\"https:\/\/silkeco.mulberrycollectionvn.com\/vi\/contact-us\/\",\"url\":\"https:\/\/silkeco.mulberrycollectionvn.com\/vi\/contact-us\/\",\"name\":\"Li\u00ean h\u1ec7 - Silk Eco\",\"isPartOf\":{\"@id\":\"https:\/\/silkeco.mulberrycollectionvn.com\/vi\/#website\"},\"primaryImageOfPage\":{\"@id\":\"https:\/\/silkeco.mulberrycollectionvn.com\/vi\/contact-us\/#primaryimage\"},\"image\":{\"@id\":\"https:\/\/silkeco.mulberrycollectionvn.com\/vi\/contact-us\/#primaryimage\"},\"thumbnailUrl\":\"https:\/\/silk-eco.ms.decms.asia\/wp-content\/uploads\/sites\/152\/2021\/01\/facebook-f-brands.png\",\"datePublished\":\"2020-11-16T04:44:29+00:00\",\"dateModified\":\"2021-04-12T01:23:07+00:00\",\"breadcrumb\":{\"@id\":\"https:\/\/silkeco.mulberrycollectionvn.com\/vi\/contact-us\/#breadcrumb\"},\"inLanguage\":\"vi-VN\",\"potentialAction\":[{\"@type\":\"ReadAction\",\"target\":[\"https:\/\/silkeco.mulberrycollectionvn.com\/vi\/contact-us\/\"]}]},{\"@type\":\"ImageObject\",\"inLanguage\":\"vi-VN\",\"@id\":\"https:\/\/silkeco.mulberrycollectionvn.com\/vi\/contact-us\/#primaryimage\",\"url\":\"https:\/\/silk-eco.ms.decms.asia\/wp-content\/uploads\/sites\/152\/2021\/01\/facebook-f-brands.png\",\"contentUrl\":\"https:\/\/silk-eco.ms.decms.asia\/wp-content\/uploads\/sites\/152\/2021\/01\/facebook-f-brands.png\"},{\"@type\":\"BreadcrumbList\",\"@id\":\"https:\/\/silkeco.mulberrycollectionvn.com\/vi\/contact-us\/#breadcrumb\",\"itemListElement\":[{\"@type\":\"ListItem\",\"position\":1,\"name\":\"Home\",\"item\":\"https:\/\/silkeco.mulberrycollectionvn.com\/vi\/\"},{\"@type\":\"ListItem\",\"position\":2,\"name\":\"Li\u00ean h\u1ec7\"}]},{\"@type\":\"WebSite\",\"@id\":\"https:\/\/silkeco.mulberrycollectionvn.com\/vi\/#website\",\"url\":\"https:\/\/silkeco.mulberrycollectionvn.com\/vi\/\",\"name\":\"Silk Eco\",\"description\":\"Just another D-EDGE CMS Asia Pacific site\",\"potentialAction\":[{\"@type\":\"SearchAction\",\"target\":{\"@type\":\"EntryPoint\",\"urlTemplate\":\"https:\/\/silkeco.mulberrycollectionvn.com\/vi\/?s={search_term_string}\"},\"query-input\":\"required name=search_term_string\"}],\"inLanguage\":\"vi-VN\"}]}<\/script>\n<!-- \/ Yoast SEO plugin. -->","yoast_head_json":{"title":"Li\u00ean h\u1ec7 - Silk Eco","robots":{"index":"index","follow":"follow","max-snippet":"max-snippet:-1","max-image-preview":"max-image-preview:large","max-video-preview":"max-video-preview:-1"},"canonical":"https:\/\/silkeco.mulberrycollectionvn.com\/vi\/contact-us\/","og_locale":"vi_VN","og_type":"article","og_title":"Li\u00ean h\u1ec7 - Silk Eco","og_description":"K\u1ebft n\u1ed1i v\u1edbi ch\u00fang t\u00f4i K\u1ebft n\u1ed1i v\u1edbi ch\u00fang t\u00f4i qua c\u00e1c k\u00eanh truy\u1ec1n th\u00f4ng x\u00e3 h\u1ed9i: &nbsp; &nbsp; Th\u00f4ng tin li\u00ean h\u1ec7 \u0110i\u1ec7n tho\u1ea1i: (+84) 235 366 6222 Fax: (+84) 235 366 6225 Email: reservation.eco@mulberrycollectionvn.com","og_url":"https:\/\/silkeco.mulberrycollectionvn.com\/vi\/contact-us\/","og_site_name":"Silk Eco","article_modified_time":"2021-04-12T01:23:07+00:00","og_image":[{"url":"https:\/\/silk-eco.ms.decms.asia\/wp-content\/uploads\/sites\/152\/2021\/01\/facebook-f-brands.png"}],"twitter_card":"summary_large_image","schema":{"@context":"https:\/\/schema.org","@graph":[{"@type":"WebPage","@id":"https:\/\/silkeco.mulberrycollectionvn.com\/vi\/contact-us\/","url":"https:\/\/silkeco.mulberrycollectionvn.com\/vi\/contact-us\/","name":"Li\u00ean h\u1ec7 - Silk Eco","isPartOf":{"@id":"https:\/\/silkeco.mulberrycollectionvn.com\/vi\/#website"},"primaryImageOfPage":{"@id":"https:\/\/silkeco.mulberrycollectionvn.com\/vi\/contact-us\/#primaryimage"},"image":{"@id":"https:\/\/silkeco.mulberrycollectionvn.com\/vi\/contact-us\/#primaryimage"},"thumbnailUrl":"https:\/\/silk-eco.ms.decms.asia\/wp-content\/uploads\/sites\/152\/2021\/01\/facebook-f-brands.png","datePublished":"2020-11-16T04:44:29+00:00","dateModified":"2021-04-12T01:23:07+00:00","breadcrumb":{"@id":"https:\/\/silkeco.mulberrycollectionvn.com\/vi\/contact-us\/#breadcrumb"},"inLanguage":"vi-VN","potentialAction":[{"@type":"ReadAction","target":["https:\/\/silkeco.mulberrycollectionvn.com\/vi\/contact-us\/"]}]},{"@type":"ImageObject","inLanguage":"vi-VN","@id":"https:\/\/silkeco.mulberrycollectionvn.com\/vi\/contact-us\/#primaryimage","url":"https:\/\/silk-eco.ms.decms.asia\/wp-content\/uploads\/sites\/152\/2021\/01\/facebook-f-brands.png","contentUrl":"https:\/\/silk-eco.ms.decms.asia\/wp-content\/uploads\/sites\/152\/2021\/01\/facebook-f-brands.png"},{"@type":"BreadcrumbList","@id":"https:\/\/silkeco.mulberrycollectionvn.com\/vi\/contact-us\/#breadcrumb","itemListElement":[{"@type":"ListItem","position":1,"name":"Home","item":"https:\/\/silkeco.mulberrycollectionvn.com\/vi\/"},{"@type":"ListItem","position":2,"name":"Li\u00ean h\u1ec7"}]},{"@type":"WebSite","@id":"https:\/\/silkeco.mulberrycollectionvn.com\/vi\/#website","url":"https:\/\/silkeco.mulberrycollectionvn.com\/vi\/","name":"Silk Eco","description":"Just another D-EDGE CMS Asia Pacific site","potentialAction":[{"@type":"SearchAction","target":{"@type":"EntryPoint","urlTemplate":"https:\/\/silkeco.mulberrycollectionvn.com\/vi\/?s={search_term_string}"},"query-input":"required name=search_term_string"}],"inLanguage":"vi-VN"}]}},"_links":{"self":[{"href":"https:\/\/silkeco.mulberrycollectionvn.com\/vi\/wp-json\/wp\/v2\/pages\/258"}],"collection":[{"href":"https:\/\/silkeco.mulberrycollectionvn.com\/vi\/wp-json\/wp\/v2\/pages"}],"about":[{"href":"https:\/\/silkeco.mulberrycollectionvn.com\/vi\/wp-json\/wp\/v2\/types\/page"}],"author":[{"embeddable":true,"href":"https:\/\/silkeco.mulberrycollectionvn.com\/vi\/wp-json\/wp\/v2\/users\/124"}],"replies":[{"embeddable":true,"href":"https:\/\/silkeco.mulberrycollectionvn.com\/vi\/wp-json\/wp\/v2\/comments?post=258"}],"version-history":[{"count":0,"href":"https:\/\/silkeco.mulberrycollectionvn.com\/vi\/wp-json\/wp\/v2\/pages\/258\/revisions"}],"wp:attachment":[{"href":"https:\/\/silkeco.mulberrycollectionvn.com\/vi\/wp-json\/wp\/v2\/media?parent=258"}],"curies":[{"name":"wp","href":"https:\/\/api.w.org\/{rel}","templated":true}]}}