{"id":254,"date":"2020-11-16T04:35:57","date_gmt":"2020-11-16T04:35:57","guid":{"rendered":"http:\/\/silk-eco.ms.decms.asia\/spa\/treatments\/"},"modified":"2023-11-10T02:52:16","modified_gmt":"2023-11-10T02:52:16","slug":"treatments","status":"publish","type":"page","link":"https:\/\/silkeco.mulberrycollectionvn.com\/vi\/spa\/treatments\/","title":{"rendered":"Tr\u1ecb li\u1ec7u"},"content":{"rendered":"<p>Seta Spa mang \u0111\u1ebfn cho b\u1ea1n l\u1ef1a ch\u1ecdn c\u00e1c li\u1ec7u ph\u00e1p kh\u00e1c bi\u1ec7t s\u1eed d\u1ee5ng nguy\u00ean li\u1ec7u h\u1eefu c\u01a1 v\u00e0 chi\u1ebft xu\u1ea5t t\u01a1 t\u1eb1m. K\u1ebft h\u1ee3p c\u00e1c b\u00e0i thu\u1ed1c c\u1ed5 v\u00e0 k\u1ef9 thu\u1eadt tr\u1ecb li\u1ec7u \u0111\u1eb7c bi\u1ec7t, c\u00e1c li\u1ec7u ph\u00e1p nh\u1eb9 nh\u00e0ng t\u1ea1o ra s\u1ef1 h\u00e0i h\u00f2a cho c\u00e1c gi\u00e1c quan.<\/p>\n","protected":false},"excerpt":{"rendered":"<p>Seta Spa mang \u0111\u1ebfn cho b\u1ea1n l\u1ef1a ch\u1ecdn c\u00e1c li\u1ec7u ph\u00e1p kh\u00e1c bi\u1ec7t s\u1eed d\u1ee5ng nguy\u00ean li\u1ec7u h\u1eefu c\u01a1 v\u00e0 chi\u1ebft xu\u1ea5t t\u01a1 t\u1eb1m. K\u1ebft h\u1ee3p c\u00e1c b\u00e0i thu\u1ed1c c\u1ed5 v\u00e0 k\u1ef9 thu\u1eadt tr\u1ecb li\u1ec7u \u0111\u1eb7c bi\u1ec7t, c\u00e1c li\u1ec7u ph\u00e1p nh\u1eb9 nh\u00e0ng t\u1ea1o ra s\u1ef1 h\u00e0i h\u00f2a cho c\u00e1c gi\u00e1c quan.<\/p>\n","protected":false},"author":124,"featured_media":917,"parent":247,"menu_order":0,"comment_status":"closed","ping_status":"closed","template":"","meta":{"footnotes":""},"yoast_head":"<!-- This site is optimized with the Yoast SEO plugin v22.3 - https:\/\/yoast.com\/wordpress\/plugins\/seo\/ -->\n<title>Tr\u1ecb li\u1ec7u - Silk Eco<\/title>\n<meta name=\"robots\" content=\"index, follow, max-snippet:-1, max-image-preview:large, max-video-preview:-1\" \/>\n<link rel=\"canonical\" href=\"https:\/\/silkeco.mulberrycollectionvn.com\/vi\/spa\/treatments\/\" \/>\n<meta property=\"og:locale\" content=\"vi_VN\" \/>\n<meta property=\"og:type\" content=\"article\" \/>\n<meta property=\"og:title\" content=\"Tr\u1ecb li\u1ec7u - Silk Eco\" \/>\n<meta property=\"og:description\" content=\"Seta Spa mang \u0111\u1ebfn cho b\u1ea1n l\u1ef1a ch\u1ecdn c\u00e1c li\u1ec7u ph\u00e1p kh\u00e1c bi\u1ec7t s\u1eed d\u1ee5ng nguy\u00ean li\u1ec7u h\u1eefu c\u01a1 v\u00e0 chi\u1ebft xu\u1ea5t t\u01a1 t\u1eb1m. K\u1ebft h\u1ee3p c\u00e1c b\u00e0i thu\u1ed1c c\u1ed5 v\u00e0 k\u1ef9 thu\u1eadt tr\u1ecb li\u1ec7u \u0111\u1eb7c bi\u1ec7t, c\u00e1c li\u1ec7u ph\u00e1p nh\u1eb9 nh\u00e0ng t\u1ea1o ra s\u1ef1 h\u00e0i h\u00f2a cho c\u00e1c gi\u00e1c quan.\" \/>\n<meta property=\"og:url\" content=\"https:\/\/silkeco.mulberrycollectionvn.com\/vi\/spa\/treatments\/\" \/>\n<meta property=\"og:site_name\" content=\"Silk Eco\" \/>\n<meta property=\"article:modified_time\" content=\"2023-11-10T02:52:16+00:00\" \/>\n<meta property=\"og:image\" content=\"https:\/\/silkeco.mulberrycollectionvn.com\/wp-content\/uploads\/sites\/152\/2023\/11\/NEW-62.jpg\" \/>\n\t<meta property=\"og:image:width\" content=\"1800\" \/>\n\t<meta property=\"og:image:height\" content=\"1200\" \/>\n\t<meta property=\"og:image:type\" content=\"image\/jpeg\" \/>\n<meta name=\"twitter:card\" content=\"summary_large_image\" \/>\n<script type=\"application\/ld+json\" class=\"yoast-schema-graph\">{\"@context\":\"https:\/\/schema.org\",\"@graph\":[{\"@type\":\"WebPage\",\"@id\":\"https:\/\/silkeco.mulberrycollectionvn.com\/vi\/spa\/treatments\/\",\"url\":\"https:\/\/silkeco.mulberrycollectionvn.com\/vi\/spa\/treatments\/\",\"name\":\"Tr\u1ecb li\u1ec7u - Silk Eco\",\"isPartOf\":{\"@id\":\"https:\/\/silkeco.mulberrycollectionvn.com\/vi\/#website\"},\"primaryImageOfPage\":{\"@id\":\"https:\/\/silkeco.mulberrycollectionvn.com\/vi\/spa\/treatments\/#primaryimage\"},\"image\":{\"@id\":\"https:\/\/silkeco.mulberrycollectionvn.com\/vi\/spa\/treatments\/#primaryimage\"},\"thumbnailUrl\":\"https:\/\/silkeco.mulberrycollectionvn.com\/wp-content\/uploads\/sites\/152\/2023\/11\/NEW-62.jpg\",\"datePublished\":\"2020-11-16T04:35:57+00:00\",\"dateModified\":\"2023-11-10T02:52:16+00:00\",\"breadcrumb\":{\"@id\":\"https:\/\/silkeco.mulberrycollectionvn.com\/vi\/spa\/treatments\/#breadcrumb\"},\"inLanguage\":\"vi-VN\",\"potentialAction\":[{\"@type\":\"ReadAction\",\"target\":[\"https:\/\/silkeco.mulberrycollectionvn.com\/vi\/spa\/treatments\/\"]}]},{\"@type\":\"ImageObject\",\"inLanguage\":\"vi-VN\",\"@id\":\"https:\/\/silkeco.mulberrycollectionvn.com\/vi\/spa\/treatments\/#primaryimage\",\"url\":\"https:\/\/silkeco.mulberrycollectionvn.com\/wp-content\/uploads\/sites\/152\/2023\/11\/NEW-62.jpg\",\"contentUrl\":\"https:\/\/silkeco.mulberrycollectionvn.com\/wp-content\/uploads\/sites\/152\/2023\/11\/NEW-62.jpg\",\"width\":1800,\"height\":1200},{\"@type\":\"BreadcrumbList\",\"@id\":\"https:\/\/silkeco.mulberrycollectionvn.com\/vi\/spa\/treatments\/#breadcrumb\",\"itemListElement\":[{\"@type\":\"ListItem\",\"position\":1,\"name\":\"Home\",\"item\":\"https:\/\/silkeco.mulberrycollectionvn.com\/vi\/\"},{\"@type\":\"ListItem\",\"position\":2,\"name\":\"Seta Spa\",\"item\":\"https:\/\/silkeco.mulberrycollectionvn.com\/vi\/spa\/\"},{\"@type\":\"ListItem\",\"position\":3,\"name\":\"Tr\u1ecb li\u1ec7u\"}]},{\"@type\":\"WebSite\",\"@id\":\"https:\/\/silkeco.mulberrycollectionvn.com\/vi\/#website\",\"url\":\"https:\/\/silkeco.mulberrycollectionvn.com\/vi\/\",\"name\":\"Silk Eco\",\"description\":\"Just another D-EDGE CMS Asia Pacific site\",\"potentialAction\":[{\"@type\":\"SearchAction\",\"target\":{\"@type\":\"EntryPoint\",\"urlTemplate\":\"https:\/\/silkeco.mulberrycollectionvn.com\/vi\/?s={search_term_string}\"},\"query-input\":\"required name=search_term_string\"}],\"inLanguage\":\"vi-VN\"}]}<\/script>\n<!-- \/ Yoast SEO plugin. -->","yoast_head_json":{"title":"Tr\u1ecb li\u1ec7u - Silk Eco","robots":{"index":"index","follow":"follow","max-snippet":"max-snippet:-1","max-image-preview":"max-image-preview:large","max-video-preview":"max-video-preview:-1"},"canonical":"https:\/\/silkeco.mulberrycollectionvn.com\/vi\/spa\/treatments\/","og_locale":"vi_VN","og_type":"article","og_title":"Tr\u1ecb li\u1ec7u - Silk Eco","og_description":"Seta Spa mang \u0111\u1ebfn cho b\u1ea1n l\u1ef1a ch\u1ecdn c\u00e1c li\u1ec7u ph\u00e1p kh\u00e1c bi\u1ec7t s\u1eed d\u1ee5ng nguy\u00ean li\u1ec7u h\u1eefu c\u01a1 v\u00e0 chi\u1ebft xu\u1ea5t t\u01a1 t\u1eb1m. K\u1ebft h\u1ee3p c\u00e1c b\u00e0i thu\u1ed1c c\u1ed5 v\u00e0 k\u1ef9 thu\u1eadt tr\u1ecb li\u1ec7u \u0111\u1eb7c bi\u1ec7t, c\u00e1c li\u1ec7u ph\u00e1p nh\u1eb9 nh\u00e0ng t\u1ea1o ra s\u1ef1 h\u00e0i h\u00f2a cho c\u00e1c gi\u00e1c quan.","og_url":"https:\/\/silkeco.mulberrycollectionvn.com\/vi\/spa\/treatments\/","og_site_name":"Silk Eco","article_modified_time":"2023-11-10T02:52:16+00:00","og_image":[{"width":1800,"height":1200,"url":"https:\/\/silkeco.mulberrycollectionvn.com\/wp-content\/uploads\/sites\/152\/2023\/11\/NEW-62.jpg","type":"image\/jpeg"}],"twitter_card":"summary_large_image","schema":{"@context":"https:\/\/schema.org","@graph":[{"@type":"WebPage","@id":"https:\/\/silkeco.mulberrycollectionvn.com\/vi\/spa\/treatments\/","url":"https:\/\/silkeco.mulberrycollectionvn.com\/vi\/spa\/treatments\/","name":"Tr\u1ecb li\u1ec7u - Silk Eco","isPartOf":{"@id":"https:\/\/silkeco.mulberrycollectionvn.com\/vi\/#website"},"primaryImageOfPage":{"@id":"https:\/\/silkeco.mulberrycollectionvn.com\/vi\/spa\/treatments\/#primaryimage"},"image":{"@id":"https:\/\/silkeco.mulberrycollectionvn.com\/vi\/spa\/treatments\/#primaryimage"},"thumbnailUrl":"https:\/\/silkeco.mulberrycollectionvn.com\/wp-content\/uploads\/sites\/152\/2023\/11\/NEW-62.jpg","datePublished":"2020-11-16T04:35:57+00:00","dateModified":"2023-11-10T02:52:16+00:00","breadcrumb":{"@id":"https:\/\/silkeco.mulberrycollectionvn.com\/vi\/spa\/treatments\/#breadcrumb"},"inLanguage":"vi-VN","potentialAction":[{"@type":"ReadAction","target":["https:\/\/silkeco.mulberrycollectionvn.com\/vi\/spa\/treatments\/"]}]},{"@type":"ImageObject","inLanguage":"vi-VN","@id":"https:\/\/silkeco.mulberrycollectionvn.com\/vi\/spa\/treatments\/#primaryimage","url":"https:\/\/silkeco.mulberrycollectionvn.com\/wp-content\/uploads\/sites\/152\/2023\/11\/NEW-62.jpg","contentUrl":"https:\/\/silkeco.mulberrycollectionvn.com\/wp-content\/uploads\/sites\/152\/2023\/11\/NEW-62.jpg","width":1800,"height":1200},{"@type":"BreadcrumbList","@id":"https:\/\/silkeco.mulberrycollectionvn.com\/vi\/spa\/treatments\/#breadcrumb","itemListElement":[{"@type":"ListItem","position":1,"name":"Home","item":"https:\/\/silkeco.mulberrycollectionvn.com\/vi\/"},{"@type":"ListItem","position":2,"name":"Seta Spa","item":"https:\/\/silkeco.mulberrycollectionvn.com\/vi\/spa\/"},{"@type":"ListItem","position":3,"name":"Tr\u1ecb li\u1ec7u"}]},{"@type":"WebSite","@id":"https:\/\/silkeco.mulberrycollectionvn.com\/vi\/#website","url":"https:\/\/silkeco.mulberrycollectionvn.com\/vi\/","name":"Silk Eco","description":"Just another D-EDGE CMS Asia Pacific site","potentialAction":[{"@type":"SearchAction","target":{"@type":"EntryPoint","urlTemplate":"https:\/\/silkeco.mulberrycollectionvn.com\/vi\/?s={search_term_string}"},"query-input":"required name=search_term_string"}],"inLanguage":"vi-VN"}]}},"_links":{"self":[{"href":"https:\/\/silkeco.mulberrycollectionvn.com\/vi\/wp-json\/wp\/v2\/pages\/254"}],"collection":[{"href":"https:\/\/silkeco.mulberrycollectionvn.com\/vi\/wp-json\/wp\/v2\/pages"}],"about":[{"href":"https:\/\/silkeco.mulberrycollectionvn.com\/vi\/wp-json\/wp\/v2\/types\/page"}],"author":[{"embeddable":true,"href":"https:\/\/silkeco.mulberrycollectionvn.com\/vi\/wp-json\/wp\/v2\/users\/124"}],"replies":[{"embeddable":true,"href":"https:\/\/silkeco.mulberrycollectionvn.com\/vi\/wp-json\/wp\/v2\/comments?post=254"}],"version-history":[{"count":0,"href":"https:\/\/silkeco.mulberrycollectionvn.com\/vi\/wp-json\/wp\/v2\/pages\/254\/revisions"}],"up":[{"embeddable":true,"href":"https:\/\/silkeco.mulberrycollectionvn.com\/vi\/wp-json\/wp\/v2\/pages\/247"}],"wp:featuredmedia":[{"embeddable":true,"href":"https:\/\/silkeco.mulberrycollectionvn.com\/vi\/wp-json\/wp\/v2\/media\/917"}],"wp:attachment":[{"href":"https:\/\/silkeco.mulberrycollectionvn.com\/vi\/wp-json\/wp\/v2\/media?parent=254"}],"curies":[{"name":"wp","href":"https:\/\/api.w.org\/{rel}","templated":true}]}}