{"id":249,"date":"2020-11-16T04:42:28","date_gmt":"2020-11-16T04:42:28","guid":{"rendered":"http:\/\/silk-eco.ms.decms.asia\/fitness-wellness\/"},"modified":"2021-06-28T01:42:01","modified_gmt":"2021-06-28T01:42:01","slug":"fitness-wellness","status":"publish","type":"page","link":"https:\/\/silkeco.mulberrycollectionvn.com\/vi\/fitness-wellness\/","title":{"rendered":"Trung T\u00e2m Th\u1ec3 H\u00ecnh &amp; S\u1ee9c Kh\u1ecfe"},"content":{"rendered":"<p>C\u00e1c thi\u1ebft b\u1ecb th\u1ec3 h\u00ecnh v\u00e0 ch\u0103m s\u00f3c s\u1ee9c kh\u1ecfe t\u1ea1i Silk Eco \u0111\u01b0\u1ee3c trang b\u1ecb ph\u00f9 h\u1ee3p cho nhi\u1ec1u m\u1ee9c \u0111\u1ed9 v\u00e0 nhu c\u1ea7u c\u1ee7a b\u1ea1n. R\u00e8n luy\u1ec7n th\u00e2n th\u1ec3 v\u00e0 n\u00e2ng cao sinh l\u1ef1c v\u1edbi trung t\u00e2m th\u1ec3 d\u1ee5c \u0111\u01b0\u1ee3c trang t\u1ed1i \u01b0u v\u00e0 th\u01b0 gi\u00e3n trong h\u1ed3 b\u01a1i ngo\u00e0i tr\u1eddi.<\/p>\n<h2>Trung t\u00e2m th\u1ec3 h\u00ecnh<\/h2>\n<p>Silk Eco cung c\u1ea5p \u0111\u1ea7y \u0111\u1ee7 trang thi\u1ebft b\u1ecb luy\u1ec7n t\u1eadp hi\u1ec7n \u0111\u1ea1i. Khu v\u1ef1c ngo\u00e0i tr\u1eddi v\u1edbi xe \u0111\u1ea1p v\u00e0 m\u00e1y \u0111i ch\u1ea1y b\u1ed9, trung t\u00e2m th\u1ec3 h\u00ecnh l\u00e0 l\u1ef1a ch\u1ecdn l\u00fd t\u01b0\u1edfng cho nh\u1eefng v\u1ecb kh\u00e1ch mu\u1ed1n r\u00e8n luy\u1ec7n s\u1ee9c kh\u1ecfe.<\/p>\n<p><strong>Gi\u1edd m\u1edf c\u1eeda<\/strong>: T\u1eeb 6:00 \u0111\u1ebfn 21:00<br \/>\n<strong>V\u1ecb tr\u00ed<\/strong>: T\u1ea7ng tr\u1ec7t<\/p>\n<h2>H\u1ed3 b\u01a1i<\/h2>\n<p>Kh\u00e1m ph\u00e1 m\u1ed9t \u1ed1c \u0111\u1ea3o y\u00ean b\u00ecnh ho\u00e0n to\u00e0n d\u00e0nh ri\u00eang cho vi\u1ec7c th\u01b0 gi\u00e3n. V\u1edbi h\u1ed3 b\u01a1i ngo\u00e0i tr\u1eddi r\u1ed9ng 60m2, qu\u00fd kh\u00e1ch s\u1ebd t\u1eadn h\u01b0\u1edfng nh\u1eefng ph\u00fat gi\u00e2y th\u01b0 gi\u00e3n, s\u1ea3ng kho\u00e1i v\u00e0 \u0111\u1eafm m\u00ecnh trong nh\u1eefng tia n\u1eafng \u1ea5m \u00e1p mi\u1ec1n nhi\u1ec7t \u0111\u1edbi.<\/p>\n<p><strong>Gi\u1edd m\u1edf c\u1eeda<\/strong>: T\u1eeb 7:00 \u0111\u1ebfn 20:00<br \/>\n<strong>V\u1ecb tr\u00ed<\/strong>: T\u1ea7ng tr\u1ec7t<\/p>\n","protected":false},"excerpt":{"rendered":"<p>C\u00e1c thi\u1ebft b\u1ecb th\u1ec3 h\u00ecnh v\u00e0 ch\u0103m s\u00f3c s\u1ee9c kh\u1ecfe t\u1ea1i Silk Eco \u0111\u01b0\u1ee3c trang b\u1ecb ph\u00f9 h\u1ee3p cho nhi\u1ec1u m\u1ee9c \u0111\u1ed9 v\u00e0 nhu c\u1ea7u c\u1ee7a b\u1ea1n. R\u00e8n luy\u1ec7n th\u00e2n th\u1ec3 v\u00e0 n\u00e2ng cao sinh l\u1ef1c v\u1edbi trung t\u00e2m th\u1ec3 d\u1ee5c \u0111\u01b0\u1ee3c trang t\u1ed1i \u01b0u v\u00e0 th\u01b0 gi\u00e3n trong h\u1ed3 b\u01a1i ngo\u00e0i tr\u1eddi. Trung t\u00e2m [&hellip;]<\/p>\n","protected":false},"author":124,"featured_media":133,"parent":0,"menu_order":0,"comment_status":"closed","ping_status":"closed","template":"template-spa.php","meta":{"footnotes":""},"yoast_head":"<!-- This site is optimized with the Yoast SEO plugin v22.3 - https:\/\/yoast.com\/wordpress\/plugins\/seo\/ -->\n<title>Trung T\u00e2m Th\u1ec3 H\u00ecnh &amp; S\u1ee9c Kh\u1ecfe - Silk Eco<\/title>\n<meta name=\"robots\" content=\"index, follow, max-snippet:-1, max-image-preview:large, max-video-preview:-1\" \/>\n<link rel=\"canonical\" href=\"https:\/\/silkeco.mulberrycollectionvn.com\/vi\/fitness-wellness\/\" \/>\n<meta property=\"og:locale\" content=\"vi_VN\" \/>\n<meta property=\"og:type\" content=\"article\" \/>\n<meta property=\"og:title\" content=\"Trung T\u00e2m Th\u1ec3 H\u00ecnh &amp; S\u1ee9c Kh\u1ecfe - Silk Eco\" \/>\n<meta property=\"og:description\" content=\"C\u00e1c thi\u1ebft b\u1ecb th\u1ec3 h\u00ecnh v\u00e0 ch\u0103m s\u00f3c s\u1ee9c kh\u1ecfe t\u1ea1i Silk Eco \u0111\u01b0\u1ee3c trang b\u1ecb ph\u00f9 h\u1ee3p cho nhi\u1ec1u m\u1ee9c \u0111\u1ed9 v\u00e0 nhu c\u1ea7u c\u1ee7a b\u1ea1n. R\u00e8n luy\u1ec7n th\u00e2n th\u1ec3 v\u00e0 n\u00e2ng cao sinh l\u1ef1c v\u1edbi trung t\u00e2m th\u1ec3 d\u1ee5c \u0111\u01b0\u1ee3c trang t\u1ed1i \u01b0u v\u00e0 th\u01b0 gi\u00e3n trong h\u1ed3 b\u01a1i ngo\u00e0i tr\u1eddi. Trung t\u00e2m [&hellip;]\" \/>\n<meta property=\"og:url\" content=\"https:\/\/silkeco.mulberrycollectionvn.com\/vi\/fitness-wellness\/\" \/>\n<meta property=\"og:site_name\" content=\"Silk Eco\" \/>\n<meta property=\"article:modified_time\" content=\"2021-06-28T01:42:01+00:00\" \/>\n<meta property=\"og:image\" content=\"https:\/\/silkeco.mulberrycollectionvn.com\/wp-content\/uploads\/sites\/152\/2020\/11\/Gym.jpg\" \/>\n\t<meta property=\"og:image:width\" content=\"1024\" \/>\n\t<meta property=\"og:image:height\" content=\"768\" \/>\n\t<meta property=\"og:image:type\" content=\"image\/jpeg\" \/>\n<meta name=\"twitter:card\" content=\"summary_large_image\" \/>\n<meta name=\"twitter:label1\" content=\"Est. reading time\" \/>\n\t<meta name=\"twitter:data1\" content=\"1 minute\" \/>\n<script type=\"application\/ld+json\" class=\"yoast-schema-graph\">{\"@context\":\"https:\/\/schema.org\",\"@graph\":[{\"@type\":\"WebPage\",\"@id\":\"https:\/\/silkeco.mulberrycollectionvn.com\/vi\/fitness-wellness\/\",\"url\":\"https:\/\/silkeco.mulberrycollectionvn.com\/vi\/fitness-wellness\/\",\"name\":\"Trung T\u00e2m Th\u1ec3 H\u00ecnh &amp; S\u1ee9c Kh\u1ecfe - Silk Eco\",\"isPartOf\":{\"@id\":\"https:\/\/silkeco.mulberrycollectionvn.com\/vi\/#website\"},\"primaryImageOfPage\":{\"@id\":\"https:\/\/silkeco.mulberrycollectionvn.com\/vi\/fitness-wellness\/#primaryimage\"},\"image\":{\"@id\":\"https:\/\/silkeco.mulberrycollectionvn.com\/vi\/fitness-wellness\/#primaryimage\"},\"thumbnailUrl\":\"https:\/\/silkeco.mulberrycollectionvn.com\/wp-content\/uploads\/sites\/152\/2020\/11\/Gym.jpg\",\"datePublished\":\"2020-11-16T04:42:28+00:00\",\"dateModified\":\"2021-06-28T01:42:01+00:00\",\"breadcrumb\":{\"@id\":\"https:\/\/silkeco.mulberrycollectionvn.com\/vi\/fitness-wellness\/#breadcrumb\"},\"inLanguage\":\"vi-VN\",\"potentialAction\":[{\"@type\":\"ReadAction\",\"target\":[\"https:\/\/silkeco.mulberrycollectionvn.com\/vi\/fitness-wellness\/\"]}]},{\"@type\":\"ImageObject\",\"inLanguage\":\"vi-VN\",\"@id\":\"https:\/\/silkeco.mulberrycollectionvn.com\/vi\/fitness-wellness\/#primaryimage\",\"url\":\"https:\/\/silkeco.mulberrycollectionvn.com\/wp-content\/uploads\/sites\/152\/2020\/11\/Gym.jpg\",\"contentUrl\":\"https:\/\/silkeco.mulberrycollectionvn.com\/wp-content\/uploads\/sites\/152\/2020\/11\/Gym.jpg\",\"width\":1024,\"height\":768},{\"@type\":\"BreadcrumbList\",\"@id\":\"https:\/\/silkeco.mulberrycollectionvn.com\/vi\/fitness-wellness\/#breadcrumb\",\"itemListElement\":[{\"@type\":\"ListItem\",\"position\":1,\"name\":\"Home\",\"item\":\"https:\/\/silkeco.mulberrycollectionvn.com\/vi\/\"},{\"@type\":\"ListItem\",\"position\":2,\"name\":\"Trung T\u00e2m Th\u1ec3 H\u00ecnh &amp; S\u1ee9c Kh\u1ecfe\"}]},{\"@type\":\"WebSite\",\"@id\":\"https:\/\/silkeco.mulberrycollectionvn.com\/vi\/#website\",\"url\":\"https:\/\/silkeco.mulberrycollectionvn.com\/vi\/\",\"name\":\"Silk Eco\",\"description\":\"Just another D-EDGE CMS Asia Pacific site\",\"potentialAction\":[{\"@type\":\"SearchAction\",\"target\":{\"@type\":\"EntryPoint\",\"urlTemplate\":\"https:\/\/silkeco.mulberrycollectionvn.com\/vi\/?s={search_term_string}\"},\"query-input\":\"required name=search_term_string\"}],\"inLanguage\":\"vi-VN\"}]}<\/script>\n<!-- \/ Yoast SEO plugin. -->","yoast_head_json":{"title":"Trung T\u00e2m Th\u1ec3 H\u00ecnh &amp; S\u1ee9c Kh\u1ecfe - Silk Eco","robots":{"index":"index","follow":"follow","max-snippet":"max-snippet:-1","max-image-preview":"max-image-preview:large","max-video-preview":"max-video-preview:-1"},"canonical":"https:\/\/silkeco.mulberrycollectionvn.com\/vi\/fitness-wellness\/","og_locale":"vi_VN","og_type":"article","og_title":"Trung T\u00e2m Th\u1ec3 H\u00ecnh &amp; S\u1ee9c Kh\u1ecfe - Silk Eco","og_description":"C\u00e1c thi\u1ebft b\u1ecb th\u1ec3 h\u00ecnh v\u00e0 ch\u0103m s\u00f3c s\u1ee9c kh\u1ecfe t\u1ea1i Silk Eco \u0111\u01b0\u1ee3c trang b\u1ecb ph\u00f9 h\u1ee3p cho nhi\u1ec1u m\u1ee9c \u0111\u1ed9 v\u00e0 nhu c\u1ea7u c\u1ee7a b\u1ea1n. R\u00e8n luy\u1ec7n th\u00e2n th\u1ec3 v\u00e0 n\u00e2ng cao sinh l\u1ef1c v\u1edbi trung t\u00e2m th\u1ec3 d\u1ee5c \u0111\u01b0\u1ee3c trang t\u1ed1i \u01b0u v\u00e0 th\u01b0 gi\u00e3n trong h\u1ed3 b\u01a1i ngo\u00e0i tr\u1eddi. Trung t\u00e2m [&hellip;]","og_url":"https:\/\/silkeco.mulberrycollectionvn.com\/vi\/fitness-wellness\/","og_site_name":"Silk Eco","article_modified_time":"2021-06-28T01:42:01+00:00","og_image":[{"width":1024,"height":768,"url":"https:\/\/silkeco.mulberrycollectionvn.com\/wp-content\/uploads\/sites\/152\/2020\/11\/Gym.jpg","type":"image\/jpeg"}],"twitter_card":"summary_large_image","twitter_misc":{"Est. reading time":"1 minute"},"schema":{"@context":"https:\/\/schema.org","@graph":[{"@type":"WebPage","@id":"https:\/\/silkeco.mulberrycollectionvn.com\/vi\/fitness-wellness\/","url":"https:\/\/silkeco.mulberrycollectionvn.com\/vi\/fitness-wellness\/","name":"Trung T\u00e2m Th\u1ec3 H\u00ecnh &amp; S\u1ee9c Kh\u1ecfe - Silk Eco","isPartOf":{"@id":"https:\/\/silkeco.mulberrycollectionvn.com\/vi\/#website"},"primaryImageOfPage":{"@id":"https:\/\/silkeco.mulberrycollectionvn.com\/vi\/fitness-wellness\/#primaryimage"},"image":{"@id":"https:\/\/silkeco.mulberrycollectionvn.com\/vi\/fitness-wellness\/#primaryimage"},"thumbnailUrl":"https:\/\/silkeco.mulberrycollectionvn.com\/wp-content\/uploads\/sites\/152\/2020\/11\/Gym.jpg","datePublished":"2020-11-16T04:42:28+00:00","dateModified":"2021-06-28T01:42:01+00:00","breadcrumb":{"@id":"https:\/\/silkeco.mulberrycollectionvn.com\/vi\/fitness-wellness\/#breadcrumb"},"inLanguage":"vi-VN","potentialAction":[{"@type":"ReadAction","target":["https:\/\/silkeco.mulberrycollectionvn.com\/vi\/fitness-wellness\/"]}]},{"@type":"ImageObject","inLanguage":"vi-VN","@id":"https:\/\/silkeco.mulberrycollectionvn.com\/vi\/fitness-wellness\/#primaryimage","url":"https:\/\/silkeco.mulberrycollectionvn.com\/wp-content\/uploads\/sites\/152\/2020\/11\/Gym.jpg","contentUrl":"https:\/\/silkeco.mulberrycollectionvn.com\/wp-content\/uploads\/sites\/152\/2020\/11\/Gym.jpg","width":1024,"height":768},{"@type":"BreadcrumbList","@id":"https:\/\/silkeco.mulberrycollectionvn.com\/vi\/fitness-wellness\/#breadcrumb","itemListElement":[{"@type":"ListItem","position":1,"name":"Home","item":"https:\/\/silkeco.mulberrycollectionvn.com\/vi\/"},{"@type":"ListItem","position":2,"name":"Trung T\u00e2m Th\u1ec3 H\u00ecnh &amp; S\u1ee9c Kh\u1ecfe"}]},{"@type":"WebSite","@id":"https:\/\/silkeco.mulberrycollectionvn.com\/vi\/#website","url":"https:\/\/silkeco.mulberrycollectionvn.com\/vi\/","name":"Silk Eco","description":"Just another D-EDGE CMS Asia Pacific site","potentialAction":[{"@type":"SearchAction","target":{"@type":"EntryPoint","urlTemplate":"https:\/\/silkeco.mulberrycollectionvn.com\/vi\/?s={search_term_string}"},"query-input":"required name=search_term_string"}],"inLanguage":"vi-VN"}]}},"_links":{"self":[{"href":"https:\/\/silkeco.mulberrycollectionvn.com\/vi\/wp-json\/wp\/v2\/pages\/249"}],"collection":[{"href":"https:\/\/silkeco.mulberrycollectionvn.com\/vi\/wp-json\/wp\/v2\/pages"}],"about":[{"href":"https:\/\/silkeco.mulberrycollectionvn.com\/vi\/wp-json\/wp\/v2\/types\/page"}],"author":[{"embeddable":true,"href":"https:\/\/silkeco.mulberrycollectionvn.com\/vi\/wp-json\/wp\/v2\/users\/124"}],"replies":[{"embeddable":true,"href":"https:\/\/silkeco.mulberrycollectionvn.com\/vi\/wp-json\/wp\/v2\/comments?post=249"}],"version-history":[{"count":0,"href":"https:\/\/silkeco.mulberrycollectionvn.com\/vi\/wp-json\/wp\/v2\/pages\/249\/revisions"}],"wp:featuredmedia":[{"embeddable":true,"href":"https:\/\/silkeco.mulberrycollectionvn.com\/vi\/wp-json\/wp\/v2\/media\/133"}],"wp:attachment":[{"href":"https:\/\/silkeco.mulberrycollectionvn.com\/vi\/wp-json\/wp\/v2\/media?parent=249"}],"curies":[{"name":"wp","href":"https:\/\/api.w.org\/{rel}","templated":true}]}}