{"id":247,"date":"2020-11-16T04:35:04","date_gmt":"2020-11-16T04:35:04","guid":{"rendered":"http:\/\/silk-eco.ms.decms.asia\/spa\/"},"modified":"2023-11-08T13:31:27","modified_gmt":"2023-11-08T13:31:27","slug":"spa","status":"publish","type":"page","link":"https:\/\/silkeco.mulberrycollectionvn.com\/vi\/spa\/","title":{"rendered":"Seta Spa"},"content":{"rendered":"<p>B\u1eaft \u0111\u1ea7u chuy\u1ebfn h\u00e0nh h\u00e0nh l\u1ea5y l\u1ea1i s\u1ef1 c\u00e2n b\u1eb1ng c\u1ee7a c\u01a1 th\u1ec3, s\u1ee9c kh\u1ecfe v\u00e0 tinh th\u1ea7n t\u1ea1i Seta Spa b\u1eb1ng nh\u1eefng ph\u01b0\u01a1ng ph\u00e1p tr\u1ecb li\u1ec7u v\u1edbi l\u1ee5a t\u01a1 t\u1eb1m. T\u1eadn h\u01b0\u1edfng s\u1ef1 th\u01b0 th\u00e1i c\u00f9ng thi\u00ean nhi\u00ean v\u00e0 t\u1eadn h\u01b0\u1edfng c\u00e1c s\u1ea3n ph\u1ea9m t\u1ef1 nhi\u00ean gi\u00fap c\u1ea3i thi\u1ec7n s\u01b0c kh\u1ecfe, h\u1ed3i ph\u1ee5c sinh l\u1ef1c v\u00e0 thanh t\u1ea9y t\u00e2m h\u1ed3n.<\/p>\n<p><strong>C\u01a1 s\u1edf v\u1eadt ch\u1ea5t &#038; c\u00e1c li\u1ec7u tr\u00ecnh:<\/strong><\/p>\n<ul>\n<li>2 ph\u00f2ng tr\u1ecb li\u1ec7u<\/li>\n<li>2 ph\u00f2ng VIP<\/li>\n<li>B\u1ed3n t\u1eafm th\u1ea3o d\u01b0\u1ee3c<\/li>\n<li>Ph\u00f2ng x\u00f4ng h\u01a1i<\/li>\n<\/ul>\n<p><strong>Gi\u1edd ho\u1ea1t \u0111\u1ed9ng:<\/strong> T\u1eeb 9:00 \u0111\u1ebfn 21:00<br \/>\n<strong>V\u1ecb tr\u00ed:<\/strong> T\u1ea7ng tr\u1ec7t<br \/>\n<strong>Ph\u1ee5c v\u1ee5:<\/strong> C\u00e1c g\u00f3i Spa c\u1ed5 truy\u1ec1n &#038; Li\u1ec7u ph\u00e1p t\u1eeb t\u01a1 t\u1eb1m<\/p>\n","protected":false},"excerpt":{"rendered":"<p>B\u1eaft \u0111\u1ea7u chuy\u1ebfn h\u00e0nh h\u00e0nh l\u1ea5y l\u1ea1i s\u1ef1 c\u00e2n b\u1eb1ng c\u1ee7a c\u01a1 th\u1ec3, s\u1ee9c kh\u1ecfe v\u00e0 tinh th\u1ea7n t\u1ea1i Seta Spa b\u1eb1ng nh\u1eefng ph\u01b0\u01a1ng ph\u00e1p tr\u1ecb li\u1ec7u v\u1edbi l\u1ee5a t\u01a1 t\u1eb1m. T\u1eadn h\u01b0\u1edfng s\u1ef1 th\u01b0 th\u00e1i c\u00f9ng thi\u00ean nhi\u00ean v\u00e0 t\u1eadn h\u01b0\u1edfng c\u00e1c s\u1ea3n ph\u1ea9m t\u1ef1 nhi\u00ean gi\u00fap c\u1ea3i thi\u1ec7n s\u01b0c kh\u1ecfe, h\u1ed3i ph\u1ee5c sinh [&hellip;]<\/p>\n","protected":false},"author":124,"featured_media":917,"parent":0,"menu_order":0,"comment_status":"closed","ping_status":"closed","template":"template-spa.php","meta":{"footnotes":""},"yoast_head":"<!-- This site is optimized with the Yoast SEO plugin v22.3 - https:\/\/yoast.com\/wordpress\/plugins\/seo\/ -->\n<title>Seta Spa - Silk Eco<\/title>\n<meta name=\"robots\" content=\"index, follow, max-snippet:-1, max-image-preview:large, max-video-preview:-1\" \/>\n<link rel=\"canonical\" href=\"https:\/\/silkeco.mulberrycollectionvn.com\/vi\/spa\/\" \/>\n<meta property=\"og:locale\" content=\"vi_VN\" \/>\n<meta property=\"og:type\" content=\"article\" \/>\n<meta property=\"og:title\" content=\"Seta Spa - Silk Eco\" \/>\n<meta property=\"og:description\" content=\"B\u1eaft \u0111\u1ea7u chuy\u1ebfn h\u00e0nh h\u00e0nh l\u1ea5y l\u1ea1i s\u1ef1 c\u00e2n b\u1eb1ng c\u1ee7a c\u01a1 th\u1ec3, s\u1ee9c kh\u1ecfe v\u00e0 tinh th\u1ea7n t\u1ea1i Seta Spa b\u1eb1ng nh\u1eefng ph\u01b0\u01a1ng ph\u00e1p tr\u1ecb li\u1ec7u v\u1edbi l\u1ee5a t\u01a1 t\u1eb1m. T\u1eadn h\u01b0\u1edfng s\u1ef1 th\u01b0 th\u00e1i c\u00f9ng thi\u00ean nhi\u00ean v\u00e0 t\u1eadn h\u01b0\u1edfng c\u00e1c s\u1ea3n ph\u1ea9m t\u1ef1 nhi\u00ean gi\u00fap c\u1ea3i thi\u1ec7n s\u01b0c kh\u1ecfe, h\u1ed3i ph\u1ee5c sinh [&hellip;]\" \/>\n<meta property=\"og:url\" content=\"https:\/\/silkeco.mulberrycollectionvn.com\/vi\/spa\/\" \/>\n<meta property=\"og:site_name\" content=\"Silk Eco\" \/>\n<meta property=\"article:modified_time\" content=\"2023-11-08T13:31:27+00:00\" \/>\n<meta property=\"og:image\" content=\"https:\/\/silkeco.mulberrycollectionvn.com\/wp-content\/uploads\/sites\/152\/2023\/11\/NEW-62.jpg\" \/>\n\t<meta property=\"og:image:width\" content=\"1800\" \/>\n\t<meta property=\"og:image:height\" content=\"1200\" \/>\n\t<meta property=\"og:image:type\" content=\"image\/jpeg\" \/>\n<meta name=\"twitter:card\" content=\"summary_large_image\" \/>\n<meta name=\"twitter:label1\" content=\"Est. reading time\" \/>\n\t<meta name=\"twitter:data1\" content=\"1 minute\" \/>\n<script type=\"application\/ld+json\" class=\"yoast-schema-graph\">{\"@context\":\"https:\/\/schema.org\",\"@graph\":[{\"@type\":\"WebPage\",\"@id\":\"https:\/\/silkeco.mulberrycollectionvn.com\/vi\/spa\/\",\"url\":\"https:\/\/silkeco.mulberrycollectionvn.com\/vi\/spa\/\",\"name\":\"Seta Spa - Silk Eco\",\"isPartOf\":{\"@id\":\"https:\/\/silkeco.mulberrycollectionvn.com\/vi\/#website\"},\"primaryImageOfPage\":{\"@id\":\"https:\/\/silkeco.mulberrycollectionvn.com\/vi\/spa\/#primaryimage\"},\"image\":{\"@id\":\"https:\/\/silkeco.mulberrycollectionvn.com\/vi\/spa\/#primaryimage\"},\"thumbnailUrl\":\"https:\/\/silkeco.mulberrycollectionvn.com\/wp-content\/uploads\/sites\/152\/2023\/11\/NEW-62.jpg\",\"datePublished\":\"2020-11-16T04:35:04+00:00\",\"dateModified\":\"2023-11-08T13:31:27+00:00\",\"breadcrumb\":{\"@id\":\"https:\/\/silkeco.mulberrycollectionvn.com\/vi\/spa\/#breadcrumb\"},\"inLanguage\":\"vi-VN\",\"potentialAction\":[{\"@type\":\"ReadAction\",\"target\":[\"https:\/\/silkeco.mulberrycollectionvn.com\/vi\/spa\/\"]}]},{\"@type\":\"ImageObject\",\"inLanguage\":\"vi-VN\",\"@id\":\"https:\/\/silkeco.mulberrycollectionvn.com\/vi\/spa\/#primaryimage\",\"url\":\"https:\/\/silkeco.mulberrycollectionvn.com\/wp-content\/uploads\/sites\/152\/2023\/11\/NEW-62.jpg\",\"contentUrl\":\"https:\/\/silkeco.mulberrycollectionvn.com\/wp-content\/uploads\/sites\/152\/2023\/11\/NEW-62.jpg\",\"width\":1800,\"height\":1200},{\"@type\":\"BreadcrumbList\",\"@id\":\"https:\/\/silkeco.mulberrycollectionvn.com\/vi\/spa\/#breadcrumb\",\"itemListElement\":[{\"@type\":\"ListItem\",\"position\":1,\"name\":\"Home\",\"item\":\"https:\/\/silkeco.mulberrycollectionvn.com\/vi\/\"},{\"@type\":\"ListItem\",\"position\":2,\"name\":\"Seta Spa\"}]},{\"@type\":\"WebSite\",\"@id\":\"https:\/\/silkeco.mulberrycollectionvn.com\/vi\/#website\",\"url\":\"https:\/\/silkeco.mulberrycollectionvn.com\/vi\/\",\"name\":\"Silk Eco\",\"description\":\"Just another D-EDGE CMS Asia Pacific site\",\"potentialAction\":[{\"@type\":\"SearchAction\",\"target\":{\"@type\":\"EntryPoint\",\"urlTemplate\":\"https:\/\/silkeco.mulberrycollectionvn.com\/vi\/?s={search_term_string}\"},\"query-input\":\"required name=search_term_string\"}],\"inLanguage\":\"vi-VN\"}]}<\/script>\n<!-- \/ Yoast SEO plugin. -->","yoast_head_json":{"title":"Seta Spa - Silk Eco","robots":{"index":"index","follow":"follow","max-snippet":"max-snippet:-1","max-image-preview":"max-image-preview:large","max-video-preview":"max-video-preview:-1"},"canonical":"https:\/\/silkeco.mulberrycollectionvn.com\/vi\/spa\/","og_locale":"vi_VN","og_type":"article","og_title":"Seta Spa - Silk Eco","og_description":"B\u1eaft \u0111\u1ea7u chuy\u1ebfn h\u00e0nh h\u00e0nh l\u1ea5y l\u1ea1i s\u1ef1 c\u00e2n b\u1eb1ng c\u1ee7a c\u01a1 th\u1ec3, s\u1ee9c kh\u1ecfe v\u00e0 tinh th\u1ea7n t\u1ea1i Seta Spa b\u1eb1ng nh\u1eefng ph\u01b0\u01a1ng ph\u00e1p tr\u1ecb li\u1ec7u v\u1edbi l\u1ee5a t\u01a1 t\u1eb1m. T\u1eadn h\u01b0\u1edfng s\u1ef1 th\u01b0 th\u00e1i c\u00f9ng thi\u00ean nhi\u00ean v\u00e0 t\u1eadn h\u01b0\u1edfng c\u00e1c s\u1ea3n ph\u1ea9m t\u1ef1 nhi\u00ean gi\u00fap c\u1ea3i thi\u1ec7n s\u01b0c kh\u1ecfe, h\u1ed3i ph\u1ee5c sinh [&hellip;]","og_url":"https:\/\/silkeco.mulberrycollectionvn.com\/vi\/spa\/","og_site_name":"Silk Eco","article_modified_time":"2023-11-08T13:31:27+00:00","og_image":[{"width":1800,"height":1200,"url":"https:\/\/silkeco.mulberrycollectionvn.com\/wp-content\/uploads\/sites\/152\/2023\/11\/NEW-62.jpg","type":"image\/jpeg"}],"twitter_card":"summary_large_image","twitter_misc":{"Est. reading time":"1 minute"},"schema":{"@context":"https:\/\/schema.org","@graph":[{"@type":"WebPage","@id":"https:\/\/silkeco.mulberrycollectionvn.com\/vi\/spa\/","url":"https:\/\/silkeco.mulberrycollectionvn.com\/vi\/spa\/","name":"Seta Spa - Silk Eco","isPartOf":{"@id":"https:\/\/silkeco.mulberrycollectionvn.com\/vi\/#website"},"primaryImageOfPage":{"@id":"https:\/\/silkeco.mulberrycollectionvn.com\/vi\/spa\/#primaryimage"},"image":{"@id":"https:\/\/silkeco.mulberrycollectionvn.com\/vi\/spa\/#primaryimage"},"thumbnailUrl":"https:\/\/silkeco.mulberrycollectionvn.com\/wp-content\/uploads\/sites\/152\/2023\/11\/NEW-62.jpg","datePublished":"2020-11-16T04:35:04+00:00","dateModified":"2023-11-08T13:31:27+00:00","breadcrumb":{"@id":"https:\/\/silkeco.mulberrycollectionvn.com\/vi\/spa\/#breadcrumb"},"inLanguage":"vi-VN","potentialAction":[{"@type":"ReadAction","target":["https:\/\/silkeco.mulberrycollectionvn.com\/vi\/spa\/"]}]},{"@type":"ImageObject","inLanguage":"vi-VN","@id":"https:\/\/silkeco.mulberrycollectionvn.com\/vi\/spa\/#primaryimage","url":"https:\/\/silkeco.mulberrycollectionvn.com\/wp-content\/uploads\/sites\/152\/2023\/11\/NEW-62.jpg","contentUrl":"https:\/\/silkeco.mulberrycollectionvn.com\/wp-content\/uploads\/sites\/152\/2023\/11\/NEW-62.jpg","width":1800,"height":1200},{"@type":"BreadcrumbList","@id":"https:\/\/silkeco.mulberrycollectionvn.com\/vi\/spa\/#breadcrumb","itemListElement":[{"@type":"ListItem","position":1,"name":"Home","item":"https:\/\/silkeco.mulberrycollectionvn.com\/vi\/"},{"@type":"ListItem","position":2,"name":"Seta Spa"}]},{"@type":"WebSite","@id":"https:\/\/silkeco.mulberrycollectionvn.com\/vi\/#website","url":"https:\/\/silkeco.mulberrycollectionvn.com\/vi\/","name":"Silk Eco","description":"Just another D-EDGE CMS Asia Pacific site","potentialAction":[{"@type":"SearchAction","target":{"@type":"EntryPoint","urlTemplate":"https:\/\/silkeco.mulberrycollectionvn.com\/vi\/?s={search_term_string}"},"query-input":"required name=search_term_string"}],"inLanguage":"vi-VN"}]}},"_links":{"self":[{"href":"https:\/\/silkeco.mulberrycollectionvn.com\/vi\/wp-json\/wp\/v2\/pages\/247"}],"collection":[{"href":"https:\/\/silkeco.mulberrycollectionvn.com\/vi\/wp-json\/wp\/v2\/pages"}],"about":[{"href":"https:\/\/silkeco.mulberrycollectionvn.com\/vi\/wp-json\/wp\/v2\/types\/page"}],"author":[{"embeddable":true,"href":"https:\/\/silkeco.mulberrycollectionvn.com\/vi\/wp-json\/wp\/v2\/users\/124"}],"replies":[{"embeddable":true,"href":"https:\/\/silkeco.mulberrycollectionvn.com\/vi\/wp-json\/wp\/v2\/comments?post=247"}],"version-history":[{"count":0,"href":"https:\/\/silkeco.mulberrycollectionvn.com\/vi\/wp-json\/wp\/v2\/pages\/247\/revisions"}],"wp:featuredmedia":[{"embeddable":true,"href":"https:\/\/silkeco.mulberrycollectionvn.com\/vi\/wp-json\/wp\/v2\/media\/917"}],"wp:attachment":[{"href":"https:\/\/silkeco.mulberrycollectionvn.com\/vi\/wp-json\/wp\/v2\/media?parent=247"}],"curies":[{"name":"wp","href":"https:\/\/api.w.org\/{rel}","templated":true}]}}