{"id":244,"date":"2020-11-10T04:34:23","date_gmt":"2020-11-10T04:34:23","guid":{"rendered":"http:\/\/silk-eco.ms.decms.asia\/our-location\/"},"modified":"2021-01-14T08:11:30","modified_gmt":"2021-01-14T08:11:30","slug":"location","status":"publish","type":"page","link":"https:\/\/silkeco.mulberrycollectionvn.com\/vi\/location\/","title":{"rendered":"\u0110\u1ecba \u0110i\u1ec3m"},"content":{"rendered":"<p><strong>V\u1ecb tr\u00ed<\/strong><br \/>\n\u2022 C\u00e1ch d\u00f2ng s\u00f4ng Ho\u00e0i th\u01a1 m\u1ed9ng ch\u1ec9 5 ph\u00fat \u0111i b\u1ed9.<br \/>\n\u2022 C\u00e1ch bi\u1ec3n An B\u00e0ng 2.5km (Mi\u1ec5n ph\u00ed xe bu\u00fdt \u0111\u01b0a \u0111\u00f3n).<br \/>\n\u2022 C\u00e1ch ch\u00f9a C\u1ea7u v\u00e0 trung t\u00e2m ph\u1ed1 c\u1ed5 ch\u1ec9 10 ph\u00fat \u0111i b\u1ed9.<br \/>\n\u2022 C\u00e1ch s\u00e2n bay Qu\u1ed1c T\u1ebf \u0110\u00e0 N\u1eb5ng 30km (D\u1ecbch v\u1ee5 \u0111\u01b0a \u0111\u00f3n khi c\u00f3 y\u00eau c\u1ea7u).<\/p>\n<p>Silk Eco c\u00f3 thi\u1ebft k\u1ebf \u0111\u1ed9c \u0111\u00e1o l\u1ea5y c\u1ea3m h\u1ee9ng t\u1eeb c\u1ea3nh quan thi\u00ean nhi\u00ean. N\u1eb1m \u1edf v\u1ecb tr\u00ed l\u00fd t\u01b0\u1edfng tr\u00ean m\u1ed9t con ph\u1ed1 y\u00ean t\u0129nh ngay t\u1ea1i trung t\u00e2m H\u1ed9i An, ch\u1ec9 m\u1ea5t v\u00e0i ph\u00fat \u0111i b\u1ed9 \u0111\u1ec3 \u0111\u1ebfn c\u00e1c \u0111i\u1ec3m tham quan du l\u1ecbch ch\u00ednh c\u1ee7a th\u00e0nh ph\u1ed1. Kh\u00e1m ph\u00e1 th\u00e0nh ph\u1ed1 t\u1eebng l\u00e0 th\u01b0\u01a1ng c\u1ea3ng s\u1ea7m u\u1ea5t c\u1ee7a ch\u00e2u \u00c1, n\u1ed5i ti\u1ebfng v\u1edbi phong c\u1ea3nh \u0111\u1ea7y quy\u1ebfn r\u0169 v\u00e0 mang \u0111\u1eadm d\u1ea5u \u1ea5n truy\u1ec1n th\u1ed1ng.<\/p>\n","protected":false},"excerpt":{"rendered":"<p>V\u1ecb tr\u00ed \u2022 C\u00e1ch d\u00f2ng s\u00f4ng Ho\u00e0i th\u01a1 m\u1ed9ng ch\u1ec9 5 ph\u00fat \u0111i b\u1ed9. \u2022 C\u00e1ch bi\u1ec3n An B\u00e0ng 2.5km (Mi\u1ec5n ph\u00ed xe bu\u00fdt \u0111\u01b0a \u0111\u00f3n). \u2022 C\u00e1ch ch\u00f9a C\u1ea7u v\u00e0 trung t\u00e2m ph\u1ed1 c\u1ed5 ch\u1ec9 10 ph\u00fat \u0111i b\u1ed9. \u2022 C\u00e1ch s\u00e2n bay Qu\u1ed1c T\u1ebf \u0110\u00e0 N\u1eb5ng 30km (D\u1ecbch v\u1ee5 \u0111\u01b0a \u0111\u00f3n khi c\u00f3 [&hellip;]<\/p>\n","protected":false},"author":124,"featured_media":135,"parent":0,"menu_order":0,"comment_status":"closed","ping_status":"closed","template":"template-rooms.php","meta":{"footnotes":""},"yoast_head":"<!-- This site is optimized with the Yoast SEO plugin v22.3 - https:\/\/yoast.com\/wordpress\/plugins\/seo\/ -->\n<title>\u0110\u1ecba \u0110i\u1ec3m - Silk Eco<\/title>\n<meta name=\"robots\" content=\"index, follow, max-snippet:-1, max-image-preview:large, max-video-preview:-1\" \/>\n<link rel=\"canonical\" href=\"https:\/\/silkeco.mulberrycollectionvn.com\/vi\/location\/\" \/>\n<meta property=\"og:locale\" content=\"vi_VN\" \/>\n<meta property=\"og:type\" content=\"article\" \/>\n<meta property=\"og:title\" content=\"\u0110\u1ecba \u0110i\u1ec3m - Silk Eco\" \/>\n<meta property=\"og:description\" content=\"V\u1ecb tr\u00ed \u2022 C\u00e1ch d\u00f2ng s\u00f4ng Ho\u00e0i th\u01a1 m\u1ed9ng ch\u1ec9 5 ph\u00fat \u0111i b\u1ed9. \u2022 C\u00e1ch bi\u1ec3n An B\u00e0ng 2.5km (Mi\u1ec5n ph\u00ed xe bu\u00fdt \u0111\u01b0a \u0111\u00f3n). \u2022 C\u00e1ch ch\u00f9a C\u1ea7u v\u00e0 trung t\u00e2m ph\u1ed1 c\u1ed5 ch\u1ec9 10 ph\u00fat \u0111i b\u1ed9. \u2022 C\u00e1ch s\u00e2n bay Qu\u1ed1c T\u1ebf \u0110\u00e0 N\u1eb5ng 30km (D\u1ecbch v\u1ee5 \u0111\u01b0a \u0111\u00f3n khi c\u00f3 [&hellip;]\" \/>\n<meta property=\"og:url\" content=\"https:\/\/silkeco.mulberrycollectionvn.com\/vi\/location\/\" \/>\n<meta property=\"og:site_name\" content=\"Silk Eco\" \/>\n<meta property=\"article:modified_time\" content=\"2021-01-14T08:11:30+00:00\" \/>\n<meta property=\"og:image\" content=\"https:\/\/silkeco.mulberrycollectionvn.com\/wp-content\/uploads\/sites\/152\/2020\/11\/Overview_3.jpg\" \/>\n\t<meta property=\"og:image:width\" content=\"1280\" \/>\n\t<meta property=\"og:image:height\" content=\"839\" \/>\n\t<meta property=\"og:image:type\" content=\"image\/jpeg\" \/>\n<meta name=\"twitter:card\" content=\"summary_large_image\" \/>\n<meta name=\"twitter:label1\" content=\"Est. reading time\" \/>\n\t<meta name=\"twitter:data1\" content=\"1 minute\" \/>\n<script type=\"application\/ld+json\" class=\"yoast-schema-graph\">{\"@context\":\"https:\/\/schema.org\",\"@graph\":[{\"@type\":\"WebPage\",\"@id\":\"https:\/\/silkeco.mulberrycollectionvn.com\/vi\/location\/\",\"url\":\"https:\/\/silkeco.mulberrycollectionvn.com\/vi\/location\/\",\"name\":\"\u0110\u1ecba \u0110i\u1ec3m - Silk Eco\",\"isPartOf\":{\"@id\":\"https:\/\/silkeco.mulberrycollectionvn.com\/vi\/#website\"},\"primaryImageOfPage\":{\"@id\":\"https:\/\/silkeco.mulberrycollectionvn.com\/vi\/location\/#primaryimage\"},\"image\":{\"@id\":\"https:\/\/silkeco.mulberrycollectionvn.com\/vi\/location\/#primaryimage\"},\"thumbnailUrl\":\"https:\/\/silkeco.mulberrycollectionvn.com\/wp-content\/uploads\/sites\/152\/2020\/11\/Overview_3.jpg\",\"datePublished\":\"2020-11-10T04:34:23+00:00\",\"dateModified\":\"2021-01-14T08:11:30+00:00\",\"breadcrumb\":{\"@id\":\"https:\/\/silkeco.mulberrycollectionvn.com\/vi\/location\/#breadcrumb\"},\"inLanguage\":\"vi-VN\",\"potentialAction\":[{\"@type\":\"ReadAction\",\"target\":[\"https:\/\/silkeco.mulberrycollectionvn.com\/vi\/location\/\"]}]},{\"@type\":\"ImageObject\",\"inLanguage\":\"vi-VN\",\"@id\":\"https:\/\/silkeco.mulberrycollectionvn.com\/vi\/location\/#primaryimage\",\"url\":\"https:\/\/silkeco.mulberrycollectionvn.com\/wp-content\/uploads\/sites\/152\/2020\/11\/Overview_3.jpg\",\"contentUrl\":\"https:\/\/silkeco.mulberrycollectionvn.com\/wp-content\/uploads\/sites\/152\/2020\/11\/Overview_3.jpg\",\"width\":1280,\"height\":839},{\"@type\":\"BreadcrumbList\",\"@id\":\"https:\/\/silkeco.mulberrycollectionvn.com\/vi\/location\/#breadcrumb\",\"itemListElement\":[{\"@type\":\"ListItem\",\"position\":1,\"name\":\"Home\",\"item\":\"https:\/\/silkeco.mulberrycollectionvn.com\/vi\/\"},{\"@type\":\"ListItem\",\"position\":2,\"name\":\"\u0110\u1ecba \u0110i\u1ec3m\"}]},{\"@type\":\"WebSite\",\"@id\":\"https:\/\/silkeco.mulberrycollectionvn.com\/vi\/#website\",\"url\":\"https:\/\/silkeco.mulberrycollectionvn.com\/vi\/\",\"name\":\"Silk Eco\",\"description\":\"Just another D-EDGE CMS Asia Pacific site\",\"potentialAction\":[{\"@type\":\"SearchAction\",\"target\":{\"@type\":\"EntryPoint\",\"urlTemplate\":\"https:\/\/silkeco.mulberrycollectionvn.com\/vi\/?s={search_term_string}\"},\"query-input\":\"required name=search_term_string\"}],\"inLanguage\":\"vi-VN\"}]}<\/script>\n<!-- \/ Yoast SEO plugin. -->","yoast_head_json":{"title":"\u0110\u1ecba \u0110i\u1ec3m - Silk Eco","robots":{"index":"index","follow":"follow","max-snippet":"max-snippet:-1","max-image-preview":"max-image-preview:large","max-video-preview":"max-video-preview:-1"},"canonical":"https:\/\/silkeco.mulberrycollectionvn.com\/vi\/location\/","og_locale":"vi_VN","og_type":"article","og_title":"\u0110\u1ecba \u0110i\u1ec3m - Silk Eco","og_description":"V\u1ecb tr\u00ed \u2022 C\u00e1ch d\u00f2ng s\u00f4ng Ho\u00e0i th\u01a1 m\u1ed9ng ch\u1ec9 5 ph\u00fat \u0111i b\u1ed9. \u2022 C\u00e1ch bi\u1ec3n An B\u00e0ng 2.5km (Mi\u1ec5n ph\u00ed xe bu\u00fdt \u0111\u01b0a \u0111\u00f3n). \u2022 C\u00e1ch ch\u00f9a C\u1ea7u v\u00e0 trung t\u00e2m ph\u1ed1 c\u1ed5 ch\u1ec9 10 ph\u00fat \u0111i b\u1ed9. \u2022 C\u00e1ch s\u00e2n bay Qu\u1ed1c T\u1ebf \u0110\u00e0 N\u1eb5ng 30km (D\u1ecbch v\u1ee5 \u0111\u01b0a \u0111\u00f3n khi c\u00f3 [&hellip;]","og_url":"https:\/\/silkeco.mulberrycollectionvn.com\/vi\/location\/","og_site_name":"Silk Eco","article_modified_time":"2021-01-14T08:11:30+00:00","og_image":[{"width":1280,"height":839,"url":"https:\/\/silkeco.mulberrycollectionvn.com\/wp-content\/uploads\/sites\/152\/2020\/11\/Overview_3.jpg","type":"image\/jpeg"}],"twitter_card":"summary_large_image","twitter_misc":{"Est. reading time":"1 minute"},"schema":{"@context":"https:\/\/schema.org","@graph":[{"@type":"WebPage","@id":"https:\/\/silkeco.mulberrycollectionvn.com\/vi\/location\/","url":"https:\/\/silkeco.mulberrycollectionvn.com\/vi\/location\/","name":"\u0110\u1ecba \u0110i\u1ec3m - Silk Eco","isPartOf":{"@id":"https:\/\/silkeco.mulberrycollectionvn.com\/vi\/#website"},"primaryImageOfPage":{"@id":"https:\/\/silkeco.mulberrycollectionvn.com\/vi\/location\/#primaryimage"},"image":{"@id":"https:\/\/silkeco.mulberrycollectionvn.com\/vi\/location\/#primaryimage"},"thumbnailUrl":"https:\/\/silkeco.mulberrycollectionvn.com\/wp-content\/uploads\/sites\/152\/2020\/11\/Overview_3.jpg","datePublished":"2020-11-10T04:34:23+00:00","dateModified":"2021-01-14T08:11:30+00:00","breadcrumb":{"@id":"https:\/\/silkeco.mulberrycollectionvn.com\/vi\/location\/#breadcrumb"},"inLanguage":"vi-VN","potentialAction":[{"@type":"ReadAction","target":["https:\/\/silkeco.mulberrycollectionvn.com\/vi\/location\/"]}]},{"@type":"ImageObject","inLanguage":"vi-VN","@id":"https:\/\/silkeco.mulberrycollectionvn.com\/vi\/location\/#primaryimage","url":"https:\/\/silkeco.mulberrycollectionvn.com\/wp-content\/uploads\/sites\/152\/2020\/11\/Overview_3.jpg","contentUrl":"https:\/\/silkeco.mulberrycollectionvn.com\/wp-content\/uploads\/sites\/152\/2020\/11\/Overview_3.jpg","width":1280,"height":839},{"@type":"BreadcrumbList","@id":"https:\/\/silkeco.mulberrycollectionvn.com\/vi\/location\/#breadcrumb","itemListElement":[{"@type":"ListItem","position":1,"name":"Home","item":"https:\/\/silkeco.mulberrycollectionvn.com\/vi\/"},{"@type":"ListItem","position":2,"name":"\u0110\u1ecba \u0110i\u1ec3m"}]},{"@type":"WebSite","@id":"https:\/\/silkeco.mulberrycollectionvn.com\/vi\/#website","url":"https:\/\/silkeco.mulberrycollectionvn.com\/vi\/","name":"Silk Eco","description":"Just another D-EDGE CMS Asia Pacific site","potentialAction":[{"@type":"SearchAction","target":{"@type":"EntryPoint","urlTemplate":"https:\/\/silkeco.mulberrycollectionvn.com\/vi\/?s={search_term_string}"},"query-input":"required name=search_term_string"}],"inLanguage":"vi-VN"}]}},"_links":{"self":[{"href":"https:\/\/silkeco.mulberrycollectionvn.com\/vi\/wp-json\/wp\/v2\/pages\/244"}],"collection":[{"href":"https:\/\/silkeco.mulberrycollectionvn.com\/vi\/wp-json\/wp\/v2\/pages"}],"about":[{"href":"https:\/\/silkeco.mulberrycollectionvn.com\/vi\/wp-json\/wp\/v2\/types\/page"}],"author":[{"embeddable":true,"href":"https:\/\/silkeco.mulberrycollectionvn.com\/vi\/wp-json\/wp\/v2\/users\/124"}],"replies":[{"embeddable":true,"href":"https:\/\/silkeco.mulberrycollectionvn.com\/vi\/wp-json\/wp\/v2\/comments?post=244"}],"version-history":[{"count":0,"href":"https:\/\/silkeco.mulberrycollectionvn.com\/vi\/wp-json\/wp\/v2\/pages\/244\/revisions"}],"wp:featuredmedia":[{"embeddable":true,"href":"https:\/\/silkeco.mulberrycollectionvn.com\/vi\/wp-json\/wp\/v2\/media\/135"}],"wp:attachment":[{"href":"https:\/\/silkeco.mulberrycollectionvn.com\/vi\/wp-json\/wp\/v2\/media?parent=244"}],"curies":[{"name":"wp","href":"https:\/\/api.w.org\/{rel}","templated":true}]}}