{"id":240,"date":"2020-11-16T04:21:14","date_gmt":"2020-11-16T04:21:14","guid":{"rendered":"http:\/\/silk-eco.ms.decms.asia\/restaurants-bars\/botanic-restaurant\/"},"modified":"2021-01-14T07:59:06","modified_gmt":"2021-01-14T07:59:06","slug":"botanic-restaurant","status":"publish","type":"page","link":"https:\/\/silkeco.mulberrycollectionvn.com\/vi\/restaurants-bars\/botanic-restaurant\/","title":{"rendered":"Nh\u00e0 H\u00e0ng Botanic"},"content":{"rendered":"<p>The Botanic l\u00e0 m\u1ed9t nh\u00e0 h\u00e0ng hi\u1ec7n \u0111\u1ea1i ph\u1ee5c v\u1ee5 c\u00e1c m\u00f3n \u0103n Vi\u1ec7t Nam v\u00e0 ph\u01b0\u01a1ng T\u00e2y. N\u1eb1m \u1edf t\u1ea7ng tr\u1ec7t c\u1ee7a kh\u00e1ch s\u1ea1n v\u1edbi quang c\u1ea3nh h\u1ed3 b\u01a1i, nh\u00e0 h\u00e0ng c\u00f3 t\u1ea7m nh\u00ecn tuy\u1ec7t \u0111\u1eb9p g\u1ee3i n\u00ean m\u1ed9t b\u1ea7u kh\u00f4ng kh\u00ed thanh b\u00ecnh. TNh\u1eefng m\u00f3n \u0103n \u0111\u01b0\u1ee3c n\u1ea5u t\u1eeb ngu\u1ed3n nguy\u00ean li\u1ec7u t\u01b0\u01a1i s\u1ed1ng c\u1ee7a \u0111\u1ecba ph\u01b0\u01a1ng \u0111\u01b0\u1ee3c n\u00eam n\u1ebfm chu\u1ea9n x\u00e1c \u0111\u1ec3 k\u00edch th\u00edch c\u00e1c gi\u00e1c quan c\u1ee7a qu\u00fd kh\u00e1ch v\u00e0 t\u1ea1o ra m\u1ed9t tr\u1ea3i nghi\u1ec7m \u0103n u\u1ed1ng tuy\u1ec7t h\u1ea3o. Nh\u00e0 h\u00e0ng ph\u1ee5c v\u1ee5 \u0103n u\u1ed1ng c\u1ea3 ng\u00e0y<\/p>\n<p><strong>Gi\u1edd ho\u1ea1t \u0111\u1ed9ng<\/strong>: H\u1eb1ng ng\u00e0y t\u1eeb 6:30 \u0111\u1ebfn 22:00<br \/>\n<strong>B\u1eefa s\u00e1ng<\/strong>: 6:30 &#8211; 10:00<br \/>\n<strong>Ph\u1ee5c v\u1ee5<\/strong>: B\u1eefa s\u00e1ng t\u1ef1 ch\u1ecdn, b\u1eefa tr\u01b0a v\u00e0 b\u1eefa t\u1ed1i (\u1ea8m th\u1ef1c Vi\u1ec7t v\u00e0 \u00c2u)<br \/>\n<strong>V\u1ecb tr\u00ed<\/strong>: T\u1ea7ng tr\u1ec7t<\/p>\n","protected":false},"excerpt":{"rendered":"<p>The Botanic l\u00e0 m\u1ed9t nh\u00e0 h\u00e0ng hi\u1ec7n \u0111\u1ea1i ph\u1ee5c v\u1ee5 c\u00e1c m\u00f3n \u0103n Vi\u1ec7t Nam v\u00e0 ph\u01b0\u01a1ng T\u00e2y. N\u1eb1m \u1edf t\u1ea7ng tr\u1ec7t c\u1ee7a kh\u00e1ch s\u1ea1n v\u1edbi quang c\u1ea3nh h\u1ed3 b\u01a1i, nh\u00e0 h\u00e0ng c\u00f3 t\u1ea7m nh\u00ecn tuy\u1ec7t \u0111\u1eb9p g\u1ee3i n\u00ean m\u1ed9t b\u1ea7u kh\u00f4ng kh\u00ed thanh b\u00ecnh. TNh\u1eefng m\u00f3n \u0103n \u0111\u01b0\u1ee3c n\u1ea5u t\u1eeb ngu\u1ed3n nguy\u00ean li\u1ec7u t\u01b0\u01a1i [&hellip;]<\/p>\n","protected":false},"author":124,"featured_media":143,"parent":238,"menu_order":0,"comment_status":"closed","ping_status":"closed","template":"template-restaurant.php","meta":{"footnotes":""},"yoast_head":"<!-- This site is optimized with the Yoast SEO plugin v22.3 - https:\/\/yoast.com\/wordpress\/plugins\/seo\/ -->\n<title>Nh\u00e0 H\u00e0ng Botanic - Silk Eco<\/title>\n<meta name=\"robots\" content=\"index, follow, max-snippet:-1, max-image-preview:large, max-video-preview:-1\" \/>\n<link rel=\"canonical\" href=\"https:\/\/silkeco.mulberrycollectionvn.com\/vi\/restaurants-bars\/botanic-restaurant\/\" \/>\n<meta property=\"og:locale\" content=\"vi_VN\" \/>\n<meta property=\"og:type\" content=\"article\" \/>\n<meta property=\"og:title\" content=\"Nh\u00e0 H\u00e0ng Botanic - Silk Eco\" \/>\n<meta property=\"og:description\" content=\"The Botanic l\u00e0 m\u1ed9t nh\u00e0 h\u00e0ng hi\u1ec7n \u0111\u1ea1i ph\u1ee5c v\u1ee5 c\u00e1c m\u00f3n \u0103n Vi\u1ec7t Nam v\u00e0 ph\u01b0\u01a1ng T\u00e2y. N\u1eb1m \u1edf t\u1ea7ng tr\u1ec7t c\u1ee7a kh\u00e1ch s\u1ea1n v\u1edbi quang c\u1ea3nh h\u1ed3 b\u01a1i, nh\u00e0 h\u00e0ng c\u00f3 t\u1ea7m nh\u00ecn tuy\u1ec7t \u0111\u1eb9p g\u1ee3i n\u00ean m\u1ed9t b\u1ea7u kh\u00f4ng kh\u00ed thanh b\u00ecnh. TNh\u1eefng m\u00f3n \u0103n \u0111\u01b0\u1ee3c n\u1ea5u t\u1eeb ngu\u1ed3n nguy\u00ean li\u1ec7u t\u01b0\u01a1i [&hellip;]\" \/>\n<meta property=\"og:url\" content=\"https:\/\/silkeco.mulberrycollectionvn.com\/vi\/restaurants-bars\/botanic-restaurant\/\" \/>\n<meta property=\"og:site_name\" content=\"Silk Eco\" \/>\n<meta property=\"article:modified_time\" content=\"2021-01-14T07:59:06+00:00\" \/>\n<meta property=\"og:image\" content=\"https:\/\/silkeco.mulberrycollectionvn.com\/wp-content\/uploads\/sites\/152\/2020\/11\/Restaurant_2.jpg\" \/>\n\t<meta property=\"og:image:width\" content=\"1280\" \/>\n\t<meta property=\"og:image:height\" content=\"853\" \/>\n\t<meta property=\"og:image:type\" content=\"image\/jpeg\" \/>\n<meta name=\"twitter:card\" content=\"summary_large_image\" \/>\n<meta name=\"twitter:label1\" content=\"Est. reading time\" \/>\n\t<meta name=\"twitter:data1\" content=\"1 minute\" \/>\n<script type=\"application\/ld+json\" class=\"yoast-schema-graph\">{\"@context\":\"https:\/\/schema.org\",\"@graph\":[{\"@type\":\"WebPage\",\"@id\":\"https:\/\/silkeco.mulberrycollectionvn.com\/vi\/restaurants-bars\/botanic-restaurant\/\",\"url\":\"https:\/\/silkeco.mulberrycollectionvn.com\/vi\/restaurants-bars\/botanic-restaurant\/\",\"name\":\"Nh\u00e0 H\u00e0ng Botanic - Silk Eco\",\"isPartOf\":{\"@id\":\"https:\/\/silkeco.mulberrycollectionvn.com\/vi\/#website\"},\"primaryImageOfPage\":{\"@id\":\"https:\/\/silkeco.mulberrycollectionvn.com\/vi\/restaurants-bars\/botanic-restaurant\/#primaryimage\"},\"image\":{\"@id\":\"https:\/\/silkeco.mulberrycollectionvn.com\/vi\/restaurants-bars\/botanic-restaurant\/#primaryimage\"},\"thumbnailUrl\":\"https:\/\/silkeco.mulberrycollectionvn.com\/wp-content\/uploads\/sites\/152\/2020\/11\/Restaurant_2.jpg\",\"datePublished\":\"2020-11-16T04:21:14+00:00\",\"dateModified\":\"2021-01-14T07:59:06+00:00\",\"breadcrumb\":{\"@id\":\"https:\/\/silkeco.mulberrycollectionvn.com\/vi\/restaurants-bars\/botanic-restaurant\/#breadcrumb\"},\"inLanguage\":\"vi-VN\",\"potentialAction\":[{\"@type\":\"ReadAction\",\"target\":[\"https:\/\/silkeco.mulberrycollectionvn.com\/vi\/restaurants-bars\/botanic-restaurant\/\"]}]},{\"@type\":\"ImageObject\",\"inLanguage\":\"vi-VN\",\"@id\":\"https:\/\/silkeco.mulberrycollectionvn.com\/vi\/restaurants-bars\/botanic-restaurant\/#primaryimage\",\"url\":\"https:\/\/silkeco.mulberrycollectionvn.com\/wp-content\/uploads\/sites\/152\/2020\/11\/Restaurant_2.jpg\",\"contentUrl\":\"https:\/\/silkeco.mulberrycollectionvn.com\/wp-content\/uploads\/sites\/152\/2020\/11\/Restaurant_2.jpg\",\"width\":1280,\"height\":853},{\"@type\":\"BreadcrumbList\",\"@id\":\"https:\/\/silkeco.mulberrycollectionvn.com\/vi\/restaurants-bars\/botanic-restaurant\/#breadcrumb\",\"itemListElement\":[{\"@type\":\"ListItem\",\"position\":1,\"name\":\"Home\",\"item\":\"https:\/\/silkeco.mulberrycollectionvn.com\/vi\/\"},{\"@type\":\"ListItem\",\"position\":2,\"name\":\"Nh\u00e0 h\u00e0ng &#038; qu\u1ea7y bar\",\"item\":\"https:\/\/silkeco.mulberrycollectionvn.com\/vi\/restaurants-bars\/\"},{\"@type\":\"ListItem\",\"position\":3,\"name\":\"Nh\u00e0 H\u00e0ng Botanic\"}]},{\"@type\":\"WebSite\",\"@id\":\"https:\/\/silkeco.mulberrycollectionvn.com\/vi\/#website\",\"url\":\"https:\/\/silkeco.mulberrycollectionvn.com\/vi\/\",\"name\":\"Silk Eco\",\"description\":\"Just another D-EDGE CMS Asia Pacific site\",\"potentialAction\":[{\"@type\":\"SearchAction\",\"target\":{\"@type\":\"EntryPoint\",\"urlTemplate\":\"https:\/\/silkeco.mulberrycollectionvn.com\/vi\/?s={search_term_string}\"},\"query-input\":\"required name=search_term_string\"}],\"inLanguage\":\"vi-VN\"}]}<\/script>\n<!-- \/ Yoast SEO plugin. -->","yoast_head_json":{"title":"Nh\u00e0 H\u00e0ng Botanic - Silk Eco","robots":{"index":"index","follow":"follow","max-snippet":"max-snippet:-1","max-image-preview":"max-image-preview:large","max-video-preview":"max-video-preview:-1"},"canonical":"https:\/\/silkeco.mulberrycollectionvn.com\/vi\/restaurants-bars\/botanic-restaurant\/","og_locale":"vi_VN","og_type":"article","og_title":"Nh\u00e0 H\u00e0ng Botanic - Silk Eco","og_description":"The Botanic l\u00e0 m\u1ed9t nh\u00e0 h\u00e0ng hi\u1ec7n \u0111\u1ea1i ph\u1ee5c v\u1ee5 c\u00e1c m\u00f3n \u0103n Vi\u1ec7t Nam v\u00e0 ph\u01b0\u01a1ng T\u00e2y. N\u1eb1m \u1edf t\u1ea7ng tr\u1ec7t c\u1ee7a kh\u00e1ch s\u1ea1n v\u1edbi quang c\u1ea3nh h\u1ed3 b\u01a1i, nh\u00e0 h\u00e0ng c\u00f3 t\u1ea7m nh\u00ecn tuy\u1ec7t \u0111\u1eb9p g\u1ee3i n\u00ean m\u1ed9t b\u1ea7u kh\u00f4ng kh\u00ed thanh b\u00ecnh. TNh\u1eefng m\u00f3n \u0103n \u0111\u01b0\u1ee3c n\u1ea5u t\u1eeb ngu\u1ed3n nguy\u00ean li\u1ec7u t\u01b0\u01a1i [&hellip;]","og_url":"https:\/\/silkeco.mulberrycollectionvn.com\/vi\/restaurants-bars\/botanic-restaurant\/","og_site_name":"Silk Eco","article_modified_time":"2021-01-14T07:59:06+00:00","og_image":[{"width":1280,"height":853,"url":"https:\/\/silkeco.mulberrycollectionvn.com\/wp-content\/uploads\/sites\/152\/2020\/11\/Restaurant_2.jpg","type":"image\/jpeg"}],"twitter_card":"summary_large_image","twitter_misc":{"Est. reading time":"1 minute"},"schema":{"@context":"https:\/\/schema.org","@graph":[{"@type":"WebPage","@id":"https:\/\/silkeco.mulberrycollectionvn.com\/vi\/restaurants-bars\/botanic-restaurant\/","url":"https:\/\/silkeco.mulberrycollectionvn.com\/vi\/restaurants-bars\/botanic-restaurant\/","name":"Nh\u00e0 H\u00e0ng Botanic - Silk Eco","isPartOf":{"@id":"https:\/\/silkeco.mulberrycollectionvn.com\/vi\/#website"},"primaryImageOfPage":{"@id":"https:\/\/silkeco.mulberrycollectionvn.com\/vi\/restaurants-bars\/botanic-restaurant\/#primaryimage"},"image":{"@id":"https:\/\/silkeco.mulberrycollectionvn.com\/vi\/restaurants-bars\/botanic-restaurant\/#primaryimage"},"thumbnailUrl":"https:\/\/silkeco.mulberrycollectionvn.com\/wp-content\/uploads\/sites\/152\/2020\/11\/Restaurant_2.jpg","datePublished":"2020-11-16T04:21:14+00:00","dateModified":"2021-01-14T07:59:06+00:00","breadcrumb":{"@id":"https:\/\/silkeco.mulberrycollectionvn.com\/vi\/restaurants-bars\/botanic-restaurant\/#breadcrumb"},"inLanguage":"vi-VN","potentialAction":[{"@type":"ReadAction","target":["https:\/\/silkeco.mulberrycollectionvn.com\/vi\/restaurants-bars\/botanic-restaurant\/"]}]},{"@type":"ImageObject","inLanguage":"vi-VN","@id":"https:\/\/silkeco.mulberrycollectionvn.com\/vi\/restaurants-bars\/botanic-restaurant\/#primaryimage","url":"https:\/\/silkeco.mulberrycollectionvn.com\/wp-content\/uploads\/sites\/152\/2020\/11\/Restaurant_2.jpg","contentUrl":"https:\/\/silkeco.mulberrycollectionvn.com\/wp-content\/uploads\/sites\/152\/2020\/11\/Restaurant_2.jpg","width":1280,"height":853},{"@type":"BreadcrumbList","@id":"https:\/\/silkeco.mulberrycollectionvn.com\/vi\/restaurants-bars\/botanic-restaurant\/#breadcrumb","itemListElement":[{"@type":"ListItem","position":1,"name":"Home","item":"https:\/\/silkeco.mulberrycollectionvn.com\/vi\/"},{"@type":"ListItem","position":2,"name":"Nh\u00e0 h\u00e0ng &#038; qu\u1ea7y bar","item":"https:\/\/silkeco.mulberrycollectionvn.com\/vi\/restaurants-bars\/"},{"@type":"ListItem","position":3,"name":"Nh\u00e0 H\u00e0ng Botanic"}]},{"@type":"WebSite","@id":"https:\/\/silkeco.mulberrycollectionvn.com\/vi\/#website","url":"https:\/\/silkeco.mulberrycollectionvn.com\/vi\/","name":"Silk Eco","description":"Just another D-EDGE CMS Asia Pacific site","potentialAction":[{"@type":"SearchAction","target":{"@type":"EntryPoint","urlTemplate":"https:\/\/silkeco.mulberrycollectionvn.com\/vi\/?s={search_term_string}"},"query-input":"required name=search_term_string"}],"inLanguage":"vi-VN"}]}},"_links":{"self":[{"href":"https:\/\/silkeco.mulberrycollectionvn.com\/vi\/wp-json\/wp\/v2\/pages\/240"}],"collection":[{"href":"https:\/\/silkeco.mulberrycollectionvn.com\/vi\/wp-json\/wp\/v2\/pages"}],"about":[{"href":"https:\/\/silkeco.mulberrycollectionvn.com\/vi\/wp-json\/wp\/v2\/types\/page"}],"author":[{"embeddable":true,"href":"https:\/\/silkeco.mulberrycollectionvn.com\/vi\/wp-json\/wp\/v2\/users\/124"}],"replies":[{"embeddable":true,"href":"https:\/\/silkeco.mulberrycollectionvn.com\/vi\/wp-json\/wp\/v2\/comments?post=240"}],"version-history":[{"count":0,"href":"https:\/\/silkeco.mulberrycollectionvn.com\/vi\/wp-json\/wp\/v2\/pages\/240\/revisions"}],"up":[{"embeddable":true,"href":"https:\/\/silkeco.mulberrycollectionvn.com\/vi\/wp-json\/wp\/v2\/pages\/238"}],"wp:featuredmedia":[{"embeddable":true,"href":"https:\/\/silkeco.mulberrycollectionvn.com\/vi\/wp-json\/wp\/v2\/media\/143"}],"wp:attachment":[{"href":"https:\/\/silkeco.mulberrycollectionvn.com\/vi\/wp-json\/wp\/v2\/media?parent=240"}],"curies":[{"name":"wp","href":"https:\/\/api.w.org\/{rel}","templated":true}]}}