{"id":235,"date":"2020-11-13T06:41:26","date_gmt":"2020-11-13T06:41:26","guid":{"rendered":"http:\/\/silk-eco.ms.decms.asia\/rooms\/"},"modified":"2021-01-12T08:53:59","modified_gmt":"2021-01-12T08:53:59","slug":"accommodation","status":"publish","type":"page","link":"https:\/\/silkeco.mulberrycollectionvn.com\/vi\/accommodation\/","title":{"rendered":"Ph\u00f2ng ngh\u1ec9"},"content":{"rendered":"<p>V\u1edbi ki\u1ebfn tr\u00fac \u0111\u1ed9c \u0111\u00e1o, <strong>Mulberry Collection Silk Eco<\/strong> th\u1ef1c s\u1ef1 l\u00e0 m\u1ed9t \u0111i\u1ec3m \u0111\u1ebfn \u0111\u1eb7c s\u1eafc cho du kh\u00e1ch. \u0110\u01b0\u1ee3c x\u00e2y d\u1ef1ng b\u1eb1ng \u0111\u00e1 sa th\u1ea1ch \u0111\u1ecba ph\u01b0\u01a1sng k\u1ebft h\u1ee3p h\u1ec7 th\u1ef1c v\u1eadt Vi\u1ec7t Nam trong t\u1eebng y\u1ebfu t\u1ed1, kh\u00e1ch s\u1ea1n c\u00f3 48 ph\u00f2ng ngh\u1ec9 mang thi\u00ean nhi\u00ean v\u00e0 s\u1ef1 tho\u1ea3i m\u00e1i trong m\u1ecdi g\u00f3c nh\u1ecf. T\u1ea5t c\u1ea3 c\u00e1c ph\u00f2ng \u0111\u1ec1u \u0111\u01b0\u1ee3c trang b\u1ecb nh\u1eefng ti\u1ec7n nghi hi\u1ec7n \u0111\u1ea1i t\u1ed1t nh\u1ea5t v\u00e0 trang tr\u00ed tinh t\u1ebf \u0111\u1ebfn t\u1eebng chi ti\u1ebft.<\/p>\n","protected":false},"excerpt":{"rendered":"<p>V\u1edbi ki\u1ebfn tr\u00fac \u0111\u1ed9c \u0111\u00e1o, Mulberry Collection Silk Eco th\u1ef1c s\u1ef1 l\u00e0 m\u1ed9t \u0111i\u1ec3m \u0111\u1ebfn \u0111\u1eb7c s\u1eafc cho du kh\u00e1ch. \u0110\u01b0\u1ee3c x\u00e2y d\u1ef1ng b\u1eb1ng \u0111\u00e1 sa th\u1ea1ch \u0111\u1ecba ph\u01b0\u01a1sng k\u1ebft h\u1ee3p h\u1ec7 th\u1ef1c v\u1eadt Vi\u1ec7t Nam trong t\u1eebng y\u1ebfu t\u1ed1, kh\u00e1ch s\u1ea1n c\u00f3 48 ph\u00f2ng ngh\u1ec9 mang thi\u00ean nhi\u00ean v\u00e0 s\u1ef1 tho\u1ea3i m\u00e1i trong m\u1ecdi [&hellip;]<\/p>\n","protected":false},"author":124,"featured_media":160,"parent":0,"menu_order":0,"comment_status":"closed","ping_status":"closed","template":"template-rooms.php","meta":{"footnotes":""},"yoast_head":"<!-- This site is optimized with the Yoast SEO plugin v22.3 - https:\/\/yoast.com\/wordpress\/plugins\/seo\/ -->\n<title>Ph\u00f2ng ngh\u1ec9 - Silk Eco<\/title>\n<meta name=\"robots\" content=\"index, follow, max-snippet:-1, max-image-preview:large, max-video-preview:-1\" \/>\n<link rel=\"canonical\" href=\"https:\/\/silkeco.mulberrycollectionvn.com\/vi\/accommodation\/\" \/>\n<meta property=\"og:locale\" content=\"vi_VN\" \/>\n<meta property=\"og:type\" content=\"article\" \/>\n<meta property=\"og:title\" content=\"Ph\u00f2ng ngh\u1ec9 - Silk Eco\" \/>\n<meta property=\"og:description\" content=\"V\u1edbi ki\u1ebfn tr\u00fac \u0111\u1ed9c \u0111\u00e1o, Mulberry Collection Silk Eco th\u1ef1c s\u1ef1 l\u00e0 m\u1ed9t \u0111i\u1ec3m \u0111\u1ebfn \u0111\u1eb7c s\u1eafc cho du kh\u00e1ch. \u0110\u01b0\u1ee3c x\u00e2y d\u1ef1ng b\u1eb1ng \u0111\u00e1 sa th\u1ea1ch \u0111\u1ecba ph\u01b0\u01a1sng k\u1ebft h\u1ee3p h\u1ec7 th\u1ef1c v\u1eadt Vi\u1ec7t Nam trong t\u1eebng y\u1ebfu t\u1ed1, kh\u00e1ch s\u1ea1n c\u00f3 48 ph\u00f2ng ngh\u1ec9 mang thi\u00ean nhi\u00ean v\u00e0 s\u1ef1 tho\u1ea3i m\u00e1i trong m\u1ecdi [&hellip;]\" \/>\n<meta property=\"og:url\" content=\"https:\/\/silkeco.mulberrycollectionvn.com\/vi\/accommodation\/\" \/>\n<meta property=\"og:site_name\" content=\"Silk Eco\" \/>\n<meta property=\"article:modified_time\" content=\"2021-01-12T08:53:59+00:00\" \/>\n<meta property=\"og:image\" content=\"https:\/\/silkeco.mulberrycollectionvn.com\/wp-content\/uploads\/sites\/152\/2020\/11\/Family-room_1.jpg\" \/>\n\t<meta property=\"og:image:width\" content=\"1024\" \/>\n\t<meta property=\"og:image:height\" content=\"682\" \/>\n\t<meta property=\"og:image:type\" content=\"image\/jpeg\" \/>\n<meta name=\"twitter:card\" content=\"summary_large_image\" \/>\n<meta name=\"twitter:label1\" content=\"Est. reading time\" \/>\n\t<meta name=\"twitter:data1\" content=\"1 minute\" \/>\n<script type=\"application\/ld+json\" class=\"yoast-schema-graph\">{\"@context\":\"https:\/\/schema.org\",\"@graph\":[{\"@type\":\"WebPage\",\"@id\":\"https:\/\/silkeco.mulberrycollectionvn.com\/vi\/accommodation\/\",\"url\":\"https:\/\/silkeco.mulberrycollectionvn.com\/vi\/accommodation\/\",\"name\":\"Ph\u00f2ng ngh\u1ec9 - Silk Eco\",\"isPartOf\":{\"@id\":\"https:\/\/silkeco.mulberrycollectionvn.com\/vi\/#website\"},\"primaryImageOfPage\":{\"@id\":\"https:\/\/silkeco.mulberrycollectionvn.com\/vi\/accommodation\/#primaryimage\"},\"image\":{\"@id\":\"https:\/\/silkeco.mulberrycollectionvn.com\/vi\/accommodation\/#primaryimage\"},\"thumbnailUrl\":\"https:\/\/silkeco.mulberrycollectionvn.com\/wp-content\/uploads\/sites\/152\/2020\/11\/Family-room_1.jpg\",\"datePublished\":\"2020-11-13T06:41:26+00:00\",\"dateModified\":\"2021-01-12T08:53:59+00:00\",\"breadcrumb\":{\"@id\":\"https:\/\/silkeco.mulberrycollectionvn.com\/vi\/accommodation\/#breadcrumb\"},\"inLanguage\":\"vi-VN\",\"potentialAction\":[{\"@type\":\"ReadAction\",\"target\":[\"https:\/\/silkeco.mulberrycollectionvn.com\/vi\/accommodation\/\"]}]},{\"@type\":\"ImageObject\",\"inLanguage\":\"vi-VN\",\"@id\":\"https:\/\/silkeco.mulberrycollectionvn.com\/vi\/accommodation\/#primaryimage\",\"url\":\"https:\/\/silkeco.mulberrycollectionvn.com\/wp-content\/uploads\/sites\/152\/2020\/11\/Family-room_1.jpg\",\"contentUrl\":\"https:\/\/silkeco.mulberrycollectionvn.com\/wp-content\/uploads\/sites\/152\/2020\/11\/Family-room_1.jpg\",\"width\":1024,\"height\":682},{\"@type\":\"BreadcrumbList\",\"@id\":\"https:\/\/silkeco.mulberrycollectionvn.com\/vi\/accommodation\/#breadcrumb\",\"itemListElement\":[{\"@type\":\"ListItem\",\"position\":1,\"name\":\"Home\",\"item\":\"https:\/\/silkeco.mulberrycollectionvn.com\/vi\/\"},{\"@type\":\"ListItem\",\"position\":2,\"name\":\"Ph\u00f2ng ngh\u1ec9\"}]},{\"@type\":\"WebSite\",\"@id\":\"https:\/\/silkeco.mulberrycollectionvn.com\/vi\/#website\",\"url\":\"https:\/\/silkeco.mulberrycollectionvn.com\/vi\/\",\"name\":\"Silk Eco\",\"description\":\"Just another D-EDGE CMS Asia Pacific site\",\"potentialAction\":[{\"@type\":\"SearchAction\",\"target\":{\"@type\":\"EntryPoint\",\"urlTemplate\":\"https:\/\/silkeco.mulberrycollectionvn.com\/vi\/?s={search_term_string}\"},\"query-input\":\"required name=search_term_string\"}],\"inLanguage\":\"vi-VN\"}]}<\/script>\n<!-- \/ Yoast SEO plugin. -->","yoast_head_json":{"title":"Ph\u00f2ng ngh\u1ec9 - Silk Eco","robots":{"index":"index","follow":"follow","max-snippet":"max-snippet:-1","max-image-preview":"max-image-preview:large","max-video-preview":"max-video-preview:-1"},"canonical":"https:\/\/silkeco.mulberrycollectionvn.com\/vi\/accommodation\/","og_locale":"vi_VN","og_type":"article","og_title":"Ph\u00f2ng ngh\u1ec9 - Silk Eco","og_description":"V\u1edbi ki\u1ebfn tr\u00fac \u0111\u1ed9c \u0111\u00e1o, Mulberry Collection Silk Eco th\u1ef1c s\u1ef1 l\u00e0 m\u1ed9t \u0111i\u1ec3m \u0111\u1ebfn \u0111\u1eb7c s\u1eafc cho du kh\u00e1ch. \u0110\u01b0\u1ee3c x\u00e2y d\u1ef1ng b\u1eb1ng \u0111\u00e1 sa th\u1ea1ch \u0111\u1ecba ph\u01b0\u01a1sng k\u1ebft h\u1ee3p h\u1ec7 th\u1ef1c v\u1eadt Vi\u1ec7t Nam trong t\u1eebng y\u1ebfu t\u1ed1, kh\u00e1ch s\u1ea1n c\u00f3 48 ph\u00f2ng ngh\u1ec9 mang thi\u00ean nhi\u00ean v\u00e0 s\u1ef1 tho\u1ea3i m\u00e1i trong m\u1ecdi [&hellip;]","og_url":"https:\/\/silkeco.mulberrycollectionvn.com\/vi\/accommodation\/","og_site_name":"Silk Eco","article_modified_time":"2021-01-12T08:53:59+00:00","og_image":[{"width":1024,"height":682,"url":"https:\/\/silkeco.mulberrycollectionvn.com\/wp-content\/uploads\/sites\/152\/2020\/11\/Family-room_1.jpg","type":"image\/jpeg"}],"twitter_card":"summary_large_image","twitter_misc":{"Est. reading time":"1 minute"},"schema":{"@context":"https:\/\/schema.org","@graph":[{"@type":"WebPage","@id":"https:\/\/silkeco.mulberrycollectionvn.com\/vi\/accommodation\/","url":"https:\/\/silkeco.mulberrycollectionvn.com\/vi\/accommodation\/","name":"Ph\u00f2ng ngh\u1ec9 - Silk Eco","isPartOf":{"@id":"https:\/\/silkeco.mulberrycollectionvn.com\/vi\/#website"},"primaryImageOfPage":{"@id":"https:\/\/silkeco.mulberrycollectionvn.com\/vi\/accommodation\/#primaryimage"},"image":{"@id":"https:\/\/silkeco.mulberrycollectionvn.com\/vi\/accommodation\/#primaryimage"},"thumbnailUrl":"https:\/\/silkeco.mulberrycollectionvn.com\/wp-content\/uploads\/sites\/152\/2020\/11\/Family-room_1.jpg","datePublished":"2020-11-13T06:41:26+00:00","dateModified":"2021-01-12T08:53:59+00:00","breadcrumb":{"@id":"https:\/\/silkeco.mulberrycollectionvn.com\/vi\/accommodation\/#breadcrumb"},"inLanguage":"vi-VN","potentialAction":[{"@type":"ReadAction","target":["https:\/\/silkeco.mulberrycollectionvn.com\/vi\/accommodation\/"]}]},{"@type":"ImageObject","inLanguage":"vi-VN","@id":"https:\/\/silkeco.mulberrycollectionvn.com\/vi\/accommodation\/#primaryimage","url":"https:\/\/silkeco.mulberrycollectionvn.com\/wp-content\/uploads\/sites\/152\/2020\/11\/Family-room_1.jpg","contentUrl":"https:\/\/silkeco.mulberrycollectionvn.com\/wp-content\/uploads\/sites\/152\/2020\/11\/Family-room_1.jpg","width":1024,"height":682},{"@type":"BreadcrumbList","@id":"https:\/\/silkeco.mulberrycollectionvn.com\/vi\/accommodation\/#breadcrumb","itemListElement":[{"@type":"ListItem","position":1,"name":"Home","item":"https:\/\/silkeco.mulberrycollectionvn.com\/vi\/"},{"@type":"ListItem","position":2,"name":"Ph\u00f2ng ngh\u1ec9"}]},{"@type":"WebSite","@id":"https:\/\/silkeco.mulberrycollectionvn.com\/vi\/#website","url":"https:\/\/silkeco.mulberrycollectionvn.com\/vi\/","name":"Silk Eco","description":"Just another D-EDGE CMS Asia Pacific site","potentialAction":[{"@type":"SearchAction","target":{"@type":"EntryPoint","urlTemplate":"https:\/\/silkeco.mulberrycollectionvn.com\/vi\/?s={search_term_string}"},"query-input":"required name=search_term_string"}],"inLanguage":"vi-VN"}]}},"_links":{"self":[{"href":"https:\/\/silkeco.mulberrycollectionvn.com\/vi\/wp-json\/wp\/v2\/pages\/235"}],"collection":[{"href":"https:\/\/silkeco.mulberrycollectionvn.com\/vi\/wp-json\/wp\/v2\/pages"}],"about":[{"href":"https:\/\/silkeco.mulberrycollectionvn.com\/vi\/wp-json\/wp\/v2\/types\/page"}],"author":[{"embeddable":true,"href":"https:\/\/silkeco.mulberrycollectionvn.com\/vi\/wp-json\/wp\/v2\/users\/124"}],"replies":[{"embeddable":true,"href":"https:\/\/silkeco.mulberrycollectionvn.com\/vi\/wp-json\/wp\/v2\/comments?post=235"}],"version-history":[{"count":0,"href":"https:\/\/silkeco.mulberrycollectionvn.com\/vi\/wp-json\/wp\/v2\/pages\/235\/revisions"}],"wp:featuredmedia":[{"embeddable":true,"href":"https:\/\/silkeco.mulberrycollectionvn.com\/vi\/wp-json\/wp\/v2\/media\/160"}],"wp:attachment":[{"href":"https:\/\/silkeco.mulberrycollectionvn.com\/vi\/wp-json\/wp\/v2\/media?parent=235"}],"curies":[{"name":"wp","href":"https:\/\/api.w.org\/{rel}","templated":true}]}}