{"id":233,"date":"2020-11-13T06:25:45","date_gmt":"2020-11-13T06:25:45","guid":{"rendered":"http:\/\/silk-eco.ms.decms.asia\/about-us\/"},"modified":"2023-11-16T00:39:40","modified_gmt":"2023-11-16T00:39:40","slug":"about-us","status":"publish","type":"page","link":"https:\/\/silkeco.mulberrycollectionvn.com\/vi\/","title":{"rendered":"Mulberry Collection Silk Eco"},"content":{"rendered":"<p><strong>T\u1ef1 h\u00e0o t\u1ecda l\u1ea1c ngay trung t\u00e2m ph\u1ed1 c\u1ed5 H\u1ed9i An,<\/strong> Mulberry Collection Silk Eco l\u00e0 m\u1ed9t kh\u00e1ch s\u1ea1n th\u00e2n thi\u1ec7n m\u00f4i tr\u01b0\u1eddng <strong> \u0111\u01b0\u1ee3c thi\u1ebft k\u1ebf b\u1edfi V\u00f5 Tr\u1ecdng Ngh\u0129a<\/strong> m\u1ed9t trong nh\u1eefng ki\u1ebfn tr\u00fac s\u01b0 n\u1ed5i ti\u1ebfng nh\u1ea5t c\u1ee7a Vi\u1ec7t Nam, mang \u0111\u1ebfn <strong>m\u1ed9t thi\u00ean \u0111\u01b0\u1eddng xanh m\u00e1t, tr\u1edf th\u00e0nh m\u1ed9t \u0111i\u1ec3m nh\u1ea5n \u0111\u1eb7c bi\u1ec7t c\u1ee7a th\u00e0nh ph\u1ed1.<\/strong><\/p>\n<p>Mulberry Collection Silk Eco kh\u00f4ng ch\u1ec9 c\u00f3 <strong>thi\u1ebft k\u1ebf th\u00e2n thi\u1ec7n v\u1edbi m\u00f4i tr\u01b0\u1eddng<\/strong> m\u00e0 c\u00f2n s\u1eed d\u1ee5ng ch\u1ea5t li\u1ec7u \u0111\u00e1 sa th\u1ea1ch \u0111\u1ecba ph\u01b0\u01a1ng l\u00e0m v\u1eadt li\u1ec7u ch\u00ednh. Ch\u1ec9 c\u00e1ch d\u00f2ng s\u00f4ng Ho\u00e0i \u0111\u1eb9p nh\u01b0 tranh v\u1ebd v\u00e0i ph\u00fat \u0111i b\u1ed9, kh\u00e1ch s\u1ea1n t\u1ea1o n\u00ean m\u1ed9t kh\u00f4ng gian tuy\u1ec7t \u0111\u1eb9p \u0111\u01b0\u1ee3c ph\u1ee7 xanh b\u1edfi h\u1ec7 th\u1ef1c v\u1eadt Vi\u1ec7t Nam.<\/p>\n<p><strong>L\u00e0 s\u1ef1 l\u1ef1a ch\u1ecdn tuy\u1ec7t v\u1eddi cho m\u1ed9t k\u1ef3 ngh\u1ec9 y\u00ean t\u0129nh v\u00e0 thanh b\u00ecnh,<\/strong> Mulberry Collection Silk Eco c\u00f3 48 ph\u00f2ng ngh\u1ec9 \u0111\u01b0\u1ee3c thi\u1ebft k\u1ebf v\u1edbi \u0111\u1ea7y \u0111\u1ee7 ti\u1ec7n nghi, mang c\u1ea3 kho\u1ea3ng kh\u00f4ng thi\u00ean nhi\u00ean \u0111\u1ebfn ngay tr\u01b0\u1edbc c\u1eeda ph\u00f2ng c\u1ee7a b\u1ea1n. C\u00f9ng v\u1edbi <strong>tr\u1ea3i nghi\u1ec7m \u1ea9m th\u1ef1c \u0111\u1ec9nh cao<\/strong> do Nh\u00e0 h\u00e0ng Botanic mang \u0111\u1ebfn, Seta Spa l\u00e0 n\u01a1i du kh\u00e1ch <strong>\u0111\u1eafm m\u00ecnh trong c\u00e1c li\u1ec7u ph\u00e1p tr\u1ecb li\u1ec7u<\/strong> gi\u00fap ph\u1ee5c h\u1ed3i sinh l\u1ef1c v\u00e0 n\u0103ng l\u01b0\u1ee3ng tinh th\u1ea7n. Kh\u00e1ch s\u1ea1n c\u00f2n c\u00f3 h\u1ed3 b\u01a1i ngo\u00e0i tr\u1eddi r\u1ed9ng 60 m2 th\u1eddi th\u01b0\u1ee3ng \u0111\u1ec3 tho\u1ea3i m\u00e1i ngh\u1ec9 d\u01b0\u1ee1ng.<\/p>\n","protected":false},"excerpt":{"rendered":"<p>T\u1ef1 h\u00e0o t\u1ecda l\u1ea1c ngay trung t\u00e2m ph\u1ed1 c\u1ed5 H\u1ed9i An, Mulberry Collection Silk Eco l\u00e0 m\u1ed9t kh\u00e1ch s\u1ea1n th\u00e2n thi\u1ec7n m\u00f4i tr\u01b0\u1eddng \u0111\u01b0\u1ee3c thi\u1ebft k\u1ebf b\u1edfi V\u00f5 Tr\u1ecdng Ngh\u0129a m\u1ed9t trong nh\u1eefng ki\u1ebfn tr\u00fac s\u01b0 n\u1ed5i ti\u1ebfng nh\u1ea5t c\u1ee7a Vi\u1ec7t Nam, mang \u0111\u1ebfn m\u1ed9t thi\u00ean \u0111\u01b0\u1eddng xanh m\u00e1t, tr\u1edf th\u00e0nh m\u1ed9t \u0111i\u1ec3m nh\u1ea5n \u0111\u1eb7c [&hellip;]<\/p>\n","protected":false},"author":124,"featured_media":459,"parent":0,"menu_order":0,"comment_status":"closed","ping_status":"closed","template":"","meta":{"footnotes":""},"yoast_head":"<!-- This site is optimized with the Yoast SEO plugin v22.3 - https:\/\/yoast.com\/wordpress\/plugins\/seo\/ -->\n<title>Mulberry Collection Silk Eco - Silk Eco<\/title>\n<meta name=\"robots\" content=\"index, follow, max-snippet:-1, max-image-preview:large, max-video-preview:-1\" \/>\n<link rel=\"canonical\" href=\"https:\/\/silkeco.mulberrycollectionvn.com\/vi\/\" \/>\n<meta property=\"og:locale\" content=\"vi_VN\" \/>\n<meta property=\"og:type\" content=\"article\" \/>\n<meta property=\"og:title\" content=\"Mulberry Collection Silk Eco - Silk Eco\" \/>\n<meta property=\"og:description\" content=\"T\u1ef1 h\u00e0o t\u1ecda l\u1ea1c ngay trung t\u00e2m ph\u1ed1 c\u1ed5 H\u1ed9i An, Mulberry Collection Silk Eco l\u00e0 m\u1ed9t kh\u00e1ch s\u1ea1n th\u00e2n thi\u1ec7n m\u00f4i tr\u01b0\u1eddng \u0111\u01b0\u1ee3c thi\u1ebft k\u1ebf b\u1edfi V\u00f5 Tr\u1ecdng Ngh\u0129a m\u1ed9t trong nh\u1eefng ki\u1ebfn tr\u00fac s\u01b0 n\u1ed5i ti\u1ebfng nh\u1ea5t c\u1ee7a Vi\u1ec7t Nam, mang \u0111\u1ebfn m\u1ed9t thi\u00ean \u0111\u01b0\u1eddng xanh m\u00e1t, tr\u1edf th\u00e0nh m\u1ed9t \u0111i\u1ec3m nh\u1ea5n \u0111\u1eb7c [&hellip;]\" \/>\n<meta property=\"og:url\" content=\"https:\/\/silkeco.mulberrycollectionvn.com\/vi\/\" \/>\n<meta property=\"og:site_name\" content=\"Silk Eco\" \/>\n<meta property=\"article:modified_time\" content=\"2023-11-16T00:39:40+00:00\" \/>\n<meta property=\"og:image\" content=\"https:\/\/silkeco.mulberrycollectionvn.com\/wp-content\/uploads\/sites\/152\/2020\/12\/Overview_1.jpg\" \/>\n\t<meta property=\"og:image:width\" content=\"1280\" \/>\n\t<meta property=\"og:image:height\" content=\"853\" \/>\n\t<meta property=\"og:image:type\" content=\"image\/jpeg\" \/>\n<meta name=\"twitter:card\" content=\"summary_large_image\" \/>\n<meta name=\"twitter:label1\" content=\"Est. reading time\" \/>\n\t<meta name=\"twitter:data1\" content=\"2 minutes\" \/>\n<script type=\"application\/ld+json\" class=\"yoast-schema-graph\">{\"@context\":\"https:\/\/schema.org\",\"@graph\":[{\"@type\":\"WebPage\",\"@id\":\"https:\/\/silkeco.mulberrycollectionvn.com\/vi\/\",\"url\":\"https:\/\/silkeco.mulberrycollectionvn.com\/vi\/\",\"name\":\"Mulberry Collection Silk Eco - Silk Eco\",\"isPartOf\":{\"@id\":\"https:\/\/silkeco.mulberrycollectionvn.com\/vi\/#website\"},\"primaryImageOfPage\":{\"@id\":\"https:\/\/silkeco.mulberrycollectionvn.com\/vi\/#primaryimage\"},\"image\":{\"@id\":\"https:\/\/silkeco.mulberrycollectionvn.com\/vi\/#primaryimage\"},\"thumbnailUrl\":\"https:\/\/silkeco.mulberrycollectionvn.com\/wp-content\/uploads\/sites\/152\/2020\/12\/Overview_1.jpg\",\"datePublished\":\"2020-11-13T06:25:45+00:00\",\"dateModified\":\"2023-11-16T00:39:40+00:00\",\"breadcrumb\":{\"@id\":\"https:\/\/silkeco.mulberrycollectionvn.com\/vi\/#breadcrumb\"},\"inLanguage\":\"vi-VN\",\"potentialAction\":[{\"@type\":\"ReadAction\",\"target\":[\"https:\/\/silkeco.mulberrycollectionvn.com\/vi\/\"]}]},{\"@type\":\"ImageObject\",\"inLanguage\":\"vi-VN\",\"@id\":\"https:\/\/silkeco.mulberrycollectionvn.com\/vi\/#primaryimage\",\"url\":\"https:\/\/silkeco.mulberrycollectionvn.com\/wp-content\/uploads\/sites\/152\/2020\/12\/Overview_1.jpg\",\"contentUrl\":\"https:\/\/silkeco.mulberrycollectionvn.com\/wp-content\/uploads\/sites\/152\/2020\/12\/Overview_1.jpg\",\"width\":1280,\"height\":853},{\"@type\":\"BreadcrumbList\",\"@id\":\"https:\/\/silkeco.mulberrycollectionvn.com\/vi\/#breadcrumb\",\"itemListElement\":[{\"@type\":\"ListItem\",\"position\":1,\"name\":\"Home\",\"item\":\"https:\/\/silkeco.mulberrycollectionvn.com\/vi\/\"},{\"@type\":\"ListItem\",\"position\":2,\"name\":\"Mulberry Collection Silk Eco\"}]},{\"@type\":\"WebSite\",\"@id\":\"https:\/\/silkeco.mulberrycollectionvn.com\/vi\/#website\",\"url\":\"https:\/\/silkeco.mulberrycollectionvn.com\/vi\/\",\"name\":\"Silk Eco\",\"description\":\"Just another D-EDGE CMS Asia Pacific site\",\"potentialAction\":[{\"@type\":\"SearchAction\",\"target\":{\"@type\":\"EntryPoint\",\"urlTemplate\":\"https:\/\/silkeco.mulberrycollectionvn.com\/vi\/?s={search_term_string}\"},\"query-input\":\"required name=search_term_string\"}],\"inLanguage\":\"vi-VN\"}]}<\/script>\n<!-- \/ Yoast SEO plugin. -->","yoast_head_json":{"title":"Mulberry Collection Silk Eco - Silk Eco","robots":{"index":"index","follow":"follow","max-snippet":"max-snippet:-1","max-image-preview":"max-image-preview:large","max-video-preview":"max-video-preview:-1"},"canonical":"https:\/\/silkeco.mulberrycollectionvn.com\/vi\/","og_locale":"vi_VN","og_type":"article","og_title":"Mulberry Collection Silk Eco - Silk Eco","og_description":"T\u1ef1 h\u00e0o t\u1ecda l\u1ea1c ngay trung t\u00e2m ph\u1ed1 c\u1ed5 H\u1ed9i An, Mulberry Collection Silk Eco l\u00e0 m\u1ed9t kh\u00e1ch s\u1ea1n th\u00e2n thi\u1ec7n m\u00f4i tr\u01b0\u1eddng \u0111\u01b0\u1ee3c thi\u1ebft k\u1ebf b\u1edfi V\u00f5 Tr\u1ecdng Ngh\u0129a m\u1ed9t trong nh\u1eefng ki\u1ebfn tr\u00fac s\u01b0 n\u1ed5i ti\u1ebfng nh\u1ea5t c\u1ee7a Vi\u1ec7t Nam, mang \u0111\u1ebfn m\u1ed9t thi\u00ean \u0111\u01b0\u1eddng xanh m\u00e1t, tr\u1edf th\u00e0nh m\u1ed9t \u0111i\u1ec3m nh\u1ea5n \u0111\u1eb7c [&hellip;]","og_url":"https:\/\/silkeco.mulberrycollectionvn.com\/vi\/","og_site_name":"Silk Eco","article_modified_time":"2023-11-16T00:39:40+00:00","og_image":[{"width":1280,"height":853,"url":"https:\/\/silkeco.mulberrycollectionvn.com\/wp-content\/uploads\/sites\/152\/2020\/12\/Overview_1.jpg","type":"image\/jpeg"}],"twitter_card":"summary_large_image","twitter_misc":{"Est. reading time":"2 minutes"},"schema":{"@context":"https:\/\/schema.org","@graph":[{"@type":"WebPage","@id":"https:\/\/silkeco.mulberrycollectionvn.com\/vi\/","url":"https:\/\/silkeco.mulberrycollectionvn.com\/vi\/","name":"Mulberry Collection Silk Eco - Silk Eco","isPartOf":{"@id":"https:\/\/silkeco.mulberrycollectionvn.com\/vi\/#website"},"primaryImageOfPage":{"@id":"https:\/\/silkeco.mulberrycollectionvn.com\/vi\/#primaryimage"},"image":{"@id":"https:\/\/silkeco.mulberrycollectionvn.com\/vi\/#primaryimage"},"thumbnailUrl":"https:\/\/silkeco.mulberrycollectionvn.com\/wp-content\/uploads\/sites\/152\/2020\/12\/Overview_1.jpg","datePublished":"2020-11-13T06:25:45+00:00","dateModified":"2023-11-16T00:39:40+00:00","breadcrumb":{"@id":"https:\/\/silkeco.mulberrycollectionvn.com\/vi\/#breadcrumb"},"inLanguage":"vi-VN","potentialAction":[{"@type":"ReadAction","target":["https:\/\/silkeco.mulberrycollectionvn.com\/vi\/"]}]},{"@type":"ImageObject","inLanguage":"vi-VN","@id":"https:\/\/silkeco.mulberrycollectionvn.com\/vi\/#primaryimage","url":"https:\/\/silkeco.mulberrycollectionvn.com\/wp-content\/uploads\/sites\/152\/2020\/12\/Overview_1.jpg","contentUrl":"https:\/\/silkeco.mulberrycollectionvn.com\/wp-content\/uploads\/sites\/152\/2020\/12\/Overview_1.jpg","width":1280,"height":853},{"@type":"BreadcrumbList","@id":"https:\/\/silkeco.mulberrycollectionvn.com\/vi\/#breadcrumb","itemListElement":[{"@type":"ListItem","position":1,"name":"Home","item":"https:\/\/silkeco.mulberrycollectionvn.com\/vi\/"},{"@type":"ListItem","position":2,"name":"Mulberry Collection Silk Eco"}]},{"@type":"WebSite","@id":"https:\/\/silkeco.mulberrycollectionvn.com\/vi\/#website","url":"https:\/\/silkeco.mulberrycollectionvn.com\/vi\/","name":"Silk Eco","description":"Just another D-EDGE CMS Asia Pacific site","potentialAction":[{"@type":"SearchAction","target":{"@type":"EntryPoint","urlTemplate":"https:\/\/silkeco.mulberrycollectionvn.com\/vi\/?s={search_term_string}"},"query-input":"required name=search_term_string"}],"inLanguage":"vi-VN"}]}},"_links":{"self":[{"href":"https:\/\/silkeco.mulberrycollectionvn.com\/vi\/wp-json\/wp\/v2\/pages\/233"}],"collection":[{"href":"https:\/\/silkeco.mulberrycollectionvn.com\/vi\/wp-json\/wp\/v2\/pages"}],"about":[{"href":"https:\/\/silkeco.mulberrycollectionvn.com\/vi\/wp-json\/wp\/v2\/types\/page"}],"author":[{"embeddable":true,"href":"https:\/\/silkeco.mulberrycollectionvn.com\/vi\/wp-json\/wp\/v2\/users\/124"}],"replies":[{"embeddable":true,"href":"https:\/\/silkeco.mulberrycollectionvn.com\/vi\/wp-json\/wp\/v2\/comments?post=233"}],"version-history":[{"count":0,"href":"https:\/\/silkeco.mulberrycollectionvn.com\/vi\/wp-json\/wp\/v2\/pages\/233\/revisions"}],"wp:featuredmedia":[{"embeddable":true,"href":"https:\/\/silkeco.mulberrycollectionvn.com\/vi\/wp-json\/wp\/v2\/media\/459"}],"wp:attachment":[{"href":"https:\/\/silkeco.mulberrycollectionvn.com\/vi\/wp-json\/wp\/v2\/media?parent=233"}],"curies":[{"name":"wp","href":"https:\/\/api.w.org\/{rel}","templated":true}]}}